{"id":1826,"date":"2018-05-23T14:56:10","date_gmt":"2018-05-23T14:56:10","guid":{"rendered":"http:\/\/qantumthemes.xyz\/kentha\/demo9\/?post_type=product&#038;p=1826"},"modified":"2022-03-22T09:52:41","modified_gmt":"2022-03-22T12:52:41","slug":"libertango","status":"publish","type":"product","link":"https:\/\/backingtracksmusic.com\/pt\/produto\/libertango\/","title":{"rendered":"Libertango"},"content":{"rendered":"<h3>Informa\u00e7\u00f5es:<\/h3>\n<p>Libertango \u00e9 um \u00e1lbum e uma m\u00fasica do compositor argentino e m\u00fasico de tango Astor Piazzolla, publicado pela primeira vez em 1974 em Mil\u00e3o e revertido por muitos artistas diferentes. Seu t\u00edtulo \u00e9 uma palavra composta pelos termos &quot;liberdade&quot; e &quot;tango&quot;.<\/p>","protected":false},"excerpt":{"rendered":"<h3>Demo:<\/h3>\n<div class=\"wp-playlist wp-audio-playlist wp-playlist-light\">\n<div class=\"wp-playlist-current-item\"><\/div>\n<p>\t\t<audio controls=\"controls\" preload=\"none\" width=\"1378\"\n\t\t\t><\/audio><\/p>\n<div class=\"wp-playlist-next\"><\/div>\n<div class=\"wp-playlist-prev\"><\/div>\n<p>\t<noscript><\/p>\n<ol>\n<li><a href='https:\/\/backingtracksmusic.com\/wp-content\/uploads\/2020\/05\/libertango-pista-Demo.mp3'>libertango pista Demo<\/a><\/li>\n<li><a href='https:\/\/backingtracksmusic.com\/wp-content\/uploads\/2018\/05\/libertango-piano-y-cello-backing-track-demo-2ok.mp3'>libertango piano y cello backing track demo 2ok<\/a><\/li>\n<\/ol>\n<p>\t<\/noscript><br \/>\n\t<script type=\"application\/json\" class=\"wp-playlist-script\">{\"type\":\"audio\",\"tracklist\":true,\"tracknumbers\":true,\"images\":true,\"artists\":true,\"tracks\":[{\"src\":\"https:\/\/backingtracksmusic.com\/wp-content\/uploads\/2020\/05\/libertango-pista-Demo.mp3\",\"type\":\"audio\/mpeg\",\"title\":\"libertango pista Demo\",\"caption\":\"\",\"description\":\"\\\"libertango pista Demo\\\". G\\u00e9nero: Other.\",\"meta\":{\"genre\":\"Other\",\"length_formatted\":\"1:07\"},\"image\":{\"src\":\"https:\/\/backingtracksmusic.com\/wp-includes\/images\/media\/audio.svg\",\"width\":48,\"height\":64},\"thumb\":{\"src\":\"https:\/\/backingtracksmusic.com\/wp-includes\/images\/media\/audio.svg\",\"width\":48,\"height\":64}},{\"src\":\"https:\/\/backingtracksmusic.com\/wp-content\/uploads\/2018\/05\/libertango-piano-y-cello-backing-track-demo-2ok.mp3\",\"type\":\"audio\/mpeg\",\"title\":\"libertango piano y cello backing track demo 2ok\",\"caption\":\"\",\"description\":\"\\\"libertango piano y cello backing track demo 2ok\\\". G\\u00e9nero: Other.\",\"meta\":{\"genre\":\"Other\",\"length_formatted\":\"1:19\"},\"image\":{\"src\":\"https:\/\/backingtracksmusic.com\/wp-includes\/images\/media\/audio.svg\",\"width\":48,\"height\":64},\"thumb\":{\"src\":\"https:\/\/backingtracksmusic.com\/wp-includes\/images\/media\/audio.svg\",\"width\":48,\"height\":64}}]}<\/script>\n<\/div>","protected":false},"featured_media":3396,"template":"","meta":{"_acf_changed":false},"product_brand":[],"product_cat":[87],"product_tag":[109],"class_list":{"0":"post-1826","1":"product","2":"type-product","3":"status-publish","4":"has-post-thumbnail","6":"product_cat-02-piazzolla-new-tango","7":"product_tag-astor-piazzolla","9":"first","10":"instock","11":"downloadable","12":"virtual","13":"purchasable","14":"product-type-simple"},"acf":[],"_links":{"self":[{"href":"https:\/\/backingtracksmusic.com\/pt\/wp-json\/wp\/v2\/product\/1826","targetHints":{"allow":["GET"]}}],"collection":[{"href":"https:\/\/backingtracksmusic.com\/pt\/wp-json\/wp\/v2\/product"}],"about":[{"href":"https:\/\/backingtracksmusic.com\/pt\/wp-json\/wp\/v2\/types\/product"}],"wp:featuredmedia":[{"embeddable":true,"href":"https:\/\/backingtracksmusic.com\/pt\/wp-json\/wp\/v2\/media\/3396"}],"wp:attachment":[{"href":"https:\/\/backingtracksmusic.com\/pt\/wp-json\/wp\/v2\/media?parent=1826"}],"wp:term":[{"taxonomy":"product_brand","embeddable":true,"href":"https:\/\/backingtracksmusic.com\/pt\/wp-json\/wp\/v2\/product_brand?post=1826"},{"taxonomy":"product_cat","embeddable":true,"href":"https:\/\/backingtracksmusic.com\/pt\/wp-json\/wp\/v2\/product_cat?post=1826"},{"taxonomy":"product_tag","embeddable":true,"href":"https:\/\/backingtracksmusic.com\/pt\/wp-json\/wp\/v2\/product_tag?post=1826"}],"curies":[{"name":"wp","href":"https:\/\/api.w.org\/{rel}","templated":true}]}}