{"id":3300,"date":"2020-05-09T17:47:59","date_gmt":"2020-05-09T20:47:59","guid":{"rendered":"https:\/\/backingtracksmusic.com\/?page_id=3300"},"modified":"2020-05-09T20:04:50","modified_gmt":"2020-05-09T23:04:50","slug":"preguntas-frecuentes","status":"publish","type":"page","link":"https:\/\/backingtracksmusic.com\/pt\/perguntas-frequentes\/","title":{"rendered":"Perguntas frequentes"},"content":{"rendered":"<div data-elementor-type=\"wp-page\" data-elementor-id=\"3300\" class=\"elementor elementor-3300\">\n\t\t\t\t\t\t<section class=\"elementor-section elementor-top-section elementor-element elementor-element-6dc92c4 elementor-section-boxed elementor-section-height-default elementor-section-height-default\" data-id=\"6dc92c4\" data-element_type=\"section\">\n\t\t\t\t\t\t<div class=\"elementor-container elementor-column-gap-default\">\n\t\t\t\t\t<div class=\"elementor-column elementor-col-100 elementor-top-column elementor-element elementor-element-548783ae\" data-id=\"548783ae\" data-element_type=\"column\">\n\t\t\t<div class=\"elementor-widget-wrap elementor-element-populated\">\n\t\t\t\t\t\t<div class=\"elementor-element elementor-element-49b2d087 elementor-widget elementor-widget-text-editor\" data-id=\"49b2d087\" data-element_type=\"widget\" data-widget_type=\"text-editor.default\">\n\t\t\t\t<div class=\"elementor-widget-container\">\n\t\t\t\t\t\t\t\t\t<p>PREGUNTAS FRECUENTES<\/p>\n<p>P. Quando receberei as trilhas musicais depois de fazer a compra?<\/p>\n<p>R. Imediatamente. No momento em que voc\u00ea faz a compra, um e-mail chega com o bot\u00e3o de download ou, se preferir, n\u00f3s os enviaremos por e-mail<\/p>\n<p>P. Se eu perder os arquivos, posso pedir novamente?<\/p>\n<p>R. Obviamente, se voc\u00ea perdeu os arquivos (reprodu\u00e7\u00f5es), pode entrar novamente na sua conta (Login) e fazer o download das reprodu\u00e7\u00f5es que comprou novamente. Se voc\u00ea comprou sem se registrar, entre em contato e n\u00f3s cuidaremos do assunto para tentar fazer voc\u00ea feliz.<\/p>\n<p>P. \u00c9 poss\u00edvel receber os arquivos em outra qualidade al\u00e9m do MP3?<\/p>\n<p>R. Sim. O padr\u00e3o de entrega da reprodu\u00e7\u00e3o \u00e9 mp3s de alta qualidade MP3 (320kbs). Oferecemos uma taxa adicional para tamb\u00e9m receber o arquivo WAV da melhor qualidade (24 bits 44,1 Khz).<\/p>\n<p><br><\/p><p>Q. Posso usar essas reprodu\u00e7\u00f5es em minhas apresenta\u00e7\u00f5es, shows?<\/p>\n<p>R. Obviamente, essa \u00e9 uma das principais raz\u00f5es pelas quais criamos essas reprodu\u00e7\u00f5es para serem reproduzidas sempre.<\/p>\n<p>P. Posso me gravar e enviar um v\u00eddeo para o YouTube, Instagram, Facebook etc.?<\/p>\n<p>R. Sim, incentivamos voc\u00ea a faz\u00ea-lo e, se voc\u00ea permitir, compartilharemos. A \u00fanica coisa que pedimos e gostar\u00edamos \u00e9 que voc\u00ea nos mencionasse ou colocasse um link para o nosso site www.backingtracksmusic.com. E, como acabamos de colocar, se voc\u00ea nos enviar um link, o compartilharemos e o divulgaremos em nossa se\u00e7\u00e3o Clientes.<\/p>\n<p>P. Existem partituras para esses tipos de reprodu\u00e7\u00f5es?<\/p>\n<p>R. Claro, n\u00f3s fazemos para voc\u00ea de uma maneira clara. Voc\u00ea pode compr\u00e1-los em nosso site Wesb e eles s\u00e3o escritos para cobrir quase todos os instrumentos poss\u00edveis (no clave de sol, na clave de Fa e para instrumentos traspositores em B flat e \/ ou E flat)<\/p>\n<p>Q. A trilha musical pode ser recebida em tons diferentes?<\/p>\n<p>R. N\u00e3o, bem, na verdade, como voc\u00ea sabe, qualquer m\u00fasica pode ser gravada em 12 tons poss\u00edveis (como se fossem do tamanho de uma roupa), n\u00e3o manipulamos os tons no computador, porque o som verdadeiro dos instrumentos est\u00e1 desfigurado. Nesse caso, podemos gravar uma nova vers\u00e3o no tom que voc\u00ea solicitar. Voc\u00ea pode escrever-nos em infobackingracksmusic@gmail.com com seu pedido e n\u00f3s o citaremos. No site, h\u00e1 tamb\u00e9m uma se\u00e7\u00e3o Sugest\u00e3o.<\/p>\n<p>&nbsp;Q. \u00c9 poss\u00edvel editar a trilha musical ou fazer altera\u00e7\u00f5es?<\/p>\n<p>R. Como todas as trilhas musicais foram e s\u00e3o gravadas por n\u00f3s mesmos (n\u00e3o revendemos obras ou trilhas de outras fontes), podemos fazer as altera\u00e7\u00f5es desejadas.<\/p>\n<p>. Nesse caso, podemos gravar uma nova vers\u00e3o no tom que voc\u00ea solicitar. Voc\u00ea pode escrever para infobackingracksmusic@gmail.com com o seu pedido e iremos cit\u00e1-lo.<\/p>\n<p><\/p>\n<p>Q: Do you offer stems or the individual instrument tracks for your backing tracks?<\/p>\n<p>R: N\u00f3s podemos fazer isso j\u00e1 que cada pista foi feita por nossa equipe.<\/p>\n<p>N\u00e3o est\u00e1 inclu\u00eddo no pre\u00e7o publicado no site. Se voc\u00ea estiver interessado, podemos citar essa possibilidade.<\/p>\n<p>P. Essas reprodu\u00e7\u00f5es s\u00e3o para Cantantes?<\/p>\n<p>R. Na verdade, essas trilhas musicais foram destinadas a m\u00fasicos solo, com espa\u00e7o para solos, talvez, temos outro site separado que oferece trilhas musicais para cantores. WWW.TANGOKARAOKENV.COM.AR<\/p>\n<p>P. Por que suas trilhas musicais parecem t\u00e3o boas?<\/p>\n<p>R. Os clientes dizem que nossas faixas s\u00e3o especiais. E talvez seja porque eles s\u00e3o tocados por m\u00fasicos com muita experi\u00eancia e criatividade, boas vibra\u00e7\u00f5es, obcecados com detalhes e n\u00f3s colocamos muito amor em tudo o que fazemos.<\/p>\n<p><\/p>\t\t\t\t\t\t\t\t<\/div>\n\t\t\t\t<\/div>\n\t\t\t\t\t<\/div>\n\t\t<\/div>\n\t\t\t\t\t<\/div>\n\t\t<\/section>\n\t\t\t\t<\/div>","protected":false},"excerpt":{"rendered":"<p>PREGUNTAS FRECUENTES Q. Cuando voy a recibir las pistas una vez que ya realic\u00e9 la compra? A. De inmediato. En el momento que realiza la compra le llega un email&hellip;<\/p>","protected":false},"author":1,"featured_media":0,"parent":0,"menu_order":0,"comment_status":"closed","ping_status":"closed","template":"","meta":{"_acf_changed":false,"footnotes":""},"class_list":["post-3300","page","type-page","status-publish","hentry"],"acf":[],"_links":{"self":[{"href":"https:\/\/backingtracksmusic.com\/pt\/wp-json\/wp\/v2\/pages\/3300","targetHints":{"allow":["GET"]}}],"collection":[{"href":"https:\/\/backingtracksmusic.com\/pt\/wp-json\/wp\/v2\/pages"}],"about":[{"href":"https:\/\/backingtracksmusic.com\/pt\/wp-json\/wp\/v2\/types\/page"}],"author":[{"embeddable":true,"href":"https:\/\/backingtracksmusic.com\/pt\/wp-json\/wp\/v2\/users\/1"}],"replies":[{"embeddable":true,"href":"https:\/\/backingtracksmusic.com\/pt\/wp-json\/wp\/v2\/comments?post=3300"}],"version-history":[{"count":6,"href":"https:\/\/backingtracksmusic.com\/pt\/wp-json\/wp\/v2\/pages\/3300\/revisions"}],"predecessor-version":[{"id":3329,"href":"https:\/\/backingtracksmusic.com\/pt\/wp-json\/wp\/v2\/pages\/3300\/revisions\/3329"}],"wp:attachment":[{"href":"https:\/\/backingtracksmusic.com\/pt\/wp-json\/wp\/v2\/media?parent=3300"}],"curies":[{"name":"wp","href":"https:\/\/api.w.org\/{rel}","templated":true}]}}