{"id":3281,"date":"2020-05-09T15:47:31","date_gmt":"2020-05-09T18:47:31","guid":{"rendered":"https:\/\/backingtracksmusic.com\/?page_id=3281"},"modified":"2020-05-09T19:52:35","modified_gmt":"2020-05-09T22:52:35","slug":"condiciones-de-uso","status":"publish","type":"page","link":"https:\/\/backingtracksmusic.com\/pt\/condiciones-de-uso\/","title":{"rendered":"Condi\u00e7\u00f5es de uso"},"content":{"rendered":"<div data-elementor-type=\"wp-page\" data-elementor-id=\"3281\" class=\"elementor elementor-3281\">\n\t\t\t\t\t\t<section class=\"elementor-section elementor-top-section elementor-element elementor-element-30e443d elementor-section-boxed elementor-section-height-default elementor-section-height-default\" data-id=\"30e443d\" data-element_type=\"section\">\n\t\t\t\t\t\t<div class=\"elementor-container elementor-column-gap-default\">\n\t\t\t\t\t<div class=\"elementor-column elementor-col-100 elementor-top-column elementor-element elementor-element-004c4a6\" data-id=\"004c4a6\" data-element_type=\"column\">\n\t\t\t<div class=\"elementor-widget-wrap elementor-element-populated\">\n\t\t\t\t\t\t<div class=\"elementor-element elementor-element-4dcf9cf elementor-widget elementor-widget-text-editor\" data-id=\"4dcf9cf\" data-element_type=\"widget\" data-widget_type=\"text-editor.default\">\n\t\t\t\t<div class=\"elementor-widget-container\">\n\t\t\t\t\t\t\t\t\t<p><strong>Condi\u00e7\u00f5es de uso<\/strong><\/p><ol><li><strong> 1. Introdu\u00e7\u00e3o<\/strong><\/li><\/ol><p>O Site WWW.BACKINGTRACKSMUSIC.COM \u00e9 propriedade de Norberto Vogel<\/p><p>Miller 2436 (Ciudad aut\u00f3noma de Buenos Aires) cod. Postal 1431 (ARGENTINA)<\/p><p>Mail: infobackingtracksmusic@gmail.com<\/p><p>Editorial Manager: Norberto Vogel<\/p><p>Hospedagem: WWW.BACKINGTRACKSMUSIC.COM<\/p><p>\u00a0<\/p><p>Este \u00e9 um acordo entre voc\u00ea e \" WWW.BACKINGTRACKSMUSIC.COM \" declarando, em 12\/05\/2020, que os termos que regem a sua utiliza\u00e7\u00e3o do site WWW.BACKINGTRACKSMUSIC.COM e servi\u00e7os associados, doravante o \u201cSite\u201d, que prop\u00f5e numa base puramente principal, um servi\u00e7o permanente de download de arquivos musicais para karaok\u00ea. Este acordo \u2013 juntamente com todas as atualiza\u00e7\u00f5es, termos adicionais, licen\u00e7as de software e todas a regras de pol\u00edticas de WWW.BACKINGTRACKSMUSIC.COM \u2013 coletivamente constitui o \"acordo\" entre voc\u00ea e WWW.BACKINGTRACKSMUSIC.COM.<\/p><ol start=\"2\"><li><strong> 2. Aceita\u00e7\u00e3o dos Termos<\/strong><\/li><\/ol><p>Ao acessar este site e\/ou ao adquirir produtos de WWW.BACKINGTRACKSMUSIC.COM, concorda, sem exce\u00e7\u00e3o, com todos os termos e condi\u00e7\u00f5es aqui presentes. Caso n\u00e3o concorde com qualquer um destes termos de servi\u00e7o, por favor n\u00e3o utilize o site nem adquira os nossos produtos. Por favor, reveja este acordo periodicamente uma vez que podemos, a qualquer momento, alterar estes termos de servi\u00e7o. Todavia, as condi\u00e7\u00f5es aplic\u00e1veis permanecer\u00e3o vigentes no site na data da encomenda do cliente. Ap\u00f3s modifica\u00e7\u00e3o, o uso cont\u00ednuo deste site significa que voc\u00ea aceita todas as altera\u00e7\u00f5es.\nPara outros servi\u00e7os acess\u00edveis a partir do site, est\u00e1 sujeito \u00e0s condi\u00e7\u00f5es gerais do fornecedor externo que os administra.\nEm qualquer caso, aconselhamo-lo a guardar e imprimir os presentes Termos de utiliza\u00e7\u00e3o.<\/p><ol start=\"3\"><li><strong> Direitos autorais, marcas registradas e outros direitos de propriedade<\/strong><\/li><\/ol><p>O uso deste Site n\u00e3o lhe concede quaisquer outros direitos al\u00e9m dos aqui presentes.<\/p><p><br \/><br \/><\/p><p>Todos os conte\u00fados do Site est\u00e3o sujeitos a legisla\u00e7\u00e3o adequada relativa a direitos autorais, marca registrada ou propriedade intelectual. Pode usar o conte\u00fado apenas para seu uso pessoal. Deve manter intactos: todos os direitos autorais, marca registrada ou outros avisos ou marcas de propriedade. N\u00e3o pode copiar ou reproduzir qualquer conte\u00fado obtido a partir deste Site ou copiar ou reproduzir quaisquer pistas instrumentais adquiridas a partir do Site exceto para seu uso pessoal. CONCORDA EM N\u00c3O ALTERAR, MODIFICAR, PUBLICAR, DISTRIBUIR, VENDER, DIFUNDIR, TRANSMITIR, CRIAR TRABALHOS DERIVADOS OU EDITAR QUALQUER CONTE\u00daDO DESTE SITE OU PISTAS INSTRUMENTAIS ADQUIRIDAS A PARTIR DE WWW.BACKINGTRACKSMUSIC.COM SEM PERMISS\u00c3O EXPRESSA POR ESCRITO DE WWW.BACKINGTRACKSMUSIC.COM  E\/OU QUAISQUER TERCEIROS. Qualquer infra\u00e7\u00e3o a direitos de autor resultar\u00e1 na interrup\u00e7\u00e3o dos servi\u00e7os e poss\u00edvel a\u00e7\u00e3o legal.<\/p><ol start=\"4\"><li><strong> Cria\u00e7\u00e3o de uma conta<\/strong><\/li><\/ol><p class=\" translation-block\">Para encomendar produtos a partir deste Site, dever\u00e1 criar uma conta, seja durante a encomenda ao escolher o seu m\u00e9todo de pagamento ou antecipadamente, para isso dever\u00e1 escolher um nome de usu\u00e1rio e uma senha a confirmar.\nEstes elementos s\u00e3o confidenciais e permanecer\u00e1 respons\u00e1vel pelas consequ\u00eancias da utiliza\u00e7\u00e3o da sua conta. Qualquer tentativa de substitui\u00e7\u00e3o de uma senha ou nome de usu\u00e1rio \u00e9 proibida.<\/p><p>Informa\u00e7\u00e3o adicional lhe ser\u00e1 solicitada para continuar a sua utiliza\u00e7\u00e3o (nome, cidade, etc.). Compromete-se a disponibilizar a informa\u00e7\u00e3o exata e a modific\u00e1-la se tal for necess\u00e1rio.<\/p><ol start=\"5\"><li><strong> Pol\u00edtica de Privacidade<\/strong><\/li><\/ol><p>No decurso da sua atividade, WWW.BACKINGTRACKSMUSIC.COM pode recolher alguma informa\u00e7\u00e3o a seu respeito.<\/p><p>A aceita\u00e7\u00e3o destes termos implica que leu e aceitou a nossa Pol\u00edtica de Privacidade<\/p><p>\u00a0<\/p><ol start=\"6\"><li><strong> Direito de retrata\u00e7\u00e3o e reembolso<\/strong><\/li><\/ol><p>Defendemos uma pol\u00edtica de total substitui\u00e7\u00e3o sobre quaisquer bens danificados. Embora seja tomado extremo cuidado para garantir que\nfaixas instrumentais de MP3 est\u00e3o em perfeito estado quando enviadas, no caso de bens que cheguem danificados, Recisio disponibilizar\u00e1 uma substitui\u00e7\u00e3o total se os bens forem devolvidos prontamente e com prova de estarem de alguma forma danificados. As faixas danificadas ser\u00e3o trocadas apenas pelo mesmo t\u00edtulo. Devido \u00e0 especial natureza digitalizada dos nossos produtos e \u00e0 facilidade com que podem ser duplicados, os reembolsos s\u00e3o apenas dados se for provado que os bens n\u00e3o foram entregues.<\/p><p>De igual modo, em caso de cancelamento ou suspens\u00e3o da sua conta, dano, destrui\u00e7\u00e3o ou perda dos seus Produtos, os reembolsos n\u00e3o ser\u00e3o aplic\u00e1veis.<\/p><ol start=\"7\"><li><strong> Acuerdo en el pago<\/strong><\/li><\/ol><p><em>Pre\u00e7o e pagamento<\/em><\/p><p>Voc\u00ea concorda pagar todos os produtos que adquire atrav\u00e9s deste servi\u00e7o e que WWW.BACKINGTRACKSMUSIC.COM pode utilizar o seu cart\u00e3o de cr\u00e9dito ou outro sistema de pagamento integrado ao Site para quaisquer produtos adquiridos, e para quaisquer valores adicionais (incluindo impostos) que possam ser acumulados por ou em rela\u00e7\u00e3o com a sua conta. \u00c9 respons\u00e1vel por disponibilizar a WWW.BACKINGTRACKSMUSIC.COM informa\u00e7\u00e3o v\u00e1lida do cart\u00e3o de cr\u00e9dito ou informa\u00e7\u00e3o v\u00e1lida sobre outros sistemas de pagamento apresentados no Site para o pagamento de todas as taxas.<\/p><p>Durante o processo de encomenda e at\u00e9 ao pagamento, voc\u00ea pode cancelar ou modificar o seu pedido.<\/p><p>O pagamento \u00e9 feito on-line ap\u00f3s valida\u00e7\u00e3o do pedido diretamente atrav\u00e9s do cart\u00e3o de cr\u00e9dito ou do PayPal.<\/p><p>Se fizer o pedido por correio, o pagamento pode tamb\u00e9m ser feito por transfer\u00eancia banc\u00e1ria. Para isso, entre em contato conosco infobackintracksmusic@gmail.com.<\/p><p><em>Assinaturas e contratos eletr\u00f4nicos.<\/em><\/p><p>A sua utiliza\u00e7\u00e3o do servi\u00e7o inclui a capacidade de celebrar acordos e\/ou fazer comprar eletronicamente. Tem conhecimento de que as suas assinaturas eletr\u00f4nicas constituem o seu acordo e inten\u00e7\u00e3o de ficar vinculado e a pagar por tais acordos e compras. O seu acordo e inten\u00e7\u00e3o de ficar vinculado atrav\u00e9s de assinaturas eletr\u00f4nicas aplica-se a todos os registos que se relacionam com todas as transa\u00e7\u00f5es que introduza no Site, incluindo avisos de cancelamento, pol\u00edticas, contratos e aplica\u00e7\u00f5es.<\/p><p><em>La firma electr\u00f3nica y los contratos.<\/em> El uso del servicio incluye la posibilidad de celebrar acuerdos y \/ o realizar compras electr\u00f3nicamente. Usted reconoce que sus env\u00edos electr\u00f3nicos constituyen su acuerdo y su intenci\u00f3n de regirse por y para pagar por esos acuerdos y las compras. Su compromiso y la intenci\u00f3n de quedar obligado por las comunicaciones electr\u00f3nicas se aplica a todos los registros relativos a todas las operaciones que entrar\u00e1n en en el sitio web, incluyendo avisos de cancelaci\u00f3n, pol\u00edticas, contratos y solicitudes.<\/p><ol start=\"8\"><li><strong> Entrega Digital (download)<\/strong><\/li><\/ol><p>O Site disponibiliza pistas que podem ser baixadas em formato de arquivo. Utilize o seu login e senha pessoal para acessar a \u00e1rea de download.<\/p><p>O link para o download \u00e9 v\u00e1lido at\u00e9 o final do download e permanecer\u00e1 ativo durante pelo menos 48 horas a partir do momento do primeiro download completo. Os clientes que n\u00e3o baixarem as aquisi\u00e7\u00f5es dentro deste per\u00edodo, dever\u00e3o fazer outro pedido nos pre\u00e7os definidos em nossa lista de pre\u00e7os atual.<\/p><p>. Recisio recomenda WindowsXP ou superior, Internet Explorer 6+ ou Mozilla Firefox para baixar as aquisi\u00e7\u00f5es e n\u00e3o pode disponibilizar suporte para quaisquer outras plataformas ou software de terceiros.<\/p><ol start=\"9\"><li><strong> Desativa\u00e7\u00e3o da conta<\/strong><\/li><\/ol><p>WWW.BACKINGTRACKSMUSIC.COM pode desativar, sem aviso ou permiss\u00e3o, a sua conta em caso de n\u00e3o respeito destas condi\u00e7\u00f5es gerais, de n\u00e3o pagamento dos valores devidos ou de outros atos contra os interesses de WWW.BACKINGTRACKSMUSIC.COM<\/p><p>Al\u00e9m do mais, se pretender desativar a sua conta, por favor, transmita o seu pedido ao Servi\u00e7o ao Cliente Versao Karaoke<\/p><p>Norberto Vogel,<\/p><p>direcci\u00f3n:Miller 2436 (Ciudad aut\u00f3noma de Buenos Aires) cod. Postal 1431 (ARGENTINA)<\/p><p>Ou por e-mail infobackingtracksmusic@gmail.com<\/p><ol start=\"10\"><li><strong> Responsabilidade<\/strong><\/li><\/ol><p>A utiliza\u00e7\u00e3o do Site \u00e9 por sua conta e risco. O conte\u00fado e servi\u00e7o s\u00e3o disponibilizados \u201ctal como est\u00e3o\u201d. WWW.BACKINGTRACKSMUSIC.COM n\u00e3o oferece garantia de qualquer tipo, expressa ou impl\u00edcita. WWW.BACKINGTRACKSMUSIC.COM n\u00e3o garante a exatid\u00e3o de qualquer conte\u00fado neste Site, que este Site esteja dispon\u00edvel a qualquer momento ou que quaisquer erros ser\u00e3o corrigidos.<\/p><p>WWW.BACKINGTRACKSMUSIC.COM n\u00e3o pode ser responsabilizada pela velocidade de acesso ao Site a partir de outros sites, pela velocidade de acesso na abertura ou consulta de p\u00e1ginas do Site, pela velocidade de download ou grava\u00e7\u00e3o, pela desacelera\u00e7\u00e3o externa, pela suspens\u00e3o ou inacessibilidade dos seus servi\u00e7os.<\/p><p>Al\u00e9m do mais, WWW.BACKINGTRACKSMUSIC.COM n\u00e3o pode ser responsabilizada, em caso algum, pela falta de prote\u00e7\u00e3o do seu equipamento t\u00e9cnico, em particular contra qualquer forma de contamina\u00e7\u00e3o por v\u00edrus e\/ou tentativas de intrus\u00e3o que sejam da sua responsabilidade.<\/p><p>A instala\u00e7\u00e3o, utiliza\u00e7\u00e3o e manuten\u00e7\u00e3o do seu equipamento t\u00e9cnico para acessar o Site s\u00e3o da sua responsabilidade. Em caso algum, WWW.BACKINGTRACKSMUSIC.COM poder\u00e1 ser responsabilizada pela incompatibilidade do Site ou por avarias em algum do seu software, configura\u00e7\u00f5es, sistema operativo ou equipamento.<\/p><ol start=\"11\"><li><strong> Sites de terceiros<\/strong><\/li><\/ol><p>WWW.BACKINGTRACKSMUSIC.COM n\u00e3o controla o conte\u00fado da Internet fora do seu Site. Podemos disponibilizar links para outros sites que est\u00e3o fora do nosso controle. A inclus\u00e3o de um link n\u00e3o \u00e9 uma aprova\u00e7\u00e3o ou recomenda\u00e7\u00e3o do site. Reconhece que Recisio n\u00e3o \u00e9 respons\u00e1vel pelo conte\u00fado de sites de terceiros e compreende que n\u00e3o reclamamos quanto \u00e0 qualidade ou legalidade de qualquer site e renunciamos qualquer reclama\u00e7\u00e3o com tal respeito.<\/p><ol start=\"12\"><li><strong> Lei Aplic\u00e1vel<\/strong><\/li><\/ol><p>Este Acordo de Utilizador\/Termos de Servi\u00e7o e qualquer lit\u00edgio emergente do mesmo ser\u00e1 regido e interpretado de acordo com a legisla\u00e7\u00e3o francesa. Concorda que quaisquer lit\u00edgios decorrentes destes termos de servi\u00e7o ou da sua utiliza\u00e7\u00e3o deste Site dever\u00e3o ser apresentados apenas na Argetnina<\/p><p>\u00a0<\/p><ol start=\"13\"><li><strong> Modifica\u00e7\u00e3o do Site<\/strong><\/li><\/ol><p>WWW.BACKINGTRACKSMUSIC.COM reserva-se o direito de alterar, modificar ou descontinuar qualquer ou todo o conte\u00fado e\/ou servi\u00e7os do Site com ou seu aviso e sem responsabilidade perante si ou terceiros.<\/p><p>\u00daltima actualizaci\u00f3n: 09\/05\/2020<\/p>\t\t\t\t\t\t\t\t<\/div>\n\t\t\t\t<\/div>\n\t\t\t\t\t<\/div>\n\t\t<\/div>\n\t\t\t\t\t<\/div>\n\t\t<\/section>\n\t\t\t\t<\/div>","protected":false},"excerpt":{"rendered":"<p>Condiciones de uso Introducci\u00f3n El sitio web WWW.BACKINGTRACKSMUSIC.COM es propiedad de Norberto Vogel Miller 2436 (Ciudad aut\u00f3noma de Buenos Aires) cod. Postal 1431 (ARGENTINA) Mail: infobackingtracksmusic@gmail.com Editorial Manager: Norberto Vogel&hellip;<\/p>","protected":false},"author":1,"featured_media":0,"parent":0,"menu_order":0,"comment_status":"closed","ping_status":"closed","template":"","meta":{"_acf_changed":false,"footnotes":""},"class_list":["post-3281","page","type-page","status-publish","hentry"],"acf":[],"_links":{"self":[{"href":"https:\/\/backingtracksmusic.com\/pt\/wp-json\/wp\/v2\/pages\/3281","targetHints":{"allow":["GET"]}}],"collection":[{"href":"https:\/\/backingtracksmusic.com\/pt\/wp-json\/wp\/v2\/pages"}],"about":[{"href":"https:\/\/backingtracksmusic.com\/pt\/wp-json\/wp\/v2\/types\/page"}],"author":[{"embeddable":true,"href":"https:\/\/backingtracksmusic.com\/pt\/wp-json\/wp\/v2\/users\/1"}],"replies":[{"embeddable":true,"href":"https:\/\/backingtracksmusic.com\/pt\/wp-json\/wp\/v2\/comments?post=3281"}],"version-history":[{"count":9,"href":"https:\/\/backingtracksmusic.com\/pt\/wp-json\/wp\/v2\/pages\/3281\/revisions"}],"predecessor-version":[{"id":3324,"href":"https:\/\/backingtracksmusic.com\/pt\/wp-json\/wp\/v2\/pages\/3281\/revisions\/3324"}],"wp:attachment":[{"href":"https:\/\/backingtracksmusic.com\/pt\/wp-json\/wp\/v2\/media?parent=3281"}],"curies":[{"name":"wp","href":"https:\/\/api.w.org\/{rel}","templated":true}]}}