{"id":3068,"date":"2020-05-09T00:24:21","date_gmt":"2020-05-09T03:24:21","guid":{"rendered":"https:\/\/backingtracksmusic.com\/?page_id=3068"},"modified":"2020-05-13T11:49:52","modified_gmt":"2020-05-13T14:49:52","slug":"inicio-registro","status":"publish","type":"page","link":"https:\/\/backingtracksmusic.com\/pt\/inicio-registro\/","title":{"rendered":"Minha conta"},"content":{"rendered":"<div class=\"wp-block-columns is-layout-flex wp-container-core-columns-is-layout-9d6595d7 wp-block-columns-is-layout-flex\"><div class=\"wp-block-column is-layout-flow wp-block-column-is-layout-flow\"><noscript class=\"ninja-forms-noscript-message\">\n\tAviso: Ou \u00e9 necess\u00e1rio JavaScript para este conte\u00fado.<\/noscript>\n<div id=\"nf-form-5-cont\" class=\"nf-form-cont\" aria-live=\"polite\" aria-labelledby=\"nf-form-title-5\" aria-describedby=\"nf-form-errors-5\" role=\"form\">\n\n    <div class=\"nf-loading-spinner\"><\/div>\n\n<\/div>\n        <!-- That data is being printed as a workaround to page builders reordering the order of the scripts loaded-->\n        <script>var formDisplay=1;var nfForms=nfForms||[];var form=[];form.id='5';form.settings={\"objectType\":\"Form Setting\",\"editActive\":true,\"title\":\"Ingresar al Club\",\"created_at\":\"2020-05-09 03:22:16\",\"form_title\":\"Login Form\",\"default_label_pos\":\"above\",\"show_title\":\"1\",\"clear_complete\":\"1\",\"hide_complete\":\"1\",\"logged_in\":\"0\",\"wrapper_class\":\"\",\"element_class\":\"\",\"key\":\"\",\"add_submit\":\"0\",\"currency\":\"\",\"not_logged_in_msg\":\"\",\"sub_limit_number\":\"\",\"sub_limit_msg\":\"\",\"calculations\":[],\"container_styles_background-color\":\"\",\"container_styles_border\":\"\",\"container_styles_border-style\":\"\",\"container_styles_border-color\":\"\",\"container_styles_color\":\"\",\"container_styles_height\":\"\",\"container_styles_width\":\"\",\"container_styles_font-size\":\"\",\"container_styles_margin\":\"\",\"container_styles_padding\":\"\",\"container_styles_display\":\"\",\"container_styles_float\":\"\",\"container_styles_show_advanced_css\":\"0\",\"container_styles_advanced\":\"\",\"title_styles_background-color\":\"\",\"title_styles_border\":\"\",\"title_styles_border-style\":\"\",\"title_styles_border-color\":\"\",\"title_styles_color\":\"\",\"title_styles_height\":\"\",\"title_styles_width\":\"\",\"title_styles_font-size\":\"\",\"title_styles_margin\":\"\",\"title_styles_padding\":\"\",\"title_styles_display\":\"\",\"title_styles_float\":\"\",\"title_styles_show_advanced_css\":\"0\",\"title_styles_advanced\":\"\",\"row_styles_background-color\":\"\",\"row_styles_border\":\"\",\"row_styles_border-style\":\"\",\"row_styles_border-color\":\"\",\"row_styles_color\":\"\",\"row_styles_height\":\"\",\"row_styles_width\":\"\",\"row_styles_font-size\":\"\",\"row_styles_margin\":\"\",\"row_styles_padding\":\"\",\"row_styles_display\":\"\",\"row_styles_show_advanced_css\":\"0\",\"row_styles_advanced\":\"\",\"row-odd_styles_background-color\":\"\",\"row-odd_styles_border\":\"\",\"row-odd_styles_border-style\":\"\",\"row-odd_styles_border-color\":\"\",\"row-odd_styles_color\":\"\",\"row-odd_styles_height\":\"\",\"row-odd_styles_width\":\"\",\"row-odd_styles_font-size\":\"\",\"row-odd_styles_margin\":\"\",\"row-odd_styles_padding\":\"\",\"row-odd_styles_display\":\"\",\"row-odd_styles_show_advanced_css\":\"0\",\"row-odd_styles_advanced\":\"\",\"success-msg_styles_background-color\":\"\",\"success-msg_styles_border\":\"\",\"success-msg_styles_border-style\":\"\",\"success-msg_styles_border-color\":\"\",\"success-msg_styles_color\":\"\",\"success-msg_styles_height\":\"\",\"success-msg_styles_width\":\"\",\"success-msg_styles_font-size\":\"\",\"success-msg_styles_margin\":\"\",\"success-msg_styles_padding\":\"\",\"success-msg_styles_display\":\"\",\"success-msg_styles_show_advanced_css\":\"0\",\"success-msg_styles_advanced\":\"\",\"error_msg_styles_background-color\":\"\",\"error_msg_styles_border\":\"\",\"error_msg_styles_border-style\":\"\",\"error_msg_styles_border-color\":\"\",\"error_msg_styles_color\":\"\",\"error_msg_styles_height\":\"\",\"error_msg_styles_width\":\"\",\"error_msg_styles_font-size\":\"\",\"error_msg_styles_margin\":\"\",\"error_msg_styles_padding\":\"\",\"error_msg_styles_display\":\"\",\"error_msg_styles_show_advanced_css\":\"0\",\"error_msg_styles_advanced\":\"\",\"conditions\":[],\"mp_breadcrumb\":\"1\",\"mp_progress_bar\":\"1\",\"mp_display_titles\":\"0\",\"breadcrumb_container_styles_background-color\":\"\",\"breadcrumb_container_styles_border\":\"\",\"breadcrumb_container_styles_border-style\":\"\",\"breadcrumb_container_styles_border-color\":\"\",\"breadcrumb_container_styles_color\":\"\",\"breadcrumb_container_styles_height\":\"\",\"breadcrumb_container_styles_width\":\"\",\"breadcrumb_container_styles_font-size\":\"\",\"breadcrumb_container_styles_margin\":\"\",\"breadcrumb_container_styles_padding\":\"\",\"breadcrumb_container_styles_display\":\"\",\"breadcrumb_container_styles_float\":\"\",\"breadcrumb_container_styles_show_advanced_css\":\"0\",\"breadcrumb_container_styles_advanced\":\"\",\"breadcrumb_buttons_styles_background-color\":\"\",\"breadcrumb_buttons_styles_border\":\"\",\"breadcrumb_buttons_styles_border-style\":\"\",\"breadcrumb_buttons_styles_border-color\":\"\",\"breadcrumb_buttons_styles_color\":\"\",\"breadcrumb_buttons_styles_height\":\"\",\"breadcrumb_buttons_styles_width\":\"\",\"breadcrumb_buttons_styles_font-size\":\"\",\"breadcrumb_buttons_styles_margin\":\"\",\"breadcrumb_buttons_styles_padding\":\"\",\"breadcrumb_buttons_styles_display\":\"\",\"breadcrumb_buttons_styles_float\":\"\",\"breadcrumb_buttons_styles_show_advanced_css\":\"0\",\"breadcrumb_buttons_styles_advanced\":\"\",\"breadcrumb_button_hover_styles_background-color\":\"\",\"breadcrumb_button_hover_styles_border\":\"\",\"breadcrumb_button_hover_styles_border-style\":\"\",\"breadcrumb_button_hover_styles_border-color\":\"\",\"breadcrumb_button_hover_styles_color\":\"\",\"breadcrumb_button_hover_styles_height\":\"\",\"breadcrumb_button_hover_styles_width\":\"\",\"breadcrumb_button_hover_styles_font-size\":\"\",\"breadcrumb_button_hover_styles_margin\":\"\",\"breadcrumb_button_hover_styles_padding\":\"\",\"breadcrumb_button_hover_styles_display\":\"\",\"breadcrumb_button_hover_styles_float\":\"\",\"breadcrumb_button_hover_styles_show_advanced_css\":\"0\",\"breadcrumb_button_hover_styles_advanced\":\"\",\"breadcrumb_active_button_styles_background-color\":\"\",\"breadcrumb_active_button_styles_border\":\"\",\"breadcrumb_active_button_styles_border-style\":\"\",\"breadcrumb_active_button_styles_border-color\":\"\",\"breadcrumb_active_button_styles_color\":\"\",\"breadcrumb_active_button_styles_height\":\"\",\"breadcrumb_active_button_styles_width\":\"\",\"breadcrumb_active_button_styles_font-size\":\"\",\"breadcrumb_active_button_styles_margin\":\"\",\"breadcrumb_active_button_styles_padding\":\"\",\"breadcrumb_active_button_styles_display\":\"\",\"breadcrumb_active_button_styles_float\":\"\",\"breadcrumb_active_button_styles_show_advanced_css\":\"0\",\"breadcrumb_active_button_styles_advanced\":\"\",\"progress_bar_container_styles_background-color\":\"\",\"progress_bar_container_styles_border\":\"\",\"progress_bar_container_styles_border-style\":\"\",\"progress_bar_container_styles_border-color\":\"\",\"progress_bar_container_styles_color\":\"\",\"progress_bar_container_styles_height\":\"\",\"progress_bar_container_styles_width\":\"\",\"progress_bar_container_styles_font-size\":\"\",\"progress_bar_container_styles_margin\":\"\",\"progress_bar_container_styles_padding\":\"\",\"progress_bar_container_styles_display\":\"\",\"progress_bar_container_styles_float\":\"\",\"progress_bar_container_styles_show_advanced_css\":\"0\",\"progress_bar_container_styles_advanced\":\"\",\"progress_bar_fill_styles_background-color\":\"\",\"progress_bar_fill_styles_border\":\"\",\"progress_bar_fill_styles_border-style\":\"\",\"progress_bar_fill_styles_border-color\":\"\",\"progress_bar_fill_styles_color\":\"\",\"progress_bar_fill_styles_height\":\"\",\"progress_bar_fill_styles_width\":\"\",\"progress_bar_fill_styles_font-size\":\"\",\"progress_bar_fill_styles_margin\":\"\",\"progress_bar_fill_styles_padding\":\"\",\"progress_bar_fill_styles_display\":\"\",\"progress_bar_fill_styles_float\":\"\",\"progress_bar_fill_styles_show_advanced_css\":\"0\",\"progress_bar_fill_styles_advanced\":\"\",\"part_titles_styles_background-color\":\"\",\"part_titles_styles_border\":\"\",\"part_titles_styles_border-style\":\"\",\"part_titles_styles_border-color\":\"\",\"part_titles_styles_color\":\"\",\"part_titles_styles_height\":\"\",\"part_titles_styles_width\":\"\",\"part_titles_styles_font-size\":\"\",\"part_titles_styles_margin\":\"\",\"part_titles_styles_padding\":\"\",\"part_titles_styles_display\":\"\",\"part_titles_styles_float\":\"\",\"part_titles_styles_show_advanced_css\":\"0\",\"part_titles_styles_advanced\":\"\",\"navigation_container_styles_background-color\":\"\",\"navigation_container_styles_border\":\"\",\"navigation_container_styles_border-style\":\"\",\"navigation_container_styles_border-color\":\"\",\"navigation_container_styles_color\":\"\",\"navigation_container_styles_height\":\"\",\"navigation_container_styles_width\":\"\",\"navigation_container_styles_font-size\":\"\",\"navigation_container_styles_margin\":\"\",\"navigation_container_styles_padding\":\"\",\"navigation_container_styles_display\":\"\",\"navigation_container_styles_float\":\"\",\"navigation_container_styles_show_advanced_css\":\"0\",\"navigation_container_styles_advanced\":\"\",\"previous_button_styles_background-color\":\"\",\"previous_button_styles_border\":\"\",\"previous_button_styles_border-style\":\"\",\"previous_button_styles_border-color\":\"\",\"previous_button_styles_color\":\"\",\"previous_button_styles_height\":\"\",\"previous_button_styles_width\":\"\",\"previous_button_styles_font-size\":\"\",\"previous_button_styles_margin\":\"\",\"previous_button_styles_padding\":\"\",\"previous_button_styles_display\":\"\",\"previous_button_styles_float\":\"\",\"previous_button_styles_show_advanced_css\":\"0\",\"previous_button_styles_advanced\":\"\",\"next_button_styles_background-color\":\"\",\"next_button_styles_border\":\"\",\"next_button_styles_border-style\":\"\",\"next_button_styles_border-color\":\"\",\"next_button_styles_color\":\"\",\"next_button_styles_height\":\"\",\"next_button_styles_width\":\"\",\"next_button_styles_font-size\":\"\",\"next_button_styles_margin\":\"\",\"next_button_styles_padding\":\"\",\"next_button_styles_display\":\"\",\"next_button_styles_float\":\"\",\"next_button_styles_show_advanced_css\":\"0\",\"next_button_styles_advanced\":\"\",\"navigation_hover_styles_background-color\":\"\",\"navigation_hover_styles_border\":\"\",\"navigation_hover_styles_border-style\":\"\",\"navigation_hover_styles_border-color\":\"\",\"navigation_hover_styles_color\":\"\",\"navigation_hover_styles_height\":\"\",\"navigation_hover_styles_width\":\"\",\"navigation_hover_styles_font-size\":\"\",\"navigation_hover_styles_margin\":\"\",\"navigation_hover_styles_padding\":\"\",\"navigation_hover_styles_display\":\"\",\"navigation_hover_styles_float\":\"\",\"navigation_hover_styles_show_advanced_css\":\"0\",\"navigation_hover_styles_advanced\":\"\",\"formContentData\":[\"usuario_mail_1589039885506\",\"contrasena_1589033932214\",\"ingresar_al_club_1589033955015\"],\"allow_public_link\":0,\"embed_form\":\"\",\"changeEmailErrorMsg\":\"Digite um endere\\u00e7o de e-mail v\\u00e1lido!\",\"changeDateErrorMsg\":\"Digite uma data v\\u00e1lida!\",\"confirmFieldErrorMsg\":\"Estes campos devem corresponder!\",\"fieldNumberNumMinError\":\"Erro no n\\u00famero m\\u00ednimo\",\"fieldNumberNumMaxError\":\"Erro no n\\u00famero m\\u00e1ximo\",\"fieldNumberIncrementBy\":\"Incremente por \",\"formErrorsCorrectErrors\":\"Corrija os erros antes de enviar este formul\\u00e1rio.\",\"validateRequiredField\":\"Este campo \\u00e9 obrigat\\u00f3rio.\",\"honeypotHoneypotError\":\"Erro do Honeypot\",\"fieldsMarkedRequired\":\"Campos marcados com <span class=\\\"ninja-forms-req-symbol\\\">*<\\\/span> s\\u00e3o requeridos\",\"unique_field_error\":\"A form with this value has already been submitted.\",\"drawerDisabled\":false,\"ninjaForms\":\"Ninja Forms\",\"fieldTextareaRTEInsertLink\":\"Insira o Link\",\"fieldTextareaRTEInsertMedia\":\"Inserir m\\u00eddia\",\"fieldTextareaRTESelectAFile\":\"Selecionar Arquivo\",\"formHoneypot\":\"Se voc\\u00ea for um humano, deixe este campo em branco.\",\"fileUploadOldCodeFileUploadInProgress\":\"Upload de arquivo em andamento.\",\"fileUploadOldCodeFileUpload\":\"UPLOAD DE ARQUIVO\",\"currencySymbol\":\"&#36;\",\"thousands_sep\":\".\",\"decimal_point\":\",\",\"siteLocale\":\"pt_BR\",\"dateFormat\":\"m\\\/d\\\/Y\",\"startOfWeek\":\"1\",\"of\":\"de\",\"previousMonth\":\"M\\u00eas anterior\",\"nextMonth\":\"Pr\\u00f3ximo m\\u00eas\",\"months\":[\"Janeiro\",\"Fevereiro\",\"Mar\\u00e7o\",\"Abril\",\"Maio\",\"Junho\",\"Julho\",\"Agosto\",\"Setembro\",\"Outubro\",\"Novembro\",\"Dezembro\"],\"monthsShort\":[\"Jan\",\"Fev\",\"Mar\",\"Abr\",\"Maio\",\"Jun\",\"Jul\",\"Ago\",\"Set\",\"Out\",\"Nov\",\"Dez\"],\"weekdays\":[\"Domingo\",\"Segunda-feira\",\"Ter\\u00e7a-feira\",\"Quarta-feira\",\"Quinta-feira\",\"Sexta-feira\",\"S\\u00e1bado\"],\"weekdaysShort\":[\"Dom\",\"Seg\",\"Ter\",\"Qua\",\"Qui\",\"Sex\",\"Sat\"],\"weekdaysMin\":[\"Su\",\"Mo\",\"Tu\",\"We\",\"Th\",\"Fr\",\"Sa\"],\"recaptchaConsentMissing\":\"reCaptcha validation couldn&#039;t load.\",\"recaptchaMissingCookie\":\"reCaptcha v3 validation couldn&#039;t load the cookie needed to submit the form.\",\"recaptchaConsentEvent\":\"Accept reCaptcha cookies before sending the form.\",\"currency_symbol\":\"\",\"beforeForm\":\"\",\"beforeFields\":\"\",\"afterFields\":\"\",\"afterForm\":\"\"};form.fields=[{\"objectType\":\"Field\",\"objectDomain\":\"fields\",\"editActive\":false,\"order\":1,\"label_styles_show_advanced_css\":0,\"wrap_styles_show_advanced_css\":0,\"manual_key\":\"\",\"input_limit_msg\":\"Character(s) left\",\"input_limit_type\":\"characters\",\"required\":\"\",\"label_pos\":\"above\",\"key\":\"usuario_mail_1589039885506\",\"label\":\"Usuario \\\/ Mail\",\"type\":\"textbox\",\"element_styles_show_advanced_css\":0,\"cellcid\":\"c4200\",\"placeholder\":\"\",\"default\":\"\",\"container_class\":\"\",\"element_class\":\"\",\"input_limit\":\"\",\"disable_input\":\"\",\"admin_label\":\"\",\"help_text\":\"\",\"desc_text\":\"\",\"disable_browser_autocomplete\":\"\",\"mask\":\"\",\"custom_mask\":\"\",\"field_label\":\"Username\",\"field_key\":\"username_1488856177040\",\"custom_name_attribute\":\"\",\"personally_identifiable\":\"\",\"value\":\"\",\"drawerDisabled\":false,\"id\":68,\"beforeField\":\"\",\"afterField\":\"\",\"parentType\":\"textbox\",\"element_templates\":[\"textbox\",\"input\"],\"old_classname\":\"\",\"wrap_template\":\"wrap\"},{\"objectType\":\"Field\",\"objectDomain\":\"fields\",\"editActive\":false,\"order\":2,\"type\":\"password\",\"label\":\"Contrase\\u00f1a\",\"key\":\"contrasena_1589033932214\",\"label_pos\":\"above\",\"required\":\"\",\"input_limit_type\":\"characters\",\"input_limit_msg\":\"Character(s) left\",\"manual_key\":\"\",\"wrap_styles_show_advanced_css\":0,\"label_styles_show_advanced_css\":0,\"element_styles_show_advanced_css\":0,\"cellcid\":\"c4204\",\"placeholder\":\"\",\"default\":\"\",\"container_class\":\"\",\"element_class\":\"\",\"input_limit\":\"\",\"disable_input\":\"\",\"admin_label\":\"\",\"help_text\":\"\",\"desc_text\":\"\",\"field_label\":\"Password\",\"field_key\":\"password_1487972201036\",\"value\":\"\",\"drawerDisabled\":false,\"id\":69,\"beforeField\":\"\",\"afterField\":\"\",\"parentType\":\"password\",\"element_templates\":[\"password\",\"textbox\",\"input\",\"input\"],\"old_classname\":\"\",\"wrap_template\":\"wrap\"},{\"objectType\":\"Field\",\"objectDomain\":\"fields\",\"editActive\":false,\"order\":3,\"type\":\"submit\",\"label\":\"Ingresar al club\",\"processing_label\":\"Processing\",\"key\":\"ingresar_al_club_1589033955015\",\"wrap_styles_show_advanced_css\":0,\"label_styles_show_advanced_css\":0,\"element_styles_show_advanced_css\":0,\"submit_element_hover_styles_show_advanced_css\":0,\"cellcid\":\"c4207\",\"container_class\":\"\",\"element_class\":\"\",\"field_label\":\"Submit\",\"field_key\":\"submit_1487972204010\",\"drawerDisabled\":false,\"id\":70,\"beforeField\":\"\",\"afterField\":\"\",\"value\":\"\",\"label_pos\":\"above\",\"parentType\":\"textbox\",\"element_templates\":[\"submit\",\"button\",\"input\"],\"old_classname\":\"\",\"wrap_template\":\"wrap-no-label\"}];nfForms.push(form);<\/script><\/div>\n\n<div class=\"wp-block-column is-layout-flow wp-block-column-is-layout-flow\"><noscript class=\"ninja-forms-noscript-message\">\n\tAviso: Ou \u00e9 necess\u00e1rio JavaScript para este conte\u00fado.<\/noscript>\n<div id=\"nf-form-4-cont\" class=\"nf-form-cont\" aria-live=\"polite\" aria-labelledby=\"nf-form-title-4\" aria-describedby=\"nf-form-errors-4\" role=\"form\">\n\n    <div class=\"nf-loading-spinner\"><\/div>\n\n<\/div>\n        <!-- That data is being printed as a workaround to page builders reordering the order of the scripts loaded-->\n        <script>var formDisplay=1;var nfForms=nfForms||[];var form=[];form.id='4';form.settings={\"objectType\":\"Form Setting\",\"editActive\":true,\"title\":\"Registrese y Sea Parte Del Club De Pistas BACKINGTRACKSMUSIC.COM\",\"created_at\":\"2020-05-09 02:08:04\",\"form_title\":\"Register User\",\"default_label_pos\":\"above\",\"show_title\":\"1\",\"clear_complete\":\"1\",\"hide_complete\":\"1\",\"logged_in\":\"0\",\"wrapper_class\":\"\",\"element_class\":\"\",\"key\":\"\",\"add_submit\":\"1\",\"currency\":\"\",\"not_logged_in_msg\":\"\",\"sub_limit_number\":\"\",\"sub_limit_msg\":\"\",\"calculations\":[],\"formContentData\":[\"nombre_de_usuario_1589039903435\",\"telefono_1589039911912\",\"email_1490229504997\",\"contrasena_1589039923232\",\"confirmar_contrasena_1589039938453\",\"unirse_al_club_1589033988908\"],\"allow_public_link\":0,\"embed_form\":\"\",\"changeEmailErrorMsg\":\"Digite um endere\\u00e7o de e-mail v\\u00e1lido!\",\"changeDateErrorMsg\":\"Digite uma data v\\u00e1lida!\",\"confirmFieldErrorMsg\":\"Estes campos devem corresponder!\",\"fieldNumberNumMinError\":\"Erro no n\\u00famero m\\u00ednimo\",\"fieldNumberNumMaxError\":\"Erro no n\\u00famero m\\u00e1ximo\",\"fieldNumberIncrementBy\":\"Incremente por \",\"formErrorsCorrectErrors\":\"Corrija os erros antes de enviar este formul\\u00e1rio.\",\"validateRequiredField\":\"Este campo \\u00e9 obrigat\\u00f3rio.\",\"honeypotHoneypotError\":\"Erro do Honeypot\",\"fieldsMarkedRequired\":\"Campos marcados com <span class=\\\"ninja-forms-req-symbol\\\">*<\\\/span> s\\u00e3o requeridos\",\"unique_field_error\":\"A form with this value has already been submitted.\",\"drawerDisabled\":false,\"ninjaForms\":\"Ninja Forms\",\"fieldTextareaRTEInsertLink\":\"Insira o Link\",\"fieldTextareaRTEInsertMedia\":\"Inserir m\\u00eddia\",\"fieldTextareaRTESelectAFile\":\"Selecionar Arquivo\",\"formHoneypot\":\"Se voc\\u00ea for um humano, deixe este campo em branco.\",\"fileUploadOldCodeFileUploadInProgress\":\"Upload de arquivo em andamento.\",\"fileUploadOldCodeFileUpload\":\"UPLOAD DE ARQUIVO\",\"currencySymbol\":\"&#36;\",\"thousands_sep\":\".\",\"decimal_point\":\",\",\"siteLocale\":\"pt_BR\",\"dateFormat\":\"m\\\/d\\\/Y\",\"startOfWeek\":\"1\",\"of\":\"de\",\"previousMonth\":\"M\\u00eas anterior\",\"nextMonth\":\"Pr\\u00f3ximo m\\u00eas\",\"months\":[\"Janeiro\",\"Fevereiro\",\"Mar\\u00e7o\",\"Abril\",\"Maio\",\"Junho\",\"Julho\",\"Agosto\",\"Setembro\",\"Outubro\",\"Novembro\",\"Dezembro\"],\"monthsShort\":[\"Jan\",\"Fev\",\"Mar\",\"Abr\",\"Maio\",\"Jun\",\"Jul\",\"Ago\",\"Set\",\"Out\",\"Nov\",\"Dez\"],\"weekdays\":[\"Domingo\",\"Segunda-feira\",\"Ter\\u00e7a-feira\",\"Quarta-feira\",\"Quinta-feira\",\"Sexta-feira\",\"S\\u00e1bado\"],\"weekdaysShort\":[\"Dom\",\"Seg\",\"Ter\",\"Qua\",\"Qui\",\"Sex\",\"Sat\"],\"weekdaysMin\":[\"Su\",\"Mo\",\"Tu\",\"We\",\"Th\",\"Fr\",\"Sa\"],\"recaptchaConsentMissing\":\"reCaptcha validation couldn&#039;t load.\",\"recaptchaMissingCookie\":\"reCaptcha v3 validation couldn&#039;t load the cookie needed to submit the form.\",\"recaptchaConsentEvent\":\"Accept reCaptcha cookies before sending the form.\",\"currency_symbol\":\"\",\"beforeForm\":\"\",\"beforeFields\":\"\",\"afterFields\":\"\",\"afterForm\":\"\"};form.fields=[{\"objectType\":\"Field\",\"objectDomain\":\"fields\",\"editActive\":false,\"order\":1,\"type\":\"textbox\",\"label\":\"Nombre de usuario\",\"key\":\"nombre_de_usuario_1589039903435\",\"label_pos\":\"above\",\"required\":1,\"placeholder\":\"\",\"default\":\"\",\"container_class\":\"\",\"element_class\":\"\",\"input_limit\":\"\",\"input_limit_type\":\"characters\",\"input_limit_msg\":\"Character(s) left\",\"manual_key\":\"\",\"disable_input\":\"\",\"admin_label\":\"\",\"help_text\":\"\",\"desc_text\":\"\",\"disable_browser_autocomplete\":\"\",\"mask\":\"\",\"custom_mask\":\"\",\"field_label\":\"Username\",\"field_key\":\"username_1490229515992\",\"custom_name_attribute\":\"\",\"personally_identifiable\":\"\",\"value\":\"\",\"drawerDisabled\":false,\"id\":58,\"beforeField\":\"\",\"afterField\":\"\",\"parentType\":\"textbox\",\"element_templates\":[\"textbox\",\"input\"],\"old_classname\":\"\",\"wrap_template\":\"wrap\"},{\"objectType\":\"Field\",\"objectDomain\":\"fields\",\"editActive\":false,\"order\":2,\"label\":\"Telefono\",\"type\":\"phone\",\"key\":\"telefono_1589039911912\",\"label_pos\":\"above\",\"required\":false,\"default\":\"\",\"placeholder\":\"\",\"container_class\":\"\",\"element_class\":\"\",\"input_limit\":\"\",\"input_limit_type\":\"characters\",\"input_limit_msg\":\"Character(s) left\",\"manual_key\":false,\"admin_label\":\"\",\"help_text\":\"\",\"mask\":\"\",\"custom_mask\":\"\",\"custom_name_attribute\":\"phone\",\"personally_identifiable\":1,\"value\":\"\",\"drawerDisabled\":false,\"id\":66,\"beforeField\":\"\",\"afterField\":\"\",\"parentType\":\"textbox\",\"element_templates\":[\"tel\",\"textbox\",\"input\"],\"old_classname\":\"\",\"wrap_template\":\"wrap\"},{\"objectType\":\"Field\",\"objectDomain\":\"fields\",\"editActive\":false,\"order\":3,\"label\":\"Email\",\"type\":\"email\",\"key\":\"email_1490229504997\",\"label_pos\":\"above\",\"required\":1,\"default\":\"\",\"placeholder\":\"\",\"container_class\":\"\",\"element_class\":\"\",\"admin_label\":\"\",\"help_text\":\"\",\"desc_text\":\"\",\"field_label\":\"Email\",\"field_key\":\"email_1490229504997\",\"custom_name_attribute\":\"email\",\"personally_identifiable\":1,\"value\":\"\",\"id\":61,\"beforeField\":\"\",\"afterField\":\"\",\"parentType\":\"email\",\"element_templates\":[\"email\",\"input\"],\"old_classname\":\"\",\"wrap_template\":\"wrap\"},{\"objectType\":\"Field\",\"objectDomain\":\"fields\",\"editActive\":false,\"order\":5,\"type\":\"password\",\"label\":\"Contrase\\u00f1a\",\"key\":\"contrasena_1589039923232\",\"label_pos\":\"above\",\"required\":1,\"placeholder\":\"\",\"default\":\"\",\"container_class\":\"\",\"element_class\":\"\",\"input_limit\":\"\",\"input_limit_type\":\"characters\",\"input_limit_msg\":\"Character(s) left\",\"manual_key\":\"\",\"disable_input\":\"\",\"admin_label\":\"\",\"help_text\":\"\",\"desc_text\":\"\",\"field_label\":\"Password\",\"field_key\":\"password_1490229503041\",\"value\":\"\",\"drawerDisabled\":false,\"id\":63,\"beforeField\":\"\",\"afterField\":\"\",\"parentType\":\"password\",\"element_templates\":[\"password\",\"textbox\",\"input\",\"input\"],\"old_classname\":\"\",\"wrap_template\":\"wrap\"},{\"objectType\":\"Field\",\"objectDomain\":\"fields\",\"editActive\":false,\"order\":6,\"type\":\"passwordconfirm\",\"label\":\"Confirmar Contrase\\u00f1a\",\"key\":\"confirmar_contrasena_1589039938453\",\"label_pos\":\"above\",\"required\":1,\"placeholder\":\"\",\"default\":\"\",\"container_class\":\"\",\"element_class\":\"\",\"input_limit\":\"\",\"input_limit_type\":\"characters\",\"input_limit_msg\":\"Character(s) left\",\"manual_key\":\"\",\"disable_input\":\"\",\"admin_label\":\"\",\"help_text\":\"\",\"desc_text\":\"\",\"confirm_field\":\"contrasena_1589039923232\",\"field_label\":\"Password Confirm\",\"field_key\":\"passwordconfirm_1490229503047\",\"value\":\"\",\"drawerDisabled\":false,\"id\":64,\"beforeField\":\"\",\"afterField\":\"\",\"parentType\":\"passwordconfirm\",\"element_templates\":[\"password\",\"textbox\",\"input\",\"password\",\"textbox\",\"input\",\"input\"],\"old_classname\":\"\",\"wrap_template\":\"wrap\"},{\"objectType\":\"Field\",\"objectDomain\":\"fields\",\"editActive\":false,\"order\":7,\"type\":\"submit\",\"label\":\"Unirse al club\",\"processing_label\":\"Processing\",\"container_class\":\"\",\"element_class\":\"\",\"key\":\"unirse_al_club_1589033988908\",\"field_label\":\"Submit\",\"field_key\":\"submit_1490229536844\",\"drawerDisabled\":false,\"id\":65,\"beforeField\":\"\",\"afterField\":\"\",\"value\":\"\",\"label_pos\":\"above\",\"parentType\":\"textbox\",\"element_templates\":[\"submit\",\"button\",\"input\"],\"old_classname\":\"\",\"wrap_template\":\"wrap-no-label\"}];nfForms.push(form);<\/script><\/div><\/div><div class=\"woocommerce\"><\/div>","protected":false},"excerpt":{"rendered":"","protected":false},"author":1,"featured_media":0,"parent":0,"menu_order":0,"comment_status":"closed","ping_status":"closed","template":"","meta":{"_acf_changed":false,"footnotes":""},"class_list":["post-3068","page","type-page","status-publish","hentry"],"acf":[],"_links":{"self":[{"href":"https:\/\/backingtracksmusic.com\/pt\/wp-json\/wp\/v2\/pages\/3068","targetHints":{"allow":["GET"]}}],"collection":[{"href":"https:\/\/backingtracksmusic.com\/pt\/wp-json\/wp\/v2\/pages"}],"about":[{"href":"https:\/\/backingtracksmusic.com\/pt\/wp-json\/wp\/v2\/types\/page"}],"author":[{"embeddable":true,"href":"https:\/\/backingtracksmusic.com\/pt\/wp-json\/wp\/v2\/users\/1"}],"replies":[{"embeddable":true,"href":"https:\/\/backingtracksmusic.com\/pt\/wp-json\/wp\/v2\/comments?post=3068"}],"version-history":[{"count":7,"href":"https:\/\/backingtracksmusic.com\/pt\/wp-json\/wp\/v2\/pages\/3068\/revisions"}],"predecessor-version":[{"id":3490,"href":"https:\/\/backingtracksmusic.com\/pt\/wp-json\/wp\/v2\/pages\/3068\/revisions\/3490"}],"wp:attachment":[{"href":"https:\/\/backingtracksmusic.com\/pt\/wp-json\/wp\/v2\/media?parent=3068"}],"curies":[{"name":"wp","href":"https:\/\/api.w.org\/{rel}","templated":true}]}}