{"id":2921,"date":"2020-04-30T14:29:27","date_gmt":"2020-04-30T17:29:27","guid":{"rendered":"https:\/\/backingtracksmusic.com\/?page_id=2921"},"modified":"2020-05-14T15:51:54","modified_gmt":"2020-05-14T18:51:54","slug":"yo-soy-musico","status":"publish","type":"page","link":"https:\/\/backingtracksmusic.com\/pt\/yo-soy-musico\/","title":{"rendered":"Sou m\u00fasico"},"content":{"rendered":"<div data-elementor-type=\"wp-post\" data-elementor-id=\"2921\" class=\"elementor elementor-2921\">\n\t\t\t\t\t\t<section class=\"elementor-section elementor-top-section elementor-element elementor-element-7d84f0e elementor-section-boxed elementor-section-height-default elementor-section-height-default\" data-id=\"7d84f0e\" data-element_type=\"section\">\n\t\t\t\t\t\t<div class=\"elementor-container elementor-column-gap-default\">\n\t\t\t\t\t<div class=\"elementor-column elementor-col-100 elementor-top-column elementor-element elementor-element-fd2226c\" data-id=\"fd2226c\" data-element_type=\"column\">\n\t\t\t<div class=\"elementor-widget-wrap elementor-element-populated\">\n\t\t\t\t\t\t<div class=\"elementor-element elementor-element-3dda157 elementor-widget elementor-widget-text-editor\" data-id=\"3dda157\" data-element_type=\"widget\" data-widget_type=\"text-editor.default\">\n\t\t\t\t<div class=\"elementor-widget-container\">\n\t\t\t\t\t\t\t\t\t<p style=\"line-height: normal; text-align: justify;\"><span style=\"mso-fareast-font-family: 'Times New Roman'; color: black; mso-ansi-language: ES; mso-fareast-language: ES;\">Ol\u00e1, como voc\u00ea, eu tamb\u00e9m sou m\u00fasico.<br>\n<br><\/span><span style=\"color: black; font-size: 1.125rem;\">Toco piano desde os 5 anos de idade e me aperfei\u00e7oei no piano cl\u00e1ssico, no jazz e no TANGO.<\/span><\/p>\t\t\t\t\t\t\t\t<\/div>\n\t\t\t\t<\/div>\n\t\t\t\t\t<\/div>\n\t\t<\/div>\n\t\t\t\t\t<\/div>\n\t\t<\/section>\n\t\t\t\t<section class=\"elementor-section elementor-top-section elementor-element elementor-element-51e96d2 elementor-section-boxed elementor-section-height-default elementor-section-height-default\" data-id=\"51e96d2\" data-element_type=\"section\">\n\t\t\t\t\t\t<div class=\"elementor-container elementor-column-gap-default\">\n\t\t\t\t\t<div class=\"elementor-column elementor-col-50 elementor-top-column elementor-element elementor-element-d9ec8b6\" data-id=\"d9ec8b6\" data-element_type=\"column\">\n\t\t\t<div class=\"elementor-widget-wrap elementor-element-populated\">\n\t\t\t\t\t\t<div class=\"elementor-element elementor-element-5baf88f elementor-widget elementor-widget-image\" data-id=\"5baf88f\" data-element_type=\"widget\" data-widget_type=\"image.default\">\n\t\t\t\t<div class=\"elementor-widget-container\">\n\t\t\t\t\t\t\t\t\t\t\t\t\t\t\t<img fetchpriority=\"high\" decoding=\"async\" width=\"1400\" height=\"1050\" src=\"https:\/\/backingtracksmusic.com\/wp-content\/uploads\/2020\/04\/unnamed-1-1600x1200.jpg\" class=\"attachment-large size-large wp-image-2885\" alt=\"\" srcset=\"https:\/\/backingtracksmusic.com\/wp-content\/uploads\/2020\/04\/unnamed-1-1600x1200.jpg 1600w, https:\/\/backingtracksmusic.com\/wp-content\/uploads\/2020\/04\/unnamed-1-scaled-600x450.jpg 600w, https:\/\/backingtracksmusic.com\/wp-content\/uploads\/2020\/04\/unnamed-1-756x567.jpg 756w, https:\/\/backingtracksmusic.com\/wp-content\/uploads\/2020\/04\/unnamed-1-768x576.jpg 768w, https:\/\/backingtracksmusic.com\/wp-content\/uploads\/2020\/04\/unnamed-1-1536x1152.jpg 1536w\" sizes=\"(max-width: 1400px) 100vw, 1400px\" \/>\t\t\t\t\t\t\t\t\t\t\t\t\t\t\t<\/div>\n\t\t\t\t<\/div>\n\t\t\t\t\t<\/div>\n\t\t<\/div>\n\t\t\t\t<div class=\"elementor-column elementor-col-50 elementor-top-column elementor-element elementor-element-4d5cd78\" data-id=\"4d5cd78\" data-element_type=\"column\">\n\t\t\t<div class=\"elementor-widget-wrap\">\n\t\t\t\t\t\t\t<\/div>\n\t\t<\/div>\n\t\t\t\t\t<\/div>\n\t\t<\/section>\n\t\t\t\t<section class=\"elementor-section elementor-top-section elementor-element elementor-element-665293d elementor-section-boxed elementor-section-height-default elementor-section-height-default\" data-id=\"665293d\" data-element_type=\"section\">\n\t\t\t\t\t\t<div class=\"elementor-container elementor-column-gap-default\">\n\t\t\t\t\t<div class=\"elementor-column elementor-col-50 elementor-top-column elementor-element elementor-element-0e9abec\" data-id=\"0e9abec\" data-element_type=\"column\">\n\t\t\t<div class=\"elementor-widget-wrap elementor-element-populated\">\n\t\t\t\t\t\t<div class=\"elementor-element elementor-element-035cfe0 elementor-widget elementor-widget-text-editor\" data-id=\"035cfe0\" data-element_type=\"widget\" data-widget_type=\"text-editor.default\">\n\t\t\t\t<div class=\"elementor-widget-container\">\n\t\t\t\t\t\t\t\t\t<p style=\"line-height: normal; text-align: justify;\"><span style=\"mso-fareast-font-family: 'Times New Roman'; color: black; mso-ansi-language: ES; mso-fareast-language: ES;\">Recebi uma bolsa para estudar na Universidade de M\u00fasica de Jerusal\u00e9m (Israel), onde estudei por 8 anos e recebi um mestrado em composi\u00e7\u00e3o.<\/span><\/p><p style=\"line-height: normal; text-align: justify;\"><span style=\"color: black;\">Em 1999, voltei a Buenos Aires e estudei bandoneon com <\/span><b style=\"color: black; font-size: 1.125rem;\">N\u00e9stor Marconi, Osvaldo Montes<span style=\"color: black;\">, entre outros.\u00a0<\/span><\/b><span style=\"color: black;\">Desde 2000, participei de v\u00e1rios conjuntos de tango, como <\/span><span style=\"color: #000000;\">pianista, bandoneon e arranjador de m\u00fasicas.<\/span><\/p><p style=\"line-height: normal; text-align: justify;\"><span style=\"color: black; font-size: 1.125rem;\">Acompanhei cantores como <\/span><b style=\"color: black; font-size: 1.125rem;\">Jairo, Cecilia Milone, Mar\u00eda Volont\u00e9, Raul Lavie, Susana Rinaldi, Dani Martin, Alberto Podest\u00e1, Alba Solis, Tito Reyes, Guillermo Galv\u00e9, N\u00e9stor Fabi\u00e1n e Violeta Rivas, Abel Cordoba, Maria Garay e Juan Carlos. Godoy, Oscar Ferrari, Cacho Casta\u00f1a, Carmen Flores, N\u00e9stor Rol\u00e1n, Alberto Bianco<\/b><span style=\"color: black; font-size: 1.125rem;\">, entre outros.\u00a0<\/span><\/p><p style=\"line-height: normal; text-align: justify;\" class=\" translation-block\"><span style=\"color: black;font-size: 1.125rem\">E isso me deu a oportunidade de entender muito bem que voc\u00ea precisa de um SOLISTA para estar bem acompanhado.. <\/span><b style=\"font-size: 1.125rem\"><span style=\"color: black\">Eu fa\u00e7o faixas de m\u00fasica<\/span><\/b><span style=\"font-size: 1.125rem;color: black\"> personalizadas para cada cantor (<b>em tom,<\/b><br> com m\u00fasicos reais, etc.).<\/span><\/p><p style=\"text-align: justify;\">\u00a0<\/p>\t\t\t\t\t\t\t\t<\/div>\n\t\t\t\t<\/div>\n\t\t\t\t\t<\/div>\n\t\t<\/div>\n\t\t\t\t<div class=\"elementor-column elementor-col-50 elementor-top-column elementor-element elementor-element-0e8aeec\" data-id=\"0e8aeec\" data-element_type=\"column\">\n\t\t\t<div class=\"elementor-widget-wrap elementor-element-populated\">\n\t\t\t\t\t\t<div class=\"elementor-element elementor-element-1bf9182 elementor-widget elementor-widget-image\" data-id=\"1bf9182\" data-element_type=\"widget\" data-widget_type=\"image.default\">\n\t\t\t\t<div class=\"elementor-widget-container\">\n\t\t\t\t\t\t\t\t\t\t\t\t\t\t\t<img decoding=\"async\" src=\"https:\/\/backingtracksmusic.com\/wp-content\/uploads\/elementor\/thumbs\/IMG_0035-scaled-oosvh50en25qo2v76verevt1367o7a0uwaqasjdb3k.jpg\" title=\"IMG_0035\" alt=\"IMG_0035\" loading=\"lazy\" \/>\t\t\t\t\t\t\t\t\t\t\t\t\t\t\t<\/div>\n\t\t\t\t<\/div>\n\t\t\t\t\t<\/div>\n\t\t<\/div>\n\t\t\t\t\t<\/div>\n\t\t<\/section>\n\t\t\t\t<section class=\"elementor-section elementor-top-section elementor-element elementor-element-f0a3ad3 elementor-section-boxed elementor-section-height-default elementor-section-height-default\" data-id=\"f0a3ad3\" data-element_type=\"section\">\n\t\t\t\t\t\t<div class=\"elementor-container elementor-column-gap-default\">\n\t\t\t\t\t<div class=\"elementor-column elementor-col-100 elementor-top-column elementor-element elementor-element-1f7c846\" data-id=\"1f7c846\" data-element_type=\"column\">\n\t\t\t<div class=\"elementor-widget-wrap elementor-element-populated\">\n\t\t\t\t\t\t<div class=\"elementor-element elementor-element-5f912b6 elementor-widget elementor-widget-image\" data-id=\"5f912b6\" data-element_type=\"widget\" data-widget_type=\"image.default\">\n\t\t\t\t<div class=\"elementor-widget-container\">\n\t\t\t\t\t\t\t\t\t\t\t\t\t\t\t<img decoding=\"async\" width=\"1400\" height=\"934\" src=\"https:\/\/backingtracksmusic.com\/wp-content\/uploads\/2020\/04\/MG_9975-1600x1067.jpg\" class=\"attachment-large size-large wp-image-2887\" alt=\"\" srcset=\"https:\/\/backingtracksmusic.com\/wp-content\/uploads\/2020\/04\/MG_9975-1600x1067.jpg 1600w, https:\/\/backingtracksmusic.com\/wp-content\/uploads\/2020\/04\/MG_9975-scaled-600x400.jpg 600w, https:\/\/backingtracksmusic.com\/wp-content\/uploads\/2020\/04\/MG_9975-756x504.jpg 756w, https:\/\/backingtracksmusic.com\/wp-content\/uploads\/2020\/04\/MG_9975-768x512.jpg 768w, https:\/\/backingtracksmusic.com\/wp-content\/uploads\/2020\/04\/MG_9975-1536x1024.jpg 1536w, https:\/\/backingtracksmusic.com\/wp-content\/uploads\/2020\/04\/MG_9975-2048x1365.jpg 2048w, https:\/\/backingtracksmusic.com\/wp-content\/uploads\/2020\/04\/MG_9975-100x68.jpg 100w, https:\/\/backingtracksmusic.com\/wp-content\/uploads\/2020\/04\/MG_9975-450x300.jpg 450w\" sizes=\"(max-width: 1400px) 100vw, 1400px\" \/>\t\t\t\t\t\t\t\t\t\t\t\t\t\t\t<\/div>\n\t\t\t\t<\/div>\n\t\t\t\t\t<\/div>\n\t\t<\/div>\n\t\t\t\t\t<\/div>\n\t\t<\/section>\n\t\t\t\t<section class=\"elementor-section elementor-top-section elementor-element elementor-element-a5b6305 elementor-section-boxed elementor-section-height-default elementor-section-height-default\" data-id=\"a5b6305\" data-element_type=\"section\">\n\t\t\t\t\t\t<div class=\"elementor-container elementor-column-gap-default\">\n\t\t\t\t\t<div class=\"elementor-column elementor-col-100 elementor-top-column elementor-element elementor-element-fced134\" data-id=\"fced134\" data-element_type=\"column\">\n\t\t\t<div class=\"elementor-widget-wrap elementor-element-populated\">\n\t\t\t\t\t\t<div class=\"elementor-element elementor-element-328966d elementor-widget elementor-widget-text-editor\" data-id=\"328966d\" data-element_type=\"widget\" data-widget_type=\"text-editor.default\">\n\t\t\t\t<div class=\"elementor-widget-container\">\n\t\t\t\t\t\t\t\t\t<p style=\"text-align: justify;\"><span style=\"color: #000000;\">Atualmente, eu trabalho em meu pr\u00f3prio est\u00fadio de grava\u00e7\u00e3o acompanhado por uma equipe de m\u00fasicos profissionais e gravamos trilhas musicais para cantores e tamb\u00e9m essas trilhas para m\u00fasicos solo.<\/span><\/p><p style=\"text-align: justify;\"><span style=\"color: #000000;\">Eles podem ser adquiridos com a partitura escrita do seu instrumento e, portanto, podem ser reproduzidos acima das nossas trilhas musicais.<\/span><\/p>\t\t\t\t\t\t\t\t<\/div>\n\t\t\t\t<\/div>\n\t\t\t\t\t<\/div>\n\t\t<\/div>\n\t\t\t\t\t<\/div>\n\t\t<\/section>\n\t\t\t\t<section class=\"elementor-section elementor-top-section elementor-element elementor-element-3832cfe elementor-section-boxed elementor-section-height-default elementor-section-height-default\" data-id=\"3832cfe\" data-element_type=\"section\">\n\t\t\t\t\t\t<div class=\"elementor-container elementor-column-gap-default\">\n\t\t\t\t\t<div class=\"elementor-column elementor-col-50 elementor-top-column elementor-element elementor-element-d19e1bb\" data-id=\"d19e1bb\" data-element_type=\"column\">\n\t\t\t<div class=\"elementor-widget-wrap elementor-element-populated\">\n\t\t\t\t\t\t<div class=\"elementor-element elementor-element-c045129 elementor-widget elementor-widget-image\" data-id=\"c045129\" data-element_type=\"widget\" data-widget_type=\"image.default\">\n\t\t\t\t<div class=\"elementor-widget-container\">\n\t\t\t\t\t\t\t\t\t\t\t\t\t\t\t<img decoding=\"async\" width=\"810\" height=\"540\" src=\"https:\/\/backingtracksmusic.com\/wp-content\/uploads\/2020\/04\/12140996_497262440452414_2664278985146403664_o.jpg\" class=\"attachment-large size-large wp-image-2888\" alt=\"\" srcset=\"https:\/\/backingtracksmusic.com\/wp-content\/uploads\/2020\/04\/12140996_497262440452414_2664278985146403664_o.jpg 810w, https:\/\/backingtracksmusic.com\/wp-content\/uploads\/2020\/04\/12140996_497262440452414_2664278985146403664_o-600x400.jpg 600w, https:\/\/backingtracksmusic.com\/wp-content\/uploads\/2020\/04\/12140996_497262440452414_2664278985146403664_o-756x504.jpg 756w, https:\/\/backingtracksmusic.com\/wp-content\/uploads\/2020\/04\/12140996_497262440452414_2664278985146403664_o-768x512.jpg 768w, https:\/\/backingtracksmusic.com\/wp-content\/uploads\/2020\/04\/12140996_497262440452414_2664278985146403664_o-100x68.jpg 100w, https:\/\/backingtracksmusic.com\/wp-content\/uploads\/2020\/04\/12140996_497262440452414_2664278985146403664_o-450x300.jpg 450w\" sizes=\"(max-width: 810px) 100vw, 810px\" \/>\t\t\t\t\t\t\t\t\t\t\t\t\t\t\t<\/div>\n\t\t\t\t<\/div>\n\t\t\t\t\t<\/div>\n\t\t<\/div>\n\t\t\t\t<div class=\"elementor-column elementor-col-50 elementor-top-column elementor-element elementor-element-59eb276\" data-id=\"59eb276\" data-element_type=\"column\">\n\t\t\t<div class=\"elementor-widget-wrap elementor-element-populated\">\n\t\t\t\t\t\t<div class=\"elementor-element elementor-element-1062e07 elementor-widget elementor-widget-image\" data-id=\"1062e07\" data-element_type=\"widget\" data-widget_type=\"image.default\">\n\t\t\t\t<div class=\"elementor-widget-container\">\n\t\t\t\t\t\t\t\t\t\t\t\t\t\t\t<img loading=\"lazy\" decoding=\"async\" width=\"1088\" height=\"725\" src=\"https:\/\/backingtracksmusic.com\/wp-content\/uploads\/2020\/04\/12186748_501997806645544_259831736339826254_o.jpg\" class=\"attachment-large size-large wp-image-2889\" alt=\"\" srcset=\"https:\/\/backingtracksmusic.com\/wp-content\/uploads\/2020\/04\/12186748_501997806645544_259831736339826254_o.jpg 1088w, https:\/\/backingtracksmusic.com\/wp-content\/uploads\/2020\/04\/12186748_501997806645544_259831736339826254_o-600x400.jpg 600w, https:\/\/backingtracksmusic.com\/wp-content\/uploads\/2020\/04\/12186748_501997806645544_259831736339826254_o-756x504.jpg 756w, https:\/\/backingtracksmusic.com\/wp-content\/uploads\/2020\/04\/12186748_501997806645544_259831736339826254_o-768x512.jpg 768w, https:\/\/backingtracksmusic.com\/wp-content\/uploads\/2020\/04\/12186748_501997806645544_259831736339826254_o-100x68.jpg 100w, https:\/\/backingtracksmusic.com\/wp-content\/uploads\/2020\/04\/12186748_501997806645544_259831736339826254_o-450x300.jpg 450w\" sizes=\"(max-width: 1088px) 100vw, 1088px\" \/>\t\t\t\t\t\t\t\t\t\t\t\t\t\t\t<\/div>\n\t\t\t\t<\/div>\n\t\t\t\t\t<\/div>\n\t\t<\/div>\n\t\t\t\t\t<\/div>\n\t\t<\/section>\n\t\t\t\t<section class=\"elementor-section elementor-top-section elementor-element elementor-element-5788358 elementor-section-boxed elementor-section-height-default elementor-section-height-default\" data-id=\"5788358\" data-element_type=\"section\">\n\t\t\t\t\t\t<div class=\"elementor-container elementor-column-gap-default\">\n\t\t\t\t\t<div class=\"elementor-column elementor-col-100 elementor-top-column elementor-element elementor-element-245509b\" data-id=\"245509b\" data-element_type=\"column\">\n\t\t\t<div class=\"elementor-widget-wrap elementor-element-populated\">\n\t\t\t\t\t\t<div class=\"elementor-element elementor-element-31b2d0d elementor-widget elementor-widget-image\" data-id=\"31b2d0d\" data-element_type=\"widget\" data-widget_type=\"image.default\">\n\t\t\t\t<div class=\"elementor-widget-container\">\n\t\t\t\t\t\t\t\t\t\t\t\t\t\t\t<img loading=\"lazy\" decoding=\"async\" width=\"1200\" height=\"1600\" src=\"https:\/\/backingtracksmusic.com\/wp-content\/uploads\/2020\/04\/20161215_115849-1200x1600.jpg\" class=\"attachment-large size-large wp-image-2890\" alt=\"\" srcset=\"https:\/\/backingtracksmusic.com\/wp-content\/uploads\/2020\/04\/20161215_115849-1200x1600.jpg 1200w, https:\/\/backingtracksmusic.com\/wp-content\/uploads\/2020\/04\/20161215_115849-scaled-600x800.jpg 600w, https:\/\/backingtracksmusic.com\/wp-content\/uploads\/2020\/04\/20161215_115849-567x756.jpg 567w, https:\/\/backingtracksmusic.com\/wp-content\/uploads\/2020\/04\/20161215_115849-768x1024.jpg 768w, https:\/\/backingtracksmusic.com\/wp-content\/uploads\/2020\/04\/20161215_115849-1152x1536.jpg 1152w, https:\/\/backingtracksmusic.com\/wp-content\/uploads\/2020\/04\/20161215_115849-1536x2048.jpg 1536w, https:\/\/backingtracksmusic.com\/wp-content\/uploads\/2020\/04\/20161215_115849-scaled.jpg 1920w\" sizes=\"(max-width: 1200px) 100vw, 1200px\" \/>\t\t\t\t\t\t\t\t\t\t\t\t\t\t\t<\/div>\n\t\t\t\t<\/div>\n\t\t\t\t\t<\/div>\n\t\t<\/div>\n\t\t\t\t\t<\/div>\n\t\t<\/section>\n\t\t\t\t<section class=\"elementor-section elementor-top-section elementor-element elementor-element-4193caf elementor-section-boxed elementor-section-height-default elementor-section-height-default\" data-id=\"4193caf\" data-element_type=\"section\">\n\t\t\t\t\t\t<div class=\"elementor-container elementor-column-gap-default\">\n\t\t\t\t\t<div class=\"elementor-column elementor-col-100 elementor-top-column elementor-element elementor-element-0723945\" data-id=\"0723945\" data-element_type=\"column\">\n\t\t\t<div class=\"elementor-widget-wrap elementor-element-populated\">\n\t\t\t\t\t\t<div class=\"elementor-element elementor-element-2a1fd2d elementor-widget elementor-widget-text-editor\" data-id=\"2a1fd2d\" data-element_type=\"widget\" data-widget_type=\"text-editor.default\">\n\t\t\t\t<div class=\"elementor-widget-container\">\n\t\t\t\t\t\t\t\t\t<h5 style=\"text-align: center;\">Ser\u00e1 um prazer fazer parte do seu projeto musical!<\/h5>\t\t\t\t\t\t\t\t<\/div>\n\t\t\t\t<\/div>\n\t\t\t\t\t<\/div>\n\t\t<\/div>\n\t\t\t\t\t<\/div>\n\t\t<\/section>\n\t\t\t\t<section class=\"elementor-section elementor-top-section elementor-element elementor-element-e7edb19 elementor-section-boxed elementor-section-height-default elementor-section-height-default\" data-id=\"e7edb19\" data-element_type=\"section\">\n\t\t\t\t\t\t<div class=\"elementor-container elementor-column-gap-default\">\n\t\t\t\t\t<div class=\"elementor-column elementor-col-25 elementor-top-column elementor-element elementor-element-c6905e1\" data-id=\"c6905e1\" data-element_type=\"column\">\n\t\t\t<div class=\"elementor-widget-wrap\">\n\t\t\t\t\t\t\t<\/div>\n\t\t<\/div>\n\t\t\t\t<div class=\"elementor-column elementor-col-25 elementor-top-column elementor-element elementor-element-c85fcdd\" data-id=\"c85fcdd\" data-element_type=\"column\">\n\t\t\t<div class=\"elementor-widget-wrap\">\n\t\t\t\t\t\t\t<\/div>\n\t\t<\/div>\n\t\t\t\t<div class=\"elementor-column elementor-col-25 elementor-top-column elementor-element elementor-element-12b4e03\" data-id=\"12b4e03\" data-element_type=\"column\">\n\t\t\t<div class=\"elementor-widget-wrap\">\n\t\t\t\t\t\t\t<\/div>\n\t\t<\/div>\n\t\t\t\t<div class=\"elementor-column elementor-col-25 elementor-top-column elementor-element elementor-element-d8ad7c0\" data-id=\"d8ad7c0\" data-element_type=\"column\">\n\t\t\t<div class=\"elementor-widget-wrap elementor-element-populated\">\n\t\t\t\t\t\t<div class=\"elementor-element elementor-element-47e21f1 elementor-widget elementor-widget-text-editor\" data-id=\"47e21f1\" data-element_type=\"widget\" data-widget_type=\"text-editor.default\">\n\t\t\t\t<div class=\"elementor-widget-container\">\n\t\t\t\t\t\t\t\t\t<p style=\"text-align: center;\"><span style=\"color: #000000;\">Norberto Vogel<\/span><br \/><span style=\"color: #000000;\"><strong>M\u00fasico<\/strong><\/span><\/p>\t\t\t\t\t\t\t\t<\/div>\n\t\t\t\t<\/div>\n\t\t\t\t\t<\/div>\n\t\t<\/div>\n\t\t\t\t\t<\/div>\n\t\t<\/section>\n\t\t\t\t<\/div>","protected":false},"excerpt":{"rendered":"<p>Hola, al&nbsp; igual que vos, yo tambi\u00e9n soy m\u00fasico. Toco el piano desde los 5 a\u00f1os de edad y me perfeccione en piano cl\u00e1sico, piano jazz, y luego TANGO. Recib\u00ed&hellip;<\/p>","protected":false},"author":1,"featured_media":0,"parent":0,"menu_order":0,"comment_status":"closed","ping_status":"closed","template":"","meta":{"_acf_changed":false,"footnotes":""},"class_list":["post-2921","page","type-page","status-publish","hentry"],"acf":[],"_links":{"self":[{"href":"https:\/\/backingtracksmusic.com\/pt\/wp-json\/wp\/v2\/pages\/2921","targetHints":{"allow":["GET"]}}],"collection":[{"href":"https:\/\/backingtracksmusic.com\/pt\/wp-json\/wp\/v2\/pages"}],"about":[{"href":"https:\/\/backingtracksmusic.com\/pt\/wp-json\/wp\/v2\/types\/page"}],"author":[{"embeddable":true,"href":"https:\/\/backingtracksmusic.com\/pt\/wp-json\/wp\/v2\/users\/1"}],"replies":[{"embeddable":true,"href":"https:\/\/backingtracksmusic.com\/pt\/wp-json\/wp\/v2\/comments?post=2921"}],"version-history":[{"count":13,"href":"https:\/\/backingtracksmusic.com\/pt\/wp-json\/wp\/v2\/pages\/2921\/revisions"}],"predecessor-version":[{"id":3518,"href":"https:\/\/backingtracksmusic.com\/pt\/wp-json\/wp\/v2\/pages\/2921\/revisions\/3518"}],"wp:attachment":[{"href":"https:\/\/backingtracksmusic.com\/pt\/wp-json\/wp\/v2\/media?parent=2921"}],"curies":[{"name":"wp","href":"https:\/\/api.w.org\/{rel}","templated":true}]}}