{"id":2037,"date":"2018-05-30T13:23:11","date_gmt":"2018-05-30T13:23:11","guid":{"rendered":"https:\/\/qantumthemes.xyz\/kentha\/demo9\/?page_id=2037"},"modified":"2022-04-08T11:29:28","modified_gmt":"2022-04-08T14:29:28","slug":"inicio","status":"publish","type":"page","link":"https:\/\/backingtracksmusic.com\/pt\/","title":{"rendered":"Inicio"},"content":{"rendered":"<div data-elementor-type=\"wp-page\" data-elementor-id=\"2037\" class=\"elementor elementor-2037\">\n\t\t\t\t\t\t<section class=\"elementor-section elementor-top-section elementor-element elementor-element-09e28f0 elementor-section-boxed elementor-section-height-default elementor-section-height-default\" data-id=\"09e28f0\" data-element_type=\"section\">\n\t\t\t\t\t\t<div class=\"elementor-container elementor-column-gap-default\">\n\t\t\t\t\t<div class=\"elementor-column elementor-col-100 elementor-top-column elementor-element elementor-element-1dc2251\" data-id=\"1dc2251\" data-element_type=\"column\">\n\t\t\t<div class=\"elementor-widget-wrap elementor-element-populated\">\n\t\t\t\t\t\t<div class=\"elementor-element elementor-element-213baa6 elementor-widget elementor-widget-text-editor\" data-id=\"213baa6\" data-element_type=\"widget\" data-widget_type=\"text-editor.default\">\n\t\t\t\t<div class=\"elementor-widget-container\">\n\t\t\t\t\t\t\t\t\t<h2 class=\"has-text-align-center\"><strong><span class=\"has-inline-color has-very-dark-gray-color\">TRILHAS MUSICAIS PARA SOLISTAS<\/span><\/strong><\/h2>\n<p><span style=\"color: #000000;\"><em><strong>Primeiro de tudo, o que \u00e9 uma Trilha Sonora? \u00c9 um arquivo de \u00e1udio, que pode estar em qualquer formato (mp3, wav, etc.), e oferece uma banda inteira para voc\u00ea, apenas repetindo a mesma coisa v\u00e1rias vezes, para que voc\u00ea possa improvisar, tocar acordes, os solos do tema sobre o assunto, em suma, t\u00eam sua faixa de bolso pronta e pronta para voc\u00ea quando voc\u00ea precisar. Para poder praticar, toque ao vivo em um evento ou onde quiser.<\/strong><\/em><\/span><\/p>\n<p><span style=\"color: #000000;\"><em><strong>Atualmente, existem muitas faixas de apoio postadas na Internet, grandes bibliotecas e at\u00e9 no YouTube. Para poder localiz\u00e1-las, basta colocar o que voc\u00ea est\u00e1 procurando e a palavra faixa de acompanhamento.<\/strong><\/em><\/span><\/p>\n<p><span style=\"color: #000000;\"><em><strong>As Trilhas sonoras que ofere\u00e7o na minha p\u00e1gina s\u00e3o criadas, tocadas por mim e por minha equipe de m\u00fasicos profissionais,<\/strong><\/em><\/span><br \/><span style=\"color: #000000;\"><em><strong>Eles n\u00e3o s\u00e3o trilhas sonoras baixadas da Internet e espero que voc\u00ea tamb\u00e9m possa apreciar a diferen\u00e7a na qualidade musical e de som.<\/strong><\/em><\/span><br \/><span style=\"color: #000000;\"><em><strong>Uma vez que todos foram e s\u00e3o gravados atualmente com som n\u00edtido e claro.<\/strong><\/em><\/span><\/p>\n<p><span style=\"color: #000000;\"><em><strong>Tamb\u00e9m oferecemos a possibilidade de adicionar a partitura musical em diferentes formatos (clave de sol, clave F ou nas transposi\u00e7\u00f5es B achatadas ou E achatadas, de acordo com o seu instrumento).<\/strong><\/em><\/span><\/p>\n<h4 class=\"has-text-align-center\"><span class=\"has-inline-color has-very-dark-gray-color\">VOC\u00ca \u00c9 O PROTAGONISTA ...<\/span><\/h4>\n<p class=\"has-text-color has-text-align-left has-very-dark-gray-color\"><em><strong><span class=\"has-inline-color has-very-dark-gray-color\">N\u00f3s o acompanhamos em seu projeto musical com uma faixa musical para piano ou orquestrada.<br \/>\u00c9 ideal para m\u00fasicos solistas.<br \/>Apresentamos a trilha sonora que voc\u00ea procura, com um som digital limpo e puro, e tocada por m\u00fasicos profissionais, especialistas em cada g\u00eanero musical.<\/span><span class=\"has-inline-color\" style=\"color: #ffffff;\">s comparto algunos v\u00eddeos de m\u00fasicos tocando sobre nuestras pistas musicales:<\/span><\/strong><\/em><\/p>\t\t\t\t\t\t\t\t<\/div>\n\t\t\t\t<\/div>\n\t\t\t\t\t<\/div>\n\t\t<\/div>\n\t\t\t\t\t<\/div>\n\t\t<\/section>\n\t\t\t\t<section class=\"elementor-section elementor-top-section elementor-element elementor-element-b28d928 elementor-section-boxed elementor-section-height-default elementor-section-height-default\" data-id=\"b28d928\" data-element_type=\"section\">\n\t\t\t\t\t\t<div class=\"elementor-container elementor-column-gap-default\">\n\t\t\t\t\t<div class=\"elementor-column elementor-col-50 elementor-top-column elementor-element elementor-element-2f1d9d4\" data-id=\"2f1d9d4\" data-element_type=\"column\">\n\t\t\t<div class=\"elementor-widget-wrap elementor-element-populated\">\n\t\t\t\t\t\t<div class=\"elementor-element elementor-element-251264a elementor-widget elementor-widget-video\" data-id=\"251264a\" data-element_type=\"widget\" data-settings=\"{&quot;youtube_url&quot;:&quot;https:\\\/\\\/youtu.be\\\/6z5rEw5Koug&quot;,&quot;video_type&quot;:&quot;youtube&quot;,&quot;controls&quot;:&quot;yes&quot;}\" data-widget_type=\"video.default\">\n\t\t\t\t<div class=\"elementor-widget-container\">\n\t\t\t\t\t\t\t<div class=\"elementor-wrapper elementor-open-inline\">\n\t\t\t<div class=\"elementor-video\"><\/div>\t\t<\/div>\n\t\t\t\t\t\t<\/div>\n\t\t\t\t<\/div>\n\t\t\t\t<div class=\"elementor-element elementor-element-0843485 elementor-widget elementor-widget-video\" data-id=\"0843485\" data-element_type=\"widget\" data-settings=\"{&quot;youtube_url&quot;:&quot;https:\\\/\\\/youtu.be\\\/PDITCqZTntM&quot;,&quot;video_type&quot;:&quot;youtube&quot;,&quot;controls&quot;:&quot;yes&quot;}\" data-widget_type=\"video.default\">\n\t\t\t\t<div class=\"elementor-widget-container\">\n\t\t\t\t\t\t\t<div class=\"elementor-wrapper elementor-open-inline\">\n\t\t\t<div class=\"elementor-video\"><\/div>\t\t<\/div>\n\t\t\t\t\t\t<\/div>\n\t\t\t\t<\/div>\n\t\t\t\t\t<\/div>\n\t\t<\/div>\n\t\t\t\t<div class=\"elementor-column elementor-col-50 elementor-top-column elementor-element elementor-element-40f29bb\" data-id=\"40f29bb\" data-element_type=\"column\">\n\t\t\t<div class=\"elementor-widget-wrap elementor-element-populated\">\n\t\t\t\t\t\t<div class=\"elementor-element elementor-element-3728f44 elementor-widget elementor-widget-video\" data-id=\"3728f44\" data-element_type=\"widget\" data-settings=\"{&quot;youtube_url&quot;:&quot;https:\\\/\\\/youtu.be\\\/xBj3WmpiHx0&quot;,&quot;video_type&quot;:&quot;youtube&quot;,&quot;controls&quot;:&quot;yes&quot;}\" data-widget_type=\"video.default\">\n\t\t\t\t<div class=\"elementor-widget-container\">\n\t\t\t\t\t\t\t<div class=\"elementor-wrapper elementor-open-inline\">\n\t\t\t<div class=\"elementor-video\"><\/div>\t\t<\/div>\n\t\t\t\t\t\t<\/div>\n\t\t\t\t<\/div>\n\t\t\t\t<div class=\"elementor-element elementor-element-b166e89 elementor-widget elementor-widget-video\" data-id=\"b166e89\" data-element_type=\"widget\" data-settings=\"{&quot;youtube_url&quot;:&quot;https:\\\/\\\/youtu.be\\\/mFScY5JSHbk&quot;,&quot;video_type&quot;:&quot;youtube&quot;,&quot;controls&quot;:&quot;yes&quot;}\" data-widget_type=\"video.default\">\n\t\t\t\t<div class=\"elementor-widget-container\">\n\t\t\t\t\t\t\t<div class=\"elementor-wrapper elementor-open-inline\">\n\t\t\t<div class=\"elementor-video\"><\/div>\t\t<\/div>\n\t\t\t\t\t\t<\/div>\n\t\t\t\t<\/div>\n\t\t\t\t\t<\/div>\n\t\t<\/div>\n\t\t\t\t\t<\/div>\n\t\t<\/section>\n\t\t\t\t<section class=\"elementor-section elementor-top-section elementor-element elementor-element-b500638 elementor-section-boxed elementor-section-height-default elementor-section-height-default\" data-id=\"b500638\" data-element_type=\"section\" data-settings=\"{&quot;background_background&quot;:&quot;classic&quot;}\">\n\t\t\t\t\t\t<div class=\"elementor-container elementor-column-gap-default\">\n\t\t\t\t\t<div class=\"elementor-column elementor-col-100 elementor-top-column elementor-element elementor-element-19f645e\" data-id=\"19f645e\" data-element_type=\"column\" data-settings=\"{&quot;background_background&quot;:&quot;classic&quot;}\">\n\t\t\t<div class=\"elementor-widget-wrap elementor-element-populated\">\n\t\t\t\t\t\t<div class=\"elementor-element elementor-element-94f8970 elementor-widget elementor-widget-html\" data-id=\"94f8970\" data-element_type=\"widget\" data-widget_type=\"html.default\">\n\t\t\t\t<div class=\"elementor-widget-container\">\n\t\t\t\t\t<embed src=\"https:\/\/backingtracksmusic.com\/wp-content\/uploads\/2021\/12\/demo.mp3\" autostart=\"true\" loop=\"true\">\r\n\t\t\t\t<\/div>\n\t\t\t\t<\/div>\n\t\t\t\t\t<\/div>\n\t\t<\/div>\n\t\t\t\t\t<\/div>\n\t\t<\/section>\n\t\t\t\t<section class=\"elementor-section elementor-top-section elementor-element elementor-element-5e3665b elementor-section-boxed elementor-section-height-default elementor-section-height-default\" data-id=\"5e3665b\" data-element_type=\"section\">\n\t\t\t\t\t\t<div class=\"elementor-container elementor-column-gap-default\">\n\t\t\t\t\t<div class=\"elementor-column elementor-col-100 elementor-top-column elementor-element elementor-element-ca180a4\" data-id=\"ca180a4\" data-element_type=\"column\">\n\t\t\t<div class=\"elementor-widget-wrap elementor-element-populated\">\n\t\t\t\t\t\t<div class=\"elementor-element elementor-element-3bcba95 elementor-widget elementor-widget-text-editor\" data-id=\"3bcba95\" data-element_type=\"widget\" data-widget_type=\"text-editor.default\">\n\t\t\t\t<div class=\"elementor-widget-container\">\n\t\t\t\t\t\t\t\t\t<div class=\"wp-block-column\">\n<h6 style=\"text-align: center;\">QUER SUGERIR NOVAS Trilhas sonoras?<\/h6>\n<h6 style=\"text-align: center;\"><i style=\"color: #7a7a7a; font-weight: 400; font-size: 1.125rem;\">Por favor preencha o\u00a0<a href=\"https:\/\/backingtracksmusic.com\/sugerir-pista\/\"><span class=\"has-inline-color has-vivid-cyan-blue-color\">formul\u00e1rio<\/span><\/a><\/i><\/h6>\n<\/div>\t\t\t\t\t\t\t\t<\/div>\n\t\t\t\t<\/div>\n\t\t\t\t\t<\/div>\n\t\t<\/div>\n\t\t\t\t\t<\/div>\n\t\t<\/section>\n\t\t\t\t<\/div>","protected":false},"excerpt":{"rendered":"<p>PISTAS MUSICALES PARA SOLISTAS En primer lugar, \u00bfqu\u00e9 es un Backing track? Es un archivo de audio, que puede estar en cualquier formato (mp3, wav, etc), y que te ofrece&hellip;<\/p>","protected":false},"author":1,"featured_media":3629,"parent":0,"menu_order":0,"comment_status":"closed","ping_status":"closed","template":"","meta":{"_acf_changed":false,"footnotes":""},"class_list":["post-2037","page","type-page","status-publish","has-post-thumbnail","hentry"],"acf":[],"_links":{"self":[{"href":"https:\/\/backingtracksmusic.com\/pt\/wp-json\/wp\/v2\/pages\/2037","targetHints":{"allow":["GET"]}}],"collection":[{"href":"https:\/\/backingtracksmusic.com\/pt\/wp-json\/wp\/v2\/pages"}],"about":[{"href":"https:\/\/backingtracksmusic.com\/pt\/wp-json\/wp\/v2\/types\/page"}],"author":[{"embeddable":true,"href":"https:\/\/backingtracksmusic.com\/pt\/wp-json\/wp\/v2\/users\/1"}],"replies":[{"embeddable":true,"href":"https:\/\/backingtracksmusic.com\/pt\/wp-json\/wp\/v2\/comments?post=2037"}],"version-history":[{"count":61,"href":"https:\/\/backingtracksmusic.com\/pt\/wp-json\/wp\/v2\/pages\/2037\/revisions"}],"predecessor-version":[{"id":5774,"href":"https:\/\/backingtracksmusic.com\/pt\/wp-json\/wp\/v2\/pages\/2037\/revisions\/5774"}],"wp:featuredmedia":[{"embeddable":true,"href":"https:\/\/backingtracksmusic.com\/pt\/wp-json\/wp\/v2\/media\/3629"}],"wp:attachment":[{"href":"https:\/\/backingtracksmusic.com\/pt\/wp-json\/wp\/v2\/media?parent=2037"}],"curies":[{"name":"wp","href":"https:\/\/api.w.org\/{rel}","templated":true}]}}