{"id":5894,"date":"2025-04-19T09:47:18","date_gmt":"2025-04-19T12:47:18","guid":{"rendered":"https:\/\/backingtracksmusic.com\/?post_type=product&#038;p=5894"},"modified":"2025-04-19T09:48:47","modified_gmt":"2025-04-19T12:48:47","slug":"etude-op-10-no-3-tristesse","status":"publish","type":"product","link":"https:\/\/backingtracksmusic.com\/es\/producto\/etude-op-10-no-3-tristesse\/","title":{"rendered":"Etude Op. 10 No. 3 (Tristesse)"},"content":{"rendered":"<h3>Informaci\u00f3n:<\/h3>\n<p>Etude Op. 10 No. 3 (Tristesse) by Fr\u00e9d\u00e9ric Chopin<br \/>\nHa sido clasificado como poema sinf\u00f3nico para piano por algunos cr\u00edticos y est\u00e1 considerado como una muestra de calidad del amor de Chopin hacia la \u00f3pera rom\u00e1ntica y hacia Polonia, su pa\u00eds natal<\/p>\n","protected":false},"excerpt":{"rendered":"<h3>Demo:<\/h3>\n<div class=\"wp-playlist wp-audio-playlist wp-playlist-light\">\n<div class=\"wp-playlist-current-item\"><\/div>\n<p>\t\t<audio controls=\"controls\" preload=\"none\" width=\"1378\"\n\t\t\t><\/audio><\/p>\n<div class=\"wp-playlist-next\"><\/div>\n<div class=\"wp-playlist-prev\"><\/div>\n<p>\t<noscript><\/p>\n<ol>\n<li><a href='https:\/\/backingtracksmusic.com\/wp-content\/uploads\/2025\/04\/Tristesse-Em-play-refe-DEMO.mp3'>Tristesse Em play + refe DEMO<\/a><\/li>\n<li><a href='https:\/\/backingtracksmusic.com\/wp-content\/uploads\/2025\/04\/Tristesse-Em-play-DEMO.mp3'>Tristesse Em play DEMO<\/a><\/li>\n<\/ol>\n<p>\t<\/noscript><br \/>\n\t<script type=\"application\/json\" class=\"wp-playlist-script\">{\"type\":\"audio\",\"tracklist\":true,\"tracknumbers\":true,\"images\":false,\"artists\":false,\"tracks\":[{\"src\":\"https:\/\/backingtracksmusic.com\/wp-content\/uploads\/2025\/04\/Tristesse-Em-play-refe-DEMO.mp3\",\"type\":\"audio\/mpeg\",\"title\":\"Tristesse Em play + refe DEMO\",\"caption\":\"\",\"description\":\"\\\"Tristesse Em play + refe DEMO\\\". G\\u00e9nero: Otro.\",\"meta\":{\"genre\":\"Otro\",\"length_formatted\":\"1:43\"},\"image\":{\"src\":\"https:\/\/backingtracksmusic.com\/wp-includes\/images\/media\/audio.svg\",\"width\":48,\"height\":64},\"thumb\":{\"src\":\"https:\/\/backingtracksmusic.com\/wp-includes\/images\/media\/audio.svg\",\"width\":48,\"height\":64}},{\"src\":\"https:\/\/backingtracksmusic.com\/wp-content\/uploads\/2025\/04\/Tristesse-Em-play-DEMO.mp3\",\"type\":\"audio\/mpeg\",\"title\":\"Tristesse Em play DEMO\",\"caption\":\"\",\"description\":\"\\\"Tristesse Em play DEMO\\\". G\\u00e9nero: Otro.\",\"meta\":{\"genre\":\"Otro\",\"length_formatted\":\"1:35\"},\"image\":{\"src\":\"https:\/\/backingtracksmusic.com\/wp-includes\/images\/media\/audio.svg\",\"width\":48,\"height\":64},\"thumb\":{\"src\":\"https:\/\/backingtracksmusic.com\/wp-includes\/images\/media\/audio.svg\",\"width\":48,\"height\":64}}]}<\/script>\n<\/div>\n","protected":false},"featured_media":5895,"template":"","meta":{"_acf_changed":false},"product_brand":[],"product_cat":[89],"product_tag":[417],"class_list":{"0":"post-5894","1":"product","2":"type-product","3":"status-publish","4":"has-post-thumbnail","6":"product_cat-04-clasica","7":"product_tag-frederic-chopin","9":"first","10":"instock","11":"virtual","12":"purchasable","13":"product-type-simple"},"acf":[],"_links":{"self":[{"href":"https:\/\/backingtracksmusic.com\/es\/wp-json\/wp\/v2\/product\/5894","targetHints":{"allow":["GET"]}}],"collection":[{"href":"https:\/\/backingtracksmusic.com\/es\/wp-json\/wp\/v2\/product"}],"about":[{"href":"https:\/\/backingtracksmusic.com\/es\/wp-json\/wp\/v2\/types\/product"}],"wp:featuredmedia":[{"embeddable":true,"href":"https:\/\/backingtracksmusic.com\/es\/wp-json\/wp\/v2\/media\/5895"}],"wp:attachment":[{"href":"https:\/\/backingtracksmusic.com\/es\/wp-json\/wp\/v2\/media?parent=5894"}],"wp:term":[{"taxonomy":"product_brand","embeddable":true,"href":"https:\/\/backingtracksmusic.com\/es\/wp-json\/wp\/v2\/product_brand?post=5894"},{"taxonomy":"product_cat","embeddable":true,"href":"https:\/\/backingtracksmusic.com\/es\/wp-json\/wp\/v2\/product_cat?post=5894"},{"taxonomy":"product_tag","embeddable":true,"href":"https:\/\/backingtracksmusic.com\/es\/wp-json\/wp\/v2\/product_tag?post=5894"}],"curies":[{"name":"wp","href":"https:\/\/api.w.org\/{rel}","templated":true}]}}