{"id":5858,"date":"2025-03-11T20:14:23","date_gmt":"2025-03-11T23:14:23","guid":{"rendered":"https:\/\/backingtracksmusic.com\/?post_type=product&#038;p=5858"},"modified":"2025-03-11T20:18:20","modified_gmt":"2025-03-11T23:18:20","slug":"make-you-feel-my-love","status":"publish","type":"product","link":"https:\/\/backingtracksmusic.com\/es\/producto\/make-you-feel-my-love\/","title":{"rendered":"Make you feel my love"},"content":{"rendered":"<h3>Informaci\u00f3n:<\/h3>\n<p>\u00abMake You Feel My Love\u00bb (traducido al espa\u00f1ol Te hace sentir mi amor) es una canci\u00f3n compuesta por el cantante estadounidense Bob Dylan. Fue incluida en su trig\u00e9simo \u00e1lbum de estudio, Time Out of Mind, editado el 30 de septiembre de 1997.<\/p>\n<p>&nbsp;<\/p>\n<p>&nbsp;<\/p>\n","protected":false},"excerpt":{"rendered":"<h3>Demo:<\/h3>\n<div class=\"wp-playlist wp-audio-playlist wp-playlist-light\">\n<div class=\"wp-playlist-current-item\"><\/div>\n<p>\t\t<audio controls=\"controls\" preload=\"none\" width=\"1378\"\n\t\t\t><\/audio><\/p>\n<div class=\"wp-playlist-next\"><\/div>\n<div class=\"wp-playlist-prev\"><\/div>\n<p>\t<noscript><\/p>\n<ol>\n<li><a href='https:\/\/backingtracksmusic.com\/wp-content\/uploads\/2025\/03\/Make-you-fell-my-love-violin-reference-DEMO.mp3'>Make you fell my love + violin reference DEMO<\/a><\/li>\n<li><a href='https:\/\/backingtracksmusic.com\/wp-content\/uploads\/2025\/03\/Make-you-fell-my-love-cover-DEMO.mp3'>Make you fell my love cover DEMO<\/a><\/li>\n<\/ol>\n<p>\t<\/noscript><br \/>\n\t<script type=\"application\/json\" class=\"wp-playlist-script\">{\"type\":\"audio\",\"tracklist\":true,\"tracknumbers\":true,\"images\":false,\"artists\":false,\"tracks\":[{\"src\":\"https:\/\/backingtracksmusic.com\/wp-content\/uploads\/2025\/03\/Make-you-fell-my-love-violin-reference-DEMO.mp3\",\"type\":\"audio\/mpeg\",\"title\":\"Make you fell my love + violin reference DEMO\",\"caption\":\"\",\"description\":\"\\\"Make you fell my love + violin reference DEMO\\\". G\\u00e9nero: Otro.\",\"meta\":{\"genre\":\"Otro\",\"length_formatted\":\"1:21\"},\"image\":{\"src\":\"https:\/\/backingtracksmusic.com\/wp-includes\/images\/media\/audio.svg\",\"width\":48,\"height\":64},\"thumb\":{\"src\":\"https:\/\/backingtracksmusic.com\/wp-includes\/images\/media\/audio.svg\",\"width\":48,\"height\":64}},{\"src\":\"https:\/\/backingtracksmusic.com\/wp-content\/uploads\/2025\/03\/Make-you-fell-my-love-cover-DEMO.mp3\",\"type\":\"audio\/mpeg\",\"title\":\"Make you fell my love cover DEMO\",\"caption\":\"\",\"description\":\"\\\"Make you fell my love cover DEMO\\\". G\\u00e9nero: Otro.\",\"meta\":{\"genre\":\"Otro\",\"length_formatted\":\"0:49\"},\"image\":{\"src\":\"https:\/\/backingtracksmusic.com\/wp-includes\/images\/media\/audio.svg\",\"width\":48,\"height\":64},\"thumb\":{\"src\":\"https:\/\/backingtracksmusic.com\/wp-includes\/images\/media\/audio.svg\",\"width\":48,\"height\":64}}]}<\/script>\n<\/div>\n","protected":false},"featured_media":5859,"template":"","meta":{"_acf_changed":false},"product_brand":[],"product_cat":[97,100],"product_tag":[412],"class_list":{"0":"post-5858","1":"product","2":"type-product","3":"status-publish","4":"has-post-thumbnail","6":"product_cat-13-love-songs","7":"product_cat-16-mix","8":"product_tag-bob-dylan","10":"first","11":"instock","12":"virtual","13":"purchasable","14":"product-type-simple"},"acf":[],"_links":{"self":[{"href":"https:\/\/backingtracksmusic.com\/es\/wp-json\/wp\/v2\/product\/5858","targetHints":{"allow":["GET"]}}],"collection":[{"href":"https:\/\/backingtracksmusic.com\/es\/wp-json\/wp\/v2\/product"}],"about":[{"href":"https:\/\/backingtracksmusic.com\/es\/wp-json\/wp\/v2\/types\/product"}],"wp:featuredmedia":[{"embeddable":true,"href":"https:\/\/backingtracksmusic.com\/es\/wp-json\/wp\/v2\/media\/5859"}],"wp:attachment":[{"href":"https:\/\/backingtracksmusic.com\/es\/wp-json\/wp\/v2\/media?parent=5858"}],"wp:term":[{"taxonomy":"product_brand","embeddable":true,"href":"https:\/\/backingtracksmusic.com\/es\/wp-json\/wp\/v2\/product_brand?post=5858"},{"taxonomy":"product_cat","embeddable":true,"href":"https:\/\/backingtracksmusic.com\/es\/wp-json\/wp\/v2\/product_cat?post=5858"},{"taxonomy":"product_tag","embeddable":true,"href":"https:\/\/backingtracksmusic.com\/es\/wp-json\/wp\/v2\/product_tag?post=5858"}],"curies":[{"name":"wp","href":"https:\/\/api.w.org\/{rel}","templated":true}]}}