{"id":5844,"date":"2025-03-04T14:16:43","date_gmt":"2025-03-04T17:16:43","guid":{"rendered":"https:\/\/backingtracksmusic.com\/?post_type=product&#038;p=5844"},"modified":"2025-03-04T14:18:30","modified_gmt":"2025-03-04T17:18:30","slug":"you-raise-me-up-v3","status":"publish","type":"product","link":"https:\/\/backingtracksmusic.com\/es\/producto\/you-raise-me-up-v3\/","title":{"rendered":"You raise me up v3"},"content":{"rendered":"<h3>Informaci\u00f3n:<\/h3>\n<p>\u00abYou Raise Me Up\u00bb es una canci\u00f3n compuesta por Secret Garden, con letra de Brendan Graham, interpretada por el d\u00fao Secret Garden con m\u00e1s de un centenar de versiones.<br \/>\nes interpretada como himno contempor\u00e1neo en servicios religiosos<\/p>\n<p>&nbsp;<\/p>\n<p>&nbsp;<\/p>\n","protected":false},"excerpt":{"rendered":"<h3>Demo:<\/h3>\n<div class=\"wp-playlist wp-audio-playlist wp-playlist-light\">\n<div class=\"wp-playlist-current-item\"><\/div>\n<p>\t\t<audio controls=\"controls\" preload=\"none\" width=\"1378\"\n\t\t\t><\/audio><\/p>\n<div class=\"wp-playlist-next\"><\/div>\n<div class=\"wp-playlist-prev\"><\/div>\n<p>\t<noscript><\/p>\n<ol>\n<li><a href='https:\/\/backingtracksmusic.com\/wp-content\/uploads\/2025\/03\/you-raise-me-up-v3.-piano-cover-DEMO.mp3'>you raise me up v3. piano cover DEMO<\/a><\/li>\n<li><a href='https:\/\/backingtracksmusic.com\/wp-content\/uploads\/2025\/03\/you-raise-me-up-v3.-piano-cover-Horn-reference-DEMO.mp3'>you raise me up v3. piano cover + Horn reference DEMO<\/a><\/li>\n<\/ol>\n<p>\t<\/noscript><br \/>\n\t<script type=\"application\/json\" class=\"wp-playlist-script\">{\"type\":\"audio\",\"tracklist\":true,\"tracknumbers\":true,\"images\":false,\"artists\":false,\"tracks\":[{\"src\":\"https:\/\/backingtracksmusic.com\/wp-content\/uploads\/2025\/03\/you-raise-me-up-v3.-piano-cover-DEMO.mp3\",\"type\":\"audio\/mpeg\",\"title\":\"you raise me up v3. piano cover DEMO\",\"caption\":\"\",\"description\":\"\\\"you raise me up v3. piano cover DEMO\\\". G\\u00e9nero: Otro.\",\"meta\":{\"genre\":\"Otro\",\"length_formatted\":\"0:50\"},\"image\":{\"src\":\"https:\/\/backingtracksmusic.com\/wp-includes\/images\/media\/audio.svg\",\"width\":48,\"height\":64},\"thumb\":{\"src\":\"https:\/\/backingtracksmusic.com\/wp-includes\/images\/media\/audio.svg\",\"width\":48,\"height\":64}},{\"src\":\"https:\/\/backingtracksmusic.com\/wp-content\/uploads\/2025\/03\/you-raise-me-up-v3.-piano-cover-Horn-reference-DEMO.mp3\",\"type\":\"audio\/mpeg\",\"title\":\"you raise me up v3. piano cover + Horn reference DEMO\",\"caption\":\"\",\"description\":\"\\\"you raise me up v3. piano cover + Horn reference DEMO\\\". G\\u00e9nero: Otro.\",\"meta\":{\"genre\":\"Otro\",\"length_formatted\":\"1:19\"},\"image\":{\"src\":\"https:\/\/backingtracksmusic.com\/wp-includes\/images\/media\/audio.svg\",\"width\":48,\"height\":64},\"thumb\":{\"src\":\"https:\/\/backingtracksmusic.com\/wp-includes\/images\/media\/audio.svg\",\"width\":48,\"height\":64}}]}<\/script>\n<\/div>\n","protected":false},"featured_media":5845,"template":"","meta":{"_acf_changed":false},"product_brand":[],"product_cat":[101],"product_tag":[166,167],"class_list":{"0":"post-5844","1":"product","2":"type-product","3":"status-publish","4":"has-post-thumbnail","6":"product_cat-18-worship-songs","7":"product_tag-brenda-graham","8":"product_tag-rolf-lovland","10":"first","11":"instock","12":"virtual","13":"purchasable","14":"product-type-simple"},"acf":[],"_links":{"self":[{"href":"https:\/\/backingtracksmusic.com\/es\/wp-json\/wp\/v2\/product\/5844","targetHints":{"allow":["GET"]}}],"collection":[{"href":"https:\/\/backingtracksmusic.com\/es\/wp-json\/wp\/v2\/product"}],"about":[{"href":"https:\/\/backingtracksmusic.com\/es\/wp-json\/wp\/v2\/types\/product"}],"wp:featuredmedia":[{"embeddable":true,"href":"https:\/\/backingtracksmusic.com\/es\/wp-json\/wp\/v2\/media\/5845"}],"wp:attachment":[{"href":"https:\/\/backingtracksmusic.com\/es\/wp-json\/wp\/v2\/media?parent=5844"}],"wp:term":[{"taxonomy":"product_brand","embeddable":true,"href":"https:\/\/backingtracksmusic.com\/es\/wp-json\/wp\/v2\/product_brand?post=5844"},{"taxonomy":"product_cat","embeddable":true,"href":"https:\/\/backingtracksmusic.com\/es\/wp-json\/wp\/v2\/product_cat?post=5844"},{"taxonomy":"product_tag","embeddable":true,"href":"https:\/\/backingtracksmusic.com\/es\/wp-json\/wp\/v2\/product_tag?post=5844"}],"curies":[{"name":"wp","href":"https:\/\/api.w.org\/{rel}","templated":true}]}}