{"id":5616,"date":"2024-09-21T14:35:36","date_gmt":"2024-09-21T17:35:36","guid":{"rendered":"https:\/\/backingtracksmusic.com\/?post_type=product&#038;p=5616"},"modified":"2024-09-21T14:37:47","modified_gmt":"2024-09-21T17:37:47","slug":"torna-a-surriento","status":"publish","type":"product","link":"https:\/\/backingtracksmusic.com\/es\/producto\/torna-a-surriento\/","title":{"rendered":"Torna a Surriento"},"content":{"rendered":"<h3>Informaci\u00f3n:<\/h3>\n<p>\u00abTorna a Surriento\u00bb (\u00abVuelve a Sorrento\u00bb) es una de las canciones napolitanas m\u00e1s conocidas<br \/>\nLa m\u00fasica fue compuesta en 1902 por Ernesto de Curtis y la letra en napolitano por su hermano Giambattista, en honor del pol\u00edtico Giuseppe Zanardelli, con la finalidad de que volviera a Sorrento, para que contribuyera a la reconstrucci\u00f3n de la ciudad que, en aquella \u00e9poca, se encontraba en un estado deplorable<\/p>\n<p>&nbsp;<\/p>\n<p>&nbsp;<\/p>\n","protected":false},"excerpt":{"rendered":"<h3>Demo:<\/h3>\n<div class=\"wp-playlist wp-audio-playlist wp-playlist-light\">\n<div class=\"wp-playlist-current-item\"><\/div>\n<p>\t\t<audio controls=\"controls\" preload=\"none\" width=\"1378\"\n\t\t\t><\/audio><\/p>\n<div class=\"wp-playlist-next\"><\/div>\n<div class=\"wp-playlist-prev\"><\/div>\n<p>\t<noscript><\/p>\n<ol>\n<li><a href='https:\/\/backingtracksmusic.com\/wp-content\/uploads\/2024\/09\/Torna-a-Surriento-Em-play-violin-reference-DEMO.mp3'>Torna a Surriento Em play + violin reference DEMO<\/a><\/li>\n<li><a href='https:\/\/backingtracksmusic.com\/wp-content\/uploads\/2024\/09\/Torna-a-Surriento-Em-play-DEMO.mp3'>Torna a Surriento Em play DEMO<\/a><\/li>\n<\/ol>\n<p>\t<\/noscript><br \/>\n\t<script type=\"application\/json\" class=\"wp-playlist-script\">{\"type\":\"audio\",\"tracklist\":true,\"tracknumbers\":true,\"images\":false,\"artists\":false,\"tracks\":[{\"src\":\"https:\/\/backingtracksmusic.com\/wp-content\/uploads\/2024\/09\/Torna-a-Surriento-Em-play-violin-reference-DEMO.mp3\",\"type\":\"audio\/mpeg\",\"title\":\"Torna a Surriento Em play + violin reference DEMO\",\"caption\":\"\",\"description\":\"\\\"Torna a Surriento Em play + violin reference DEMO\\\". G\\u00e9nero: Otro.\",\"meta\":{\"genre\":\"Otro\",\"length_formatted\":\"1:32\"},\"image\":{\"src\":\"https:\/\/backingtracksmusic.com\/wp-includes\/images\/media\/audio.svg\",\"width\":48,\"height\":64},\"thumb\":{\"src\":\"https:\/\/backingtracksmusic.com\/wp-includes\/images\/media\/audio.svg\",\"width\":48,\"height\":64}},{\"src\":\"https:\/\/backingtracksmusic.com\/wp-content\/uploads\/2024\/09\/Torna-a-Surriento-Em-play-DEMO.mp3\",\"type\":\"audio\/mpeg\",\"title\":\"Torna a Surriento Em play DEMO\",\"caption\":\"\",\"description\":\"\\\"Torna a Surriento Em play DEMO\\\". G\\u00e9nero: Otro.\",\"meta\":{\"genre\":\"Otro\",\"length_formatted\":\"1:15\"},\"image\":{\"src\":\"https:\/\/backingtracksmusic.com\/wp-includes\/images\/media\/audio.svg\",\"width\":48,\"height\":64},\"thumb\":{\"src\":\"https:\/\/backingtracksmusic.com\/wp-includes\/images\/media\/audio.svg\",\"width\":48,\"height\":64}}]}<\/script>\n<\/div>\n","protected":false},"featured_media":5617,"template":"","meta":{"_acf_changed":false},"product_brand":[],"product_cat":[89],"product_tag":[393],"class_list":{"0":"post-5616","1":"product","2":"type-product","3":"status-publish","4":"has-post-thumbnail","6":"product_cat-04-clasica","7":"product_tag-e-de-curtis","9":"first","10":"instock","11":"virtual","12":"purchasable","13":"product-type-simple"},"acf":[],"_links":{"self":[{"href":"https:\/\/backingtracksmusic.com\/es\/wp-json\/wp\/v2\/product\/5616","targetHints":{"allow":["GET"]}}],"collection":[{"href":"https:\/\/backingtracksmusic.com\/es\/wp-json\/wp\/v2\/product"}],"about":[{"href":"https:\/\/backingtracksmusic.com\/es\/wp-json\/wp\/v2\/types\/product"}],"wp:featuredmedia":[{"embeddable":true,"href":"https:\/\/backingtracksmusic.com\/es\/wp-json\/wp\/v2\/media\/5617"}],"wp:attachment":[{"href":"https:\/\/backingtracksmusic.com\/es\/wp-json\/wp\/v2\/media?parent=5616"}],"wp:term":[{"taxonomy":"product_brand","embeddable":true,"href":"https:\/\/backingtracksmusic.com\/es\/wp-json\/wp\/v2\/product_brand?post=5616"},{"taxonomy":"product_cat","embeddable":true,"href":"https:\/\/backingtracksmusic.com\/es\/wp-json\/wp\/v2\/product_cat?post=5616"},{"taxonomy":"product_tag","embeddable":true,"href":"https:\/\/backingtracksmusic.com\/es\/wp-json\/wp\/v2\/product_tag?post=5616"}],"curies":[{"name":"wp","href":"https:\/\/api.w.org\/{rel}","templated":true}]}}