{"id":5386,"date":"2023-08-18T10:07:34","date_gmt":"2023-08-18T13:07:34","guid":{"rendered":"https:\/\/backingtracksmusic.com\/?post_type=product&#038;p=5386"},"modified":"2023-08-18T10:11:34","modified_gmt":"2023-08-18T13:11:34","slug":"ne-me-quitte-pas","status":"publish","type":"product","link":"https:\/\/backingtracksmusic.com\/es\/producto\/ne-me-quitte-pas\/","title":{"rendered":"Ne me quitte pas"},"content":{"rendered":"<h3>Informaci\u00f3n:<\/h3>\n<p><a title=\"Per\u00fa\" href=\"https:\/\/es.wikipedia.org\/wiki\/Per%C3%BA\">\u00abNe me quitte pas\u00bb es una canci\u00f3n compuesta, escrita e interpretada por el cantautor belga Jacques Brel junto al pianista G\u00e9rard Jouannest. La canci\u00f3n fue publicada en 1959 por Warner-Chappell y fue escrita tras la separaci\u00f3n de Brel y Suzanne Gabriello, aunque fue \u00e9l quien la dej\u00f3.<\/a><\/p>\n","protected":false},"excerpt":{"rendered":"<h3>Demo:<\/h3>\n<div class=\"wp-playlist wp-audio-playlist wp-playlist-light\">\n<div class=\"wp-playlist-current-item\"><\/div>\n<p>\t\t<audio controls=\"controls\" preload=\"none\" width=\"1378\"\n\t\t\t><\/audio><\/p>\n<div class=\"wp-playlist-next\"><\/div>\n<div class=\"wp-playlist-prev\"><\/div>\n<p>\t<noscript><\/p>\n<ol>\n<li><a href='https:\/\/backingtracksmusic.com\/wp-content\/uploads\/2023\/08\/Ne-me-quitte-pas-piano-play-flute-ref-DEMO.mp3'>Ne me quitte pas piano play + flute ref DEMO<\/a><\/li>\n<li><a href='https:\/\/backingtracksmusic.com\/wp-content\/uploads\/2023\/08\/Ne-me-quitte-pas-piano-play-DEMO.mp3'>Ne me quitte pas piano play DEMO<\/a><\/li>\n<\/ol>\n<p>\t<\/noscript><br \/>\n\t<script type=\"application\/json\" class=\"wp-playlist-script\">{\"type\":\"audio\",\"tracklist\":true,\"tracknumbers\":true,\"images\":false,\"artists\":false,\"tracks\":[{\"src\":\"https:\/\/backingtracksmusic.com\/wp-content\/uploads\/2023\/08\/Ne-me-quitte-pas-piano-play-flute-ref-DEMO.mp3\",\"type\":\"audio\/mpeg\",\"title\":\"Ne me quitte pas piano play + flute ref DEMO\",\"caption\":\"\",\"description\":\"\\\"Ne me quitte pas piano play + flute ref DEMO\\\". G\\u00e9nero: Otro.\",\"meta\":{\"genre\":\"Otro\",\"length_formatted\":\"1:12\"},\"image\":{\"src\":\"https:\/\/backingtracksmusic.com\/wp-includes\/images\/media\/audio.svg\",\"width\":48,\"height\":64},\"thumb\":{\"src\":\"https:\/\/backingtracksmusic.com\/wp-includes\/images\/media\/audio.svg\",\"width\":48,\"height\":64}},{\"src\":\"https:\/\/backingtracksmusic.com\/wp-content\/uploads\/2023\/08\/Ne-me-quitte-pas-piano-play-DEMO.mp3\",\"type\":\"audio\/mpeg\",\"title\":\"Ne me quitte pas piano play DEMO\",\"caption\":\"\",\"description\":\"\\\"Ne me quitte pas piano play DEMO\\\". G\\u00e9nero: Otro.\",\"meta\":{\"genre\":\"Otro\",\"length_formatted\":\"1:08\"},\"image\":{\"src\":\"https:\/\/backingtracksmusic.com\/wp-includes\/images\/media\/audio.svg\",\"width\":48,\"height\":64},\"thumb\":{\"src\":\"https:\/\/backingtracksmusic.com\/wp-includes\/images\/media\/audio.svg\",\"width\":48,\"height\":64}}]}<\/script>\n<\/div>\n","protected":false},"featured_media":5387,"template":"","meta":{"_acf_changed":false},"product_brand":[],"product_cat":[92,99],"product_tag":[384],"class_list":{"0":"post-5386","1":"product","2":"type-product","3":"status-publish","4":"has-post-thumbnail","6":"product_cat-07-jazz","7":"product_cat-15-oldes","8":"product_tag-jacques-brel","10":"first","11":"instock","12":"virtual","13":"purchasable","14":"product-type-simple"},"acf":[],"_links":{"self":[{"href":"https:\/\/backingtracksmusic.com\/es\/wp-json\/wp\/v2\/product\/5386","targetHints":{"allow":["GET"]}}],"collection":[{"href":"https:\/\/backingtracksmusic.com\/es\/wp-json\/wp\/v2\/product"}],"about":[{"href":"https:\/\/backingtracksmusic.com\/es\/wp-json\/wp\/v2\/types\/product"}],"wp:featuredmedia":[{"embeddable":true,"href":"https:\/\/backingtracksmusic.com\/es\/wp-json\/wp\/v2\/media\/5387"}],"wp:attachment":[{"href":"https:\/\/backingtracksmusic.com\/es\/wp-json\/wp\/v2\/media?parent=5386"}],"wp:term":[{"taxonomy":"product_brand","embeddable":true,"href":"https:\/\/backingtracksmusic.com\/es\/wp-json\/wp\/v2\/product_brand?post=5386"},{"taxonomy":"product_cat","embeddable":true,"href":"https:\/\/backingtracksmusic.com\/es\/wp-json\/wp\/v2\/product_cat?post=5386"},{"taxonomy":"product_tag","embeddable":true,"href":"https:\/\/backingtracksmusic.com\/es\/wp-json\/wp\/v2\/product_tag?post=5386"}],"curies":[{"name":"wp","href":"https:\/\/api.w.org\/{rel}","templated":true}]}}