{"id":5292,"date":"2023-03-19T12:38:29","date_gmt":"2023-03-19T15:38:29","guid":{"rendered":"https:\/\/backingtracksmusic.com\/?post_type=product&#038;p=5292"},"modified":"2023-03-19T12:49:20","modified_gmt":"2023-03-19T15:49:20","slug":"duduk-of-the-north","status":"publish","type":"product","link":"https:\/\/backingtracksmusic.com\/es\/producto\/duduk-of-the-north\/","title":{"rendered":"Duduk of the North"},"content":{"rendered":"<h3>Informaci\u00f3n:<\/h3>\n<p>&#8220;Duduk of the North&#8221;, is a song from the film &#8220;Gladiator&#8221; compuesto por Hans Zimmer &amp; Lisa Gerrard .<br \/>\nEl \u00e1lbum gan\u00f3 el Globo de Oro a la mejor banda sonora y fue tambi\u00e9n nominada a un \u00d3scar y a un premio BAFTA en la misma categor\u00eda.<\/p>\n<p>&nbsp;<\/p>\n","protected":false},"excerpt":{"rendered":"<h3>Demo:<\/h3>\n<div class=\"wp-playlist wp-audio-playlist wp-playlist-light\">\n<div class=\"wp-playlist-current-item\"><\/div>\n<p>\t\t<audio controls=\"controls\" preload=\"none\" width=\"1378\"\n\t\t\t><\/audio><\/p>\n<div class=\"wp-playlist-next\"><\/div>\n<div class=\"wp-playlist-prev\"><\/div>\n<p>\t<noscript><\/p>\n<ol>\n<li><a href='https:\/\/backingtracksmusic.com\/wp-content\/uploads\/2023\/03\/Duduk-of-the-north-PLAY-FLUTE-REF-demo.mp3'>Duduk of the north PLAY + FLUTE REF demo<\/a><\/li>\n<li><a href='https:\/\/backingtracksmusic.com\/wp-content\/uploads\/2023\/03\/Duduk-of-the-north-PLAY-demo.mp3'>Duduk of the north PLAY demo<\/a><\/li>\n<\/ol>\n<p>\t<\/noscript><br \/>\n\t<script type=\"application\/json\" class=\"wp-playlist-script\">{\"type\":\"audio\",\"tracklist\":true,\"tracknumbers\":true,\"images\":false,\"artists\":false,\"tracks\":[{\"src\":\"https:\/\/backingtracksmusic.com\/wp-content\/uploads\/2023\/03\/Duduk-of-the-north-PLAY-FLUTE-REF-demo.mp3\",\"type\":\"audio\/mpeg\",\"title\":\"Duduk of the north PLAY + FLUTE REF demo\",\"caption\":\"\",\"description\":\"\\\"Duduk of the north PLAY + FLUTE REF demo\\\". G\\u00e9nero: Otro.\",\"meta\":{\"genre\":\"Otro\",\"length_formatted\":\"1:08\"},\"image\":{\"src\":\"https:\/\/backingtracksmusic.com\/wp-includes\/images\/media\/audio.svg\",\"width\":48,\"height\":64},\"thumb\":{\"src\":\"https:\/\/backingtracksmusic.com\/wp-includes\/images\/media\/audio.svg\",\"width\":48,\"height\":64}},{\"src\":\"https:\/\/backingtracksmusic.com\/wp-content\/uploads\/2023\/03\/Duduk-of-the-north-PLAY-demo.mp3\",\"type\":\"audio\/mpeg\",\"title\":\"Duduk of the north PLAY demo\",\"caption\":\"\",\"description\":\"\\\"Duduk of the north PLAY demo\\\". G\\u00e9nero: Otro.\",\"meta\":{\"genre\":\"Otro\",\"length_formatted\":\"1:22\"},\"image\":{\"src\":\"https:\/\/backingtracksmusic.com\/wp-includes\/images\/media\/audio.svg\",\"width\":48,\"height\":64},\"thumb\":{\"src\":\"https:\/\/backingtracksmusic.com\/wp-includes\/images\/media\/audio.svg\",\"width\":48,\"height\":64}}]}<\/script>\n<\/div>\n","protected":false},"featured_media":5293,"template":"","meta":{"_acf_changed":false},"product_brand":[],"product_cat":[103],"product_tag":[324],"class_list":{"0":"post-5292","1":"product","2":"type-product","3":"status-publish","4":"has-post-thumbnail","6":"product_cat-10-tv-movies","7":"product_tag-hans-zimmer","9":"first","10":"instock","11":"virtual","12":"purchasable","13":"product-type-simple"},"acf":[],"_links":{"self":[{"href":"https:\/\/backingtracksmusic.com\/es\/wp-json\/wp\/v2\/product\/5292","targetHints":{"allow":["GET"]}}],"collection":[{"href":"https:\/\/backingtracksmusic.com\/es\/wp-json\/wp\/v2\/product"}],"about":[{"href":"https:\/\/backingtracksmusic.com\/es\/wp-json\/wp\/v2\/types\/product"}],"wp:featuredmedia":[{"embeddable":true,"href":"https:\/\/backingtracksmusic.com\/es\/wp-json\/wp\/v2\/media\/5293"}],"wp:attachment":[{"href":"https:\/\/backingtracksmusic.com\/es\/wp-json\/wp\/v2\/media?parent=5292"}],"wp:term":[{"taxonomy":"product_brand","embeddable":true,"href":"https:\/\/backingtracksmusic.com\/es\/wp-json\/wp\/v2\/product_brand?post=5292"},{"taxonomy":"product_cat","embeddable":true,"href":"https:\/\/backingtracksmusic.com\/es\/wp-json\/wp\/v2\/product_cat?post=5292"},{"taxonomy":"product_tag","embeddable":true,"href":"https:\/\/backingtracksmusic.com\/es\/wp-json\/wp\/v2\/product_tag?post=5292"}],"curies":[{"name":"wp","href":"https:\/\/api.w.org\/{rel}","templated":true}]}}