{"id":5232,"date":"2023-02-13T09:04:30","date_gmt":"2023-02-13T12:04:30","guid":{"rendered":"https:\/\/backingtracksmusic.com\/?post_type=product&#038;p=5232"},"modified":"2023-02-13T09:10:39","modified_gmt":"2023-02-13T12:10:39","slug":"the-sound-fo-silence","status":"publish","type":"product","link":"https:\/\/backingtracksmusic.com\/es\/producto\/the-sound-fo-silence\/","title":{"rendered":"The sound of silence"},"content":{"rendered":"<h3>Informaci\u00f3n:<\/h3>\n<p>\u00abThe Sounds of Silence\u00bb (en espa\u00f1ol: \u00abLos sonidos del silencio\u00bb) es una canci\u00f3n que populariz\u00f3 en la d\u00e9cada de los 60 el d\u00fao estadounidense Simon &amp; Garfunkel.<br \/>\nFue escrita el 19 de febrero de 1964 por Paul Simon, tras el asesinato de John F. Kennedy el 22 de noviembre del anterior a\u00f1o, como un intento de expresar el sentimiento popular tras el desafortunado suceso<\/p>\n<p>&nbsp;<\/p>\n","protected":false},"excerpt":{"rendered":"<h3>Demo:<\/h3>\n<div class=\"wp-playlist wp-audio-playlist wp-playlist-light\">\n<div class=\"wp-playlist-current-item\"><\/div>\n<p>\t\t<audio controls=\"controls\" preload=\"none\" width=\"1378\"\n\t\t\t><\/audio><\/p>\n<div class=\"wp-playlist-next\"><\/div>\n<div class=\"wp-playlist-prev\"><\/div>\n<p>\t<noscript><\/p>\n<ol>\n<li><a href='https:\/\/backingtracksmusic.com\/wp-content\/uploads\/2023\/02\/The-sound-of-silence-Fm-play-flute-reference-DEMO.mp3'>The sound of silence F#m play + flute reference DEMO<\/a><\/li>\n<li><a href='https:\/\/backingtracksmusic.com\/wp-content\/uploads\/2023\/02\/The-sound-of-silence-Fm-play-DEMO.mp3'>The sound of silence F#m play DEMO<\/a><\/li>\n<\/ol>\n<p>\t<\/noscript><br \/>\n\t<script type=\"application\/json\" class=\"wp-playlist-script\">{\"type\":\"audio\",\"tracklist\":true,\"tracknumbers\":true,\"images\":false,\"artists\":false,\"tracks\":[{\"src\":\"https:\/\/backingtracksmusic.com\/wp-content\/uploads\/2023\/02\/The-sound-of-silence-Fm-play-flute-reference-DEMO.mp3\",\"type\":\"audio\/mpeg\",\"title\":\"The sound of silence F#m play + flute reference DEMO\",\"caption\":\"\",\"description\":\"\\\"The sound of silence F#m play + flute reference DEMO\\\". G\\u00e9nero: Otro.\",\"meta\":{\"genre\":\"Otro\",\"length_formatted\":\"1:37\"},\"image\":{\"src\":\"https:\/\/backingtracksmusic.com\/wp-includes\/images\/media\/audio.svg\",\"width\":48,\"height\":64},\"thumb\":{\"src\":\"https:\/\/backingtracksmusic.com\/wp-includes\/images\/media\/audio.svg\",\"width\":48,\"height\":64}},{\"src\":\"https:\/\/backingtracksmusic.com\/wp-content\/uploads\/2023\/02\/The-sound-of-silence-Fm-play-DEMO.mp3\",\"type\":\"audio\/mpeg\",\"title\":\"The sound of silence F#m play DEMO\",\"caption\":\"\",\"description\":\"\\\"The sound of silence F#m play DEMO\\\". G\\u00e9nero: Otro.\",\"meta\":{\"genre\":\"Otro\",\"length_formatted\":\"1:27\"},\"image\":{\"src\":\"https:\/\/backingtracksmusic.com\/wp-includes\/images\/media\/audio.svg\",\"width\":48,\"height\":64},\"thumb\":{\"src\":\"https:\/\/backingtracksmusic.com\/wp-includes\/images\/media\/audio.svg\",\"width\":48,\"height\":64}}]}<\/script>\n<\/div>\n","protected":false},"featured_media":5233,"template":"","meta":{"_acf_changed":false},"product_brand":[],"product_cat":[103],"product_tag":[367],"class_list":{"0":"post-5232","1":"product","2":"type-product","3":"status-publish","4":"has-post-thumbnail","6":"product_cat-10-tv-movies","7":"product_tag-paul-simon","9":"first","10":"instock","11":"virtual","12":"purchasable","13":"product-type-simple"},"acf":[],"_links":{"self":[{"href":"https:\/\/backingtracksmusic.com\/es\/wp-json\/wp\/v2\/product\/5232","targetHints":{"allow":["GET"]}}],"collection":[{"href":"https:\/\/backingtracksmusic.com\/es\/wp-json\/wp\/v2\/product"}],"about":[{"href":"https:\/\/backingtracksmusic.com\/es\/wp-json\/wp\/v2\/types\/product"}],"wp:featuredmedia":[{"embeddable":true,"href":"https:\/\/backingtracksmusic.com\/es\/wp-json\/wp\/v2\/media\/5233"}],"wp:attachment":[{"href":"https:\/\/backingtracksmusic.com\/es\/wp-json\/wp\/v2\/media?parent=5232"}],"wp:term":[{"taxonomy":"product_brand","embeddable":true,"href":"https:\/\/backingtracksmusic.com\/es\/wp-json\/wp\/v2\/product_brand?post=5232"},{"taxonomy":"product_cat","embeddable":true,"href":"https:\/\/backingtracksmusic.com\/es\/wp-json\/wp\/v2\/product_cat?post=5232"},{"taxonomy":"product_tag","embeddable":true,"href":"https:\/\/backingtracksmusic.com\/es\/wp-json\/wp\/v2\/product_tag?post=5232"}],"curies":[{"name":"wp","href":"https:\/\/api.w.org\/{rel}","templated":true}]}}