{"id":5191,"date":"2023-01-02T15:32:16","date_gmt":"2023-01-02T18:32:16","guid":{"rendered":"https:\/\/backingtracksmusic.com\/?post_type=product&#038;p=5191"},"modified":"2023-01-02T15:34:05","modified_gmt":"2023-01-02T18:34:05","slug":"ciao-papa-pinocchio","status":"publish","type":"product","link":"https:\/\/backingtracksmusic.com\/es\/producto\/ciao-papa-pinocchio\/","title":{"rendered":"Ciao Papa (Pinocchio)"},"content":{"rendered":"<h3>Informaci\u00f3n:<\/h3>\n<p>Pinocho de Guillermo del Toro , es una pel\u00edcula de cine musical m\u00e9xico-estadounidense hecha en animaci\u00f3n en volumen (stop-motion),La m\u00fasica estar\u00e1 a cargo principalmente por Alexandre Desplat<\/p>\n<p>&nbsp;<\/p>\n","protected":false},"excerpt":{"rendered":"<h3>Demo:<\/h3>\n<div class=\"wp-playlist wp-audio-playlist wp-playlist-light\">\n<div class=\"wp-playlist-current-item\"><\/div>\n<p>\t\t<audio controls=\"controls\" preload=\"none\" width=\"1378\"\n\t\t\t><\/audio><\/p>\n<div class=\"wp-playlist-next\"><\/div>\n<div class=\"wp-playlist-prev\"><\/div>\n<p>\t<noscript><\/p>\n<ol>\n<li><a href='https:\/\/backingtracksmusic.com\/wp-content\/uploads\/2023\/01\/Ciao-Papa-Bb-play-clarinet-melody-DEMO.mp3'>Ciao Papa Bb play + clarinet melody DEMO<\/a><\/li>\n<li><a href='https:\/\/backingtracksmusic.com\/wp-content\/uploads\/2023\/01\/Ciao-Papa-Bb-play-DEMO.mp3'>Ciao Papa Bb play DEMO<\/a><\/li>\n<\/ol>\n<p>\t<\/noscript><br \/>\n\t<script type=\"application\/json\" class=\"wp-playlist-script\">{\"type\":\"audio\",\"tracklist\":true,\"tracknumbers\":true,\"images\":false,\"artists\":false,\"tracks\":[{\"src\":\"https:\/\/backingtracksmusic.com\/wp-content\/uploads\/2023\/01\/Ciao-Papa-Bb-play-clarinet-melody-DEMO.mp3\",\"type\":\"audio\/mpeg\",\"title\":\"Ciao Papa Bb play + clarinet melody DEMO\",\"caption\":\"\",\"description\":\"\\\"Ciao Papa Bb play + clarinet melody DEMO\\\". G\\u00e9nero: Otro.\",\"meta\":{\"genre\":\"Otro\",\"length_formatted\":\"1:26\"},\"image\":{\"src\":\"https:\/\/backingtracksmusic.com\/wp-includes\/images\/media\/audio.svg\",\"width\":48,\"height\":64},\"thumb\":{\"src\":\"https:\/\/backingtracksmusic.com\/wp-includes\/images\/media\/audio.svg\",\"width\":48,\"height\":64}},{\"src\":\"https:\/\/backingtracksmusic.com\/wp-content\/uploads\/2023\/01\/Ciao-Papa-Bb-play-DEMO.mp3\",\"type\":\"audio\/mpeg\",\"title\":\"Ciao Papa Bb play DEMO\",\"caption\":\"\",\"description\":\"\\\"Ciao Papa Bb play DEMO\\\". G\\u00e9nero: Otro.\",\"meta\":{\"genre\":\"Otro\",\"length_formatted\":\"1:05\"},\"image\":{\"src\":\"https:\/\/backingtracksmusic.com\/wp-includes\/images\/media\/audio.svg\",\"width\":48,\"height\":64},\"thumb\":{\"src\":\"https:\/\/backingtracksmusic.com\/wp-includes\/images\/media\/audio.svg\",\"width\":48,\"height\":64}}]}<\/script>\n<\/div>\n","protected":false},"featured_media":5192,"template":"","meta":{"_acf_changed":false},"product_brand":[],"product_cat":[103],"product_tag":[359],"class_list":{"0":"post-5191","1":"product","2":"type-product","3":"status-publish","4":"has-post-thumbnail","6":"product_cat-10-tv-movies","7":"product_tag-alexandre-desplat","9":"first","10":"instock","11":"virtual","12":"purchasable","13":"product-type-simple"},"acf":[],"_links":{"self":[{"href":"https:\/\/backingtracksmusic.com\/es\/wp-json\/wp\/v2\/product\/5191","targetHints":{"allow":["GET"]}}],"collection":[{"href":"https:\/\/backingtracksmusic.com\/es\/wp-json\/wp\/v2\/product"}],"about":[{"href":"https:\/\/backingtracksmusic.com\/es\/wp-json\/wp\/v2\/types\/product"}],"wp:featuredmedia":[{"embeddable":true,"href":"https:\/\/backingtracksmusic.com\/es\/wp-json\/wp\/v2\/media\/5192"}],"wp:attachment":[{"href":"https:\/\/backingtracksmusic.com\/es\/wp-json\/wp\/v2\/media?parent=5191"}],"wp:term":[{"taxonomy":"product_brand","embeddable":true,"href":"https:\/\/backingtracksmusic.com\/es\/wp-json\/wp\/v2\/product_brand?post=5191"},{"taxonomy":"product_cat","embeddable":true,"href":"https:\/\/backingtracksmusic.com\/es\/wp-json\/wp\/v2\/product_cat?post=5191"},{"taxonomy":"product_tag","embeddable":true,"href":"https:\/\/backingtracksmusic.com\/es\/wp-json\/wp\/v2\/product_tag?post=5191"}],"curies":[{"name":"wp","href":"https:\/\/api.w.org\/{rel}","templated":true}]}}