{"id":5070,"date":"2022-10-11T16:22:26","date_gmt":"2022-10-11T19:22:26","guid":{"rendered":"https:\/\/backingtracksmusic.com\/?post_type=product&#038;p=5070"},"modified":"2022-10-11T16:46:10","modified_gmt":"2022-10-11T19:46:10","slug":"el-cant-dels-ocells-paul-casals","status":"publish","type":"product","link":"https:\/\/backingtracksmusic.com\/es\/producto\/el-cant-dels-ocells-paul-casals\/","title":{"rendered":"El cant dels ocells (Paul Casals)"},"content":{"rendered":"<h3>Informaci\u00f3n:<\/h3>\n<p>El cant dels ocells (El canto de los p\u00e1jaros, en castellano) es una canci\u00f3n popular catalana. La canci\u00f3n relata el gozo de la naturaleza el d\u00eda del nacimiento del ni\u00f1o Jes\u00fas en el establo de Bel\u00e9n.1\u200b Fue popularizada fuera de Catalu\u00f1a por Pau Casals, que interpretaba su adaptaci\u00f3n para violonchelo en todos sus conciertos.<br \/>\nEl canto de los p\u00e1jaros, en catal\u00e1n el idioma original El cant dels ocells, es una pel\u00edcula de Albert Serra estrenada en 2008, el argumento de la cual gira alrededor de la historia de los Reyes Magos de Oriente. Es una pel\u00edcula de la llamada Escuela de la Pompeu.<\/p>\n<p>&nbsp;<\/p>\n<p>&nbsp;<\/p>\n","protected":false},"excerpt":{"rendered":"<h3>Demo:<\/h3>\n<p><audio class=\"wp-audio-shortcode\" id=\"audio-5070-1\" preload=\"none\" style=\"width: 100%;\" controls=\"controls\"><source type=\"audio\/mpeg\" src=\"https:\/\/backingtracksmusic.com\/wp-content\/uploads\/2022\/10\/Chant-dell-ocells-play-refe-DEMO.mp3?_=1\" \/><a href=\"https:\/\/backingtracksmusic.com\/wp-content\/uploads\/2022\/10\/Chant-dell-ocells-play-refe-DEMO.mp3\">https:\/\/backingtracksmusic.com\/wp-content\/uploads\/2022\/10\/Chant-dell-ocells-play-refe-DEMO.mp3<\/a><\/audio><\/p>\n<p><audio class=\"wp-audio-shortcode\" id=\"audio-5070-2\" preload=\"none\" style=\"width: 100%;\" controls=\"controls\"><source type=\"audio\/mpeg\" src=\"https:\/\/backingtracksmusic.com\/wp-content\/uploads\/2022\/10\/Cant-dell-ocells-play-DEMO.mp3?_=2\" \/><a href=\"https:\/\/backingtracksmusic.com\/wp-content\/uploads\/2022\/10\/Cant-dell-ocells-play-DEMO.mp3\">https:\/\/backingtracksmusic.com\/wp-content\/uploads\/2022\/10\/Cant-dell-ocells-play-DEMO.mp3<\/a><\/audio><\/p>\n","protected":false},"featured_media":5071,"template":"","meta":{"_acf_changed":false},"product_brand":[],"product_cat":[89,103],"product_tag":[342],"class_list":{"0":"post-5070","1":"product","2":"type-product","3":"status-publish","4":"has-post-thumbnail","6":"product_cat-04-clasica","7":"product_cat-10-tv-movies","8":"product_tag-paul-casals","10":"first","11":"instock","12":"virtual","13":"purchasable","14":"product-type-simple"},"acf":[],"_links":{"self":[{"href":"https:\/\/backingtracksmusic.com\/es\/wp-json\/wp\/v2\/product\/5070","targetHints":{"allow":["GET"]}}],"collection":[{"href":"https:\/\/backingtracksmusic.com\/es\/wp-json\/wp\/v2\/product"}],"about":[{"href":"https:\/\/backingtracksmusic.com\/es\/wp-json\/wp\/v2\/types\/product"}],"wp:featuredmedia":[{"embeddable":true,"href":"https:\/\/backingtracksmusic.com\/es\/wp-json\/wp\/v2\/media\/5071"}],"wp:attachment":[{"href":"https:\/\/backingtracksmusic.com\/es\/wp-json\/wp\/v2\/media?parent=5070"}],"wp:term":[{"taxonomy":"product_brand","embeddable":true,"href":"https:\/\/backingtracksmusic.com\/es\/wp-json\/wp\/v2\/product_brand?post=5070"},{"taxonomy":"product_cat","embeddable":true,"href":"https:\/\/backingtracksmusic.com\/es\/wp-json\/wp\/v2\/product_cat?post=5070"},{"taxonomy":"product_tag","embeddable":true,"href":"https:\/\/backingtracksmusic.com\/es\/wp-json\/wp\/v2\/product_tag?post=5070"}],"curies":[{"name":"wp","href":"https:\/\/api.w.org\/{rel}","templated":true}]}}