{"id":5013,"date":"2022-06-12T15:34:43","date_gmt":"2022-06-12T18:34:43","guid":{"rendered":"https:\/\/backingtracksmusic.com\/?post_type=product&#038;p=5013"},"modified":"2022-06-12T15:37:41","modified_gmt":"2022-06-12T18:37:41","slug":"el-duo-de-las-flores-lakme","status":"publish","type":"product","link":"https:\/\/backingtracksmusic.com\/es\/producto\/el-duo-de-las-flores-lakme\/","title":{"rendered":"El duo de las flores (Lakme)"},"content":{"rendered":"<h3>Informaci\u00f3n:<\/h3>\n<p>El D\u00fao de las flores (t\u00edtulo original en franc\u00e9s: Duo des fleurs o Sous le d\u00f4me \u00e9pais) es un d\u00fao para soprano y mezzosoprano de la famosa \u00f3pera Lakm\u00e9 de L\u00e9o Delibes. Lakm\u00e9 est\u00e1 ambientada en la \u00e9poca del dominio de la India Brit\u00e1nica. Esta \u00f3pera se cant\u00f3 por primera vez en Par\u00eds en 1883. El d\u00fao se interpreta en el primer acto, entre Lakm\u00e9, la hija de un brahm\u00e1n, y su criada Mallika, cuando van a recoger flores cerca de un r\u00edo.<\/p>\n<p>&nbsp;<\/p>\n<p>&nbsp;<\/p>\n","protected":false},"excerpt":{"rendered":"<h3>Demo:<\/h3>\n<div class=\"wp-playlist wp-audio-playlist wp-playlist-light\">\n<div class=\"wp-playlist-current-item\"><\/div>\n<p>\t\t<audio controls=\"controls\" preload=\"none\" width=\"1378\"\n\t\t\t><\/audio><\/p>\n<div class=\"wp-playlist-next\"><\/div>\n<div class=\"wp-playlist-prev\"><\/div>\n<p>\t<noscript><\/p>\n<ol>\n<li><a href='https:\/\/backingtracksmusic.com\/wp-content\/uploads\/2022\/06\/Lakme-piano-play-1st-flute-reference-DEMO.mp3'>Lakme piano play + 1st flute reference DEMO<\/a><\/li>\n<li><a href='https:\/\/backingtracksmusic.com\/wp-content\/uploads\/2022\/06\/Lakme-piano-play-2nd-flute-reference-DEMO.mp3'>Lakme piano play + 2nd flute reference DEMO<\/a><\/li>\n<li><a href='https:\/\/backingtracksmusic.com\/wp-content\/uploads\/2022\/06\/Lakme-piano-play-2-flutes-reference-DEMO.mp3'>Lakme piano play + 2 flutes reference DEMO<\/a><\/li>\n<li><a href='https:\/\/backingtracksmusic.com\/wp-content\/uploads\/2022\/06\/Lakme-piano-play-DEMO.mp3'>Lakme piano play DEMO<\/a><\/li>\n<\/ol>\n<p>\t<\/noscript><br \/>\n\t<script type=\"application\/json\" class=\"wp-playlist-script\">{\"type\":\"audio\",\"tracklist\":true,\"tracknumbers\":true,\"images\":false,\"artists\":false,\"tracks\":[{\"src\":\"https:\/\/backingtracksmusic.com\/wp-content\/uploads\/2022\/06\/Lakme-piano-play-1st-flute-reference-DEMO.mp3\",\"type\":\"audio\/mpeg\",\"title\":\"Lakme piano play + 1st flute reference DEMO\",\"caption\":\"\",\"description\":\"\\\"Lakme piano play + 1st flute reference DEMO\\\". G\\u00e9nero: Otro.\",\"meta\":{\"genre\":\"Otro\",\"length_formatted\":\"1:04\"},\"image\":{\"src\":\"https:\/\/backingtracksmusic.com\/wp-includes\/images\/media\/audio.svg\",\"width\":48,\"height\":64},\"thumb\":{\"src\":\"https:\/\/backingtracksmusic.com\/wp-includes\/images\/media\/audio.svg\",\"width\":48,\"height\":64}},{\"src\":\"https:\/\/backingtracksmusic.com\/wp-content\/uploads\/2022\/06\/Lakme-piano-play-2nd-flute-reference-DEMO.mp3\",\"type\":\"audio\/mpeg\",\"title\":\"Lakme piano play + 2nd flute reference DEMO\",\"caption\":\"\",\"description\":\"\\\"Lakme piano play + 2nd flute reference DEMO\\\". G\\u00e9nero: Otro.\",\"meta\":{\"genre\":\"Otro\",\"length_formatted\":\"1:08\"},\"image\":{\"src\":\"https:\/\/backingtracksmusic.com\/wp-includes\/images\/media\/audio.svg\",\"width\":48,\"height\":64},\"thumb\":{\"src\":\"https:\/\/backingtracksmusic.com\/wp-includes\/images\/media\/audio.svg\",\"width\":48,\"height\":64}},{\"src\":\"https:\/\/backingtracksmusic.com\/wp-content\/uploads\/2022\/06\/Lakme-piano-play-2-flutes-reference-DEMO.mp3\",\"type\":\"audio\/mpeg\",\"title\":\"Lakme piano play + 2 flutes reference DEMO\",\"caption\":\"\",\"description\":\"\\\"Lakme piano play + 2 flutes reference DEMO\\\". G\\u00e9nero: Otro.\",\"meta\":{\"genre\":\"Otro\",\"length_formatted\":\"1:12\"},\"image\":{\"src\":\"https:\/\/backingtracksmusic.com\/wp-includes\/images\/media\/audio.svg\",\"width\":48,\"height\":64},\"thumb\":{\"src\":\"https:\/\/backingtracksmusic.com\/wp-includes\/images\/media\/audio.svg\",\"width\":48,\"height\":64}},{\"src\":\"https:\/\/backingtracksmusic.com\/wp-content\/uploads\/2022\/06\/Lakme-piano-play-DEMO.mp3\",\"type\":\"audio\/mpeg\",\"title\":\"Lakme piano play DEMO\",\"caption\":\"\",\"description\":\"\\\"Lakme piano play DEMO\\\". G\\u00e9nero: Otro.\",\"meta\":{\"genre\":\"Otro\",\"length_formatted\":\"1:08\"},\"image\":{\"src\":\"https:\/\/backingtracksmusic.com\/wp-includes\/images\/media\/audio.svg\",\"width\":48,\"height\":64},\"thumb\":{\"src\":\"https:\/\/backingtracksmusic.com\/wp-includes\/images\/media\/audio.svg\",\"width\":48,\"height\":64}}]}<\/script>\n<\/div>\n","protected":false},"featured_media":5014,"template":"","meta":{"_acf_changed":false},"product_brand":[],"product_cat":[89],"product_tag":[337],"class_list":{"0":"post-5013","1":"product","2":"type-product","3":"status-publish","4":"has-post-thumbnail","6":"product_cat-04-clasica","7":"product_tag-leo-delibes","9":"first","10":"instock","11":"virtual","12":"purchasable","13":"product-type-simple"},"acf":[],"_links":{"self":[{"href":"https:\/\/backingtracksmusic.com\/es\/wp-json\/wp\/v2\/product\/5013","targetHints":{"allow":["GET"]}}],"collection":[{"href":"https:\/\/backingtracksmusic.com\/es\/wp-json\/wp\/v2\/product"}],"about":[{"href":"https:\/\/backingtracksmusic.com\/es\/wp-json\/wp\/v2\/types\/product"}],"wp:featuredmedia":[{"embeddable":true,"href":"https:\/\/backingtracksmusic.com\/es\/wp-json\/wp\/v2\/media\/5014"}],"wp:attachment":[{"href":"https:\/\/backingtracksmusic.com\/es\/wp-json\/wp\/v2\/media?parent=5013"}],"wp:term":[{"taxonomy":"product_brand","embeddable":true,"href":"https:\/\/backingtracksmusic.com\/es\/wp-json\/wp\/v2\/product_brand?post=5013"},{"taxonomy":"product_cat","embeddable":true,"href":"https:\/\/backingtracksmusic.com\/es\/wp-json\/wp\/v2\/product_cat?post=5013"},{"taxonomy":"product_tag","embeddable":true,"href":"https:\/\/backingtracksmusic.com\/es\/wp-json\/wp\/v2\/product_tag?post=5013"}],"curies":[{"name":"wp","href":"https:\/\/api.w.org\/{rel}","templated":true}]}}