{"id":4987,"date":"2022-05-28T15:15:46","date_gmt":"2022-05-28T18:15:46","guid":{"rendered":"https:\/\/backingtracksmusic.com\/?post_type=product&#038;p=4987"},"modified":"2022-05-28T15:17:44","modified_gmt":"2022-05-28T18:17:44","slug":"adios-muchachos","status":"publish","type":"product","link":"https:\/\/backingtracksmusic.com\/es\/producto\/adios-muchachos\/","title":{"rendered":"Adios muchachos"},"content":{"rendered":"<h3>Informaci\u00f3n:<\/h3>\n<p><b>Adi\u00f3s muchachos<\/b>\u00a0es un\u00a0<a title=\"Tango\" href=\"https:\/\/es.wikipedia.org\/wiki\/Tango\">tango<\/a>\u00a0cuya letra pertenece a\u00a0<a class=\"mw-redirect\" title=\"C\u00e9sar Felipe Vedani\" href=\"https:\/\/es.wikipedia.org\/wiki\/C%C3%A9sar_Felipe_Vedani\">C\u00e9sar Felipe Vedani<\/a>\u00a0en tanto que la m\u00fasica es de\u00a0<a title=\"Julio C\u00e9sar Sanders\" href=\"https:\/\/es.wikipedia.org\/wiki\/Julio_C%C3%A9sar_Sanders\">Julio C\u00e9sar Sanders<\/a>, que fue grabado por\u00a0<a title=\"Agust\u00edn Magaldi\" href=\"https:\/\/es.wikipedia.org\/wiki\/Agust%C3%ADn_Magaldi\">Agust\u00edn Magaldi<\/a>\u00a0en agosto de 1927 con acompa\u00f1amiento de guitarras. El protagonista, ya pr\u00f3ximo a morir, se despide de sus amigos y rememora aspectos de su vida. Este tango alcanz\u00f3 difusi\u00f3n mundial y tuvo, en algunos casos, otras letras.<\/p>\n<p>&nbsp;<\/p>\n<p>&nbsp;<\/p>\n","protected":false},"excerpt":{"rendered":"<h3>Demo:<\/h3>\n<div class=\"wp-playlist wp-audio-playlist wp-playlist-light\">\n<div class=\"wp-playlist-current-item\"><\/div>\n<p>\t\t<audio controls=\"controls\" preload=\"none\" width=\"1378\"\n\t\t\t><\/audio><\/p>\n<div class=\"wp-playlist-next\"><\/div>\n<div class=\"wp-playlist-prev\"><\/div>\n<p>\t<noscript><\/p>\n<ol>\n<li><a href='https:\/\/backingtracksmusic.com\/wp-content\/uploads\/2022\/05\/adios-muchachos-C-play-clerinete-melody-DEMO.mp3'>adios muchachos C play + clerinete melody DEMO<\/a><\/li>\n<li><a href='https:\/\/backingtracksmusic.com\/wp-content\/uploads\/2022\/05\/adios-muchachos-C-play-DEMO.mp3'>adios muchachos C play DEMO<\/a><\/li>\n<\/ol>\n<p>\t<\/noscript><br \/>\n\t<script type=\"application\/json\" class=\"wp-playlist-script\">{\"type\":\"audio\",\"tracklist\":true,\"tracknumbers\":true,\"images\":false,\"artists\":false,\"tracks\":[{\"src\":\"https:\/\/backingtracksmusic.com\/wp-content\/uploads\/2022\/05\/adios-muchachos-C-play-clerinete-melody-DEMO.mp3\",\"type\":\"audio\/mpeg\",\"title\":\"adios muchachos C play + clerinete melody DEMO\",\"caption\":\"\",\"description\":\"\\\"adios muchachos C play + clerinete melody DEMO\\\". G\\u00e9nero: Otro.\",\"meta\":{\"genre\":\"Otro\",\"length_formatted\":\"1:19\"},\"image\":{\"src\":\"https:\/\/backingtracksmusic.com\/wp-includes\/images\/media\/audio.svg\",\"width\":48,\"height\":64},\"thumb\":{\"src\":\"https:\/\/backingtracksmusic.com\/wp-includes\/images\/media\/audio.svg\",\"width\":48,\"height\":64}},{\"src\":\"https:\/\/backingtracksmusic.com\/wp-content\/uploads\/2022\/05\/adios-muchachos-C-play-DEMO.mp3\",\"type\":\"audio\/mpeg\",\"title\":\"adios muchachos C play DEMO\",\"caption\":\"\",\"description\":\"\\\"adios muchachos C play DEMO\\\". G\\u00e9nero: Otro.\",\"meta\":{\"genre\":\"Otro\",\"length_formatted\":\"1:16\"},\"image\":{\"src\":\"https:\/\/backingtracksmusic.com\/wp-includes\/images\/media\/audio.svg\",\"width\":48,\"height\":64},\"thumb\":{\"src\":\"https:\/\/backingtracksmusic.com\/wp-includes\/images\/media\/audio.svg\",\"width\":48,\"height\":64}}]}<\/script>\n<\/div>\n","protected":false},"featured_media":4988,"template":"","meta":{"_acf_changed":false},"product_brand":[],"product_cat":[86],"product_tag":[333],"class_list":{"0":"post-4987","1":"product","2":"type-product","3":"status-publish","4":"has-post-thumbnail","6":"product_cat-01-tango","7":"product_tag-julio-cesar-sanders","9":"first","10":"instock","11":"virtual","12":"purchasable","13":"product-type-simple"},"acf":[],"_links":{"self":[{"href":"https:\/\/backingtracksmusic.com\/es\/wp-json\/wp\/v2\/product\/4987","targetHints":{"allow":["GET"]}}],"collection":[{"href":"https:\/\/backingtracksmusic.com\/es\/wp-json\/wp\/v2\/product"}],"about":[{"href":"https:\/\/backingtracksmusic.com\/es\/wp-json\/wp\/v2\/types\/product"}],"wp:featuredmedia":[{"embeddable":true,"href":"https:\/\/backingtracksmusic.com\/es\/wp-json\/wp\/v2\/media\/4988"}],"wp:attachment":[{"href":"https:\/\/backingtracksmusic.com\/es\/wp-json\/wp\/v2\/media?parent=4987"}],"wp:term":[{"taxonomy":"product_brand","embeddable":true,"href":"https:\/\/backingtracksmusic.com\/es\/wp-json\/wp\/v2\/product_brand?post=4987"},{"taxonomy":"product_cat","embeddable":true,"href":"https:\/\/backingtracksmusic.com\/es\/wp-json\/wp\/v2\/product_cat?post=4987"},{"taxonomy":"product_tag","embeddable":true,"href":"https:\/\/backingtracksmusic.com\/es\/wp-json\/wp\/v2\/product_tag?post=4987"}],"curies":[{"name":"wp","href":"https:\/\/api.w.org\/{rel}","templated":true}]}}