{"id":4983,"date":"2022-05-28T14:16:50","date_gmt":"2022-05-28T17:16:50","guid":{"rendered":"https:\/\/backingtracksmusic.com\/?post_type=product&#038;p=4983"},"modified":"2022-05-28T14:19:18","modified_gmt":"2022-05-28T17:19:18","slug":"papirosn","status":"publish","type":"product","link":"https:\/\/backingtracksmusic.com\/es\/producto\/papirosn\/","title":{"rendered":"Papirosn"},"content":{"rendered":"<h3>Informaci\u00f3n:<\/h3>\n<p>&#8221; Papirosn &#8221; ( Yiddish : \u05e4\u05bc\u05d0\u05b7\u05e4\u05bc\u05d9\u05e8\u05d0\u05b8\u05e1\u05df , trad . \u2009Cigarettes ) es una canci\u00f3n en Yiddish que fue escrita por Herman Yablokoff en la d\u00e9cada de 1920.<br \/>\nLa canci\u00f3n cuenta la historia de un ni\u00f1o jud\u00edo que vende cigarrillos para sobrevivir en las calles. Describe su tr\u00e1gico destino;<br \/>\nhabiendo perdido a sus padres, su hermana menor ha muerto en el banquillo, y finalmente pierde su propia esperanza.<\/p>\n<p>&nbsp;<\/p>\n<p>&nbsp;<\/p>\n","protected":false},"excerpt":{"rendered":"<h3>Demo:<\/h3>\n<div class=\"wp-playlist wp-audio-playlist wp-playlist-light\">\n<div class=\"wp-playlist-current-item\"><\/div>\n<p>\t\t<audio controls=\"controls\" preload=\"none\" width=\"1378\"\n\t\t\t><\/audio><\/p>\n<div class=\"wp-playlist-next\"><\/div>\n<div class=\"wp-playlist-prev\"><\/div>\n<p>\t<noscript><\/p>\n<ol>\n<li><a href='https:\/\/backingtracksmusic.com\/wp-content\/uploads\/2022\/05\/papirosn-Dm-play-clarinet-reference-DEMO.mp3'>papirosn Dm play + clarinet reference DEMO<\/a><\/li>\n<li><a href='https:\/\/backingtracksmusic.com\/wp-content\/uploads\/2022\/05\/papirosn-Dm-play-DEMO.mp3'>papirosn Dm play DEMO<\/a><\/li>\n<\/ol>\n<p>\t<\/noscript><br \/>\n\t<script type=\"application\/json\" class=\"wp-playlist-script\">{\"type\":\"audio\",\"tracklist\":true,\"tracknumbers\":true,\"images\":false,\"artists\":false,\"tracks\":[{\"src\":\"https:\/\/backingtracksmusic.com\/wp-content\/uploads\/2022\/05\/papirosn-Dm-play-clarinet-reference-DEMO.mp3\",\"type\":\"audio\/mpeg\",\"title\":\"papirosn Dm play + clarinet reference DEMO\",\"caption\":\"\",\"description\":\"\\\"papirosn Dm play + clarinet reference DEMO\\\". G\\u00e9nero: Otro.\",\"meta\":{\"genre\":\"Otro\",\"length_formatted\":\"1:12\"},\"image\":{\"src\":\"https:\/\/backingtracksmusic.com\/wp-includes\/images\/media\/audio.svg\",\"width\":48,\"height\":64},\"thumb\":{\"src\":\"https:\/\/backingtracksmusic.com\/wp-includes\/images\/media\/audio.svg\",\"width\":48,\"height\":64}},{\"src\":\"https:\/\/backingtracksmusic.com\/wp-content\/uploads\/2022\/05\/papirosn-Dm-play-DEMO.mp3\",\"type\":\"audio\/mpeg\",\"title\":\"papirosn Dm play DEMO\",\"caption\":\"\",\"description\":\"\\\"papirosn Dm play DEMO\\\". G\\u00e9nero: Otro.\",\"meta\":{\"genre\":\"Otro\",\"length_formatted\":\"1:12\"},\"image\":{\"src\":\"https:\/\/backingtracksmusic.com\/wp-includes\/images\/media\/audio.svg\",\"width\":48,\"height\":64},\"thumb\":{\"src\":\"https:\/\/backingtracksmusic.com\/wp-includes\/images\/media\/audio.svg\",\"width\":48,\"height\":64}}]}<\/script>\n<\/div>\n","protected":false},"featured_media":4984,"template":"","meta":{"_acf_changed":false},"product_brand":[],"product_cat":[86,95],"product_tag":[332],"class_list":{"0":"post-4983","1":"product","2":"type-product","3":"status-publish","4":"has-post-thumbnail","6":"product_cat-01-tango","7":"product_cat-11-jewish-israeli-music","8":"product_tag-herman-yablokoff","10":"first","11":"instock","12":"virtual","13":"purchasable","14":"product-type-simple"},"acf":[],"_links":{"self":[{"href":"https:\/\/backingtracksmusic.com\/es\/wp-json\/wp\/v2\/product\/4983","targetHints":{"allow":["GET"]}}],"collection":[{"href":"https:\/\/backingtracksmusic.com\/es\/wp-json\/wp\/v2\/product"}],"about":[{"href":"https:\/\/backingtracksmusic.com\/es\/wp-json\/wp\/v2\/types\/product"}],"wp:featuredmedia":[{"embeddable":true,"href":"https:\/\/backingtracksmusic.com\/es\/wp-json\/wp\/v2\/media\/4984"}],"wp:attachment":[{"href":"https:\/\/backingtracksmusic.com\/es\/wp-json\/wp\/v2\/media?parent=4983"}],"wp:term":[{"taxonomy":"product_brand","embeddable":true,"href":"https:\/\/backingtracksmusic.com\/es\/wp-json\/wp\/v2\/product_brand?post=4983"},{"taxonomy":"product_cat","embeddable":true,"href":"https:\/\/backingtracksmusic.com\/es\/wp-json\/wp\/v2\/product_cat?post=4983"},{"taxonomy":"product_tag","embeddable":true,"href":"https:\/\/backingtracksmusic.com\/es\/wp-json\/wp\/v2\/product_tag?post=4983"}],"curies":[{"name":"wp","href":"https:\/\/api.w.org\/{rel}","templated":true}]}}