{"id":4866,"date":"2022-03-15T07:51:21","date_gmt":"2022-03-15T10:51:21","guid":{"rendered":"https:\/\/backingtracksmusic.com\/?post_type=product&#038;p=4866"},"modified":"2022-03-22T09:45:36","modified_gmt":"2022-03-22T12:45:36","slug":"aranjuez-concerto-jazz-version","status":"publish","type":"product","link":"https:\/\/backingtracksmusic.com\/es\/producto\/aranjuez-concerto-jazz-version\/","title":{"rendered":"Aranjuez concerto (jazz version)"},"content":{"rendered":"<h3>Informaci\u00f3n:<\/h3>\n<p>El Concierto de Aranjuez es una composici\u00f3n musical para guitarra y orquesta (cfr. concierto para guitarra y orquesta) del compositor espa\u00f1ol Joaqu\u00edn Rodrigo. Escrito en 1939, es el trabajo m\u00e1s conocido de Joaqu\u00edn Rodrigo y su \u00e9xito establece la reputaci\u00f3n de dicho compositor como uno de los principales de la posguerra espa\u00f1ola. Su adagio es singularmente popular, habiendo sido cantado por m\u00faltiples figuras de la \u00f3pera y la canci\u00f3n mel\u00f3dica.<\/p>\n","protected":false},"excerpt":{"rendered":"<h3>Demo:<\/h3>\n<div class=\"wp-playlist wp-audio-playlist wp-playlist-light\">\n<div class=\"wp-playlist-current-item\"><\/div>\n<p>\t\t<audio controls=\"controls\" preload=\"none\" width=\"1378\"\n\t\t\t><\/audio><\/p>\n<div class=\"wp-playlist-next\"><\/div>\n<div class=\"wp-playlist-prev\"><\/div>\n<p>\t<noscript><\/p>\n<ol>\n<li><a href='https:\/\/backingtracksmusic.com\/wp-content\/uploads\/2022\/03\/Concerto-aranjuez-v-jazz-refe-DEMO.mp3'>Concerto aranjuez v jazz + refe DEMO<\/a><\/li>\n<li><a href='https:\/\/backingtracksmusic.com\/wp-content\/uploads\/2022\/03\/Concerto-aranjuez-v-jazz-DEMO.mp3'>Concerto aranjuez v jazz DEMO<\/a><\/li>\n<\/ol>\n<p>\t<\/noscript><br \/>\n\t<script type=\"application\/json\" class=\"wp-playlist-script\">{\"type\":\"audio\",\"tracklist\":true,\"tracknumbers\":true,\"images\":false,\"artists\":false,\"tracks\":[{\"src\":\"https:\/\/backingtracksmusic.com\/wp-content\/uploads\/2022\/03\/Concerto-aranjuez-v-jazz-refe-DEMO.mp3\",\"type\":\"audio\/mpeg\",\"title\":\"Concerto aranjuez v jazz + refe DEMO\",\"caption\":\"\",\"description\":\"\\\"Concerto aranjuez v jazz + refe DEMO\\\". G\\u00e9nero: Other.\",\"meta\":{\"genre\":\"Other\",\"length_formatted\":\"1:19\"},\"image\":{\"src\":\"https:\/\/backingtracksmusic.com\/wp-includes\/images\/media\/audio.svg\",\"width\":48,\"height\":64},\"thumb\":{\"src\":\"https:\/\/backingtracksmusic.com\/wp-includes\/images\/media\/audio.svg\",\"width\":48,\"height\":64}},{\"src\":\"https:\/\/backingtracksmusic.com\/wp-content\/uploads\/2022\/03\/Concerto-aranjuez-v-jazz-DEMO.mp3\",\"type\":\"audio\/mpeg\",\"title\":\"Concerto aranjuez v jazz DEMO\",\"caption\":\"\",\"description\":\"\\\"Concerto aranjuez v jazz DEMO\\\". G\\u00e9nero: Other.\",\"meta\":{\"genre\":\"Other\",\"length_formatted\":\"1:59\"},\"image\":{\"src\":\"https:\/\/backingtracksmusic.com\/wp-includes\/images\/media\/audio.svg\",\"width\":48,\"height\":64},\"thumb\":{\"src\":\"https:\/\/backingtracksmusic.com\/wp-includes\/images\/media\/audio.svg\",\"width\":48,\"height\":64}}]}<\/script>\n<\/div>\n","protected":false},"featured_media":4867,"template":"","meta":{"_acf_changed":false},"product_brand":[],"product_cat":[92,99],"product_tag":[296],"class_list":{"0":"post-4866","1":"product","2":"type-product","3":"status-publish","4":"has-post-thumbnail","6":"product_cat-07-jazz","7":"product_cat-15-oldes","8":"product_tag-joaquin-rodrigo","10":"first","11":"instock","12":"virtual","13":"purchasable","14":"product-type-simple"},"acf":[],"_links":{"self":[{"href":"https:\/\/backingtracksmusic.com\/es\/wp-json\/wp\/v2\/product\/4866","targetHints":{"allow":["GET"]}}],"collection":[{"href":"https:\/\/backingtracksmusic.com\/es\/wp-json\/wp\/v2\/product"}],"about":[{"href":"https:\/\/backingtracksmusic.com\/es\/wp-json\/wp\/v2\/types\/product"}],"wp:featuredmedia":[{"embeddable":true,"href":"https:\/\/backingtracksmusic.com\/es\/wp-json\/wp\/v2\/media\/4867"}],"wp:attachment":[{"href":"https:\/\/backingtracksmusic.com\/es\/wp-json\/wp\/v2\/media?parent=4866"}],"wp:term":[{"taxonomy":"product_brand","embeddable":true,"href":"https:\/\/backingtracksmusic.com\/es\/wp-json\/wp\/v2\/product_brand?post=4866"},{"taxonomy":"product_cat","embeddable":true,"href":"https:\/\/backingtracksmusic.com\/es\/wp-json\/wp\/v2\/product_cat?post=4866"},{"taxonomy":"product_tag","embeddable":true,"href":"https:\/\/backingtracksmusic.com\/es\/wp-json\/wp\/v2\/product_tag?post=4866"}],"curies":[{"name":"wp","href":"https:\/\/api.w.org\/{rel}","templated":true}]}}