{"id":4831,"date":"2022-02-26T19:53:15","date_gmt":"2022-02-26T22:53:15","guid":{"rendered":"https:\/\/backingtracksmusic.com\/?post_type=product&#038;p=4831"},"modified":"2022-03-22T09:45:55","modified_gmt":"2022-03-22T12:45:55","slug":"cest-si-bon","status":"publish","type":"product","link":"https:\/\/backingtracksmusic.com\/es\/producto\/cest-si-bon\/","title":{"rendered":"C\u00b4est si bon!"},"content":{"rendered":"<h3>Informaci\u00f3n:<\/h3>\n<p>&#8220;C&#8217;est si bon&#8221; es una canci\u00f3n francesa, con m\u00fasica compuesta en 1947 por Henri Betti, la letra en franc\u00e9s fue escrita por Andr\u00e9 Hornez, y en ingl\u00e9s por Jerry Seelen, la versi\u00f3n inglesa lleva por t\u00edtulo &#8220;It&#8217;s So Good&#8221;. La canci\u00f3n fue popularizada por Louis Armstrong e Yves Montand, que interpretaron la canci\u00f3n en ingl\u00e9s y en franc\u00e9s respectivamente.<\/p>\n<p>&nbsp;<\/p>\n<p>&nbsp;<\/p>\n","protected":false},"excerpt":{"rendered":"<h3>Demo:<\/h3>\n<div class=\"wp-playlist wp-audio-playlist wp-playlist-light\">\n<div class=\"wp-playlist-current-item\"><\/div>\n<p>\t\t<audio controls=\"controls\" preload=\"none\" width=\"1378\"\n\t\t\t><\/audio><\/p>\n<div class=\"wp-playlist-next\"><\/div>\n<div class=\"wp-playlist-prev\"><\/div>\n<p>\t<noscript><\/p>\n<ol>\n<li><a href='https:\/\/backingtracksmusic.com\/wp-content\/uploads\/2022\/02\/C\u00b4esti-si-bon-F-play-reference-flute-DEMO.mp3'>C\u00b4esti si bon! F play + reference flute DEMO<\/a><\/li>\n<li><a href='https:\/\/backingtracksmusic.com\/wp-content\/uploads\/2022\/02\/cest-si-bon-F-play-con-sax-DEMO.mp3'>cest si bon F play con sax DEMO<\/a><\/li>\n<\/ol>\n<p>\t<\/noscript><br \/>\n\t<script type=\"application\/json\" class=\"wp-playlist-script\">{\"type\":\"audio\",\"tracklist\":true,\"tracknumbers\":true,\"images\":false,\"artists\":false,\"tracks\":[{\"src\":\"https:\/\/backingtracksmusic.com\/wp-content\/uploads\/2022\/02\/C\\u00b4esti-si-bon-F-play-reference-flute-DEMO.mp3\",\"type\":\"audio\/mpeg\",\"title\":\"C\\u00b4esti si bon! F play + reference flute DEMO\",\"caption\":\"\",\"description\":\"\\\"C\\u00b4esti si bon! F play + reference flute DEMO\\\". G\\u00e9nero: Other.\",\"meta\":{\"genre\":\"Other\",\"length_formatted\":\"1:27\"},\"image\":{\"src\":\"https:\/\/backingtracksmusic.com\/wp-includes\/images\/media\/audio.svg\",\"width\":48,\"height\":64},\"thumb\":{\"src\":\"https:\/\/backingtracksmusic.com\/wp-includes\/images\/media\/audio.svg\",\"width\":48,\"height\":64}},{\"src\":\"https:\/\/backingtracksmusic.com\/wp-content\/uploads\/2022\/02\/cest-si-bon-F-play-con-sax-DEMO.mp3\",\"type\":\"audio\/mpeg\",\"title\":\"cest si bon F play con sax DEMO\",\"caption\":\"\",\"description\":\"\\\"cest si bon F play con sax DEMO\\\". G\\u00e9nero: Other.\",\"meta\":{\"genre\":\"Other\",\"length_formatted\":\"1:08\"},\"image\":{\"src\":\"https:\/\/backingtracksmusic.com\/wp-includes\/images\/media\/audio.svg\",\"width\":48,\"height\":64},\"thumb\":{\"src\":\"https:\/\/backingtracksmusic.com\/wp-includes\/images\/media\/audio.svg\",\"width\":48,\"height\":64}}]}<\/script>\n<\/div>\n","protected":false},"featured_media":4832,"template":"","meta":{"_acf_changed":false},"product_brand":[],"product_cat":[92],"product_tag":[323],"class_list":{"0":"post-4831","1":"product","2":"type-product","3":"status-publish","4":"has-post-thumbnail","6":"product_cat-07-jazz","7":"product_tag-henri-betti","9":"first","10":"instock","11":"downloadable","12":"virtual","13":"purchasable","14":"product-type-simple"},"acf":[],"_links":{"self":[{"href":"https:\/\/backingtracksmusic.com\/es\/wp-json\/wp\/v2\/product\/4831","targetHints":{"allow":["GET"]}}],"collection":[{"href":"https:\/\/backingtracksmusic.com\/es\/wp-json\/wp\/v2\/product"}],"about":[{"href":"https:\/\/backingtracksmusic.com\/es\/wp-json\/wp\/v2\/types\/product"}],"wp:featuredmedia":[{"embeddable":true,"href":"https:\/\/backingtracksmusic.com\/es\/wp-json\/wp\/v2\/media\/4832"}],"wp:attachment":[{"href":"https:\/\/backingtracksmusic.com\/es\/wp-json\/wp\/v2\/media?parent=4831"}],"wp:term":[{"taxonomy":"product_brand","embeddable":true,"href":"https:\/\/backingtracksmusic.com\/es\/wp-json\/wp\/v2\/product_brand?post=4831"},{"taxonomy":"product_cat","embeddable":true,"href":"https:\/\/backingtracksmusic.com\/es\/wp-json\/wp\/v2\/product_cat?post=4831"},{"taxonomy":"product_tag","embeddable":true,"href":"https:\/\/backingtracksmusic.com\/es\/wp-json\/wp\/v2\/product_tag?post=4831"}],"curies":[{"name":"wp","href":"https:\/\/api.w.org\/{rel}","templated":true}]}}