{"id":4792,"date":"2022-02-15T09:36:11","date_gmt":"2022-02-15T12:36:11","guid":{"rendered":"https:\/\/backingtracksmusic.com\/?post_type=product&#038;p=4792"},"modified":"2022-03-22T09:46:10","modified_gmt":"2022-03-22T12:46:10","slug":"panis-angelicus","status":"publish","type":"product","link":"https:\/\/backingtracksmusic.com\/es\/producto\/panis-angelicus\/","title":{"rendered":"Panis Angelicus"},"content":{"rendered":"<h3>Informaci\u00f3n:<\/h3>\n<p>\u00abPanis Angelicus\u00bb (\u00abPan Angelical\u00bb) es uno de los cinco himnos escritos por Santo Tom\u00e1s de Aquino para la Fiesta de Corpus Christi como parte de la liturgia completa de la Fiesta, incluyendo oraciones para la Misa y la Liturgia de las Horas. Realmente son las dos \u00faltimas estrofas de las siete de las que se compone el himno \u00abSacris Solemniis\u00bb, que extra\u00eddas del conjunto se cantan como ant\u00edfona. Los otros cuatro himnos escritos por Santo Tom\u00e1s son \u00abO Salutaris Hostia (Verbum Supernum Prodiens)\u00bb, \u00abAdoro te devote\u00bb, \u00abPange lingua\u00bb y \u00abTantum Ergo\u00bb (en realidad \u00abTantum ergo\u00bb constituye las dos \u00faltimas estrofas del \u00abPange Lingua\u00bb).<br \/>\nEn 1872, C\u00e9sar Franck compuso la obra para tenor, \u00f3rgano, arpa, chelo y contrabajo, y la incorpor\u00f3 en su Messe \u00e0 troi voix. Ha sido cantado por Luciano Pavarotti (quien tiene una versi\u00f3n con Sting) y Pl\u00e1cido Domingo. John McCormack, en 1932, cant\u00f3 esta obra en el Parque Phoenix, en Dubl\u00edn, y se considera el punto m\u00e1s alto de su carrera<\/p>\n<p>&nbsp;<\/p>\n","protected":false},"excerpt":{"rendered":"<h3>Demo:<\/h3>\n<div class=\"wp-playlist wp-audio-playlist wp-playlist-light\">\n<div class=\"wp-playlist-current-item\"><\/div>\n<p>\t\t<audio controls=\"controls\" preload=\"none\" width=\"1378\"\n\t\t\t><\/audio><\/p>\n<div class=\"wp-playlist-next\"><\/div>\n<div class=\"wp-playlist-prev\"><\/div>\n<p>\t<noscript><\/p>\n<ol>\n<li><a href='https:\/\/backingtracksmusic.com\/wp-content\/uploads\/2022\/02\/Panis-angelicus-C-play-reference-DEMO.mp3'>Panis angelicus C play + reference DEMO<\/a><\/li>\n<li><a href='https:\/\/backingtracksmusic.com\/wp-content\/uploads\/2022\/02\/Panis-angelicus-C-play-DEMO.mp3'>Panis angelicus C play DEMO<\/a><\/li>\n<\/ol>\n<p>\t<\/noscript><br \/>\n\t<script type=\"application\/json\" class=\"wp-playlist-script\">{\"type\":\"audio\",\"tracklist\":true,\"tracknumbers\":true,\"images\":false,\"artists\":false,\"tracks\":[{\"src\":\"https:\/\/backingtracksmusic.com\/wp-content\/uploads\/2022\/02\/Panis-angelicus-C-play-reference-DEMO.mp3\",\"type\":\"audio\/mpeg\",\"title\":\"Panis angelicus C play + reference DEMO\",\"caption\":\"\",\"description\":\"\\\"Panis angelicus C play + reference DEMO\\\". G\\u00e9nero: Other.\",\"meta\":{\"genre\":\"Other\",\"length_formatted\":\"2:02\"},\"image\":{\"src\":\"https:\/\/backingtracksmusic.com\/wp-includes\/images\/media\/audio.svg\",\"width\":48,\"height\":64},\"thumb\":{\"src\":\"https:\/\/backingtracksmusic.com\/wp-includes\/images\/media\/audio.svg\",\"width\":48,\"height\":64}},{\"src\":\"https:\/\/backingtracksmusic.com\/wp-content\/uploads\/2022\/02\/Panis-angelicus-C-play-DEMO.mp3\",\"type\":\"audio\/mpeg\",\"title\":\"Panis angelicus C play DEMO\",\"caption\":\"\",\"description\":\"\\\"Panis angelicus C play DEMO\\\". G\\u00e9nero: Other.\",\"meta\":{\"genre\":\"Other\",\"length_formatted\":\"2:03\"},\"image\":{\"src\":\"https:\/\/backingtracksmusic.com\/wp-includes\/images\/media\/audio.svg\",\"width\":48,\"height\":64},\"thumb\":{\"src\":\"https:\/\/backingtracksmusic.com\/wp-includes\/images\/media\/audio.svg\",\"width\":48,\"height\":64}}]}<\/script>\n<\/div>\n","protected":false},"featured_media":4793,"template":"","meta":{"_acf_changed":false},"product_brand":[],"product_cat":[89],"product_tag":[314],"class_list":{"0":"post-4792","1":"product","2":"type-product","3":"status-publish","4":"has-post-thumbnail","6":"product_cat-04-clasica","7":"product_tag-cesar-franck","9":"first","10":"instock","11":"downloadable","12":"virtual","13":"purchasable","14":"product-type-simple"},"acf":[],"_links":{"self":[{"href":"https:\/\/backingtracksmusic.com\/es\/wp-json\/wp\/v2\/product\/4792","targetHints":{"allow":["GET"]}}],"collection":[{"href":"https:\/\/backingtracksmusic.com\/es\/wp-json\/wp\/v2\/product"}],"about":[{"href":"https:\/\/backingtracksmusic.com\/es\/wp-json\/wp\/v2\/types\/product"}],"wp:featuredmedia":[{"embeddable":true,"href":"https:\/\/backingtracksmusic.com\/es\/wp-json\/wp\/v2\/media\/4793"}],"wp:attachment":[{"href":"https:\/\/backingtracksmusic.com\/es\/wp-json\/wp\/v2\/media?parent=4792"}],"wp:term":[{"taxonomy":"product_brand","embeddable":true,"href":"https:\/\/backingtracksmusic.com\/es\/wp-json\/wp\/v2\/product_brand?post=4792"},{"taxonomy":"product_cat","embeddable":true,"href":"https:\/\/backingtracksmusic.com\/es\/wp-json\/wp\/v2\/product_cat?post=4792"},{"taxonomy":"product_tag","embeddable":true,"href":"https:\/\/backingtracksmusic.com\/es\/wp-json\/wp\/v2\/product_tag?post=4792"}],"curies":[{"name":"wp","href":"https:\/\/api.w.org\/{rel}","templated":true}]}}