{"id":4784,"date":"2022-02-12T17:10:00","date_gmt":"2022-02-12T20:10:00","guid":{"rendered":"https:\/\/backingtracksmusic.com\/?post_type=product&#038;p=4784"},"modified":"2022-03-22T09:46:17","modified_gmt":"2022-03-22T12:46:17","slug":"just-the-way-you-are","status":"publish","type":"product","link":"https:\/\/backingtracksmusic.com\/es\/producto\/just-the-way-you-are\/","title":{"rendered":"Just the way you are"},"content":{"rendered":"<h3>Informaci\u00f3n:<\/h3>\n<p>\u00abJust the Way You Are\u00bb es una canci\u00f3n del cantante estadounidense Billy Joel, perteneciente al \u00e1lbum The Stranger. Fue lanzada en septiembre de 1977. La canci\u00f3n gan\u00f3 dos premios Grammy en 1978: grabaci\u00f3n del a\u00f1o y canci\u00f3n del a\u00f1o.<\/p>\n<p>&nbsp;<\/p>\n<p>&nbsp;<\/p>\n","protected":false},"excerpt":{"rendered":"<h3>Demo:<\/h3>\n<div class=\"wp-playlist wp-audio-playlist wp-playlist-light\">\n<div class=\"wp-playlist-current-item\"><\/div>\n<p>\t\t<audio controls=\"controls\" preload=\"none\" width=\"1378\"\n\t\t\t><\/audio><\/p>\n<div class=\"wp-playlist-next\"><\/div>\n<div class=\"wp-playlist-prev\"><\/div>\n<p>\t<noscript><\/p>\n<ol>\n<li><a href='https:\/\/backingtracksmusic.com\/wp-content\/uploads\/2022\/02\/Jus-the-way-you-are-E-play-reference-DEMO.mp3'>Jus the way you are E play + reference DEMO<\/a><\/li>\n<li><a href='https:\/\/backingtracksmusic.com\/wp-content\/uploads\/2022\/02\/Jus-the-way-you-are-E-play-DEMO.mp3'>Jus the way you are E play DEMO<\/a><\/li>\n<\/ol>\n<p>\t<\/noscript><br \/>\n\t<script type=\"application\/json\" class=\"wp-playlist-script\">{\"type\":\"audio\",\"tracklist\":true,\"tracknumbers\":true,\"images\":false,\"artists\":false,\"tracks\":[{\"src\":\"https:\/\/backingtracksmusic.com\/wp-content\/uploads\/2022\/02\/Jus-the-way-you-are-E-play-reference-DEMO.mp3\",\"type\":\"audio\/mpeg\",\"title\":\"Jus the way you are E play + reference DEMO\",\"caption\":\"\",\"description\":\"\\\"Jus the way you are E play + reference DEMO\\\". G\\u00e9nero: Other.\",\"meta\":{\"genre\":\"Other\",\"length_formatted\":\"1:32\"},\"image\":{\"src\":\"https:\/\/backingtracksmusic.com\/wp-includes\/images\/media\/audio.svg\",\"width\":48,\"height\":64},\"thumb\":{\"src\":\"https:\/\/backingtracksmusic.com\/wp-includes\/images\/media\/audio.svg\",\"width\":48,\"height\":64}},{\"src\":\"https:\/\/backingtracksmusic.com\/wp-content\/uploads\/2022\/02\/Jus-the-way-you-are-E-play-DEMO.mp3\",\"type\":\"audio\/mpeg\",\"title\":\"Jus the way you are E play DEMO\",\"caption\":\"\",\"description\":\"\\\"Jus the way you are E play DEMO\\\". G\\u00e9nero: Other.\",\"meta\":{\"genre\":\"Other\",\"length_formatted\":\"2:42\"},\"image\":{\"src\":\"https:\/\/backingtracksmusic.com\/wp-includes\/images\/media\/audio.svg\",\"width\":48,\"height\":64},\"thumb\":{\"src\":\"https:\/\/backingtracksmusic.com\/wp-includes\/images\/media\/audio.svg\",\"width\":48,\"height\":64}}]}<\/script>\n<\/div>\n","protected":false},"featured_media":4785,"template":"","meta":{"_acf_changed":false},"product_brand":[],"product_cat":[97,99],"product_tag":[312],"class_list":{"0":"post-4784","1":"product","2":"type-product","3":"status-publish","4":"has-post-thumbnail","6":"product_cat-13-love-songs","7":"product_cat-15-oldes","8":"product_tag-billy-joel","10":"first","11":"instock","12":"downloadable","13":"virtual","14":"purchasable","15":"product-type-simple"},"acf":[],"_links":{"self":[{"href":"https:\/\/backingtracksmusic.com\/es\/wp-json\/wp\/v2\/product\/4784","targetHints":{"allow":["GET"]}}],"collection":[{"href":"https:\/\/backingtracksmusic.com\/es\/wp-json\/wp\/v2\/product"}],"about":[{"href":"https:\/\/backingtracksmusic.com\/es\/wp-json\/wp\/v2\/types\/product"}],"wp:featuredmedia":[{"embeddable":true,"href":"https:\/\/backingtracksmusic.com\/es\/wp-json\/wp\/v2\/media\/4785"}],"wp:attachment":[{"href":"https:\/\/backingtracksmusic.com\/es\/wp-json\/wp\/v2\/media?parent=4784"}],"wp:term":[{"taxonomy":"product_brand","embeddable":true,"href":"https:\/\/backingtracksmusic.com\/es\/wp-json\/wp\/v2\/product_brand?post=4784"},{"taxonomy":"product_cat","embeddable":true,"href":"https:\/\/backingtracksmusic.com\/es\/wp-json\/wp\/v2\/product_cat?post=4784"},{"taxonomy":"product_tag","embeddable":true,"href":"https:\/\/backingtracksmusic.com\/es\/wp-json\/wp\/v2\/product_tag?post=4784"}],"curies":[{"name":"wp","href":"https:\/\/api.w.org\/{rel}","templated":true}]}}