{"id":4754,"date":"2022-01-24T17:31:47","date_gmt":"2022-01-24T20:31:47","guid":{"rendered":"https:\/\/backingtracksmusic.com\/?post_type=product&#038;p=4754"},"modified":"2022-03-22T09:46:24","modified_gmt":"2022-03-22T12:46:24","slug":"spartacus","status":"publish","type":"product","link":"https:\/\/backingtracksmusic.com\/es\/producto\/spartacus\/","title":{"rendered":"Spartacus"},"content":{"rendered":"<h3>Informaci\u00f3n:<\/h3>\n<p>Espartaco (Spartacus) es una pel\u00edcula estadounidense de 1960 dirigida por Stanley Kubrick y basada en la novela hist\u00f3rica hom\u00f3nima de Howard Fast.<br \/>\nLa musica fue compuesta por Alex North, quien ha sido nominado mas veces al premio Oscar como autgos de bandas sonoras, sin haber conseguido ningun premio.<br \/>\ncompuso muchas melodias conocidas, como GHOST entre tantas.<\/p>\n<p>&nbsp;<\/p>\n<p>&nbsp;<\/p>\n","protected":false},"excerpt":{"rendered":"<h3>Demo:<\/h3>\n<div class=\"wp-playlist wp-audio-playlist wp-playlist-light\">\n<div class=\"wp-playlist-current-item\"><\/div>\n<p>\t\t<audio controls=\"controls\" preload=\"none\" width=\"1378\"\n\t\t\t><\/audio><\/p>\n<div class=\"wp-playlist-next\"><\/div>\n<div class=\"wp-playlist-prev\"><\/div>\n<p>\t<noscript><\/p>\n<ol>\n<li><a href='https:\/\/backingtracksmusic.com\/wp-content\/uploads\/2022\/01\/Spartacus-play-reference-sax-DEMO.mp3'>Spartacus play + reference sax DEMO<\/a><\/li>\n<li><a href='https:\/\/backingtracksmusic.com\/wp-content\/uploads\/2022\/01\/Spartacus-play-DEMO.mp3'>Spartacus play DEMO<\/a><\/li>\n<\/ol>\n<p>\t<\/noscript><br \/>\n\t<script type=\"application\/json\" class=\"wp-playlist-script\">{\"type\":\"audio\",\"tracklist\":true,\"tracknumbers\":true,\"images\":false,\"artists\":false,\"tracks\":[{\"src\":\"https:\/\/backingtracksmusic.com\/wp-content\/uploads\/2022\/01\/Spartacus-play-reference-sax-DEMO.mp3\",\"type\":\"audio\/mpeg\",\"title\":\"Spartacus play + reference sax DEMO\",\"caption\":\"\",\"description\":\"\\\"Spartacus play + reference sax DEMO\\\". G\\u00e9nero: Other.\",\"meta\":{\"genre\":\"Other\",\"length_formatted\":\"1:54\"},\"image\":{\"src\":\"https:\/\/backingtracksmusic.com\/wp-includes\/images\/media\/audio.svg\",\"width\":48,\"height\":64},\"thumb\":{\"src\":\"https:\/\/backingtracksmusic.com\/wp-includes\/images\/media\/audio.svg\",\"width\":48,\"height\":64}},{\"src\":\"https:\/\/backingtracksmusic.com\/wp-content\/uploads\/2022\/01\/Spartacus-play-DEMO.mp3\",\"type\":\"audio\/mpeg\",\"title\":\"Spartacus play DEMO\",\"caption\":\"\",\"description\":\"\\\"Spartacus play DEMO\\\". G\\u00e9nero: Other.\",\"meta\":{\"genre\":\"Other\",\"length_formatted\":\"1:08\"},\"image\":{\"src\":\"https:\/\/backingtracksmusic.com\/wp-includes\/images\/media\/audio.svg\",\"width\":48,\"height\":64},\"thumb\":{\"src\":\"https:\/\/backingtracksmusic.com\/wp-includes\/images\/media\/audio.svg\",\"width\":48,\"height\":64}}]}<\/script>\n<\/div>\n","protected":false},"featured_media":4755,"template":"","meta":{"_acf_changed":false},"product_brand":[],"product_cat":[103],"product_tag":[306],"class_list":{"0":"post-4754","1":"product","2":"type-product","3":"status-publish","4":"has-post-thumbnail","6":"product_cat-10-tv-movies","7":"product_tag-alex-north","9":"first","10":"instock","11":"downloadable","12":"virtual","13":"purchasable","14":"product-type-simple"},"acf":[],"_links":{"self":[{"href":"https:\/\/backingtracksmusic.com\/es\/wp-json\/wp\/v2\/product\/4754","targetHints":{"allow":["GET"]}}],"collection":[{"href":"https:\/\/backingtracksmusic.com\/es\/wp-json\/wp\/v2\/product"}],"about":[{"href":"https:\/\/backingtracksmusic.com\/es\/wp-json\/wp\/v2\/types\/product"}],"wp:featuredmedia":[{"embeddable":true,"href":"https:\/\/backingtracksmusic.com\/es\/wp-json\/wp\/v2\/media\/4755"}],"wp:attachment":[{"href":"https:\/\/backingtracksmusic.com\/es\/wp-json\/wp\/v2\/media?parent=4754"}],"wp:term":[{"taxonomy":"product_brand","embeddable":true,"href":"https:\/\/backingtracksmusic.com\/es\/wp-json\/wp\/v2\/product_brand?post=4754"},{"taxonomy":"product_cat","embeddable":true,"href":"https:\/\/backingtracksmusic.com\/es\/wp-json\/wp\/v2\/product_cat?post=4754"},{"taxonomy":"product_tag","embeddable":true,"href":"https:\/\/backingtracksmusic.com\/es\/wp-json\/wp\/v2\/product_tag?post=4754"}],"curies":[{"name":"wp","href":"https:\/\/api.w.org\/{rel}","templated":true}]}}