{"id":4750,"date":"2022-01-24T10:31:34","date_gmt":"2022-01-24T13:31:34","guid":{"rendered":"https:\/\/backingtracksmusic.com\/?post_type=product&#038;p=4750"},"modified":"2022-03-22T09:46:25","modified_gmt":"2022-03-22T12:46:25","slug":"milonga-el-exilio-de-gardel","status":"publish","type":"product","link":"https:\/\/backingtracksmusic.com\/es\/producto\/milonga-el-exilio-de-gardel\/","title":{"rendered":"Milonga (el exilio de Gardel)"},"content":{"rendered":"<h3>Informaci\u00f3n:<\/h3>\n<p>El exilio de Gardel (Tangos) es una pel\u00edcula argentina-francesa estrenada el 20 de marzo de 1986, dirigida por Fernando Solanas y protagonizada por Marie Lafor\u00eat, Miguel \u00c1ngel Sol\u00e1 y Philippe Leotard.<br \/>\nMusical de tango que muestra detalles de la vida de un grupo de argentinos tratando de sobrevivir en su exilio en Par\u00eds, durante la dictadura argentina llamada Proceso de Reorganizaci\u00f3n Nacional (1976-1983)<br \/>\nMusica compuesta por Astor Piazzolla<\/p>\n<p>&nbsp;<\/p>\n<p>&nbsp;<\/p>\n","protected":false},"excerpt":{"rendered":"<h3>Demo:<\/h3>\n<div class=\"wp-playlist wp-audio-playlist wp-playlist-light\">\n<div class=\"wp-playlist-current-item\"><\/div>\n<p>\t\t<audio controls=\"controls\" preload=\"none\" width=\"1378\"\n\t\t\t><\/audio><\/p>\n<div class=\"wp-playlist-next\"><\/div>\n<div class=\"wp-playlist-prev\"><\/div>\n<p>\t<noscript><\/p>\n<ol>\n<li><a href='https:\/\/backingtracksmusic.com\/wp-content\/uploads\/2022\/01\/Milonga-play-DEMO.mp3'>Milonga play DEMO<\/a><\/li>\n<li><a href='https:\/\/backingtracksmusic.com\/wp-content\/uploads\/2022\/01\/Milonga-play-referencia-saxo-demo.mp3'>Milonga play + referencia saxo demo<\/a><\/li>\n<\/ol>\n<p>\t<\/noscript><br \/>\n\t<script type=\"application\/json\" class=\"wp-playlist-script\">{\"type\":\"audio\",\"tracklist\":true,\"tracknumbers\":true,\"images\":false,\"artists\":false,\"tracks\":[{\"src\":\"https:\/\/backingtracksmusic.com\/wp-content\/uploads\/2022\/01\/Milonga-play-DEMO.mp3\",\"type\":\"audio\/mpeg\",\"title\":\"Milonga play DEMO\",\"caption\":\"\",\"description\":\"\\\"Milonga play DEMO\\\". G\\u00e9nero: Other.\",\"meta\":{\"genre\":\"Other\",\"length_formatted\":\"1:38\"},\"image\":{\"src\":\"https:\/\/backingtracksmusic.com\/wp-includes\/images\/media\/audio.svg\",\"width\":48,\"height\":64},\"thumb\":{\"src\":\"https:\/\/backingtracksmusic.com\/wp-includes\/images\/media\/audio.svg\",\"width\":48,\"height\":64}},{\"src\":\"https:\/\/backingtracksmusic.com\/wp-content\/uploads\/2022\/01\/Milonga-play-referencia-saxo-demo.mp3\",\"type\":\"audio\/mpeg\",\"title\":\"Milonga play + referencia saxo demo\",\"caption\":\"\",\"description\":\"\\\"Milonga play + referencia saxo demo\\\". G\\u00e9nero: Other.\",\"meta\":{\"genre\":\"Other\",\"length_formatted\":\"1:41\"},\"image\":{\"src\":\"https:\/\/backingtracksmusic.com\/wp-includes\/images\/media\/audio.svg\",\"width\":48,\"height\":64},\"thumb\":{\"src\":\"https:\/\/backingtracksmusic.com\/wp-includes\/images\/media\/audio.svg\",\"width\":48,\"height\":64}}]}<\/script>\n<\/div>\n","protected":false},"featured_media":4751,"template":"","meta":{"_acf_changed":false},"product_brand":[],"product_cat":[87,103],"product_tag":[109,305],"class_list":{"0":"post-4750","1":"product","2":"type-product","3":"status-publish","4":"has-post-thumbnail","6":"product_cat-02-piazzolla-new-tango","7":"product_cat-10-tv-movies","8":"product_tag-astor-piazzolla","9":"product_tag-pino-solanas","11":"first","12":"instock","13":"downloadable","14":"virtual","15":"purchasable","16":"product-type-simple"},"acf":[],"_links":{"self":[{"href":"https:\/\/backingtracksmusic.com\/es\/wp-json\/wp\/v2\/product\/4750","targetHints":{"allow":["GET"]}}],"collection":[{"href":"https:\/\/backingtracksmusic.com\/es\/wp-json\/wp\/v2\/product"}],"about":[{"href":"https:\/\/backingtracksmusic.com\/es\/wp-json\/wp\/v2\/types\/product"}],"wp:featuredmedia":[{"embeddable":true,"href":"https:\/\/backingtracksmusic.com\/es\/wp-json\/wp\/v2\/media\/4751"}],"wp:attachment":[{"href":"https:\/\/backingtracksmusic.com\/es\/wp-json\/wp\/v2\/media?parent=4750"}],"wp:term":[{"taxonomy":"product_brand","embeddable":true,"href":"https:\/\/backingtracksmusic.com\/es\/wp-json\/wp\/v2\/product_brand?post=4750"},{"taxonomy":"product_cat","embeddable":true,"href":"https:\/\/backingtracksmusic.com\/es\/wp-json\/wp\/v2\/product_cat?post=4750"},{"taxonomy":"product_tag","embeddable":true,"href":"https:\/\/backingtracksmusic.com\/es\/wp-json\/wp\/v2\/product_tag?post=4750"}],"curies":[{"name":"wp","href":"https:\/\/api.w.org\/{rel}","templated":true}]}}