{"id":4733,"date":"2022-01-18T13:55:50","date_gmt":"2022-01-18T16:55:50","guid":{"rendered":"https:\/\/backingtracksmusic.com\/?post_type=product&#038;p=4733"},"modified":"2022-03-22T09:46:34","modified_gmt":"2022-03-22T12:46:34","slug":"love-of-my-life","status":"publish","type":"product","link":"https:\/\/backingtracksmusic.com\/es\/producto\/love-of-my-life\/","title":{"rendered":"Love of my life"},"content":{"rendered":"<p>Informacion:<\/p>\n<p>&nbsp;<\/p>\n<p>Love of My Life&#8221; es una canci\u00f3n de la banda de rock brit\u00e1nica Queen de su \u00e1lbum de 1975 A Night at the Opera. Una balada sentimental que incluye un arpa, fue escrita por Freddie Mercury.<\/p>\n<p>Despu\u00e9s de que Queen interpret\u00f3 la canci\u00f3n en Sudam\u00e9rica en 1981, la versi\u00f3n de su \u00e1lbum en vivo Live Killers alcanz\u00f3 el n\u00famero 1 en la lista de sencillos en Argentina y Brasil, y se mantuvo en las listas de ambos pa\u00edses durante todo un a\u00f1o.<\/p>\n<p>Mercury la escribi\u00f3 primero en el piano y la guitarra, y Brian May rearregl\u00f3 la canci\u00f3n para guitarra ac\u00fastica de 12 cuerdas para presentaciones en vivo, y tambi\u00e9n baj\u00f3 la tonalidad. May contribuy\u00f3 ocasionalmente con fraseos de guitarra a la grabaci\u00f3n original y toc\u00f3 los glissandos de arpa pegando varias tomas de acordes individuales.<\/p>\n<p>&nbsp;<\/p>\n","protected":false},"excerpt":{"rendered":"<div class=\"wp-playlist wp-audio-playlist wp-playlist-light\">\n<div class=\"wp-playlist-current-item\"><\/div>\n<p>\t\t<audio controls=\"controls\" preload=\"none\" width=\"1378\"\n\t\t\t><\/audio><\/p>\n<div class=\"wp-playlist-next\"><\/div>\n<div class=\"wp-playlist-prev\"><\/div>\n<p>\t<noscript><\/p>\n<ol>\n<li><a href='https:\/\/backingtracksmusic.com\/wp-content\/uploads\/2022\/01\/Love-of-my-life-piano-play-Reference-cello-DEMO.mp3'>Love of my life piano play + Reference cello DEMO<\/a><\/li>\n<li><a href='https:\/\/backingtracksmusic.com\/wp-content\/uploads\/2022\/01\/Love-of-my-life-piano-play-DEMO.mp3'>Love of my life piano play DEMO<\/a><\/li>\n<\/ol>\n<p>\t<\/noscript><br \/>\n\t<script type=\"application\/json\" class=\"wp-playlist-script\">{\"type\":\"audio\",\"tracklist\":true,\"tracknumbers\":true,\"images\":false,\"artists\":false,\"tracks\":[{\"src\":\"https:\/\/backingtracksmusic.com\/wp-content\/uploads\/2022\/01\/Love-of-my-life-piano-play-Reference-cello-DEMO.mp3\",\"type\":\"audio\/mpeg\",\"title\":\"Love of my life piano play + Reference cello DEMO\",\"caption\":\"\",\"description\":\"\\\"Love of my life piano play + Reference cello DEMO\\\". G\\u00e9nero: Other.\",\"meta\":{\"genre\":\"Other\",\"length_formatted\":\"0:56\"},\"image\":{\"src\":\"https:\/\/backingtracksmusic.com\/wp-includes\/images\/media\/audio.svg\",\"width\":48,\"height\":64},\"thumb\":{\"src\":\"https:\/\/backingtracksmusic.com\/wp-includes\/images\/media\/audio.svg\",\"width\":48,\"height\":64}},{\"src\":\"https:\/\/backingtracksmusic.com\/wp-content\/uploads\/2022\/01\/Love-of-my-life-piano-play-DEMO.mp3\",\"type\":\"audio\/mpeg\",\"title\":\"Love of my life piano play DEMO\",\"caption\":\"\",\"description\":\"\\\"Love of my life piano play DEMO\\\". G\\u00e9nero: Other.\",\"meta\":{\"genre\":\"Other\",\"length_formatted\":\"0:56\"},\"image\":{\"src\":\"https:\/\/backingtracksmusic.com\/wp-includes\/images\/media\/audio.svg\",\"width\":48,\"height\":64},\"thumb\":{\"src\":\"https:\/\/backingtracksmusic.com\/wp-includes\/images\/media\/audio.svg\",\"width\":48,\"height\":64}}]}<\/script>\n<\/div>\n","protected":false},"featured_media":4734,"template":"","meta":{"_acf_changed":false},"product_brand":[],"product_cat":[97,98],"product_tag":[302],"class_list":{"0":"post-4733","1":"product","2":"type-product","3":"status-publish","4":"has-post-thumbnail","6":"product_cat-13-love-songs","7":"product_cat-14-wedding","8":"product_tag-freddie-mercury","10":"first","11":"instock","12":"virtual","13":"purchasable","14":"product-type-simple"},"acf":[],"_links":{"self":[{"href":"https:\/\/backingtracksmusic.com\/es\/wp-json\/wp\/v2\/product\/4733","targetHints":{"allow":["GET"]}}],"collection":[{"href":"https:\/\/backingtracksmusic.com\/es\/wp-json\/wp\/v2\/product"}],"about":[{"href":"https:\/\/backingtracksmusic.com\/es\/wp-json\/wp\/v2\/types\/product"}],"wp:featuredmedia":[{"embeddable":true,"href":"https:\/\/backingtracksmusic.com\/es\/wp-json\/wp\/v2\/media\/4734"}],"wp:attachment":[{"href":"https:\/\/backingtracksmusic.com\/es\/wp-json\/wp\/v2\/media?parent=4733"}],"wp:term":[{"taxonomy":"product_brand","embeddable":true,"href":"https:\/\/backingtracksmusic.com\/es\/wp-json\/wp\/v2\/product_brand?post=4733"},{"taxonomy":"product_cat","embeddable":true,"href":"https:\/\/backingtracksmusic.com\/es\/wp-json\/wp\/v2\/product_cat?post=4733"},{"taxonomy":"product_tag","embeddable":true,"href":"https:\/\/backingtracksmusic.com\/es\/wp-json\/wp\/v2\/product_tag?post=4733"}],"curies":[{"name":"wp","href":"https:\/\/api.w.org\/{rel}","templated":true}]}}