{"id":4720,"date":"2022-01-16T14:22:27","date_gmt":"2022-01-16T17:22:27","guid":{"rendered":"https:\/\/backingtracksmusic.com\/?post_type=product&#038;p=4720"},"modified":"2022-03-22T09:46:41","modified_gmt":"2022-03-22T12:46:41","slug":"as-times-goes-by-casablanca","status":"publish","type":"product","link":"https:\/\/backingtracksmusic.com\/es\/producto\/as-times-goes-by-casablanca\/","title":{"rendered":"As times goes by (Casablanca)"},"content":{"rendered":"<p>Informacion:<\/p>\n<p>&nbsp;<\/p>\n<p>Es una canci\u00f3n compuesta por Herman Hupfeld para la comedia musical teatral: &#8220;Everybody&#8217;s Welcome&#8221; (Todo el mundo es bienvenido), de Broadway en el a\u00f1o 1931. M\u00e1s tarde, en 1942, a la pel\u00edcula Casablanca, en la que Dooley Wilson interpret\u00f3 un fragmento en el papel del pianista Sam<\/p>\n<p>de diferentes artistas.<\/p>\n<p>&nbsp;<\/p>\n","protected":false},"excerpt":{"rendered":"<div class=\"wp-playlist wp-audio-playlist wp-playlist-light\">\n<div class=\"wp-playlist-current-item\"><\/div>\n<p>\t\t<audio controls=\"controls\" preload=\"none\" width=\"1378\"\n\t\t\t><\/audio><\/p>\n<div class=\"wp-playlist-next\"><\/div>\n<div class=\"wp-playlist-prev\"><\/div>\n<p>\t<noscript><\/p>\n<ol>\n<li><a href='https:\/\/backingtracksmusic.com\/wp-content\/uploads\/2022\/01\/As-times-goes-by-casablanca-Eb-play-reference-trumpet-mute-DEMO.mp3'>As times goes by (casablanca) Eb play + reference trumpet mute DEMO<\/a><\/li>\n<li><a href='https:\/\/backingtracksmusic.com\/wp-content\/uploads\/2022\/01\/As-times-goes-by-casablanca-Eb-play-DEMO.mp3'>As times goes by (casablanca) Eb play DEMO<\/a><\/li>\n<\/ol>\n<p>\t<\/noscript><br \/>\n\t<script type=\"application\/json\" class=\"wp-playlist-script\">{\"type\":\"audio\",\"tracklist\":true,\"tracknumbers\":true,\"images\":false,\"artists\":false,\"tracks\":[{\"src\":\"https:\/\/backingtracksmusic.com\/wp-content\/uploads\/2022\/01\/As-times-goes-by-casablanca-Eb-play-reference-trumpet-mute-DEMO.mp3\",\"type\":\"audio\/mpeg\",\"title\":\"As times goes by (casablanca) Eb play + reference trumpet mute DEMO\",\"caption\":\"\",\"description\":\"\\\"As times goes by (casablanca) Eb play + reference trumpet mute DEMO\\\". G\\u00e9nero: Other.\",\"meta\":{\"genre\":\"Other\",\"length_formatted\":\"1:34\"},\"image\":{\"src\":\"https:\/\/backingtracksmusic.com\/wp-includes\/images\/media\/audio.svg\",\"width\":48,\"height\":64},\"thumb\":{\"src\":\"https:\/\/backingtracksmusic.com\/wp-includes\/images\/media\/audio.svg\",\"width\":48,\"height\":64}},{\"src\":\"https:\/\/backingtracksmusic.com\/wp-content\/uploads\/2022\/01\/As-times-goes-by-casablanca-Eb-play-DEMO.mp3\",\"type\":\"audio\/mpeg\",\"title\":\"As times goes by (casablanca) Eb play DEMO\",\"caption\":\"\",\"description\":\"\\\"As times goes by (casablanca) Eb play DEMO\\\". G\\u00e9nero: Other.\",\"meta\":{\"genre\":\"Other\",\"length_formatted\":\"1:26\"},\"image\":{\"src\":\"https:\/\/backingtracksmusic.com\/wp-includes\/images\/media\/audio.svg\",\"width\":48,\"height\":64},\"thumb\":{\"src\":\"https:\/\/backingtracksmusic.com\/wp-includes\/images\/media\/audio.svg\",\"width\":48,\"height\":64}}]}<\/script>\n<\/div>\n","protected":false},"featured_media":4721,"template":"","meta":{"_acf_changed":false},"product_brand":[],"product_cat":[92,103,99],"product_tag":[299],"class_list":{"0":"post-4720","1":"product","2":"type-product","3":"status-publish","4":"has-post-thumbnail","6":"product_cat-07-jazz","7":"product_cat-10-tv-movies","8":"product_cat-15-oldes","9":"product_tag-herman-hupfeld","11":"first","12":"instock","13":"virtual","14":"purchasable","15":"product-type-simple"},"acf":[],"_links":{"self":[{"href":"https:\/\/backingtracksmusic.com\/es\/wp-json\/wp\/v2\/product\/4720","targetHints":{"allow":["GET"]}}],"collection":[{"href":"https:\/\/backingtracksmusic.com\/es\/wp-json\/wp\/v2\/product"}],"about":[{"href":"https:\/\/backingtracksmusic.com\/es\/wp-json\/wp\/v2\/types\/product"}],"wp:featuredmedia":[{"embeddable":true,"href":"https:\/\/backingtracksmusic.com\/es\/wp-json\/wp\/v2\/media\/4721"}],"wp:attachment":[{"href":"https:\/\/backingtracksmusic.com\/es\/wp-json\/wp\/v2\/media?parent=4720"}],"wp:term":[{"taxonomy":"product_brand","embeddable":true,"href":"https:\/\/backingtracksmusic.com\/es\/wp-json\/wp\/v2\/product_brand?post=4720"},{"taxonomy":"product_cat","embeddable":true,"href":"https:\/\/backingtracksmusic.com\/es\/wp-json\/wp\/v2\/product_cat?post=4720"},{"taxonomy":"product_tag","embeddable":true,"href":"https:\/\/backingtracksmusic.com\/es\/wp-json\/wp\/v2\/product_tag?post=4720"}],"curies":[{"name":"wp","href":"https:\/\/api.w.org\/{rel}","templated":true}]}}