{"id":4716,"date":"2022-01-16T10:27:03","date_gmt":"2022-01-16T13:27:03","guid":{"rendered":"https:\/\/backingtracksmusic.com\/?post_type=product&#038;p=4716"},"modified":"2022-03-22T09:46:41","modified_gmt":"2022-03-22T12:46:41","slug":"shrek-fairytale","status":"publish","type":"product","link":"https:\/\/backingtracksmusic.com\/es\/producto\/shrek-fairytale\/","title":{"rendered":"Shrek &#8211; Fairytale"},"content":{"rendered":"<p>Informacion:<\/p>\n<p>Shrek es una pel\u00edcula animada estadounidense de 2001, dirigida por el neozeland\u00e9s Andrew Adamson y la estadounidense Vicky Jenson.<br \/>\nLa m\u00fasica de Shrek fue compuesta por Harry Gregson-Williams y John Powell, y adem\u00e1s en la pel\u00edcula se incluyeron temas vocales de diferentes artistas.<\/p>\n<p>&nbsp;<\/p>\n","protected":false},"excerpt":{"rendered":"<div class=\"wp-playlist wp-audio-playlist wp-playlist-light\">\n<div class=\"wp-playlist-current-item\"><\/div>\n<p>\t\t<audio controls=\"controls\" preload=\"none\" width=\"1378\"\n\t\t\t><\/audio><\/p>\n<div class=\"wp-playlist-next\"><\/div>\n<div class=\"wp-playlist-prev\"><\/div>\n<p>\t<noscript><\/p>\n<ol>\n<li><a href='https:\/\/backingtracksmusic.com\/wp-content\/uploads\/2022\/01\/Shrek-fairytale-play-flute-reference-DEMO.mp3'>Shrek fairytale play + flute reference DEMO<\/a><\/li>\n<li><a href='https:\/\/backingtracksmusic.com\/wp-content\/uploads\/2022\/01\/Shrek-fairytale-play-DEMO.mp3'>Shrek fairytale play DEMO<\/a><\/li>\n<\/ol>\n<p>\t<\/noscript><br \/>\n\t<script type=\"application\/json\" class=\"wp-playlist-script\">{\"type\":\"audio\",\"tracklist\":true,\"tracknumbers\":true,\"images\":false,\"artists\":false,\"tracks\":[{\"src\":\"https:\/\/backingtracksmusic.com\/wp-content\/uploads\/2022\/01\/Shrek-fairytale-play-flute-reference-DEMO.mp3\",\"type\":\"audio\/mpeg\",\"title\":\"Shrek fairytale play + flute reference DEMO\",\"caption\":\"\",\"description\":\"\\\"Shrek fairytale play + flute reference DEMO\\\". G\\u00e9nero: Other.\",\"meta\":{\"genre\":\"Other\",\"length_formatted\":\"0:55\"},\"image\":{\"src\":\"https:\/\/backingtracksmusic.com\/wp-includes\/images\/media\/audio.svg\",\"width\":48,\"height\":64},\"thumb\":{\"src\":\"https:\/\/backingtracksmusic.com\/wp-includes\/images\/media\/audio.svg\",\"width\":48,\"height\":64}},{\"src\":\"https:\/\/backingtracksmusic.com\/wp-content\/uploads\/2022\/01\/Shrek-fairytale-play-DEMO.mp3\",\"type\":\"audio\/mpeg\",\"title\":\"Shrek fairytale play DEMO\",\"caption\":\"\",\"description\":\"\\\"Shrek fairytale play DEMO\\\". G\\u00e9nero: Other.\",\"meta\":{\"genre\":\"Other\",\"length_formatted\":\"0:48\"},\"image\":{\"src\":\"https:\/\/backingtracksmusic.com\/wp-includes\/images\/media\/audio.svg\",\"width\":48,\"height\":64},\"thumb\":{\"src\":\"https:\/\/backingtracksmusic.com\/wp-includes\/images\/media\/audio.svg\",\"width\":48,\"height\":64}}]}<\/script>\n<\/div>\n","protected":false},"featured_media":4717,"template":"","meta":{"_acf_changed":false},"product_brand":[],"product_cat":[103],"product_tag":[298,297],"class_list":{"0":"post-4716","1":"product","2":"type-product","3":"status-publish","4":"has-post-thumbnail","6":"product_cat-10-tv-movies","7":"product_tag-harry-gregson-williams","8":"product_tag-john-powell","10":"first","11":"instock","12":"virtual","13":"purchasable","14":"product-type-simple"},"acf":[],"_links":{"self":[{"href":"https:\/\/backingtracksmusic.com\/es\/wp-json\/wp\/v2\/product\/4716","targetHints":{"allow":["GET"]}}],"collection":[{"href":"https:\/\/backingtracksmusic.com\/es\/wp-json\/wp\/v2\/product"}],"about":[{"href":"https:\/\/backingtracksmusic.com\/es\/wp-json\/wp\/v2\/types\/product"}],"wp:featuredmedia":[{"embeddable":true,"href":"https:\/\/backingtracksmusic.com\/es\/wp-json\/wp\/v2\/media\/4717"}],"wp:attachment":[{"href":"https:\/\/backingtracksmusic.com\/es\/wp-json\/wp\/v2\/media?parent=4716"}],"wp:term":[{"taxonomy":"product_brand","embeddable":true,"href":"https:\/\/backingtracksmusic.com\/es\/wp-json\/wp\/v2\/product_brand?post=4716"},{"taxonomy":"product_cat","embeddable":true,"href":"https:\/\/backingtracksmusic.com\/es\/wp-json\/wp\/v2\/product_cat?post=4716"},{"taxonomy":"product_tag","embeddable":true,"href":"https:\/\/backingtracksmusic.com\/es\/wp-json\/wp\/v2\/product_tag?post=4716"}],"curies":[{"name":"wp","href":"https:\/\/api.w.org\/{rel}","templated":true}]}}