{"id":4494,"date":"2021-12-30T14:50:00","date_gmt":"2021-12-30T17:50:00","guid":{"rendered":"https:\/\/backingtracksmusic.com\/?post_type=product&#038;p=4494"},"modified":"2022-03-22T09:46:56","modified_gmt":"2022-03-22T12:46:56","slug":"benedictus","status":"publish","type":"product","link":"https:\/\/backingtracksmusic.com\/es\/producto\/benedictus\/","title":{"rendered":"Benedictus"},"content":{"rendered":"<h3>Informaci\u00f3n:<\/h3>\n<p><i><b>&#8220;The Armed Man&#8221;: A Mass for Peace<\/b><\/i>\u00a0(traducido como \u00abEl hombre armado: una misa para la paz\u00bb) es una obra del\u00a0<a title=\"Compositor\" href=\"https:\/\/es.wikipedia.org\/wiki\/Compositor\">compositor<\/a>\u00a0<a title=\"Gales\" href=\"https:\/\/es.wikipedia.org\/wiki\/Gales\">Gales<\/a>\u00a0<a title=\"Karl Jenkins\" href=\"https:\/\/es.wikipedia.org\/wiki\/Karl_Jenkins\">Karl Jenkins<\/a>. Esta obra fue encargada para las celebraciones del milenio en el a\u00f1o 2000, y fue dedicada a las v\u00edctimas de la crisis de Kosovo. Igual que la obra anterior\u00a0<i><a class=\"mw-redirect\" title=\"R\u00e9quiem de Guerra\" href=\"https:\/\/es.wikipedia.org\/wiki\/R%C3%A9quiem_de_Guerra\">R\u00e9quiem de Guerra<\/a><\/i>\u00a0de\u00a0<a title=\"Benjamin Britten\" href=\"https:\/\/es.wikipedia.org\/wiki\/Benjamin_Britten\">Benjamin Britten<\/a>, es esencialmente una obra antibelicista y est\u00e1 basada en la misa cat\u00f3lica, la cual Jenkins combina con otras fuentes, principalmente la canci\u00f3n popular del siglo XV\u00a0<a title=\"L'homme arm\u00e9\" href=\"https:\/\/es.wikipedia.org\/wiki\/L%27homme_arm%C3%A9\">L&#8217;homme arm\u00e9<\/a>\u00a0integrada en el primer y \u00faltimo movimientos. Est\u00e1 escrita para coro\u00a0<a title=\"SATB\" href=\"https:\/\/es.wikipedia.org\/wiki\/SATB\">SATB<\/a>\u00a0con solistas (soprano y\u00a0<a title=\"Almu\u00e9dano\" href=\"https:\/\/es.wikipedia.org\/wiki\/Almu%C3%A9dano\">almu\u00e9dano<\/a>) y una orquesta sinf\u00f3nica. Los textos fueron seleccionados por Guy Wilson.<\/p>\n","protected":false},"excerpt":{"rendered":"<h3>Demo:<\/h3>\n<div class=\"wp-playlist wp-audio-playlist wp-playlist-light\">\n<div class=\"wp-playlist-current-item\"><\/div>\n<p>\t\t<audio controls=\"controls\" preload=\"none\" width=\"1378\"\n\t\t\t><\/audio><\/p>\n<div class=\"wp-playlist-next\"><\/div>\n<div class=\"wp-playlist-prev\"><\/div>\n<p>\t<noscript><\/p>\n<ol>\n<li><a href='https:\/\/backingtracksmusic.com\/wp-content\/uploads\/2021\/12\/Benedictus-play-refe-demo.mp3'>Benedictus play +refe demo<\/a><\/li>\n<li><a href='https:\/\/backingtracksmusic.com\/wp-content\/uploads\/2021\/12\/Benedictus-play-demo.mp3'>Benedictus play demo<\/a><\/li>\n<\/ol>\n<p>\t<\/noscript><br \/>\n\t<script type=\"application\/json\" class=\"wp-playlist-script\">{\"type\":\"audio\",\"tracklist\":true,\"tracknumbers\":true,\"images\":false,\"artists\":false,\"tracks\":[{\"src\":\"https:\/\/backingtracksmusic.com\/wp-content\/uploads\/2021\/12\/Benedictus-play-refe-demo.mp3\",\"type\":\"audio\/mpeg\",\"title\":\"Benedictus play +refe demo\",\"caption\":\"\",\"description\":\"\\\"Benedictus play +refe demo\\\". G\\u00e9nero: Other.\",\"meta\":{\"genre\":\"Other\",\"length_formatted\":\"1:44\"},\"image\":{\"src\":\"https:\/\/backingtracksmusic.com\/wp-includes\/images\/media\/audio.svg\",\"width\":48,\"height\":64},\"thumb\":{\"src\":\"https:\/\/backingtracksmusic.com\/wp-includes\/images\/media\/audio.svg\",\"width\":48,\"height\":64}},{\"src\":\"https:\/\/backingtracksmusic.com\/wp-content\/uploads\/2021\/12\/Benedictus-play-demo.mp3\",\"type\":\"audio\/mpeg\",\"title\":\"Benedictus play demo\",\"caption\":\"\",\"description\":\"\\\"Benedictus play demo\\\". G\\u00e9nero: Other.\",\"meta\":{\"genre\":\"Other\",\"length_formatted\":\"2:14\"},\"image\":{\"src\":\"https:\/\/backingtracksmusic.com\/wp-includes\/images\/media\/audio.svg\",\"width\":48,\"height\":64},\"thumb\":{\"src\":\"https:\/\/backingtracksmusic.com\/wp-includes\/images\/media\/audio.svg\",\"width\":48,\"height\":64}}]}<\/script>\n<\/div>\n","protected":false},"featured_media":4495,"template":"","meta":{"_acf_changed":false},"product_brand":[],"product_cat":[89,103],"product_tag":[267],"class_list":{"0":"post-4494","1":"product","2":"type-product","3":"status-publish","4":"has-post-thumbnail","6":"product_cat-04-clasica","7":"product_cat-10-tv-movies","8":"product_tag-karl-jenkins","10":"first","11":"instock","12":"virtual","13":"purchasable","14":"product-type-simple"},"acf":[],"_links":{"self":[{"href":"https:\/\/backingtracksmusic.com\/es\/wp-json\/wp\/v2\/product\/4494","targetHints":{"allow":["GET"]}}],"collection":[{"href":"https:\/\/backingtracksmusic.com\/es\/wp-json\/wp\/v2\/product"}],"about":[{"href":"https:\/\/backingtracksmusic.com\/es\/wp-json\/wp\/v2\/types\/product"}],"wp:featuredmedia":[{"embeddable":true,"href":"https:\/\/backingtracksmusic.com\/es\/wp-json\/wp\/v2\/media\/4495"}],"wp:attachment":[{"href":"https:\/\/backingtracksmusic.com\/es\/wp-json\/wp\/v2\/media?parent=4494"}],"wp:term":[{"taxonomy":"product_brand","embeddable":true,"href":"https:\/\/backingtracksmusic.com\/es\/wp-json\/wp\/v2\/product_brand?post=4494"},{"taxonomy":"product_cat","embeddable":true,"href":"https:\/\/backingtracksmusic.com\/es\/wp-json\/wp\/v2\/product_cat?post=4494"},{"taxonomy":"product_tag","embeddable":true,"href":"https:\/\/backingtracksmusic.com\/es\/wp-json\/wp\/v2\/product_tag?post=4494"}],"curies":[{"name":"wp","href":"https:\/\/api.w.org\/{rel}","templated":true}]}}