{"id":4485,"date":"2021-12-30T14:42:31","date_gmt":"2021-12-30T17:42:31","guid":{"rendered":"https:\/\/backingtracksmusic.com\/?post_type=product&#038;p=4485"},"modified":"2022-03-22T09:46:56","modified_gmt":"2022-03-22T12:46:56","slug":"the-secret-garden","status":"publish","type":"product","link":"https:\/\/backingtracksmusic.com\/es\/producto\/the-secret-garden\/","title":{"rendered":"when you wish upon a star"},"content":{"rendered":"<h3>Informaci\u00f3n:<\/h3>\n<p><i><b>When You Wish upon a Star<\/b><\/i>\u00a0es una canci\u00f3n escrita por\u00a0<a title=\"Leigh Harline\" href=\"https:\/\/es.wikipedia.org\/wiki\/Leigh_Harline\">Leigh Harline<\/a>\u00a0y\u00a0<a title=\"Ned Washington\" href=\"https:\/\/es.wikipedia.org\/wiki\/Ned_Washington\">Ned Washington<\/a>\u00a0en el a\u00f1o 1940 para la pel\u00edcula de\u00a0<a class=\"mw-redirect\" title=\"Disney\" href=\"https:\/\/es.wikipedia.org\/wiki\/Disney\">Disney<\/a>\u00a0<a title=\"Pinocho (pel\u00edcula de 1940)\" href=\"https:\/\/es.wikipedia.org\/wiki\/Pinocho_(pel%C3%ADcula_de_1940)\"><i>Pinocho<\/i><\/a>. La versi\u00f3n original estaba cantada por\u00a0<a title=\"Cliff Edwards\" href=\"https:\/\/es.wikipedia.org\/wiki\/Cliff_Edwards\">Cliff Edwards<\/a>\u00a0en el papel del personaje animado\u00a0<a title=\"Pepito Grillo\" href=\"https:\/\/es.wikipedia.org\/wiki\/Pepito_Grillo\">Pepito Grillo<\/a>, y es escuchada en los cr\u00e9ditos de apertura y en la escena final del filme. La canci\u00f3n es una de las m\u00e1s representativas de\u00a0<i>The Walt Disney Company<\/i>.<sup id=\"cite_ref-1\" class=\"reference separada\"><\/sup>\u00a0Adem\u00e1s la canci\u00f3n gan\u00f3 el\u00a0<a title=\"\" href=\"https:\/\/es.wikipedia.org\/wiki\/Anexo:%C3%93scar_a_la_mejor_canci%C3%B3n_original\">premio \u00d3scar a la mejor canci\u00f3n original de dicho a\u00f1o<\/a>.<\/p>\n","protected":false},"excerpt":{"rendered":"<h3>Demo:<\/h3>\n<div class=\"wp-playlist wp-audio-playlist wp-playlist-light\">\n<div class=\"wp-playlist-current-item\"><\/div>\n<p>\t\t<audio controls=\"controls\" preload=\"none\" width=\"1378\"\n\t\t\t><\/audio><\/p>\n<div class=\"wp-playlist-next\"><\/div>\n<div class=\"wp-playlist-prev\"><\/div>\n<p>\t<noscript><\/p>\n<ol>\n<li><a href='https:\/\/backingtracksmusic.com\/wp-content\/uploads\/2021\/12\/When-you-wish-upon-a-star-G-play-referencia-armonica-DEMO.mp3'>When you wish upon a star G play + referencia armonica DEMO<\/a><\/li>\n<\/ol>\n<p>\t<\/noscript><br \/>\n\t<script type=\"application\/json\" class=\"wp-playlist-script\">{\"type\":\"audio\",\"tracklist\":true,\"tracknumbers\":true,\"images\":false,\"artists\":false,\"tracks\":[{\"src\":\"https:\/\/backingtracksmusic.com\/wp-content\/uploads\/2021\/12\/When-you-wish-upon-a-star-G-play-referencia-armonica-DEMO.mp3\",\"type\":\"audio\/mpeg\",\"title\":\"When you wish upon a star G play + referencia armonica DEMO\",\"caption\":\"\",\"description\":\"\\\"When you wish upon a star G play + referencia armonica DEMO\\\". G\\u00e9nero: Otro.\",\"meta\":{\"genre\":\"Otro\",\"length_formatted\":\"1:58\"},\"image\":{\"src\":\"https:\/\/backingtracksmusic.com\/wp-includes\/images\/media\/audio.svg\",\"width\":48,\"height\":64},\"thumb\":{\"src\":\"https:\/\/backingtracksmusic.com\/wp-includes\/images\/media\/audio.svg\",\"width\":48,\"height\":64}}]}<\/script>\n<\/div>\n","protected":false},"featured_media":4490,"template":"","meta":{"_acf_changed":false},"product_brand":[],"product_cat":[103,97,99],"product_tag":[265,266],"class_list":{"0":"post-4485","1":"product","2":"type-product","3":"status-publish","4":"has-post-thumbnail","6":"product_cat-10-tv-movies","7":"product_cat-13-love-songs","8":"product_cat-15-oldes","9":"product_tag-leigh-harline","10":"product_tag-ned-washington","12":"first","13":"instock","14":"virtual","15":"purchasable","16":"product-type-simple"},"acf":[],"_links":{"self":[{"href":"https:\/\/backingtracksmusic.com\/es\/wp-json\/wp\/v2\/product\/4485","targetHints":{"allow":["GET"]}}],"collection":[{"href":"https:\/\/backingtracksmusic.com\/es\/wp-json\/wp\/v2\/product"}],"about":[{"href":"https:\/\/backingtracksmusic.com\/es\/wp-json\/wp\/v2\/types\/product"}],"wp:featuredmedia":[{"embeddable":true,"href":"https:\/\/backingtracksmusic.com\/es\/wp-json\/wp\/v2\/media\/4490"}],"wp:attachment":[{"href":"https:\/\/backingtracksmusic.com\/es\/wp-json\/wp\/v2\/media?parent=4485"}],"wp:term":[{"taxonomy":"product_brand","embeddable":true,"href":"https:\/\/backingtracksmusic.com\/es\/wp-json\/wp\/v2\/product_brand?post=4485"},{"taxonomy":"product_cat","embeddable":true,"href":"https:\/\/backingtracksmusic.com\/es\/wp-json\/wp\/v2\/product_cat?post=4485"},{"taxonomy":"product_tag","embeddable":true,"href":"https:\/\/backingtracksmusic.com\/es\/wp-json\/wp\/v2\/product_tag?post=4485"}],"curies":[{"name":"wp","href":"https:\/\/api.w.org\/{rel}","templated":true}]}}