{"id":4464,"date":"2021-12-30T14:25:05","date_gmt":"2021-12-30T17:25:05","guid":{"rendered":"https:\/\/backingtracksmusic.com\/?post_type=product&#038;p=4464"},"modified":"2022-03-22T09:47:03","modified_gmt":"2022-03-22T12:47:03","slug":"schindler-list-2","status":"publish","type":"product","link":"https:\/\/backingtracksmusic.com\/es\/producto\/schindler-list-2\/","title":{"rendered":"She (Notting Hill)"},"content":{"rendered":"<h3>Informaci\u00f3n:<\/h3>\n<p><b>\u00abShe\u00bb<\/b>\u00a0(en\u00a0<a title=\"Idioma espa\u00f1ol\" href=\"https:\/\/es.wikipedia.org\/wiki\/Idioma_espa%C3%B1ol\">espa\u00f1ol<\/a>,\u00a0<i>Ella<\/i>) es una canci\u00f3n escrita por\u00a0<a title=\"Charles Aznavour\" href=\"https:\/\/es.wikipedia.org\/wiki\/Charles_Aznavour\">Charles Aznavour<\/a>\u00a0y\u00a0<a class=\"new\" title=\"Herbert Kretzmer (a\u00fan no redactado)\" href=\"https:\/\/es.wikipedia.org\/w\/index.php?title=Herbert_Kretzmer&amp;action=edit&amp;redlink=1\">Herbert Kretzmer<\/a>, publicada por Aznavour como sencillo en 1974. Fue compuesta como tema para la serie de televisi\u00f3n brit\u00e1nica\u00a0<i><a class=\"new\" title=\"Seven Faces of Woman (a\u00fan no redactado)\" href=\"https:\/\/es.wikipedia.org\/w\/index.php?title=Seven_Faces_of_Woman&amp;action=edit&amp;redlink=1\">Seven Faces of Woman<\/a>.<\/i><\/p>\n<p><a title=\"\" href=\"https:\/\/es.wikipedia.org\/wiki\/Elvis_Costello\">Elvis Costello<\/a>\u00a0grab\u00f3 una versi\u00f3n de la canci\u00f3n en 1999. Esta versi\u00f3n de la canci\u00f3n fue producida por\u00a0<a title=\"Trevor Jones\" href=\"https:\/\/es.wikipedia.org\/wiki\/Trevor_Jones\">Trevor Jones<\/a>.<\/p>\n<p>La versi\u00f3n original de Charles Aznavour fue interpretada en los cr\u00e9ditos iniciales de la pel\u00edcula\u00a0<i><a title=\"Notting Hill (pel\u00edcula)\" href=\"https:\/\/es.wikipedia.org\/wiki\/Notting_Hill_(pel%C3%ADcula)\">Notting Hill<\/a><\/i>, mientras que la versi\u00f3n de\u00a0<a title=\"Elvis Costello\" href=\"https:\/\/es.wikipedia.org\/wiki\/Elvis_Costello\">Elvis Costello<\/a>\u00a0es la que suena al final de la misma.<\/p>\n<p>&nbsp;<\/p>\n","protected":false},"excerpt":{"rendered":"<h3>Demo:<\/h3>\n<div class=\"wp-playlist wp-audio-playlist wp-playlist-light\">\n<div class=\"wp-playlist-current-item\"><\/div>\n<p>\t\t<audio controls=\"controls\" preload=\"none\" width=\"1378\"\n\t\t\t><\/audio><\/p>\n<div class=\"wp-playlist-next\"><\/div>\n<div class=\"wp-playlist-prev\"><\/div>\n<p>\t<noscript><\/p>\n<ol>\n<li><a href='https:\/\/backingtracksmusic.com\/wp-content\/uploads\/2021\/12\/She-C-play-flute-referencia-DEMO.mp3'>She C play + flute referencia DEMO<\/a><\/li>\n<li><a href='https:\/\/backingtracksmusic.com\/wp-content\/uploads\/2021\/12\/SHE-PIANO-PLAY-DEMO.mp3'>SHE PIANO PLAY DEMO<\/a><\/li>\n<\/ol>\n<p>\t<\/noscript><br \/>\n\t<script type=\"application\/json\" class=\"wp-playlist-script\">{\"type\":\"audio\",\"tracklist\":true,\"tracknumbers\":true,\"images\":false,\"artists\":false,\"tracks\":[{\"src\":\"https:\/\/backingtracksmusic.com\/wp-content\/uploads\/2021\/12\/She-C-play-flute-referencia-DEMO.mp3\",\"type\":\"audio\/mpeg\",\"title\":\"She C play + flute referencia DEMO\",\"caption\":\"\",\"description\":\"\\\"She C play + flute referencia DEMO\\\". G\\u00e9nero: Otro.\",\"meta\":{\"genre\":\"Otro\",\"length_formatted\":\"1:11\"},\"image\":{\"src\":\"https:\/\/backingtracksmusic.com\/wp-includes\/images\/media\/audio.svg\",\"width\":48,\"height\":64},\"thumb\":{\"src\":\"https:\/\/backingtracksmusic.com\/wp-includes\/images\/media\/audio.svg\",\"width\":48,\"height\":64}},{\"src\":\"https:\/\/backingtracksmusic.com\/wp-content\/uploads\/2021\/12\/SHE-PIANO-PLAY-DEMO.mp3\",\"type\":\"audio\/mpeg\",\"title\":\"SHE PIANO PLAY DEMO\",\"caption\":\"\",\"description\":\"\\\"SHE PIANO PLAY DEMO\\\". G\\u00e9nero: Otro.\",\"meta\":{\"genre\":\"Otro\",\"length_formatted\":\"1:07\"},\"image\":{\"src\":\"https:\/\/backingtracksmusic.com\/wp-includes\/images\/media\/audio.svg\",\"width\":48,\"height\":64},\"thumb\":{\"src\":\"https:\/\/backingtracksmusic.com\/wp-includes\/images\/media\/audio.svg\",\"width\":48,\"height\":64}}]}<\/script>\n<\/div>\n","protected":false},"featured_media":4468,"template":"","meta":{"_acf_changed":false},"product_brand":[],"product_cat":[103],"product_tag":[261],"class_list":{"0":"post-4464","1":"product","2":"type-product","3":"status-publish","4":"has-post-thumbnail","6":"product_cat-10-tv-movies","7":"product_tag-charles-aznavour","9":"first","10":"instock","11":"virtual","12":"purchasable","13":"product-type-simple"},"acf":[],"_links":{"self":[{"href":"https:\/\/backingtracksmusic.com\/es\/wp-json\/wp\/v2\/product\/4464","targetHints":{"allow":["GET"]}}],"collection":[{"href":"https:\/\/backingtracksmusic.com\/es\/wp-json\/wp\/v2\/product"}],"about":[{"href":"https:\/\/backingtracksmusic.com\/es\/wp-json\/wp\/v2\/types\/product"}],"wp:featuredmedia":[{"embeddable":true,"href":"https:\/\/backingtracksmusic.com\/es\/wp-json\/wp\/v2\/media\/4468"}],"wp:attachment":[{"href":"https:\/\/backingtracksmusic.com\/es\/wp-json\/wp\/v2\/media?parent=4464"}],"wp:term":[{"taxonomy":"product_brand","embeddable":true,"href":"https:\/\/backingtracksmusic.com\/es\/wp-json\/wp\/v2\/product_brand?post=4464"},{"taxonomy":"product_cat","embeddable":true,"href":"https:\/\/backingtracksmusic.com\/es\/wp-json\/wp\/v2\/product_cat?post=4464"},{"taxonomy":"product_tag","embeddable":true,"href":"https:\/\/backingtracksmusic.com\/es\/wp-json\/wp\/v2\/product_tag?post=4464"}],"curies":[{"name":"wp","href":"https:\/\/api.w.org\/{rel}","templated":true}]}}