{"id":4391,"date":"2021-12-30T12:44:43","date_gmt":"2021-12-30T15:44:43","guid":{"rendered":"https:\/\/backingtracksmusic.com\/?post_type=product&#038;p=4391"},"modified":"2022-03-22T09:47:40","modified_gmt":"2022-03-22T12:47:40","slug":"cant-help-falling-in-love","status":"publish","type":"product","link":"https:\/\/backingtracksmusic.com\/es\/producto\/cant-help-falling-in-love\/","title":{"rendered":"Cant help falling in love"},"content":{"rendered":"<h3>Informaci\u00f3n:<\/h3>\n<p>\u00ab<b>Can&#8217;t Help Falling in Love<\/b>\u00bb (\u00abNo puedo evitar enamorarme\u00bb) es una canci\u00f3n rom\u00e1ntica del g\u00e9nero\u00a0<a title=\"Soft rock\" href=\"https:\/\/es.wikipedia.org\/wiki\/Soft_rock\">soft rock<\/a>\u00a0compuesta en el a\u00f1o\u00a0<a title=\"1961\" href=\"https:\/\/es.wikipedia.org\/wiki\/1961\">1961<\/a>\u00a0por\u00a0<a title=\"George David Weiss\" href=\"https:\/\/es.wikipedia.org\/wiki\/George_David_Weiss\">George David Weiss<\/a>, Hugo Peretti y Luigi Creatore, e interpretada por\u00a0<a title=\"Elvis Presley\" href=\"https:\/\/es.wikipedia.org\/wiki\/Elvis_Presley\">Elvis Presley<\/a>\u00a0para la pel\u00edcula\u00a0<i><a title=\"Blue Hawaii\" href=\"https:\/\/es.wikipedia.org\/wiki\/Blue_Hawaii\">Blue Hawaii<\/a><\/i>. El sencillo permaneci\u00f3 14 semanas en las listas de \u00e9xitos Billboard alcanzando el n\u00famero 2; en Reino Unido fue n\u00famero uno durante cuatro semanas. Un disco de oro fue certificado por la RIIA el 30 de marzo de 1962<\/p>\n<p>&nbsp;<\/p>\n","protected":false},"excerpt":{"rendered":"<h3>Demo:<\/h3>\n<div class=\"wp-playlist wp-audio-playlist wp-playlist-light\">\n<div class=\"wp-playlist-current-item\"><\/div>\n<p>\t\t<audio controls=\"controls\" preload=\"none\" width=\"1378\"\n\t\t\t><\/audio><\/p>\n<div class=\"wp-playlist-next\"><\/div>\n<div class=\"wp-playlist-prev\"><\/div>\n<p>\t<noscript><\/p>\n<ol>\n<li><a href='https:\/\/backingtracksmusic.com\/wp-content\/uploads\/2021\/12\/Falling-in-love-wth-you-cover-C-DEMO0.mp3'>Falling in love wth you cover C DEMO0<\/a><\/li>\n<li><a href='https:\/\/backingtracksmusic.com\/wp-content\/uploads\/2021\/12\/Falling-in-love-wth-you-cover-C-referencia-armonica-DEMO.mp3'>Falling in love wth you cover C + referencia armonica DEMO<\/a><\/li>\n<\/ol>\n<p>\t<\/noscript><br \/>\n\t<script type=\"application\/json\" class=\"wp-playlist-script\">{\"type\":\"audio\",\"tracklist\":true,\"tracknumbers\":true,\"images\":false,\"artists\":false,\"tracks\":[{\"src\":\"https:\/\/backingtracksmusic.com\/wp-content\/uploads\/2021\/12\/Falling-in-love-wth-you-cover-C-DEMO0.mp3\",\"type\":\"audio\/mpeg\",\"title\":\"Falling in love wth you cover C DEMO0\",\"caption\":\"\",\"description\":\"\\\"Falling in love wth you cover C DEMO0\\\". G\\u00e9nero: Otro.\",\"meta\":{\"genre\":\"Otro\",\"length_formatted\":\"1:14\"},\"image\":{\"src\":\"https:\/\/backingtracksmusic.com\/wp-includes\/images\/media\/audio.svg\",\"width\":48,\"height\":64},\"thumb\":{\"src\":\"https:\/\/backingtracksmusic.com\/wp-includes\/images\/media\/audio.svg\",\"width\":48,\"height\":64}},{\"src\":\"https:\/\/backingtracksmusic.com\/wp-content\/uploads\/2021\/12\/Falling-in-love-wth-you-cover-C-referencia-armonica-DEMO.mp3\",\"type\":\"audio\/mpeg\",\"title\":\"Falling in love wth you cover C + referencia armonica DEMO\",\"caption\":\"\",\"description\":\"\\\"Falling in love wth you cover C + referencia armonica DEMO\\\". G\\u00e9nero: Otro.\",\"meta\":{\"genre\":\"Otro\",\"length_formatted\":\"1:12\"},\"image\":{\"src\":\"https:\/\/backingtracksmusic.com\/wp-includes\/images\/media\/audio.svg\",\"width\":48,\"height\":64},\"thumb\":{\"src\":\"https:\/\/backingtracksmusic.com\/wp-includes\/images\/media\/audio.svg\",\"width\":48,\"height\":64}}]}<\/script>\n<\/div>\n","protected":false},"featured_media":4392,"template":"","meta":{"_acf_changed":false},"product_brand":[],"product_cat":[103,97,99],"product_tag":[248],"class_list":{"0":"post-4391","1":"product","2":"type-product","3":"status-publish","4":"has-post-thumbnail","6":"product_cat-10-tv-movies","7":"product_cat-13-love-songs","8":"product_cat-15-oldes","9":"product_tag-george-david-weiss","11":"first","12":"instock","13":"virtual","14":"purchasable","15":"product-type-simple"},"acf":[],"_links":{"self":[{"href":"https:\/\/backingtracksmusic.com\/es\/wp-json\/wp\/v2\/product\/4391","targetHints":{"allow":["GET"]}}],"collection":[{"href":"https:\/\/backingtracksmusic.com\/es\/wp-json\/wp\/v2\/product"}],"about":[{"href":"https:\/\/backingtracksmusic.com\/es\/wp-json\/wp\/v2\/types\/product"}],"wp:featuredmedia":[{"embeddable":true,"href":"https:\/\/backingtracksmusic.com\/es\/wp-json\/wp\/v2\/media\/4392"}],"wp:attachment":[{"href":"https:\/\/backingtracksmusic.com\/es\/wp-json\/wp\/v2\/media?parent=4391"}],"wp:term":[{"taxonomy":"product_brand","embeddable":true,"href":"https:\/\/backingtracksmusic.com\/es\/wp-json\/wp\/v2\/product_brand?post=4391"},{"taxonomy":"product_cat","embeddable":true,"href":"https:\/\/backingtracksmusic.com\/es\/wp-json\/wp\/v2\/product_cat?post=4391"},{"taxonomy":"product_tag","embeddable":true,"href":"https:\/\/backingtracksmusic.com\/es\/wp-json\/wp\/v2\/product_tag?post=4391"}],"curies":[{"name":"wp","href":"https:\/\/api.w.org\/{rel}","templated":true}]}}