{"id":4291,"date":"2021-12-29T19:29:26","date_gmt":"2021-12-29T22:29:26","guid":{"rendered":"https:\/\/backingtracksmusic.com\/?post_type=product&#038;p=4291"},"modified":"2022-03-22T09:48:16","modified_gmt":"2022-03-22T12:48:16","slug":"canon-in-d-pachelbel","status":"publish","type":"product","link":"https:\/\/backingtracksmusic.com\/es\/producto\/canon-in-d-pachelbel\/","title":{"rendered":"Clair de lune (debussy)"},"content":{"rendered":"<h3>Informaci\u00f3n:<\/h3>\n<p>La\u00a0<i><b>Suite bergamasque<\/b><\/i>\u00a0(<i>Suite bergamasca<\/i>) es una\u00a0<i><a class=\"mw-redirect\" title=\"Suite (m\u00fasica)\" href=\"https:\/\/es.wikipedia.org\/wiki\/Suite_(m%C3%BAsica)\">suite<\/a><\/i>\u00a0para\u00a0<a title=\"Piano\" href=\"https:\/\/es.wikipedia.org\/wiki\/Piano\">piano<\/a>\u00a0en cuatro movimientos del compositor franc\u00e9s\u00a0<a title=\"Claude Debussy\" href=\"https:\/\/es.wikipedia.org\/wiki\/Claude_Debussy\">Claude Debussy<\/a>. Aunque fue escrita en\u00a0<a title=\"1890\" href=\"https:\/\/es.wikipedia.org\/wiki\/1890\">1890<\/a>, la obra no se public\u00f3 hasta\u00a0<a title=\"1905\" href=\"https:\/\/es.wikipedia.org\/wiki\/1905\">1905<\/a>, y eso pese a que su autor intent\u00f3 que no viese la luz, pues cre\u00eda que esta obra de juventud estaba muy por debajo del nivel de sus composiciones m\u00e1s modernas.<\/p>\n<p>La\u00a0<i>Suite<\/i>\u00a0toma su nombre de las m\u00e1scaras de la\u00a0<i>Commedia dell&#8217;Arte di B\u00e9rgamo<\/i>\u00a0(<i>Comedia del arte de B\u00e9rgamo<\/i>) y est\u00e1 inspirada en las\u00a0<i>F\u00eates galantes<\/i><\/p>\n","protected":false},"excerpt":{"rendered":"<h3>Demo:<\/h3>\n<div class=\"wp-playlist wp-audio-playlist wp-playlist-light\">\n<div class=\"wp-playlist-current-item\"><\/div>\n<p>\t\t<audio controls=\"controls\" preload=\"none\" width=\"1378\"\n\t\t\t><\/audio><\/p>\n<div class=\"wp-playlist-next\"><\/div>\n<div class=\"wp-playlist-prev\"><\/div>\n<p>\t<noscript><\/p>\n<ol>\n<li><a href='https:\/\/backingtracksmusic.com\/wp-content\/uploads\/2021\/12\/Clair-de-lune-ORCH-Play-violin-reference-DEMO.mp3'>Clair de lune ORCH Play + violin reference DEMO<\/a><\/li>\n<li><a href='https:\/\/backingtracksmusic.com\/wp-content\/uploads\/2021\/12\/Clair-de-lune-ORCH-Play-DEMO.mp3'>Clair de lune ORCH Play DEMO<\/a><\/li>\n<\/ol>\n<p>\t<\/noscript><br \/>\n\t<script type=\"application\/json\" class=\"wp-playlist-script\">{\"type\":\"audio\",\"tracklist\":true,\"tracknumbers\":true,\"images\":false,\"artists\":false,\"tracks\":[{\"src\":\"https:\/\/backingtracksmusic.com\/wp-content\/uploads\/2021\/12\/Clair-de-lune-ORCH-Play-violin-reference-DEMO.mp3\",\"type\":\"audio\/mpeg\",\"title\":\"Clair de lune ORCH Play + violin reference DEMO\",\"caption\":\"\",\"description\":\"\\\"Clair de lune ORCH Play + violin reference DEMO\\\". G\\u00e9nero: Otro.\",\"meta\":{\"genre\":\"Otro\",\"length_formatted\":\"1:24\"},\"image\":{\"src\":\"https:\/\/backingtracksmusic.com\/wp-includes\/images\/media\/audio.svg\",\"width\":48,\"height\":64},\"thumb\":{\"src\":\"https:\/\/backingtracksmusic.com\/wp-includes\/images\/media\/audio.svg\",\"width\":48,\"height\":64}},{\"src\":\"https:\/\/backingtracksmusic.com\/wp-content\/uploads\/2021\/12\/Clair-de-lune-ORCH-Play-DEMO.mp3\",\"type\":\"audio\/mpeg\",\"title\":\"Clair de lune ORCH Play DEMO\",\"caption\":\"\",\"description\":\"\\\"Clair de lune ORCH Play DEMO\\\". G\\u00e9nero: Otro.\",\"meta\":{\"genre\":\"Otro\",\"length_formatted\":\"1:25\"},\"image\":{\"src\":\"https:\/\/backingtracksmusic.com\/wp-includes\/images\/media\/audio.svg\",\"width\":48,\"height\":64},\"thumb\":{\"src\":\"https:\/\/backingtracksmusic.com\/wp-includes\/images\/media\/audio.svg\",\"width\":48,\"height\":64}}]}<\/script>\n<\/div>\n","protected":false},"featured_media":4296,"template":"","meta":{"_acf_changed":false},"product_brand":[],"product_cat":[89],"product_tag":[234],"class_list":{"0":"post-4291","1":"product","2":"type-product","3":"status-publish","4":"has-post-thumbnail","6":"product_cat-04-clasica","7":"product_tag-claude-debussy","9":"first","10":"instock","11":"virtual","12":"purchasable","13":"product-type-simple"},"acf":[],"_links":{"self":[{"href":"https:\/\/backingtracksmusic.com\/es\/wp-json\/wp\/v2\/product\/4291","targetHints":{"allow":["GET"]}}],"collection":[{"href":"https:\/\/backingtracksmusic.com\/es\/wp-json\/wp\/v2\/product"}],"about":[{"href":"https:\/\/backingtracksmusic.com\/es\/wp-json\/wp\/v2\/types\/product"}],"wp:featuredmedia":[{"embeddable":true,"href":"https:\/\/backingtracksmusic.com\/es\/wp-json\/wp\/v2\/media\/4296"}],"wp:attachment":[{"href":"https:\/\/backingtracksmusic.com\/es\/wp-json\/wp\/v2\/media?parent=4291"}],"wp:term":[{"taxonomy":"product_brand","embeddable":true,"href":"https:\/\/backingtracksmusic.com\/es\/wp-json\/wp\/v2\/product_brand?post=4291"},{"taxonomy":"product_cat","embeddable":true,"href":"https:\/\/backingtracksmusic.com\/es\/wp-json\/wp\/v2\/product_cat?post=4291"},{"taxonomy":"product_tag","embeddable":true,"href":"https:\/\/backingtracksmusic.com\/es\/wp-json\/wp\/v2\/product_tag?post=4291"}],"curies":[{"name":"wp","href":"https:\/\/api.w.org\/{rel}","templated":true}]}}