{"id":4215,"date":"2021-12-29T15:16:08","date_gmt":"2021-12-29T18:16:08","guid":{"rendered":"https:\/\/backingtracksmusic.com\/?post_type=product&#038;p=4215"},"modified":"2022-03-22T09:48:24","modified_gmt":"2022-03-22T12:48:24","slug":"white-christmas","status":"publish","type":"product","link":"https:\/\/backingtracksmusic.com\/es\/producto\/white-christmas\/","title":{"rendered":"white christmas"},"content":{"rendered":"<h3>Informaci\u00f3n:<\/h3>\n<p>\u00ab<b>White Christmas<\/b>\u00bb \u2014en\u00a0<a title=\"Idioma espa\u00f1ol\" href=\"https:\/\/es.wikipedia.org\/wiki\/Idioma_espa%C3%B1ol\">espa\u00f1ol<\/a>: \u00abBlanca Navidad\u00bb\u2014 es una canci\u00f3n escrita por\u00a0<a title=\"Irving Berlin\" href=\"https:\/\/es.wikipedia.org\/wiki\/Irving_Berlin\">Irving Berlin<\/a>. Seg\u00fan el Libro Guinness de los R\u00e9cords, la versi\u00f3n cantada por\u00a0<a title=\"Bing Crosby\" href=\"https:\/\/es.wikipedia.org\/wiki\/Bing_Crosby\">Bing Crosby<\/a>\u00a0es el\u00a0<a title=\"Anexo:Sencillos m\u00e1s vendidos en el mundo\" href=\"https:\/\/es.wikipedia.org\/wiki\/Anexo:Sencillos_m%C3%A1s_vendidos_en_el_mundo\">sencillo m\u00e1s vendido de todos los tiempos<\/a>, con m\u00e1s de 50 millones de copias en todo el mundo. <sup id=\"cite_ref-guiness2007_1-0\" class=\"reference separada\"><\/sup>\u200bLas versiones var\u00edan en cuanto a cu\u00e1ndo y d\u00f3nde Berlin escribi\u00f3 la canci\u00f3n<\/p>\n","protected":false},"excerpt":{"rendered":"<h3>Demo:<\/h3>\n<div class=\"wp-playlist wp-audio-playlist wp-playlist-light\">\n<div class=\"wp-playlist-current-item\"><\/div>\n<p>\t\t<audio controls=\"controls\" preload=\"none\" width=\"1378\"\n\t\t\t><\/audio><\/p>\n<div class=\"wp-playlist-next\"><\/div>\n<div class=\"wp-playlist-prev\"><\/div>\n<p>\t<noscript><\/p>\n<ol>\n<li><a href='https:\/\/backingtracksmusic.com\/wp-content\/uploads\/2021\/12\/White-christmas-A-piano-play-DEMO.mp3'>White christmas A piano play DEMO<\/a><\/li>\n<li><a href='https:\/\/backingtracksmusic.com\/wp-content\/uploads\/2021\/12\/White-christmas-A-play-reference-flute-DEMO.mp3'>White christmas A play + reference flute DEMO<\/a><\/li>\n<\/ol>\n<p>\t<\/noscript><br \/>\n\t<script type=\"application\/json\" class=\"wp-playlist-script\">{\"type\":\"audio\",\"tracklist\":true,\"tracknumbers\":true,\"images\":false,\"artists\":false,\"tracks\":[{\"src\":\"https:\/\/backingtracksmusic.com\/wp-content\/uploads\/2021\/12\/White-christmas-A-piano-play-DEMO.mp3\",\"type\":\"audio\/mpeg\",\"title\":\"White christmas A piano play DEMO\",\"caption\":\"\",\"description\":\"\\\"White christmas A piano play DEMO\\\". G\\u00e9nero: Otro.\",\"meta\":{\"genre\":\"Otro\",\"length_formatted\":\"1:12\"},\"image\":{\"src\":\"https:\/\/backingtracksmusic.com\/wp-includes\/images\/media\/audio.svg\",\"width\":48,\"height\":64},\"thumb\":{\"src\":\"https:\/\/backingtracksmusic.com\/wp-includes\/images\/media\/audio.svg\",\"width\":48,\"height\":64}},{\"src\":\"https:\/\/backingtracksmusic.com\/wp-content\/uploads\/2021\/12\/White-christmas-A-play-reference-flute-DEMO.mp3\",\"type\":\"audio\/mpeg\",\"title\":\"White christmas A play + reference flute DEMO\",\"caption\":\"\",\"description\":\"\\\"White christmas A play + reference flute DEMO\\\". G\\u00e9nero: Otro.\",\"meta\":{\"genre\":\"Otro\",\"length_formatted\":\"1:17\"},\"image\":{\"src\":\"https:\/\/backingtracksmusic.com\/wp-includes\/images\/media\/audio.svg\",\"width\":48,\"height\":64},\"thumb\":{\"src\":\"https:\/\/backingtracksmusic.com\/wp-includes\/images\/media\/audio.svg\",\"width\":48,\"height\":64}}]}<\/script>\n<\/div>\n","protected":false},"featured_media":4216,"template":"","meta":{"_acf_changed":false},"product_brand":[],"product_cat":[102],"product_tag":[226],"class_list":{"0":"post-4215","1":"product","2":"type-product","3":"status-publish","4":"has-post-thumbnail","6":"product_cat-17-christmas-songs","7":"product_tag-irving-berlin","9":"first","10":"instock","11":"virtual","12":"purchasable","13":"product-type-simple"},"acf":[],"_links":{"self":[{"href":"https:\/\/backingtracksmusic.com\/es\/wp-json\/wp\/v2\/product\/4215","targetHints":{"allow":["GET"]}}],"collection":[{"href":"https:\/\/backingtracksmusic.com\/es\/wp-json\/wp\/v2\/product"}],"about":[{"href":"https:\/\/backingtracksmusic.com\/es\/wp-json\/wp\/v2\/types\/product"}],"wp:featuredmedia":[{"embeddable":true,"href":"https:\/\/backingtracksmusic.com\/es\/wp-json\/wp\/v2\/media\/4216"}],"wp:attachment":[{"href":"https:\/\/backingtracksmusic.com\/es\/wp-json\/wp\/v2\/media?parent=4215"}],"wp:term":[{"taxonomy":"product_brand","embeddable":true,"href":"https:\/\/backingtracksmusic.com\/es\/wp-json\/wp\/v2\/product_brand?post=4215"},{"taxonomy":"product_cat","embeddable":true,"href":"https:\/\/backingtracksmusic.com\/es\/wp-json\/wp\/v2\/product_cat?post=4215"},{"taxonomy":"product_tag","embeddable":true,"href":"https:\/\/backingtracksmusic.com\/es\/wp-json\/wp\/v2\/product_tag?post=4215"}],"curies":[{"name":"wp","href":"https:\/\/api.w.org\/{rel}","templated":true}]}}