{"id":4211,"date":"2021-12-29T15:12:27","date_gmt":"2021-12-29T18:12:27","guid":{"rendered":"https:\/\/backingtracksmusic.com\/?post_type=product&#038;p=4211"},"modified":"2022-03-22T09:48:32","modified_gmt":"2022-03-22T12:48:32","slug":"what-child-is-this","status":"publish","type":"product","link":"https:\/\/backingtracksmusic.com\/es\/producto\/what-child-is-this\/","title":{"rendered":"what child is this"},"content":{"rendered":"<h3>Informaci\u00f3n:<\/h3>\n<p>What Child Is This?, en espa\u00f1ol, \u00bfQuien es este Ni\u00f1o? Es un c\u00e9lebre villancico tradicional, cuyo texto fue escrito en 1865 por el poeta y autor de himnos ingleses William Chatterton Dix (1837 &#8211; 1898).\u200b El texto fue luego adaptado por John Stainer (1840 &#8211; 1901) a la melod\u00eda de la c\u00e9lebre canci\u00f3n tradicional ingl\u00e9s Greensleeves (XVI SIGLO), canci\u00f3n atribuida alguna vez a Enrique VIII.<\/p>\n<p>&nbsp;<\/p>\n<p>&nbsp;<\/p>\n<p>&nbsp;<\/p>\n","protected":false},"excerpt":{"rendered":"<h3>Demo:<\/h3>\n<div class=\"wp-playlist wp-audio-playlist wp-playlist-light\">\n<div class=\"wp-playlist-current-item\"><\/div>\n<p>\t\t<audio controls=\"controls\" preload=\"none\" width=\"1378\"\n\t\t\t><\/audio><\/p>\n<div class=\"wp-playlist-next\"><\/div>\n<div class=\"wp-playlist-prev\"><\/div>\n<p>\t<noscript><\/p>\n<ol>\n<li><a href='https:\/\/backingtracksmusic.com\/wp-content\/uploads\/2021\/12\/what-child-is-this-play-referncia-flute-DEMO.mp3'>what child is this play + referncia flute DEMO<\/a><\/li>\n<li><a href='https:\/\/backingtracksmusic.com\/wp-content\/uploads\/2021\/12\/what-child-is-this-play-DEMO.mp3'>what child is this play DEMO<\/a><\/li>\n<\/ol>\n<p>\t<\/noscript><br \/>\n\t<script type=\"application\/json\" class=\"wp-playlist-script\">{\"type\":\"audio\",\"tracklist\":true,\"tracknumbers\":true,\"images\":false,\"artists\":false,\"tracks\":[{\"src\":\"https:\/\/backingtracksmusic.com\/wp-content\/uploads\/2021\/12\/what-child-is-this-play-referncia-flute-DEMO.mp3\",\"type\":\"audio\/mpeg\",\"title\":\"what child is this play + referncia flute DEMO\",\"caption\":\"\",\"description\":\"\\\"what child is this play + referncia flute DEMO\\\". G\\u00e9nero: Otro.\",\"meta\":{\"genre\":\"Otro\",\"length_formatted\":\"1:03\"},\"image\":{\"src\":\"https:\/\/backingtracksmusic.com\/wp-includes\/images\/media\/audio.svg\",\"width\":48,\"height\":64},\"thumb\":{\"src\":\"https:\/\/backingtracksmusic.com\/wp-includes\/images\/media\/audio.svg\",\"width\":48,\"height\":64}},{\"src\":\"https:\/\/backingtracksmusic.com\/wp-content\/uploads\/2021\/12\/what-child-is-this-play-DEMO.mp3\",\"type\":\"audio\/mpeg\",\"title\":\"what child is this play DEMO\",\"caption\":\"\",\"description\":\"\\\"what child is this play DEMO\\\". G\\u00e9nero: Otro.\",\"meta\":{\"genre\":\"Otro\",\"length_formatted\":\"1:01\"},\"image\":{\"src\":\"https:\/\/backingtracksmusic.com\/wp-includes\/images\/media\/audio.svg\",\"width\":48,\"height\":64},\"thumb\":{\"src\":\"https:\/\/backingtracksmusic.com\/wp-includes\/images\/media\/audio.svg\",\"width\":48,\"height\":64}}]}<\/script>\n<\/div>\n","protected":false},"featured_media":4212,"template":"","meta":{"_acf_changed":false},"product_brand":[],"product_cat":[102],"product_tag":[225],"class_list":{"0":"post-4211","1":"product","2":"type-product","3":"status-publish","4":"has-post-thumbnail","6":"product_cat-17-christmas-songs","7":"product_tag-tratitional-christmas","9":"first","10":"instock","11":"virtual","12":"purchasable","13":"product-type-simple"},"acf":[],"_links":{"self":[{"href":"https:\/\/backingtracksmusic.com\/es\/wp-json\/wp\/v2\/product\/4211","targetHints":{"allow":["GET"]}}],"collection":[{"href":"https:\/\/backingtracksmusic.com\/es\/wp-json\/wp\/v2\/product"}],"about":[{"href":"https:\/\/backingtracksmusic.com\/es\/wp-json\/wp\/v2\/types\/product"}],"wp:featuredmedia":[{"embeddable":true,"href":"https:\/\/backingtracksmusic.com\/es\/wp-json\/wp\/v2\/media\/4212"}],"wp:attachment":[{"href":"https:\/\/backingtracksmusic.com\/es\/wp-json\/wp\/v2\/media?parent=4211"}],"wp:term":[{"taxonomy":"product_brand","embeddable":true,"href":"https:\/\/backingtracksmusic.com\/es\/wp-json\/wp\/v2\/product_brand?post=4211"},{"taxonomy":"product_cat","embeddable":true,"href":"https:\/\/backingtracksmusic.com\/es\/wp-json\/wp\/v2\/product_cat?post=4211"},{"taxonomy":"product_tag","embeddable":true,"href":"https:\/\/backingtracksmusic.com\/es\/wp-json\/wp\/v2\/product_tag?post=4211"}],"curies":[{"name":"wp","href":"https:\/\/api.w.org\/{rel}","templated":true}]}}