{"id":4195,"date":"2021-12-29T14:47:32","date_gmt":"2021-12-29T17:47:32","guid":{"rendered":"https:\/\/backingtracksmusic.com\/?post_type=product&#038;p=4195"},"modified":"2022-03-22T09:48:39","modified_gmt":"2022-03-22T12:48:39","slug":"o-holy-night","status":"publish","type":"product","link":"https:\/\/backingtracksmusic.com\/es\/producto\/o-holy-night\/","title":{"rendered":"O Holy night"},"content":{"rendered":"<h3>Informaci\u00f3n:<\/h3>\n<p>&#8220;<b>&#8220;O Holy Night&#8221;<\/b>(tambi\u00e9n conocido como\u00a0<span lang=\"fr\" title=\"French-language text\">&#8220;Cantique de No\u00ebl&#8221;) <\/span>es un conocido\u00a0<a title=\"Christmas carol\" href=\"https:\/\/en.wikipedia.org\/wiki\/Christmas_carol\">villancico <\/a>navide\u00f1o. Originalmente basado en un poema en franc\u00e9s del poeta\u00a0<a title=\"Placide Cappeau\" href=\"https:\/\/en.wikipedia.org\/wiki\/Placide_Cappeau\">Placide Cappeau, <\/a>escrito en 1843, con la primera l\u00ednea\u00a0<span lang=\"fr\" title=\"French-language text\">&#8220;Minuit, chr\u00e9tiens! c&#8217;est l&#8217;heure solennelle&#8221;<\/span>\u00a0(Medianoche, cristianos, es la hora solemne) que el compositor\u00a0<a title=\"Adolphe Adam\" href=\"https:\/\/en.wikipedia.org\/wiki\/Adolphe_Adam\">Adolphe Adam<\/a>\u00a0musicaliz\u00f3 en 1847. La versi\u00f3n en ingl\u00e9s es de\u00a0<a title=\"John Sullivan Dwight\" href=\"https:\/\/en.wikipedia.org\/wiki\/John_Sullivan_Dwight\">John Sullivan Dwight.<\/a>\u00a0El villancico reflexiona sobre el\u00a0<a title=\"Nativity of Jesus\" href=\"https:\/\/en.wikipedia.org\/wiki\/Nativity_of_Jesus\">nacimiento de Jes\u00fas<\/a>\u00a0como la redenci\u00f3n de la humanidad.<\/p>\n<p>&nbsp;<\/p>\n<p>&nbsp;<\/p>\n","protected":false},"excerpt":{"rendered":"<h3>Demo:<\/h3>\n<div class=\"wp-playlist wp-audio-playlist wp-playlist-light\">\n<div class=\"wp-playlist-current-item\"><\/div>\n<p>\t\t<audio controls=\"controls\" preload=\"none\" width=\"1378\"\n\t\t\t><\/audio><\/p>\n<div class=\"wp-playlist-next\"><\/div>\n<div class=\"wp-playlist-prev\"><\/div>\n<p>\t<noscript><\/p>\n<ol>\n<li><a href='https:\/\/backingtracksmusic.com\/wp-content\/uploads\/2021\/12\/o-Holy-night-play-reference-violin-DEMO.mp3'>o Holy night play + reference violin DEMO<\/a><\/li>\n<li><a href='https:\/\/backingtracksmusic.com\/wp-content\/uploads\/2021\/12\/o-Holy-night-play-DEMO.mp3'>o Holy night play DEMO<\/a><\/li>\n<\/ol>\n<p>\t<\/noscript><br \/>\n\t<script type=\"application\/json\" class=\"wp-playlist-script\">{\"type\":\"audio\",\"tracklist\":true,\"tracknumbers\":true,\"images\":false,\"artists\":false,\"tracks\":[{\"src\":\"https:\/\/backingtracksmusic.com\/wp-content\/uploads\/2021\/12\/o-Holy-night-play-reference-violin-DEMO.mp3\",\"type\":\"audio\/mpeg\",\"title\":\"o Holy night play + reference violin DEMO\",\"caption\":\"\",\"description\":\"\\\"o Holy night play + reference violin DEMO\\\". G\\u00e9nero: Otro.\",\"meta\":{\"genre\":\"Otro\",\"length_formatted\":\"1:28\"},\"image\":{\"src\":\"https:\/\/backingtracksmusic.com\/wp-includes\/images\/media\/audio.svg\",\"width\":48,\"height\":64},\"thumb\":{\"src\":\"https:\/\/backingtracksmusic.com\/wp-includes\/images\/media\/audio.svg\",\"width\":48,\"height\":64}},{\"src\":\"https:\/\/backingtracksmusic.com\/wp-content\/uploads\/2021\/12\/o-Holy-night-play-DEMO.mp3\",\"type\":\"audio\/mpeg\",\"title\":\"o Holy night play DEMO\",\"caption\":\"\",\"description\":\"\\\"o Holy night play DEMO\\\". G\\u00e9nero: Otro.\",\"meta\":{\"genre\":\"Otro\",\"length_formatted\":\"1:31\"},\"image\":{\"src\":\"https:\/\/backingtracksmusic.com\/wp-includes\/images\/media\/audio.svg\",\"width\":48,\"height\":64},\"thumb\":{\"src\":\"https:\/\/backingtracksmusic.com\/wp-includes\/images\/media\/audio.svg\",\"width\":48,\"height\":64}}]}<\/script>\n<\/div>\n","protected":false},"featured_media":4196,"template":"","meta":{"_acf_changed":false},"product_brand":[],"product_cat":[102],"product_tag":[223],"class_list":{"0":"post-4195","1":"product","2":"type-product","3":"status-publish","4":"has-post-thumbnail","6":"product_cat-17-christmas-songs","7":"product_tag-adolphe-adams","9":"first","10":"instock","11":"virtual","12":"purchasable","13":"product-type-simple"},"acf":[],"_links":{"self":[{"href":"https:\/\/backingtracksmusic.com\/es\/wp-json\/wp\/v2\/product\/4195","targetHints":{"allow":["GET"]}}],"collection":[{"href":"https:\/\/backingtracksmusic.com\/es\/wp-json\/wp\/v2\/product"}],"about":[{"href":"https:\/\/backingtracksmusic.com\/es\/wp-json\/wp\/v2\/types\/product"}],"wp:featuredmedia":[{"embeddable":true,"href":"https:\/\/backingtracksmusic.com\/es\/wp-json\/wp\/v2\/media\/4196"}],"wp:attachment":[{"href":"https:\/\/backingtracksmusic.com\/es\/wp-json\/wp\/v2\/media?parent=4195"}],"wp:term":[{"taxonomy":"product_brand","embeddable":true,"href":"https:\/\/backingtracksmusic.com\/es\/wp-json\/wp\/v2\/product_brand?post=4195"},{"taxonomy":"product_cat","embeddable":true,"href":"https:\/\/backingtracksmusic.com\/es\/wp-json\/wp\/v2\/product_cat?post=4195"},{"taxonomy":"product_tag","embeddable":true,"href":"https:\/\/backingtracksmusic.com\/es\/wp-json\/wp\/v2\/product_tag?post=4195"}],"curies":[{"name":"wp","href":"https:\/\/api.w.org\/{rel}","templated":true}]}}