{"id":4147,"date":"2021-12-28T20:31:18","date_gmt":"2021-12-28T23:31:18","guid":{"rendered":"https:\/\/backingtracksmusic.com\/?post_type=product&#038;p=4147"},"modified":"2022-03-22T09:48:46","modified_gmt":"2022-03-22T12:48:46","slug":"the-prayer","status":"publish","type":"product","link":"https:\/\/backingtracksmusic.com\/es\/producto\/the-prayer\/","title":{"rendered":"The prayer"},"content":{"rendered":"<h3>Informaci\u00f3n:<\/h3>\n<p>&#8216;La oraci\u00f3n&#8217; de Celine Dion y Andrea Bocelli, como sugiere el t\u00edtulo, es una oraci\u00f3n por gu\u00eda, esperanza y seguridad en un mundo que carece de estas cosas. Aunque los cantantes no mencionan directamente a qui\u00e9n est\u00e1n rezando sus oraciones, es probable que se lo est\u00e9n diciendo a Dios, ya que los simples humanos no pueden conceder su deseo. Los narradores primero le piden a Dios que los cuide y les d\u00e9 sabidur\u00eda para su vida diaria.<\/p>\n<p>&nbsp;<\/p>\n<p>&nbsp;<\/p>\n","protected":false},"excerpt":{"rendered":"<h3>Demo:<\/h3>\n<div class=\"wp-playlist wp-audio-playlist wp-playlist-light\">\n<div class=\"wp-playlist-current-item\"><\/div>\n<p>\t\t<audio controls=\"controls\" preload=\"none\" width=\"1378\"\n\t\t\t><\/audio><\/p>\n<div class=\"wp-playlist-next\"><\/div>\n<div class=\"wp-playlist-prev\"><\/div>\n<p>\t<noscript><\/p>\n<ol>\n<li><a href='https:\/\/backingtracksmusic.com\/wp-content\/uploads\/2021\/12\/The-prayer-F-play-reference-saxo-DEMO.mp3'>The prayer F play + reference saxo DEMO<\/a><\/li>\n<li><a href='https:\/\/backingtracksmusic.com\/wp-content\/uploads\/2021\/12\/The-prayer-F-play-DEMO.mp3'>The prayer F play DEMO<\/a><\/li>\n<\/ol>\n<p>\t<\/noscript><br \/>\n\t<script type=\"application\/json\" class=\"wp-playlist-script\">{\"type\":\"audio\",\"tracklist\":true,\"tracknumbers\":true,\"images\":false,\"artists\":false,\"tracks\":[{\"src\":\"https:\/\/backingtracksmusic.com\/wp-content\/uploads\/2021\/12\/The-prayer-F-play-reference-saxo-DEMO.mp3\",\"type\":\"audio\/mpeg\",\"title\":\"The prayer F play + reference saxo DEMO\",\"caption\":\"\",\"description\":\"\\\"The prayer F play + reference saxo DEMO\\\". G\\u00e9nero: Otro.\",\"meta\":{\"genre\":\"Otro\",\"length_formatted\":\"2:04\"},\"image\":{\"src\":\"https:\/\/backingtracksmusic.com\/wp-includes\/images\/media\/audio.svg\",\"width\":48,\"height\":64},\"thumb\":{\"src\":\"https:\/\/backingtracksmusic.com\/wp-includes\/images\/media\/audio.svg\",\"width\":48,\"height\":64}},{\"src\":\"https:\/\/backingtracksmusic.com\/wp-content\/uploads\/2021\/12\/The-prayer-F-play-DEMO.mp3\",\"type\":\"audio\/mpeg\",\"title\":\"The prayer F play DEMO\",\"caption\":\"\",\"description\":\"\\\"The prayer F play DEMO\\\". G\\u00e9nero: Otro.\",\"meta\":{\"genre\":\"Otro\",\"length_formatted\":\"1:26\"},\"image\":{\"src\":\"https:\/\/backingtracksmusic.com\/wp-includes\/images\/media\/audio.svg\",\"width\":48,\"height\":64},\"thumb\":{\"src\":\"https:\/\/backingtracksmusic.com\/wp-includes\/images\/media\/audio.svg\",\"width\":48,\"height\":64}}]}<\/script>\n<\/div>\n","protected":false},"featured_media":4148,"template":"","meta":{"_acf_changed":false},"product_brand":[],"product_cat":[103,97,99],"product_tag":[],"class_list":{"0":"post-4147","1":"product","2":"type-product","3":"status-publish","4":"has-post-thumbnail","6":"product_cat-10-tv-movies","7":"product_cat-13-love-songs","8":"product_cat-15-oldes","10":"first","11":"instock","12":"virtual","13":"purchasable","14":"product-type-simple"},"acf":[],"_links":{"self":[{"href":"https:\/\/backingtracksmusic.com\/es\/wp-json\/wp\/v2\/product\/4147","targetHints":{"allow":["GET"]}}],"collection":[{"href":"https:\/\/backingtracksmusic.com\/es\/wp-json\/wp\/v2\/product"}],"about":[{"href":"https:\/\/backingtracksmusic.com\/es\/wp-json\/wp\/v2\/types\/product"}],"wp:featuredmedia":[{"embeddable":true,"href":"https:\/\/backingtracksmusic.com\/es\/wp-json\/wp\/v2\/media\/4148"}],"wp:attachment":[{"href":"https:\/\/backingtracksmusic.com\/es\/wp-json\/wp\/v2\/media?parent=4147"}],"wp:term":[{"taxonomy":"product_brand","embeddable":true,"href":"https:\/\/backingtracksmusic.com\/es\/wp-json\/wp\/v2\/product_brand?post=4147"},{"taxonomy":"product_cat","embeddable":true,"href":"https:\/\/backingtracksmusic.com\/es\/wp-json\/wp\/v2\/product_cat?post=4147"},{"taxonomy":"product_tag","embeddable":true,"href":"https:\/\/backingtracksmusic.com\/es\/wp-json\/wp\/v2\/product_tag?post=4147"}],"curies":[{"name":"wp","href":"https:\/\/api.w.org\/{rel}","templated":true}]}}