{"id":4110,"date":"2021-12-28T19:37:13","date_gmt":"2021-12-28T22:37:13","guid":{"rendered":"https:\/\/backingtracksmusic.com\/?post_type=product&#038;p=4110"},"modified":"2022-03-22T09:49:00","modified_gmt":"2022-03-22T12:49:00","slug":"a-mi-manera-my-way","status":"publish","type":"product","link":"https:\/\/backingtracksmusic.com\/es\/producto\/a-mi-manera-my-way\/","title":{"rendered":"A mi manera (my way)"},"content":{"rendered":"<h3>Informaci\u00f3n:<\/h3>\n<p>\u00abMy Way\u00bb (\u00abA mi manera\u00bb) es una canci\u00f3n popular adaptada al ingl\u00e9s por Paul Anka, en 1969, basada en la canci\u00f3n francesa de 1967 \u00abComme d&#8217;habitude\u00bb, con m\u00fasica escrita por Claude Fran\u00e7ois y Jacques Revaux, para la letra en franc\u00e9s de Claude Fran\u00e7ois y Gilles Thibaut. La versi\u00f3n en ingl\u00e9s solo mantiene la melod\u00eda de la canci\u00f3n, ya que la letra fue reescrita por Paul Anka y es totalmente diferente de la original en franc\u00e9s.<\/p>\n<p>Su primera interpretaci\u00f3n fue realizada por Frank Sinatra, en el disco My Way, del a\u00f1o 1969.<\/p>\n<p>&nbsp;<\/p>\n<p>&nbsp;<\/p>\n","protected":false},"excerpt":{"rendered":"<h3>Demo:<\/h3>\n<div class=\"wp-playlist wp-audio-playlist wp-playlist-light\">\n<div class=\"wp-playlist-current-item\"><\/div>\n<p>\t\t<audio controls=\"controls\" preload=\"none\" width=\"1378\"\n\t\t\t><\/audio><\/p>\n<div class=\"wp-playlist-next\"><\/div>\n<div class=\"wp-playlist-prev\"><\/div>\n<p>\t<noscript><\/p>\n<ol>\n<li><a href='https:\/\/backingtracksmusic.com\/wp-content\/uploads\/2021\/12\/A-mi-manera-guitar-play-D-DEMO.mp3'>A mi manera guitar play D DEMO<\/a><\/li>\n<li><a href='https:\/\/backingtracksmusic.com\/wp-content\/uploads\/2021\/12\/A-mi-manera-guitar-play-D-flute-reference-DEMO.mp3'>A mi manera guitar play D + flute reference DEMO<\/a><\/li>\n<\/ol>\n<p>\t<\/noscript><br \/>\n\t<script type=\"application\/json\" class=\"wp-playlist-script\">{\"type\":\"audio\",\"tracklist\":true,\"tracknumbers\":true,\"images\":false,\"artists\":false,\"tracks\":[{\"src\":\"https:\/\/backingtracksmusic.com\/wp-content\/uploads\/2021\/12\/A-mi-manera-guitar-play-D-DEMO.mp3\",\"type\":\"audio\/mpeg\",\"title\":\"A mi manera guitar play D DEMO\",\"caption\":\"\",\"description\":\"\\\"A mi manera guitar play D DEMO\\\". G\\u00e9nero: Otro.\",\"meta\":{\"genre\":\"Otro\",\"length_formatted\":\"1:36\"},\"image\":{\"src\":\"https:\/\/backingtracksmusic.com\/wp-includes\/images\/media\/audio.svg\",\"width\":48,\"height\":64},\"thumb\":{\"src\":\"https:\/\/backingtracksmusic.com\/wp-includes\/images\/media\/audio.svg\",\"width\":48,\"height\":64}},{\"src\":\"https:\/\/backingtracksmusic.com\/wp-content\/uploads\/2021\/12\/A-mi-manera-guitar-play-D-flute-reference-DEMO.mp3\",\"type\":\"audio\/mpeg\",\"title\":\"A mi manera guitar play D + flute reference DEMO\",\"caption\":\"\",\"description\":\"\\\"A mi manera guitar play D + flute reference DEMO\\\". G\\u00e9nero: Otro.\",\"meta\":{\"genre\":\"Otro\",\"length_formatted\":\"1:38\"},\"image\":{\"src\":\"https:\/\/backingtracksmusic.com\/wp-includes\/images\/media\/audio.svg\",\"width\":48,\"height\":64},\"thumb\":{\"src\":\"https:\/\/backingtracksmusic.com\/wp-includes\/images\/media\/audio.svg\",\"width\":48,\"height\":64}}]}<\/script>\n<\/div>\n","protected":false},"featured_media":4111,"template":"","meta":{"_acf_changed":false},"product_brand":[],"product_cat":[97,99],"product_tag":[207,206],"class_list":{"0":"post-4110","1":"product","2":"type-product","3":"status-publish","4":"has-post-thumbnail","6":"product_cat-13-love-songs","7":"product_cat-15-oldes","8":"product_tag-claude-francois","9":"product_tag-paul-anka","11":"first","12":"instock","13":"virtual","14":"purchasable","15":"product-type-simple"},"acf":[],"_links":{"self":[{"href":"https:\/\/backingtracksmusic.com\/es\/wp-json\/wp\/v2\/product\/4110","targetHints":{"allow":["GET"]}}],"collection":[{"href":"https:\/\/backingtracksmusic.com\/es\/wp-json\/wp\/v2\/product"}],"about":[{"href":"https:\/\/backingtracksmusic.com\/es\/wp-json\/wp\/v2\/types\/product"}],"wp:featuredmedia":[{"embeddable":true,"href":"https:\/\/backingtracksmusic.com\/es\/wp-json\/wp\/v2\/media\/4111"}],"wp:attachment":[{"href":"https:\/\/backingtracksmusic.com\/es\/wp-json\/wp\/v2\/media?parent=4110"}],"wp:term":[{"taxonomy":"product_brand","embeddable":true,"href":"https:\/\/backingtracksmusic.com\/es\/wp-json\/wp\/v2\/product_brand?post=4110"},{"taxonomy":"product_cat","embeddable":true,"href":"https:\/\/backingtracksmusic.com\/es\/wp-json\/wp\/v2\/product_cat?post=4110"},{"taxonomy":"product_tag","embeddable":true,"href":"https:\/\/backingtracksmusic.com\/es\/wp-json\/wp\/v2\/product_tag?post=4110"}],"curies":[{"name":"wp","href":"https:\/\/api.w.org\/{rel}","templated":true}]}}