{"id":3917,"date":"2021-12-28T13:07:51","date_gmt":"2021-12-28T16:07:51","guid":{"rendered":"https:\/\/backingtracksmusic.com\/?post_type=product&#038;p=3917"},"modified":"2022-03-22T09:50:29","modified_gmt":"2022-03-22T12:50:29","slug":"pa-que-bailen-los-muchachos","status":"publish","type":"product","link":"https:\/\/backingtracksmusic.com\/es\/producto\/pa-que-bailen-los-muchachos\/","title":{"rendered":"Pa que bailen los muchachos"},"content":{"rendered":"<h3>Informaci\u00f3n:<\/h3>\n<p>En el 1942 Enrique Cad\u00edcamo escribi\u00f3 para la m\u00fasica de Anibal Troilo el tango PA&#8217; QUE BAILEN LOS MUCHACHOS<br \/>\nEste n\u00famero, inspirado en el hom\u00f3nimo tango, cuenta una noche en la milonga, o sea el sal\u00f3n donde la gente de Buenos Aires se re\u00fane para bailar el tango.<\/p>\n<p>&nbsp;<\/p>\n<p>&nbsp;<\/p>\n","protected":false},"excerpt":{"rendered":"<h3>Demo:<\/h3>\n<div class=\"wp-playlist wp-audio-playlist wp-playlist-light\">\n<div class=\"wp-playlist-current-item\"><\/div>\n<p>\t\t<audio controls=\"controls\" preload=\"none\" width=\"1378\"\n\t\t\t><\/audio><\/p>\n<div class=\"wp-playlist-next\"><\/div>\n<div class=\"wp-playlist-prev\"><\/div>\n<p>\t<noscript><\/p>\n<ol>\n<li><a href='https:\/\/backingtracksmusic.com\/wp-content\/uploads\/2021\/12\/Pa-que-bailen-los-muchachos-Dm-play-full-DEMO.mp3'>Pa que bailen los muchachos Dm play full DEMO<\/a><\/li>\n<li><a href='https:\/\/backingtracksmusic.com\/wp-content\/uploads\/2021\/12\/Pa-que-bailen-los-muchachos-Dm-play-flute-referencia-DEMO.mp3'>Pa que bailen los muchachos Dm play + flute referencia DEMO<\/a><\/li>\n<\/ol>\n<p>\t<\/noscript><br \/>\n\t<script type=\"application\/json\" class=\"wp-playlist-script\">{\"type\":\"audio\",\"tracklist\":true,\"tracknumbers\":true,\"images\":false,\"artists\":false,\"tracks\":[{\"src\":\"https:\/\/backingtracksmusic.com\/wp-content\/uploads\/2021\/12\/Pa-que-bailen-los-muchachos-Dm-play-full-DEMO.mp3\",\"type\":\"audio\/mpeg\",\"title\":\"Pa que bailen los muchachos Dm play full DEMO\",\"caption\":\"\",\"description\":\"\\\"Pa que bailen los muchachos Dm play full DEMO\\\". G\\u00e9nero: Otro.\",\"meta\":{\"genre\":\"Otro\",\"length_formatted\":\"1:32\"},\"image\":{\"src\":\"https:\/\/backingtracksmusic.com\/wp-includes\/images\/media\/audio.svg\",\"width\":48,\"height\":64},\"thumb\":{\"src\":\"https:\/\/backingtracksmusic.com\/wp-includes\/images\/media\/audio.svg\",\"width\":48,\"height\":64}},{\"src\":\"https:\/\/backingtracksmusic.com\/wp-content\/uploads\/2021\/12\/Pa-que-bailen-los-muchachos-Dm-play-flute-referencia-DEMO.mp3\",\"type\":\"audio\/mpeg\",\"title\":\"Pa que bailen los muchachos Dm play + flute referencia DEMO\",\"caption\":\"\",\"description\":\"\\\"Pa que bailen los muchachos Dm play + flute referencia DEMO\\\". G\\u00e9nero: Otro.\",\"meta\":{\"genre\":\"Otro\",\"length_formatted\":\"1:35\"},\"image\":{\"src\":\"https:\/\/backingtracksmusic.com\/wp-includes\/images\/media\/audio.svg\",\"width\":48,\"height\":64},\"thumb\":{\"src\":\"https:\/\/backingtracksmusic.com\/wp-includes\/images\/media\/audio.svg\",\"width\":48,\"height\":64}}]}<\/script>\n<\/div>\n","protected":false},"featured_media":3918,"template":"","meta":{"_acf_changed":false},"product_brand":[],"product_cat":[86],"product_tag":[153,158],"class_list":{"0":"post-3917","1":"product","2":"type-product","3":"status-publish","4":"has-post-thumbnail","6":"product_cat-01-tango","7":"product_tag-anibal-troilo","8":"product_tag-enrique-cadicamo","10":"first","11":"instock","12":"virtual","13":"purchasable","14":"product-type-simple"},"acf":[],"_links":{"self":[{"href":"https:\/\/backingtracksmusic.com\/es\/wp-json\/wp\/v2\/product\/3917","targetHints":{"allow":["GET"]}}],"collection":[{"href":"https:\/\/backingtracksmusic.com\/es\/wp-json\/wp\/v2\/product"}],"about":[{"href":"https:\/\/backingtracksmusic.com\/es\/wp-json\/wp\/v2\/types\/product"}],"wp:featuredmedia":[{"embeddable":true,"href":"https:\/\/backingtracksmusic.com\/es\/wp-json\/wp\/v2\/media\/3918"}],"wp:attachment":[{"href":"https:\/\/backingtracksmusic.com\/es\/wp-json\/wp\/v2\/media?parent=3917"}],"wp:term":[{"taxonomy":"product_brand","embeddable":true,"href":"https:\/\/backingtracksmusic.com\/es\/wp-json\/wp\/v2\/product_brand?post=3917"},{"taxonomy":"product_cat","embeddable":true,"href":"https:\/\/backingtracksmusic.com\/es\/wp-json\/wp\/v2\/product_cat?post=3917"},{"taxonomy":"product_tag","embeddable":true,"href":"https:\/\/backingtracksmusic.com\/es\/wp-json\/wp\/v2\/product_tag?post=3917"}],"curies":[{"name":"wp","href":"https:\/\/api.w.org\/{rel}","templated":true}]}}