{"id":3908,"date":"2021-12-28T12:57:11","date_gmt":"2021-12-28T15:57:11","guid":{"rendered":"https:\/\/backingtracksmusic.com\/?post_type=product&#038;p=3908"},"modified":"2022-03-22T09:50:29","modified_gmt":"2022-03-22T12:50:29","slug":"naranjo-en-flor","status":"publish","type":"product","link":"https:\/\/backingtracksmusic.com\/es\/producto\/naranjo-en-flor\/","title":{"rendered":"Naranjo en flor"},"content":{"rendered":"<h3>Informaci\u00f3n:<\/h3>\n<p>Naranjo en flor es uno de los tangos m\u00e1s caracter\u00edsticos de la m\u00fasica rioplatense, la autor\u00eda es de los hermanos Exp\u00f3sito, la letra fue realizada por Homero Exp\u00f3sito y la m\u00fasica por su hermano, Virgilio. La interpretaci\u00f3n m\u00e1s famosa y elogiada fue la que hizo Roberto Goyeneche, bajo la batuta de Atilio Stampone.<\/p>\n<p>&nbsp;<\/p>\n<p>&nbsp;<\/p>\n","protected":false},"excerpt":{"rendered":"<h3>Demo:<\/h3>\n<div class=\"wp-playlist wp-audio-playlist wp-playlist-light\">\n<div class=\"wp-playlist-current-item\"><\/div>\n<p>\t\t<audio controls=\"controls\" preload=\"none\" width=\"1378\"\n\t\t\t><\/audio><\/p>\n<div class=\"wp-playlist-next\"><\/div>\n<div class=\"wp-playlist-prev\"><\/div>\n<p>\t<noscript><\/p>\n<ol>\n<li><a href='https:\/\/backingtracksmusic.com\/wp-content\/uploads\/2021\/12\/Naranjo-en-flor-D-play-demo.mp3'>Naranjo en flor D play demo<\/a><\/li>\n<li><a href='https:\/\/backingtracksmusic.com\/wp-content\/uploads\/2021\/12\/Naranjo-en-flor-D-play-referencia-demo.mp3'>Naranjo en flor D play + referencia demo<\/a><\/li>\n<\/ol>\n<p>\t<\/noscript><br \/>\n\t<script type=\"application\/json\" class=\"wp-playlist-script\">{\"type\":\"audio\",\"tracklist\":true,\"tracknumbers\":true,\"images\":false,\"artists\":false,\"tracks\":[{\"src\":\"https:\/\/backingtracksmusic.com\/wp-content\/uploads\/2021\/12\/Naranjo-en-flor-D-play-demo.mp3\",\"type\":\"audio\/mpeg\",\"title\":\"Naranjo en flor D play demo\",\"caption\":\"\",\"description\":\"\\\"Naranjo en flor D play demo\\\". G\\u00e9nero: Otro.\",\"meta\":{\"genre\":\"Otro\",\"length_formatted\":\"1:32\"},\"image\":{\"src\":\"https:\/\/backingtracksmusic.com\/wp-includes\/images\/media\/audio.svg\",\"width\":48,\"height\":64},\"thumb\":{\"src\":\"https:\/\/backingtracksmusic.com\/wp-includes\/images\/media\/audio.svg\",\"width\":48,\"height\":64}},{\"src\":\"https:\/\/backingtracksmusic.com\/wp-content\/uploads\/2021\/12\/Naranjo-en-flor-D-play-referencia-demo.mp3\",\"type\":\"audio\/mpeg\",\"title\":\"Naranjo en flor D play + referencia demo\",\"caption\":\"\",\"description\":\"\\\"Naranjo en flor D play + referencia demo\\\". G\\u00e9nero: Otro.\",\"meta\":{\"genre\":\"Otro\",\"length_formatted\":\"1:51\"},\"image\":{\"src\":\"https:\/\/backingtracksmusic.com\/wp-includes\/images\/media\/audio.svg\",\"width\":48,\"height\":64},\"thumb\":{\"src\":\"https:\/\/backingtracksmusic.com\/wp-includes\/images\/media\/audio.svg\",\"width\":48,\"height\":64}}]}<\/script>\n<\/div>\n","protected":false},"featured_media":3909,"template":"","meta":{"_acf_changed":false},"product_brand":[],"product_cat":[86],"product_tag":[157],"class_list":{"0":"post-3908","1":"product","2":"type-product","3":"status-publish","4":"has-post-thumbnail","6":"product_cat-01-tango","7":"product_tag-hermanos-exposito","9":"first","10":"instock","11":"virtual","12":"purchasable","13":"product-type-simple"},"acf":[],"_links":{"self":[{"href":"https:\/\/backingtracksmusic.com\/es\/wp-json\/wp\/v2\/product\/3908","targetHints":{"allow":["GET"]}}],"collection":[{"href":"https:\/\/backingtracksmusic.com\/es\/wp-json\/wp\/v2\/product"}],"about":[{"href":"https:\/\/backingtracksmusic.com\/es\/wp-json\/wp\/v2\/types\/product"}],"wp:featuredmedia":[{"embeddable":true,"href":"https:\/\/backingtracksmusic.com\/es\/wp-json\/wp\/v2\/media\/3909"}],"wp:attachment":[{"href":"https:\/\/backingtracksmusic.com\/es\/wp-json\/wp\/v2\/media?parent=3908"}],"wp:term":[{"taxonomy":"product_brand","embeddable":true,"href":"https:\/\/backingtracksmusic.com\/es\/wp-json\/wp\/v2\/product_brand?post=3908"},{"taxonomy":"product_cat","embeddable":true,"href":"https:\/\/backingtracksmusic.com\/es\/wp-json\/wp\/v2\/product_cat?post=3908"},{"taxonomy":"product_tag","embeddable":true,"href":"https:\/\/backingtracksmusic.com\/es\/wp-json\/wp\/v2\/product_tag?post=3908"}],"curies":[{"name":"wp","href":"https:\/\/api.w.org\/{rel}","templated":true}]}}