{"id":3884,"date":"2021-12-28T12:21:09","date_gmt":"2021-12-28T15:21:09","guid":{"rendered":"https:\/\/backingtracksmusic.com\/?post_type=product&#038;p=3884"},"modified":"2022-03-22T09:50:45","modified_gmt":"2022-03-22T12:50:45","slug":"la-cumparsita","status":"publish","type":"product","link":"https:\/\/backingtracksmusic.com\/es\/producto\/la-cumparsita\/","title":{"rendered":"La cumparsita"},"content":{"rendered":"<h3>Informaci\u00f3n:<\/h3>\n<p>La cumparsita es un tango cuya melod\u00eda fue creada y escrita a principios de 1917 por el m\u00fasico uruguayo Gerardo Matos Rodr\u00edguez . Poco despu\u00e9s y a pedido de Matos Rodr\u00edguez, recibi\u00f3 arreglos musicales del argentino Roberto Firpo quien, posteriormente a esto, la toc\u00f3 junto a su orquesta por primera vez en p\u00fablico el 19 de abril de 1917 en la Confiter\u00eda La Giralda, situada en la Plaza Independencia de Montevideo.Est\u00e1 considerado uno de los tangos m\u00e1s difundidos a nivel mundial<\/p>\n<p>&nbsp;<\/p>\n<p>&nbsp;<\/p>\n","protected":false},"excerpt":{"rendered":"<h3>Demo:<\/h3>\n<div class=\"wp-playlist wp-audio-playlist wp-playlist-light\">\n<div class=\"wp-playlist-current-item\"><\/div>\n<p>\t\t<audio controls=\"controls\" preload=\"none\" width=\"1378\"\n\t\t\t><\/audio><\/p>\n<div class=\"wp-playlist-next\"><\/div>\n<div class=\"wp-playlist-prev\"><\/div>\n<p>\t<noscript><\/p>\n<ol>\n<li><a href='https:\/\/backingtracksmusic.com\/wp-content\/uploads\/2021\/12\/La-cumparsita-Gm-play-v3-DEMO.mp3'>La cumparsita Gm play v3 DEMO<\/a><\/li>\n<li><a href='https:\/\/backingtracksmusic.com\/wp-content\/uploads\/2021\/12\/La-cumparsita-Gm-play-v3-referencia-clari-sampler-DEMO.mp3'>La cumparsita Gm play v3 + referencia clari sampler DEMO<\/a><\/li>\n<\/ol>\n<p>\t<\/noscript><br \/>\n\t<script type=\"application\/json\" class=\"wp-playlist-script\">{\"type\":\"audio\",\"tracklist\":true,\"tracknumbers\":true,\"images\":false,\"artists\":false,\"tracks\":[{\"src\":\"https:\/\/backingtracksmusic.com\/wp-content\/uploads\/2021\/12\/La-cumparsita-Gm-play-v3-DEMO.mp3\",\"type\":\"audio\/mpeg\",\"title\":\"La cumparsita Gm play v3 DEMO\",\"caption\":\"\",\"description\":\"\\\"La cumparsita Gm play v3 DEMO\\\". G\\u00e9nero: Otro.\",\"meta\":{\"genre\":\"Otro\",\"length_formatted\":\"1:36\"},\"image\":{\"src\":\"https:\/\/backingtracksmusic.com\/wp-includes\/images\/media\/audio.svg\",\"width\":48,\"height\":64},\"thumb\":{\"src\":\"https:\/\/backingtracksmusic.com\/wp-includes\/images\/media\/audio.svg\",\"width\":48,\"height\":64}},{\"src\":\"https:\/\/backingtracksmusic.com\/wp-content\/uploads\/2021\/12\/La-cumparsita-Gm-play-v3-referencia-clari-sampler-DEMO.mp3\",\"type\":\"audio\/mpeg\",\"title\":\"La cumparsita Gm play v3 + referencia clari sampler DEMO\",\"caption\":\"\",\"description\":\"\\\"La cumparsita Gm play v3 + referencia clari sampler DEMO\\\". G\\u00e9nero: Otro.\",\"meta\":{\"genre\":\"Otro\",\"length_formatted\":\"1:25\"},\"image\":{\"src\":\"https:\/\/backingtracksmusic.com\/wp-includes\/images\/media\/audio.svg\",\"width\":48,\"height\":64},\"thumb\":{\"src\":\"https:\/\/backingtracksmusic.com\/wp-includes\/images\/media\/audio.svg\",\"width\":48,\"height\":64}}]}<\/script>\n<\/div>\n","protected":false},"featured_media":3885,"template":"","meta":{"_acf_changed":false},"product_brand":[],"product_cat":[86],"product_tag":[151],"class_list":{"0":"post-3884","1":"product","2":"type-product","3":"status-publish","4":"has-post-thumbnail","6":"product_cat-01-tango","7":"product_tag-gerardo-matos-rodriguez","9":"first","10":"instock","11":"virtual","12":"purchasable","13":"product-type-simple"},"acf":[],"_links":{"self":[{"href":"https:\/\/backingtracksmusic.com\/es\/wp-json\/wp\/v2\/product\/3884","targetHints":{"allow":["GET"]}}],"collection":[{"href":"https:\/\/backingtracksmusic.com\/es\/wp-json\/wp\/v2\/product"}],"about":[{"href":"https:\/\/backingtracksmusic.com\/es\/wp-json\/wp\/v2\/types\/product"}],"wp:featuredmedia":[{"embeddable":true,"href":"https:\/\/backingtracksmusic.com\/es\/wp-json\/wp\/v2\/media\/3885"}],"wp:attachment":[{"href":"https:\/\/backingtracksmusic.com\/es\/wp-json\/wp\/v2\/media?parent=3884"}],"wp:term":[{"taxonomy":"product_brand","embeddable":true,"href":"https:\/\/backingtracksmusic.com\/es\/wp-json\/wp\/v2\/product_brand?post=3884"},{"taxonomy":"product_cat","embeddable":true,"href":"https:\/\/backingtracksmusic.com\/es\/wp-json\/wp\/v2\/product_cat?post=3884"},{"taxonomy":"product_tag","embeddable":true,"href":"https:\/\/backingtracksmusic.com\/es\/wp-json\/wp\/v2\/product_tag?post=3884"}],"curies":[{"name":"wp","href":"https:\/\/api.w.org\/{rel}","templated":true}]}}