{"id":3851,"date":"2021-12-28T11:46:10","date_gmt":"2021-12-28T14:46:10","guid":{"rendered":"https:\/\/backingtracksmusic.com\/?post_type=product&#038;p=3851"},"modified":"2022-03-22T09:51:04","modified_gmt":"2022-03-22T12:51:04","slug":"el-abrojito","status":"publish","type":"product","link":"https:\/\/backingtracksmusic.com\/es\/producto\/el-abrojito\/","title":{"rendered":"El abrojito"},"content":{"rendered":"<h3>Informaci\u00f3n:<\/h3>\n<p>El abrojito es un tango de 1925 \u200bcuya letra pertenece a Jes\u00fas Fern\u00e1ndez Blanco en tanto la m\u00fasica es de Luis Bernstein.<br \/>\nFue grabado por primera vez por Julio de Caro y su sexteto en 1925 en versi\u00f3n instrumental, despu\u00e9s, ya con la letra, por la orquesta de Osvaldo Pugliese en julio de 1945 para la discogr\u00e1fica Odeon y, m\u00e1s adelante, por otros conjuntos.<\/p>\n<p>&nbsp;<\/p>\n<p>&nbsp;<\/p>\n","protected":false},"excerpt":{"rendered":"<h3>Demo:<\/h3>\n<div class=\"wp-playlist wp-audio-playlist wp-playlist-light\">\n<div class=\"wp-playlist-current-item\"><\/div>\n<p>\t\t<audio controls=\"controls\" preload=\"none\" width=\"1378\"\n\t\t\t><\/audio><\/p>\n<div class=\"wp-playlist-next\"><\/div>\n<div class=\"wp-playlist-prev\"><\/div>\n<p>\t<noscript><\/p>\n<ol>\n<li><a href='https:\/\/backingtracksmusic.com\/wp-content\/uploads\/2021\/12\/El-abrojito-play-full-referencia-flute-DEMO.mp3'>El abrojito play full + referencia flute DEMO<\/a><\/li>\n<li><a href='https:\/\/backingtracksmusic.com\/wp-content\/uploads\/2021\/12\/El-abrojito-play-full-DEMO.mp3'>El abrojito play full DEMO<\/a><\/li>\n<\/ol>\n<p>\t<\/noscript><br \/>\n\t<script type=\"application\/json\" class=\"wp-playlist-script\">{\"type\":\"audio\",\"tracklist\":true,\"tracknumbers\":true,\"images\":false,\"artists\":false,\"tracks\":[{\"src\":\"https:\/\/backingtracksmusic.com\/wp-content\/uploads\/2021\/12\/El-abrojito-play-full-referencia-flute-DEMO.mp3\",\"type\":\"audio\/mpeg\",\"title\":\"El abrojito play full + referencia flute DEMO\",\"caption\":\"\",\"description\":\"\\\"El abrojito play full + referencia flute DEMO\\\". G\\u00e9nero: Otro.\",\"meta\":{\"genre\":\"Otro\",\"length_formatted\":\"1:25\"},\"image\":{\"src\":\"https:\/\/backingtracksmusic.com\/wp-includes\/images\/media\/audio.svg\",\"width\":48,\"height\":64},\"thumb\":{\"src\":\"https:\/\/backingtracksmusic.com\/wp-includes\/images\/media\/audio.svg\",\"width\":48,\"height\":64}},{\"src\":\"https:\/\/backingtracksmusic.com\/wp-content\/uploads\/2021\/12\/El-abrojito-play-full-DEMO.mp3\",\"type\":\"audio\/mpeg\",\"title\":\"El abrojito play full DEMO\",\"caption\":\"\",\"description\":\"\\\"El abrojito play full DEMO\\\". G\\u00e9nero: Otro.\",\"meta\":{\"genre\":\"Otro\",\"length_formatted\":\"1:25\"},\"image\":{\"src\":\"https:\/\/backingtracksmusic.com\/wp-includes\/images\/media\/audio.svg\",\"width\":48,\"height\":64},\"thumb\":{\"src\":\"https:\/\/backingtracksmusic.com\/wp-includes\/images\/media\/audio.svg\",\"width\":48,\"height\":64}}]}<\/script>\n<\/div>\n","protected":false},"featured_media":3852,"template":"","meta":{"_acf_changed":false},"product_brand":[],"product_cat":[86],"product_tag":[142],"class_list":{"0":"post-3851","1":"product","2":"type-product","3":"status-publish","4":"has-post-thumbnail","6":"product_cat-01-tango","7":"product_tag-luis-bernstein","9":"first","10":"instock","11":"downloadable","12":"virtual","13":"purchasable","14":"product-type-simple"},"acf":[],"_links":{"self":[{"href":"https:\/\/backingtracksmusic.com\/es\/wp-json\/wp\/v2\/product\/3851","targetHints":{"allow":["GET"]}}],"collection":[{"href":"https:\/\/backingtracksmusic.com\/es\/wp-json\/wp\/v2\/product"}],"about":[{"href":"https:\/\/backingtracksmusic.com\/es\/wp-json\/wp\/v2\/types\/product"}],"wp:featuredmedia":[{"embeddable":true,"href":"https:\/\/backingtracksmusic.com\/es\/wp-json\/wp\/v2\/media\/3852"}],"wp:attachment":[{"href":"https:\/\/backingtracksmusic.com\/es\/wp-json\/wp\/v2\/media?parent=3851"}],"wp:term":[{"taxonomy":"product_brand","embeddable":true,"href":"https:\/\/backingtracksmusic.com\/es\/wp-json\/wp\/v2\/product_brand?post=3851"},{"taxonomy":"product_cat","embeddable":true,"href":"https:\/\/backingtracksmusic.com\/es\/wp-json\/wp\/v2\/product_cat?post=3851"},{"taxonomy":"product_tag","embeddable":true,"href":"https:\/\/backingtracksmusic.com\/es\/wp-json\/wp\/v2\/product_tag?post=3851"}],"curies":[{"name":"wp","href":"https:\/\/api.w.org\/{rel}","templated":true}]}}