{"id":3835,"date":"2021-12-28T11:32:47","date_gmt":"2021-12-28T14:32:47","guid":{"rendered":"https:\/\/backingtracksmusic.com\/?post_type=product&#038;p=3835"},"modified":"2022-03-22T09:51:11","modified_gmt":"2022-03-22T12:51:11","slug":"canaro-en-paris","status":"publish","type":"product","link":"https:\/\/backingtracksmusic.com\/es\/producto\/canaro-en-paris\/","title":{"rendered":"Canaro en Paris"},"content":{"rendered":"<h3>Informaci\u00f3n:<\/h3>\n<p>Canaro en Par\u00eds es un tango cuya letra pertenece a Jos\u00e9 Scarpino en tanto que la m\u00fasica fue compuesta por Juan Caldarella y Alejandro Scarpino en 1925 y grabado por primera vez al a\u00f1o siguiente por la orquesta de Francisco Canaro, m\u00fasico al que homenajea el t\u00edtulo de la obra por las actuaciones que hab\u00eda realizado en la capital de Francia. Generalmente se ejecuta como instrumental y la letra, agregada tiempo despu\u00e9s, no tiene relaci\u00f3n con el t\u00edtulo.<\/p>\n<p>&nbsp;<\/p>\n<p>&nbsp;<\/p>\n","protected":false},"excerpt":{"rendered":"<h3>Demo:<\/h3>\n<div class=\"wp-playlist wp-audio-playlist wp-playlist-light\">\n<div class=\"wp-playlist-current-item\"><\/div>\n<p>\t\t<audio controls=\"controls\" preload=\"none\" width=\"1378\"\n\t\t\t><\/audio><\/p>\n<div class=\"wp-playlist-next\"><\/div>\n<div class=\"wp-playlist-prev\"><\/div>\n<p>\t<noscript><\/p>\n<ol>\n<li><a href='https:\/\/backingtracksmusic.com\/wp-content\/uploads\/2021\/12\/canaro-en-paris-play-full-referencia-armonica-DEMO.mp3'>canaro en paris play full + referencia armonica DEMO<\/a><\/li>\n<li><a href='https:\/\/backingtracksmusic.com\/wp-content\/uploads\/2021\/12\/canaro-en-paris-play-full-DEMO.mp3'>canaro en paris play full DEMO<\/a><\/li>\n<\/ol>\n<p>\t<\/noscript><br \/>\n\t<script type=\"application\/json\" class=\"wp-playlist-script\">{\"type\":\"audio\",\"tracklist\":true,\"tracknumbers\":true,\"images\":false,\"artists\":false,\"tracks\":[{\"src\":\"https:\/\/backingtracksmusic.com\/wp-content\/uploads\/2021\/12\/canaro-en-paris-play-full-referencia-armonica-DEMO.mp3\",\"type\":\"audio\/mpeg\",\"title\":\"canaro en paris play full + referencia armonica DEMO\",\"caption\":\"\",\"description\":\"\\\"canaro en paris play full + referencia armonica DEMO\\\". G\\u00e9nero: Otro.\",\"meta\":{\"genre\":\"Otro\",\"length_formatted\":\"1:31\"},\"image\":{\"src\":\"https:\/\/backingtracksmusic.com\/wp-includes\/images\/media\/audio.svg\",\"width\":48,\"height\":64},\"thumb\":{\"src\":\"https:\/\/backingtracksmusic.com\/wp-includes\/images\/media\/audio.svg\",\"width\":48,\"height\":64}},{\"src\":\"https:\/\/backingtracksmusic.com\/wp-content\/uploads\/2021\/12\/canaro-en-paris-play-full-DEMO.mp3\",\"type\":\"audio\/mpeg\",\"title\":\"canaro en paris play full DEMO\",\"caption\":\"\",\"description\":\"\\\"canaro en paris play full DEMO\\\". G\\u00e9nero: Otro.\",\"meta\":{\"genre\":\"Otro\",\"length_formatted\":\"1:26\"},\"image\":{\"src\":\"https:\/\/backingtracksmusic.com\/wp-includes\/images\/media\/audio.svg\",\"width\":48,\"height\":64},\"thumb\":{\"src\":\"https:\/\/backingtracksmusic.com\/wp-includes\/images\/media\/audio.svg\",\"width\":48,\"height\":64}}]}<\/script>\n<\/div>\n","protected":false},"featured_media":3836,"template":"","meta":{"_acf_changed":false},"product_brand":[],"product_cat":[86],"product_tag":[137,136],"class_list":{"0":"post-3835","1":"product","2":"type-product","3":"status-publish","4":"has-post-thumbnail","6":"product_cat-01-tango","7":"product_tag-alejandro-scarpino","8":"product_tag-juan-caldarella","10":"first","11":"instock","12":"downloadable","13":"virtual","14":"purchasable","15":"product-type-simple"},"acf":[],"_links":{"self":[{"href":"https:\/\/backingtracksmusic.com\/es\/wp-json\/wp\/v2\/product\/3835","targetHints":{"allow":["GET"]}}],"collection":[{"href":"https:\/\/backingtracksmusic.com\/es\/wp-json\/wp\/v2\/product"}],"about":[{"href":"https:\/\/backingtracksmusic.com\/es\/wp-json\/wp\/v2\/types\/product"}],"wp:featuredmedia":[{"embeddable":true,"href":"https:\/\/backingtracksmusic.com\/es\/wp-json\/wp\/v2\/media\/3836"}],"wp:attachment":[{"href":"https:\/\/backingtracksmusic.com\/es\/wp-json\/wp\/v2\/media?parent=3835"}],"wp:term":[{"taxonomy":"product_brand","embeddable":true,"href":"https:\/\/backingtracksmusic.com\/es\/wp-json\/wp\/v2\/product_brand?post=3835"},{"taxonomy":"product_cat","embeddable":true,"href":"https:\/\/backingtracksmusic.com\/es\/wp-json\/wp\/v2\/product_cat?post=3835"},{"taxonomy":"product_tag","embeddable":true,"href":"https:\/\/backingtracksmusic.com\/es\/wp-json\/wp\/v2\/product_tag?post=3835"}],"curies":[{"name":"wp","href":"https:\/\/api.w.org\/{rel}","templated":true}]}}