{"id":3654,"date":"2021-12-27T18:57:57","date_gmt":"2021-12-27T21:57:57","guid":{"rendered":"https:\/\/backingtracksmusic.com\/?post_type=product&#038;p=3654"},"modified":"2022-03-22T09:52:25","modified_gmt":"2022-03-22T12:52:25","slug":"invierno-porteno","status":"publish","type":"product","link":"https:\/\/backingtracksmusic.com\/es\/producto\/invierno-porteno\/","title":{"rendered":"Invierno porte\u00f1o"},"content":{"rendered":"<h3>Informaci\u00f3n:<\/h3>\n<p>Las Cuatro Estaciones Porte\u00f1as, tambi\u00e9n conocidas como Estaciones Porte\u00f1as, son un conjunto de cuatro composiciones de tango escritas por el m\u00fasico argentino Astor Piazzolla. Originalmente las concibi\u00f3 y trat\u00f3 como composiciones diferentes en lugar de una suite, y con el tiempo se fueron editando en \u00e1lbumes diferentes.<br \/>\nInvierno porte\u00f1o fue escrito en 1970<\/p>\n","protected":false},"excerpt":{"rendered":"<h3>Demo:<\/h3>\n<div class=\"wp-playlist wp-audio-playlist wp-playlist-light\">\n<div class=\"wp-playlist-current-item\"><\/div>\n<p>\t\t<audio controls=\"controls\" preload=\"none\" width=\"1378\"\n\t\t\t><\/audio><\/p>\n<div class=\"wp-playlist-next\"><\/div>\n<div class=\"wp-playlist-prev\"><\/div>\n<p>\t<noscript><\/p>\n<ol>\n<li><a href='https:\/\/backingtracksmusic.com\/wp-content\/uploads\/2021\/12\/Invierno-porteno-play-full-referencia-DEMO.mp3'>Invierno porte\u00f1o play full + referencia DEMO<\/a><\/li>\n<li><a href='https:\/\/backingtracksmusic.com\/wp-content\/uploads\/2021\/12\/Invierno-porteno-play-full-DEMO.mp3'>Invierno porte\u00f1o play full DEMO<\/a><\/li>\n<\/ol>\n<p>\t<\/noscript><br \/>\n\t<script type=\"application\/json\" class=\"wp-playlist-script\">{\"type\":\"audio\",\"tracklist\":true,\"tracknumbers\":true,\"images\":false,\"artists\":false,\"tracks\":[{\"src\":\"https:\/\/backingtracksmusic.com\/wp-content\/uploads\/2021\/12\/Invierno-porteno-play-full-referencia-DEMO.mp3\",\"type\":\"audio\/mpeg\",\"title\":\"Invierno porte\\u00f1o play full + referencia DEMO\",\"caption\":\"\",\"description\":\"\\\"Invierno porte\\u00f1o play full + referencia DEMO\\\". G\\u00e9nero: Otro.\",\"meta\":{\"genre\":\"Otro\",\"length_formatted\":\"2:59\"},\"image\":{\"src\":\"https:\/\/backingtracksmusic.com\/wp-includes\/images\/media\/audio.svg\",\"width\":48,\"height\":64},\"thumb\":{\"src\":\"https:\/\/backingtracksmusic.com\/wp-includes\/images\/media\/audio.svg\",\"width\":48,\"height\":64}},{\"src\":\"https:\/\/backingtracksmusic.com\/wp-content\/uploads\/2021\/12\/Invierno-porteno-play-full-DEMO.mp3\",\"type\":\"audio\/mpeg\",\"title\":\"Invierno porte\\u00f1o play full DEMO\",\"caption\":\"\",\"description\":\"\\\"Invierno porte\\u00f1o play full DEMO\\\". G\\u00e9nero: Otro.\",\"meta\":{\"genre\":\"Otro\",\"length_formatted\":\"3:09\"},\"image\":{\"src\":\"https:\/\/backingtracksmusic.com\/wp-includes\/images\/media\/audio.svg\",\"width\":48,\"height\":64},\"thumb\":{\"src\":\"https:\/\/backingtracksmusic.com\/wp-includes\/images\/media\/audio.svg\",\"width\":48,\"height\":64}}]}<\/script>\n<\/div>\n","protected":false},"featured_media":3657,"template":"","meta":{"_acf_changed":false},"product_brand":[],"product_cat":[87],"product_tag":[109],"class_list":{"0":"post-3654","1":"product","2":"type-product","3":"status-publish","4":"has-post-thumbnail","6":"product_cat-02-piazzolla-new-tango","7":"product_tag-astor-piazzolla","9":"first","10":"instock","11":"downloadable","12":"virtual","13":"purchasable","14":"product-type-simple"},"acf":[],"_links":{"self":[{"href":"https:\/\/backingtracksmusic.com\/es\/wp-json\/wp\/v2\/product\/3654","targetHints":{"allow":["GET"]}}],"collection":[{"href":"https:\/\/backingtracksmusic.com\/es\/wp-json\/wp\/v2\/product"}],"about":[{"href":"https:\/\/backingtracksmusic.com\/es\/wp-json\/wp\/v2\/types\/product"}],"wp:featuredmedia":[{"embeddable":true,"href":"https:\/\/backingtracksmusic.com\/es\/wp-json\/wp\/v2\/media\/3657"}],"wp:attachment":[{"href":"https:\/\/backingtracksmusic.com\/es\/wp-json\/wp\/v2\/media?parent=3654"}],"wp:term":[{"taxonomy":"product_brand","embeddable":true,"href":"https:\/\/backingtracksmusic.com\/es\/wp-json\/wp\/v2\/product_brand?post=3654"},{"taxonomy":"product_cat","embeddable":true,"href":"https:\/\/backingtracksmusic.com\/es\/wp-json\/wp\/v2\/product_cat?post=3654"},{"taxonomy":"product_tag","embeddable":true,"href":"https:\/\/backingtracksmusic.com\/es\/wp-json\/wp\/v2\/product_tag?post=3654"}],"curies":[{"name":"wp","href":"https:\/\/api.w.org\/{rel}","templated":true}]}}