{"id":3320,"date":"2020-05-09T23:15:15","date_gmt":"2020-05-10T02:15:15","guid":{"rendered":"https:\/\/backingtracksmusic.com\/?page_id=3320"},"modified":"2021-12-31T13:51:23","modified_gmt":"2021-12-31T16:51:23","slug":"demos","status":"publish","type":"page","link":"https:\/\/backingtracksmusic.com\/es\/demos\/","title":{"rendered":"DEMOS"},"content":{"rendered":"\t\t<div data-elementor-type=\"wp-post\" data-elementor-id=\"3320\" class=\"elementor elementor-3320\">\n\t\t\t\t\t\t<section class=\"elementor-section elementor-top-section elementor-element elementor-element-1b06912 elementor-section-boxed elementor-section-height-default elementor-section-height-default\" data-id=\"1b06912\" data-element_type=\"section\">\n\t\t\t\t\t\t<div class=\"elementor-container elementor-column-gap-default\">\n\t\t\t\t\t<div class=\"elementor-column elementor-col-100 elementor-top-column elementor-element elementor-element-19b999b\" data-id=\"19b999b\" data-element_type=\"column\">\n\t\t\t<div class=\"elementor-widget-wrap elementor-element-populated\">\n\t\t\t\t\t\t<div class=\"elementor-element elementor-element-8cbcd2f elementor-widget elementor-widget-text-editor\" data-id=\"8cbcd2f\" data-element_type=\"widget\" data-widget_type=\"text-editor.default\">\n\t\t\t\t<div class=\"elementor-widget-container\">\n\t\t\t\t\t\t\t\t\t<p>\u00bfQUIERES VERIFICAR LA CALIDAD DE LAS GRABACIONES Y PARTITURAS?<br>\n<br><br>En estos DEMOS podr\u00e1s hacerlo, las escrib\u00ed en:<br>\n<br><br><\/p>\n<ul style=\"padding-left: 100px;\">\n<li style=\"text-align: left;\">clave de sol (violin, flauta, guitarra, etc).<\/li>\n<li style=\"text-align: left;\">clave de Fa (contrabajo, cello, etc).<\/li>\n<li style=\"text-align: left;\">instrumentos transpositores (Bb y Eb para saxos, clarinetes, trompetas, entre otros).<\/li>\n<\/ul>\n<p style=\"text-align: left;\">Todas estan en PDF listas para imprimir y tocar.<\/p>\t\t\t\t\t\t\t\t<\/div>\n\t\t\t\t<\/div>\n\t\t\t\t\t<\/div>\n\t\t<\/div>\n\t\t\t\t\t<\/div>\n\t\t<\/section>\n\t\t\t\t<section class=\"elementor-section elementor-top-section elementor-element elementor-element-20e8487 elementor-section-boxed elementor-section-height-default elementor-section-height-default\" data-id=\"20e8487\" data-element_type=\"section\">\n\t\t\t\t\t\t<div class=\"elementor-container elementor-column-gap-default\">\n\t\t\t\t\t<div class=\"elementor-column elementor-col-50 elementor-top-column elementor-element elementor-element-86acba3\" data-id=\"86acba3\" data-element_type=\"column\">\n\t\t\t<div class=\"elementor-widget-wrap elementor-element-populated\">\n\t\t\t\t\t\t<div class=\"elementor-element elementor-element-339aed2 elementor-widget elementor-widget-text-editor\" data-id=\"339aed2\" data-element_type=\"widget\" data-widget_type=\"text-editor.default\">\n\t\t\t\t<div class=\"elementor-widget-container\">\n\t\t\t\t\t\t\t\t\t<p style=\"text-align: left;\">Ud, podr\u00eda elegir por ejemplo:<\/p><h4><span style=\"text-decoration: underline;\">\u201cLibertango\u201d (Astor Piazzolla)\u00a0\u00a0\u00a0 MP3<\/span><\/h4>\t\t\t\t\t\t\t\t<\/div>\n\t\t\t\t<\/div>\n\t\t\t\t<div class=\"elementor-element elementor-element-eae8a64 elementor-widget elementor-widget-wp-widget-media_audio\" data-id=\"eae8a64\" data-element_type=\"widget\" data-widget_type=\"wp-widget-media_audio.default\">\n\t\t\t\t<div class=\"elementor-widget-container\">\n\t\t\t\t\t<audio class=\"wp-audio-shortcode\" id=\"audio-3320-1\" preload=\"none\" style=\"width: 100%;\" controls=\"controls\"><source type=\"audio\/mpeg\" src=\"https:\/\/backingtracksmusic.com\/wp-content\/uploads\/2020\/05\/libertango-pista-Demo.mp3?_=1\" \/><source type=\"audio\/mpeg\" src=\"https:\/\/backingtracksmusic.com\/wp-content\/uploads\/2020\/05\/libertango-pista-Demo.mp3?_=1\" \/><a href=\"https:\/\/backingtracksmusic.com\/wp-content\/uploads\/2020\/05\/libertango-pista-Demo.mp3\">https:\/\/backingtracksmusic.com\/wp-content\/uploads\/2020\/05\/libertango-pista-Demo.mp3<\/a><\/audio>\t\t\t\t<\/div>\n\t\t\t\t<\/div>\n\t\t\t\t<div class=\"elementor-element elementor-element-5f497d5 elementor-widget elementor-widget-text-editor\" data-id=\"5f497d5\" data-element_type=\"widget\" data-widget_type=\"text-editor.default\">\n\t\t\t\t<div class=\"elementor-widget-container\">\n\t\t\t\t\t\t\t\t\tTambi\u00e9n puede elegir agregar la partitura solista que coincide con esta versi\u00f3n escrita para su instrumento que recibir\u00e1 en formato PDF.\n<br>\nY como queda si ud. Toca arriba del playback que nos encarga?<br>\nPor ejemplo tocado con un violioncello sonaria asi&#8230;\t\t\t\t\t\t\t\t<\/div>\n\t\t\t\t<\/div>\n\t\t\t\t<div class=\"elementor-element elementor-element-3979786 elementor-widget elementor-widget-video\" data-id=\"3979786\" data-element_type=\"widget\" data-settings=\"{&quot;youtube_url&quot;:&quot;https:\\\/\\\/youtu.be\\\/x2fDLGzY3DU&quot;,&quot;video_type&quot;:&quot;youtube&quot;,&quot;controls&quot;:&quot;yes&quot;}\" data-widget_type=\"video.default\">\n\t\t\t\t<div class=\"elementor-widget-container\">\n\t\t\t\t\t\t\t<div class=\"elementor-wrapper elementor-open-inline\">\n\t\t\t<div class=\"elementor-video\"><\/div>\t\t<\/div>\n\t\t\t\t\t\t<\/div>\n\t\t\t\t<\/div>\n\t\t\t\t<div class=\"elementor-element elementor-element-94964a0 elementor-widget elementor-widget-text-editor\" data-id=\"94964a0\" data-element_type=\"widget\" data-widget_type=\"text-editor.default\">\n\t\t\t\t<div class=\"elementor-widget-container\">\n\t\t\t\t\t\t\t\t\t<p>Si ud. toca el saxo alto podr\u00eda llegar a sonar de la siguiente manera\u2026.<\/p>\t\t\t\t\t\t\t\t<\/div>\n\t\t\t\t<\/div>\n\t\t\t\t<div class=\"elementor-element elementor-element-be87662 elementor-widget elementor-widget-video\" data-id=\"be87662\" data-element_type=\"widget\" data-settings=\"{&quot;youtube_url&quot;:&quot;https:\\\/\\\/youtu.be\\\/cAECcLzZB0o&quot;,&quot;video_type&quot;:&quot;youtube&quot;,&quot;controls&quot;:&quot;yes&quot;}\" data-widget_type=\"video.default\">\n\t\t\t\t<div class=\"elementor-widget-container\">\n\t\t\t\t\t\t\t<div class=\"elementor-wrapper elementor-open-inline\">\n\t\t\t<div class=\"elementor-video\"><\/div>\t\t<\/div>\n\t\t\t\t\t\t<\/div>\n\t\t\t\t<\/div>\n\t\t\t\t\t<\/div>\n\t\t<\/div>\n\t\t\t\t<div class=\"elementor-column elementor-col-50 elementor-top-column elementor-element elementor-element-25969f0\" data-id=\"25969f0\" data-element_type=\"column\">\n\t\t\t<div class=\"elementor-widget-wrap elementor-element-populated\">\n\t\t\t\t\t\t<div class=\"elementor-element elementor-element-adae603 elementor-widget elementor-widget-spacer\" data-id=\"adae603\" data-element_type=\"widget\" data-widget_type=\"spacer.default\">\n\t\t\t\t<div class=\"elementor-widget-container\">\n\t\t\t\t\t\t\t<div class=\"elementor-spacer\">\n\t\t\t<div class=\"elementor-spacer-inner\"><\/div>\n\t\t<\/div>\n\t\t\t\t\t\t<\/div>\n\t\t\t\t<\/div>\n\t\t\t\t<div class=\"elementor-element elementor-element-3cfa4a6 elementor-widget elementor-widget-image-gallery\" data-id=\"3cfa4a6\" data-element_type=\"widget\" data-widget_type=\"image-gallery.default\">\n\t\t\t\t<div class=\"elementor-widget-container\">\n\t\t\t\t\t\t\t<div class=\"elementor-image-gallery\">\n\t\t\t<div id='gallery-1' class='gallery galleryid-3320 gallery-columns-1 gallery-size-medium'><figure class='gallery-item'>\n\t\t\t<div class='gallery-icon portrait'>\n\t\t\t\t<a data-elementor-open-lightbox=\"yes\" data-elementor-lightbox-slideshow=\"3cfa4a6\" data-elementor-lightbox-title=\"libertango partitura cello\" data-e-action-hash=\"#elementor-action%3Aaction%3Dlightbox%26settings%3DeyJpZCI6MzM0NSwidXJsIjoiaHR0cHM6XC9cL2JhY2tpbmd0cmFja3NtdXNpYy5jb21cL3dwLWNvbnRlbnRcL3VwbG9hZHNcLzIwMjBcLzA1XC9saWJlcnRhbmdvLXBhcnRpdHVyYS1jZWxsby5wbmciLCJzbGlkZXNob3ciOiIzY2ZhNGE2In0%3D\" href='https:\/\/backingtracksmusic.com\/wp-content\/uploads\/2020\/05\/libertango-partitura-cello.png'><img fetchpriority=\"high\" decoding=\"async\" width=\"519\" height=\"756\" src=\"https:\/\/backingtracksmusic.com\/wp-content\/uploads\/2020\/05\/libertango-partitura-cello-519x756.png\" class=\"attachment-medium size-medium\" alt=\"\" aria-describedby=\"gallery-1-3345\" srcset=\"https:\/\/backingtracksmusic.com\/wp-content\/uploads\/2020\/05\/libertango-partitura-cello-519x756.png 519w, https:\/\/backingtracksmusic.com\/wp-content\/uploads\/2020\/05\/libertango-partitura-cello-600x875.png 600w, https:\/\/backingtracksmusic.com\/wp-content\/uploads\/2020\/05\/libertango-partitura-cello.png 612w\" sizes=\"(max-width: 519px) 100vw, 519px\" \/><\/a>\n\t\t\t<\/div>\n\t\t\t\t<figcaption class='wp-caption-text gallery-caption' id='gallery-1-3345'>\n\t\t\t\tClick para agrandar\n\t\t\t\t<\/figcaption><\/figure>\n\t\t<\/div>\n\t\t<\/div>\n\t\t\t\t\t\t<\/div>\n\t\t\t\t<\/div>\n\t\t\t\t<div class=\"elementor-element elementor-element-55fe662 elementor-widget elementor-widget-image-gallery\" data-id=\"55fe662\" data-element_type=\"widget\" data-widget_type=\"image-gallery.default\">\n\t\t\t\t<div class=\"elementor-widget-container\">\n\t\t\t\t\t\t\t<div class=\"elementor-image-gallery\">\n\t\t\t<div id='gallery-2' class='gallery galleryid-3320 gallery-columns-1 gallery-size-medium'><figure class='gallery-item'>\n\t\t\t<div class='gallery-icon portrait'>\n\t\t\t\t<a data-elementor-open-lightbox=\"yes\" data-elementor-lightbox-slideshow=\"55fe662\" data-elementor-lightbox-title=\"libertango alto sax (1)\" data-e-action-hash=\"#elementor-action%3Aaction%3Dlightbox%26settings%3DeyJpZCI6MzM1MywidXJsIjoiaHR0cHM6XC9cL2JhY2tpbmd0cmFja3NtdXNpYy5jb21cL3dwLWNvbnRlbnRcL3VwbG9hZHNcLzIwMjBcLzA1XC9saWJlcnRhbmdvLWFsdG8tc2F4LTEucG5nIiwic2xpZGVzaG93IjoiNTVmZTY2MiJ9\" href='https:\/\/backingtracksmusic.com\/wp-content\/uploads\/2020\/05\/libertango-alto-sax-1.png'><img decoding=\"async\" width=\"753\" height=\"756\" src=\"https:\/\/backingtracksmusic.com\/wp-content\/uploads\/2020\/05\/libertango-alto-sax-1-753x756.png\" class=\"attachment-medium size-medium\" alt=\"\" aria-describedby=\"gallery-2-3353\" srcset=\"https:\/\/backingtracksmusic.com\/wp-content\/uploads\/2020\/05\/libertango-alto-sax-1-753x756.png 753w, https:\/\/backingtracksmusic.com\/wp-content\/uploads\/2020\/05\/libertango-alto-sax-1-300x300.png 300w, https:\/\/backingtracksmusic.com\/wp-content\/uploads\/2020\/05\/libertango-alto-sax-1-600x602.png 600w, https:\/\/backingtracksmusic.com\/wp-content\/uploads\/2020\/05\/libertango-alto-sax-1-150x150.png 150w, https:\/\/backingtracksmusic.com\/wp-content\/uploads\/2020\/05\/libertango-alto-sax-1-768x771.png 768w, https:\/\/backingtracksmusic.com\/wp-content\/uploads\/2020\/05\/libertango-alto-sax-1.png 888w\" sizes=\"(max-width: 753px) 100vw, 753px\" \/><\/a>\n\t\t\t<\/div>\n\t\t\t\t<figcaption class='wp-caption-text gallery-caption' id='gallery-2-3353'>\n\t\t\t\tClick para agrandar\n\t\t\t\t<\/figcaption><\/figure>\n\t\t<\/div>\n\t\t<\/div>\n\t\t\t\t\t\t<\/div>\n\t\t\t\t<\/div>\n\t\t\t\t\t<\/div>\n\t\t<\/div>\n\t\t\t\t\t<\/div>\n\t\t<\/section>\n\t\t\t\t<section class=\"elementor-section elementor-top-section elementor-element elementor-element-82f8324 elementor-section-boxed elementor-section-height-default elementor-section-height-default\" data-id=\"82f8324\" data-element_type=\"section\">\n\t\t\t\t\t\t<div class=\"elementor-container elementor-column-gap-default\">\n\t\t\t\t\t<div class=\"elementor-column elementor-col-50 elementor-top-column elementor-element elementor-element-951df8c\" data-id=\"951df8c\" data-element_type=\"column\">\n\t\t\t<div class=\"elementor-widget-wrap\">\n\t\t\t\t\t\t\t<\/div>\n\t\t<\/div>\n\t\t\t\t<div class=\"elementor-column elementor-col-50 elementor-top-column elementor-element elementor-element-003a2d9\" data-id=\"003a2d9\" data-element_type=\"column\">\n\t\t\t<div class=\"elementor-widget-wrap\">\n\t\t\t\t\t\t\t<\/div>\n\t\t<\/div>\n\t\t\t\t\t<\/div>\n\t\t<\/section>\n\t\t\t\t<section class=\"elementor-section elementor-top-section elementor-element elementor-element-718e494 elementor-section-boxed elementor-section-height-default elementor-section-height-default\" data-id=\"718e494\" data-element_type=\"section\">\n\t\t\t\t\t\t<div class=\"elementor-container elementor-column-gap-default\">\n\t\t\t\t\t<div class=\"elementor-column elementor-col-50 elementor-top-column elementor-element elementor-element-99be94d\" data-id=\"99be94d\" data-element_type=\"column\">\n\t\t\t<div class=\"elementor-widget-wrap elementor-element-populated\">\n\t\t\t\t\t\t<div class=\"elementor-element elementor-element-c171553 elementor-widget elementor-widget-text-editor\" data-id=\"c171553\" data-element_type=\"widget\" data-widget_type=\"text-editor.default\">\n\t\t\t\t<div class=\"elementor-widget-container\">\n\t\t\t\t\t\t\t\t\t<p><strong><span style=\"color: #000000;\">Si ud. toca la flauta puede tocar algun tema como este:<\/span><\/strong><\/p><h4><span style=\"color: #000000;\">Revirado (Astor Piazzolla)<\/span><\/h4>\t\t\t\t\t\t\t\t<\/div>\n\t\t\t\t<\/div>\n\t\t\t\t<div class=\"elementor-element elementor-element-dcb359b elementor-widget elementor-widget-video\" data-id=\"dcb359b\" data-element_type=\"widget\" data-settings=\"{&quot;youtube_url&quot;:&quot;https:\\\/\\\/www.youtube.com\\\/watch?v=P1wbl5IhhYY&quot;,&quot;video_type&quot;:&quot;youtube&quot;,&quot;controls&quot;:&quot;yes&quot;}\" data-widget_type=\"video.default\">\n\t\t\t\t<div class=\"elementor-widget-container\">\n\t\t\t\t\t\t\t<div class=\"elementor-wrapper elementor-open-inline\">\n\t\t\t<div class=\"elementor-video\"><\/div>\t\t<\/div>\n\t\t\t\t\t\t<\/div>\n\t\t\t\t<\/div>\n\t\t\t\t\t<\/div>\n\t\t<\/div>\n\t\t\t\t<div class=\"elementor-column elementor-col-50 elementor-top-column elementor-element elementor-element-7dcf7d2\" data-id=\"7dcf7d2\" data-element_type=\"column\">\n\t\t\t<div class=\"elementor-widget-wrap elementor-element-populated\">\n\t\t\t\t\t\t<div class=\"elementor-element elementor-element-cc63ba8 elementor-widget elementor-widget-image-gallery\" data-id=\"cc63ba8\" data-element_type=\"widget\" data-widget_type=\"image-gallery.default\">\n\t\t\t\t<div class=\"elementor-widget-container\">\n\t\t\t\t\t\t\t<div class=\"elementor-image-gallery\">\n\t\t\t<div id='gallery-3' class='gallery galleryid-3320 gallery-columns-1 gallery-size-medium'><figure class='gallery-item'>\n\t\t\t<div class='gallery-icon portrait'>\n\t\t\t\t<a data-elementor-open-lightbox=\"yes\" data-elementor-lightbox-slideshow=\"cc63ba8\" data-elementor-lightbox-title=\"Revirado preview\" data-e-action-hash=\"#elementor-action%3Aaction%3Dlightbox%26settings%3DeyJpZCI6MzM3OSwidXJsIjoiaHR0cHM6XC9cL2JhY2tpbmd0cmFja3NtdXNpYy5jb21cL3dwLWNvbnRlbnRcL3VwbG9hZHNcLzIwMjBcLzA1XC9SZXZpcmFkby1wcmV2aWV3LmpwZyIsInNsaWRlc2hvdyI6ImNjNjNiYTgifQ%3D%3D\" href='https:\/\/backingtracksmusic.com\/wp-content\/uploads\/2020\/05\/Revirado-preview.jpg'><img decoding=\"async\" width=\"576\" height=\"756\" src=\"https:\/\/backingtracksmusic.com\/wp-content\/uploads\/2020\/05\/Revirado-preview-576x756.jpg\" class=\"attachment-medium size-medium\" alt=\"\" aria-describedby=\"gallery-3-3379\" srcset=\"https:\/\/backingtracksmusic.com\/wp-content\/uploads\/2020\/05\/Revirado-preview-576x756.jpg 576w, https:\/\/backingtracksmusic.com\/wp-content\/uploads\/2020\/05\/Revirado-preview-600x787.jpg 600w, https:\/\/backingtracksmusic.com\/wp-content\/uploads\/2020\/05\/Revirado-preview.jpg 610w\" sizes=\"(max-width: 576px) 100vw, 576px\" \/><\/a>\n\t\t\t<\/div>\n\t\t\t\t<figcaption class='wp-caption-text gallery-caption' id='gallery-3-3379'>\n\t\t\t\tClick para agrandar\n\t\t\t\t<\/figcaption><\/figure>\n\t\t<\/div>\n\t\t<\/div>\n\t\t\t\t\t\t<\/div>\n\t\t\t\t<\/div>\n\t\t\t\t\t<\/div>\n\t\t<\/div>\n\t\t\t\t\t<\/div>\n\t\t<\/section>\n\t\t\t\t<\/div>\n\t\t","protected":false},"excerpt":{"rendered":"<p>\u00bfQUIERES VERIFICAR LA CALIDAD DE LAS GRABACIONES Y PARTITURAS? En estos DEMOS podr\u00e1s hacerlo, las escrib\u00ed en: clave de sol (violin, flauta, guitarra, etc). clave de Fa (contrabajo, cello, etc).&hellip;<\/p>\n","protected":false},"author":1,"featured_media":0,"parent":0,"menu_order":0,"comment_status":"closed","ping_status":"closed","template":"elementor_header_footer","meta":{"_acf_changed":false,"footnotes":""},"class_list":["post-3320","page","type-page","status-publish","hentry"],"acf":[],"_links":{"self":[{"href":"https:\/\/backingtracksmusic.com\/es\/wp-json\/wp\/v2\/pages\/3320","targetHints":{"allow":["GET"]}}],"collection":[{"href":"https:\/\/backingtracksmusic.com\/es\/wp-json\/wp\/v2\/pages"}],"about":[{"href":"https:\/\/backingtracksmusic.com\/es\/wp-json\/wp\/v2\/types\/page"}],"author":[{"embeddable":true,"href":"https:\/\/backingtracksmusic.com\/es\/wp-json\/wp\/v2\/users\/1"}],"replies":[{"embeddable":true,"href":"https:\/\/backingtracksmusic.com\/es\/wp-json\/wp\/v2\/comments?post=3320"}],"version-history":[{"count":32,"href":"https:\/\/backingtracksmusic.com\/es\/wp-json\/wp\/v2\/pages\/3320\/revisions"}],"predecessor-version":[{"id":4604,"href":"https:\/\/backingtracksmusic.com\/es\/wp-json\/wp\/v2\/pages\/3320\/revisions\/4604"}],"wp:attachment":[{"href":"https:\/\/backingtracksmusic.com\/es\/wp-json\/wp\/v2\/media?parent=3320"}],"curies":[{"name":"wp","href":"https:\/\/api.w.org\/{rel}","templated":true}]}}