{"id":3300,"date":"2020-05-09T17:47:59","date_gmt":"2020-05-09T20:47:59","guid":{"rendered":"https:\/\/backingtracksmusic.com\/?page_id=3300"},"modified":"2020-05-09T20:04:50","modified_gmt":"2020-05-09T23:04:50","slug":"preguntas-frecuentes","status":"publish","type":"page","link":"https:\/\/backingtracksmusic.com\/es\/preguntas-frecuentes\/","title":{"rendered":"Preguntas Frecuentes"},"content":{"rendered":"\t\t<div data-elementor-type=\"wp-page\" data-elementor-id=\"3300\" class=\"elementor elementor-3300\">\n\t\t\t\t\t\t<section class=\"elementor-section elementor-top-section elementor-element elementor-element-6dc92c4 elementor-section-boxed elementor-section-height-default elementor-section-height-default\" data-id=\"6dc92c4\" data-element_type=\"section\">\n\t\t\t\t\t\t<div class=\"elementor-container elementor-column-gap-default\">\n\t\t\t\t\t<div class=\"elementor-column elementor-col-100 elementor-top-column elementor-element elementor-element-548783ae\" data-id=\"548783ae\" data-element_type=\"column\">\n\t\t\t<div class=\"elementor-widget-wrap elementor-element-populated\">\n\t\t\t\t\t\t<div class=\"elementor-element elementor-element-49b2d087 elementor-widget elementor-widget-text-editor\" data-id=\"49b2d087\" data-element_type=\"widget\" data-widget_type=\"text-editor.default\">\n\t\t\t\t<div class=\"elementor-widget-container\">\n\t\t\t\t\t\t\t\t\t<p>PREGUNTAS FRECUENTES<\/p>\n<p>Q. Cuando voy a recibir las pistas una vez que ya realic\u00e9 la compra?<\/p>\n<p>A. De inmediato. En el momento que realiza la compra le llega un email con el bot\u00f3n de descarga o si prefiere se las mandaremos v\u00eda email<\/p>\n<p>Q. Si yo pierdo los archivos puedo volver a ped\u00edrselos?<\/p>\n<p>A. Por supuesto, si ha extraviado los archivos (playbacks) puede volver a entrar en su cuenta (Iniciar sesi\u00f3n) y podr\u00e1 volver a bajarse los playbacks que Ud. Compr\u00f3. Si Ud. Compr\u00f3 sin registrarse, cont\u00e1ctese con nosotros y nos ocuparemos del asunto para tratar que se quede contento.<\/p>\n<p>Q. Es posible recibir los archivos en otra calidad adem\u00e1s de MP3?<\/p>\n<p>A. Si. El est\u00e1ndar de entrega de los playback es MP3 high-quality mp3s (320kbs) . Ofrecemos por un adicional recibir tambi\u00e9n el archivo en mejor calidad WAV (24 bit 44.1 Khz).<\/p>\n<p><br><\/p><p>Q. Puedo usar estos playbacks en mis presentaciones, shows?<\/p>\n<p>A. Por supuesto, este es uno de los principales motivos por el cual creamos estos playbacks para ser tocados en toda ocasi\u00f3n.<\/p>\n<p>Q. Puedo grabarme y subir un video a youtube, instagram, Facebook, etc?<\/p>\n<p>A. Si, nosotros alentamos a que lo hagas, y tambi\u00e9n si nos permit\u00eds, lo compartiremos. &nbsp;Lo \u00fanico que te pedimos por favor y nos gustar\u00eda es que nos menciones o nos pongas un link a nuestro sitio www.backingtracksmusic.com. Y como reci\u00e9n pusimos, si nos mandas un link lo compartiremos y te daremos difusi\u00f3n a ti en nuestra secci\u00f3n de Clientes.<\/p>\n<p>Q. Existen partituras para estos tipos de playbacks?<\/p>\n<p>A. Claro, nosotros las confeccionamos para ti de una manera clara. Puedes adquirirlas en nuestro Wesbsite y las mismas vienen escritas para abarcar a casi todos los instrumentos posibles (en C concert, en clave de Fa, y para instrumentos transpositores en Si bemol y\/o Mi bemol)<\/p>\n<p>Q. Se puede recibir la pista en distintas tonalidades?<\/p>\n<p>A. No, bueno, en realidad como sabr\u00e1s, cualquier canci\u00f3n puede estar grabada en 12 posibles tonos (como si fueran talles de ropa), nosotros no manipulamos los tonos con la computadora, porque se desfigura el verdadero sonido de los instrumentos. Podemos en tal caso grabar una nueva versi\u00f3n en el tono que vos nos solicites. Puedes escribirnos a infobackingracksmusic@gmail.com&nbsp; con tu pedido y te cotizaremos. En el website&nbsp; est\u00e1 la secci\u00f3n tambi\u00e9n Sugerir pista.<\/p>\n<p>&nbsp;Q. Es posible editar la pista,&nbsp; o realizar cambios?<\/p>\n<p>A. Siendo que todas las pistas fueron y son grabadas por nosotros mismos (no revendemos trabajos o pistas de otras fuentes), podemos realizar los cambios que quieras.<\/p>\n<p>. Podemos en tal caso grabar una nueva versi\u00f3n en el tono que vos nos solicites. Puedes escribirnos a infobackingracksmusic@gmail.com&nbsp; con tu pedido y te cotizaremos.<\/p>\n<p><\/p>\n<p>Q: Es posible recibir la \u201cpista abierta\u201d, es decir cada instrumento por separado?<\/p>\n<p>A: En realidad lo podemos hacer ya que cada pista fue confeccionada por nuestro equipo.<\/p>\n<p>No est\u00e1 contemplado en el precio publicado en el sitio. Si te interesa podemos cotizarte dicha posibilidad.<\/p>\n<p>Q. Estos playbacks sirven para CANTANTES?<\/p>\n<p>A. En realidad estas pistas fueron pensadas para m\u00fasicos solistas, con espacio para solos tal vez, tenemos otra p\u00e1gina web por separado que ofrecemos pistas para cantantes.&nbsp; WWW.TANGOKARAOKENV.COM.AR<\/p>\n<p>Q. Porque las pistas de ustedes suenan tan tan bien?<\/p>\n<p>A. Los clientes dicen que las pistas nuestras son especiales. Y tal vez ser\u00e1 porque son tocadas por m\u00fasicos de mucha experiencia, y creatividad, talento buena onda, obsesionados por los detalles y le ponemos mucho amor a todo lo que hacemos.<\/p>\n<p><\/p>\t\t\t\t\t\t\t\t<\/div>\n\t\t\t\t<\/div>\n\t\t\t\t\t<\/div>\n\t\t<\/div>\n\t\t\t\t\t<\/div>\n\t\t<\/section>\n\t\t\t\t<\/div>\n\t\t","protected":false},"excerpt":{"rendered":"<p>PREGUNTAS FRECUENTES Q. Cuando voy a recibir las pistas una vez que ya realic\u00e9 la compra? A. De inmediato. En el momento que realiza la compra le llega un email&hellip;<\/p>\n","protected":false},"author":1,"featured_media":0,"parent":0,"menu_order":0,"comment_status":"closed","ping_status":"closed","template":"","meta":{"_acf_changed":false,"footnotes":""},"class_list":["post-3300","page","type-page","status-publish","hentry"],"acf":[],"_links":{"self":[{"href":"https:\/\/backingtracksmusic.com\/es\/wp-json\/wp\/v2\/pages\/3300","targetHints":{"allow":["GET"]}}],"collection":[{"href":"https:\/\/backingtracksmusic.com\/es\/wp-json\/wp\/v2\/pages"}],"about":[{"href":"https:\/\/backingtracksmusic.com\/es\/wp-json\/wp\/v2\/types\/page"}],"author":[{"embeddable":true,"href":"https:\/\/backingtracksmusic.com\/es\/wp-json\/wp\/v2\/users\/1"}],"replies":[{"embeddable":true,"href":"https:\/\/backingtracksmusic.com\/es\/wp-json\/wp\/v2\/comments?post=3300"}],"version-history":[{"count":6,"href":"https:\/\/backingtracksmusic.com\/es\/wp-json\/wp\/v2\/pages\/3300\/revisions"}],"predecessor-version":[{"id":3329,"href":"https:\/\/backingtracksmusic.com\/es\/wp-json\/wp\/v2\/pages\/3300\/revisions\/3329"}],"wp:attachment":[{"href":"https:\/\/backingtracksmusic.com\/es\/wp-json\/wp\/v2\/media?parent=3300"}],"curies":[{"name":"wp","href":"https:\/\/api.w.org\/{rel}","templated":true}]}}