{"id":3281,"date":"2020-05-09T15:47:31","date_gmt":"2020-05-09T18:47:31","guid":{"rendered":"https:\/\/backingtracksmusic.com\/?page_id=3281"},"modified":"2020-05-09T19:52:35","modified_gmt":"2020-05-09T22:52:35","slug":"condiciones-de-uso","status":"publish","type":"page","link":"https:\/\/backingtracksmusic.com\/es\/condiciones-de-uso\/","title":{"rendered":"Condiciones de uso"},"content":{"rendered":"\t\t<div data-elementor-type=\"wp-page\" data-elementor-id=\"3281\" class=\"elementor elementor-3281\">\n\t\t\t\t\t\t<section class=\"elementor-section elementor-top-section elementor-element elementor-element-30e443d elementor-section-boxed elementor-section-height-default elementor-section-height-default\" data-id=\"30e443d\" data-element_type=\"section\">\n\t\t\t\t\t\t<div class=\"elementor-container elementor-column-gap-default\">\n\t\t\t\t\t<div class=\"elementor-column elementor-col-100 elementor-top-column elementor-element elementor-element-004c4a6\" data-id=\"004c4a6\" data-element_type=\"column\">\n\t\t\t<div class=\"elementor-widget-wrap elementor-element-populated\">\n\t\t\t\t\t\t<div class=\"elementor-element elementor-element-4dcf9cf elementor-widget elementor-widget-text-editor\" data-id=\"4dcf9cf\" data-element_type=\"widget\" data-widget_type=\"text-editor.default\">\n\t\t\t\t<div class=\"elementor-widget-container\">\n\t\t\t\t\t\t\t\t\t<p><strong>Condiciones de uso<\/strong><\/p><ol><li><strong> Introducci\u00f3n<\/strong><\/li><\/ol><p>El sitio web WWW.BACKINGTRACKSMUSIC.COM es propiedad de Norberto Vogel<\/p><p>Miller 2436 (Ciudad aut\u00f3noma de Buenos Aires) cod. Postal 1431 (ARGENTINA)<\/p><p>Mail: infobackingtracksmusic@gmail.com<\/p><p>Editorial Manager: Norberto Vogel<\/p><p>Hosting: \u00a0WWW.BACKINGTRACKSMUSIC.COM.<\/p><p>\u00a0<\/p><p>Esto es un acuerdo entre usted y \u201cBackingtracksmusic.com&#8221; declarado en 09\/05\/2020, los t\u00e9rminos que rigen el uso de este sitio WWW.BACKINGTRACKSMUSIC.COM los servicios asociados, en adelante el &#8220;Sitio Web&#8221;, que propone, sobre una base puramente principales permanente WWW.BACKINGTRACKSMUSIC.COM servicio de descarga de archivos que se pretende para el karaoke. Este acuerdo &#8211; junto con todas las actualizaciones, condiciones adicionales, software, licencias, y todos los de WWW.BACKINGTRACKSMUSIC.COM normas y pol\u00edticas &#8211; en conjunto, constituyen el \u00abacuerdo\u00bb entre usted y WWW.BACKINGTRACKSMUSIC.COM<\/p><ol start=\"2\"><li><strong> Acuerdo en las condiciones<\/strong><\/li><\/ol><p>Al entrar en esta web y al comprar productos de WWW.BACKINGTRACKS.COM, debes aceptar todas las condiciones del sitio. Si no est\u00e1s de acuerdo con una de las condiciones, por favor, no utilices m\u00e1s el sitio y no compres m\u00e1s en \u00e9l. Te aconsejamos leer con frecuencia las condiciones del sitio ya que podemos modificarlas en cualquier momento. Al seguir utilizando el sitio, significa que aceptas los cambios en las reglas de uso.<\/p><ol start=\"3\"><li><strong> Derechos de Autor, Marcas Registradas y Derechos de Propiedad<\/strong><\/li><\/ol><p>El uso del Sitio web no le otorga ning\u00fan derecho, salvo los establecidos por los presentes.<\/p><p><br \/><br \/><\/p><p>Todo el contenido del Sitio web est\u00e1 sujeto a los correspondientes derechos de autor, marca registrada u otras leyes de propiedad intelectual. Puede usar el contenido s\u00f3lo para su uso personal. Debe mantener intactos todos los derechos de autor, marca registrada u otros avisos de propiedad o marcas. No puede copiar o reproducir ning\u00fan contenido obtenido en este Sitio web ni copiar o reproducir ninguna pista instrumental adquirida a trav\u00e9s del Sitio web salvo para su uso personal. ACEPTA NO ALTERAR, MODIFICAR, PUBLICAR, DISTRIBUIR, VENDER, EMITIR, TRANSMITIR, CREAR TRABAJOS DERIVADOS O EDITAR NING\u00daN CONTENIDO DE ESTE SITIO WEB NI NINGUNA PISTA DE ACOMPA\u00d1AMIENTO ADQUIRIDA EN WWW.BACKINGTRACKSMUSIC.COM SIN EL PERMISO EXPRESO DE WWW.BACKINGTRACKSMUSIC.COM \u00a0Y\/O DE LAS TERCERAS PARTES QUE CORRESPONDA. Cualquier infracci\u00f3n de los derechos de autor supondr\u00e1 la suspensi\u00f3n de los servicios y posibles acciones legales.<\/p><ol start=\"4\"><li><strong> Creando una cuenta<\/strong><\/li><\/ol><p>Para comprar en el Website, debes crear una cuenta, bien durante la compra cuando selecciones tu forma de pago o bien antes, donde se te solicite elegir un identificador y una contrase\u00f1a.<br \/>Estos elementos son confidenciales y t\u00fa eres responsable de las consecuencias del uso de tu cuenta. Cualquier intento in sustituci\u00f3n de la contrase\u00f1a o identidad (usuario) est\u00e1 prohibida.<\/p><p>Se te solicitar\u00e1 informaci\u00f3n adicional para continuar el proceso. Es tu responsabilidad proveer la informaci\u00f3n precisa y modificarla si fuese necesario.<\/p><ol start=\"5\"><li><strong> Pol\u00edtica de Privacidad<\/strong><\/li><\/ol><p>Durante esta actividad, WWW.BACKINGTRACKSMUSIC.COM te puede solicitar alg\u00fan tipo de informaci\u00f3n personal.<\/p><p>Aceptar estos t\u00e9rminos implica haber le\u00eddo y aceptado nuestra pol\u00edtica de privacidad.<\/p><p>\u00a0<\/p><ol start=\"6\"><li><strong> Derecho de retracci\u00f3n y reembolso<\/strong><\/li><\/ol><p>Debido al car\u00e1cter electr\u00f3nico de los productos, el pedido de temas musicales resulta firme y definitivo.<\/p><p>WWW.BACKINGTRACKSMUSIC.COM asegura de que todos los productos para descargar corresponden a los productos pedidos. Si la descarga no funciona o si el producto no te satisface, dispones de un plazo de 45 d\u00edas a partir de recibo de tu pedido para pedir un cambio (intercambiamos los archivos estropeados contra nuevos con la misma canci\u00f3n).<\/p><ol start=\"7\"><li><strong> Acuerdo en el pago<\/strong><\/li><\/ol><p><em>El Pago de los productos<\/em><\/p><p>Usted se compromete a pagar todos los productos que compre a trav\u00e9s del servicio, y que autoriza a WWW.BACKINGTRACKSMUSIC.COM que pueda cargar en su tarjeta de cr\u00e9dito u otro sistema de pago integrado en el sitio web para cualquier compra, por los importes adicionales (incluidos los impuestos) que pueden ser devengados por o en conexi\u00f3n con su cuenta. Usted es responsable de proporcionar a WWW.BACKINGTRACKSMUSIC.COM una informaci\u00f3n v\u00e1lida de tarjeta de cr\u00e9dito o informaci\u00f3n para el sistema de pago que present\u00f3 en el sitio web para el pago de todos los cargos.<\/p><p>Durante el proceso de pedido y hasta el pago, usted puede cancelar o modificar su solicitud.<\/p><p>El pago se hace en l\u00ednea despu\u00e9s de la validaci\u00f3n de la orden, ya sea directamente mediante tarjeta de cr\u00e9dito o por PayPal.<\/p><p>Con la condici\u00f3n de hacer la solicitud por correo, el pago tambi\u00e9n puede hacerse por transferencia bancaria. Te invitamos a contactarnos en infobackingtracksmusic@gmail.com<\/p><p><em>Derecho de cambiar los precios y la disponibilidad de los productos.<\/em><\/p><p>WWW.BACKINGTRACKSMUSIC.COM tiene el derecho de cambiar los precios y la disponibilidad de cualquier producto en cualquier momento.<\/p><p><em>La firma electr\u00f3nica y los contratos.<\/em> El uso del servicio incluye la posibilidad de celebrar acuerdos y \/ o realizar compras electr\u00f3nicamente. Usted reconoce que sus env\u00edos electr\u00f3nicos constituyen su acuerdo y su intenci\u00f3n de regirse por y para pagar por esos acuerdos y las compras. Su compromiso y la intenci\u00f3n de quedar obligado por las comunicaciones electr\u00f3nicas se aplica a todos los registros relativos a todas las operaciones que entrar\u00e1n en en el sitio web, incluyendo avisos de cancelaci\u00f3n, pol\u00edticas, contratos y solicitudes.<\/p><ol start=\"8\"><li><strong> Entrega online (descarga)<\/strong><\/li><\/ol><p>Proporcionamos parte de los productos WWW.BACKINGTRACKSMUSIC.COM bajo la forma de archivos para descargar. La zona de descarga es accesible despu\u00e9s de autentificar tu cuenta cliente. (La cuenta permite al cliente acceder a los servicios mediante su apodo y su contrase\u00f1a).<\/p><p>El enlace para la descarga queda v\u00e1lido durante la descarga y queda activo durante al menos 48 horas despu\u00e9s de la descarga. En todos los casos, los temas comprados deben de ser descargados en un plazo de 6 meses despu\u00e9s de la compra. M\u00e1s all\u00e1, los temas comprados resultan definitivamente perdidos.<\/p><p>WWW.BACKINGTRACKSMUSIC.COM te recomendamos utilizar Windows XP, Windows 7, o Windows 10, Internet Explorer 6+ o Mozilla Firefox para la descarga.<\/p><ol start=\"9\"><li><strong> Cancelaci\u00f3n de una cuenta<\/strong><\/li><\/ol><p>WWW.BACKINGTRACKSMUSIC.COM puede desactivar, sin aviso o permiso,, tu cuenta en caso de no respetar las condiciones generales, en caso de impago de las cantidad adeudada o actuaci\u00f3n opuesta a los intereses de\u00a0 WWW.BACKINGTRACKSMUSIC.COM<\/p><p>Adicionalmente, si deseas inactivar tu cuenta, transmite tu solicitud al servicio a:<\/p><p>Norberto Vogel,<\/p><p>direcci\u00f3n:Miller 2436 (Ciudad aut\u00f3noma de Buenos Aires) cod. Postal 1431 (ARGENTINA)<\/p><p>O por email infobackingtracksmusic@gmail.com<\/p><ol start=\"10\"><li><strong> Exenci\u00f3n de responsabilidad<\/strong><\/li><\/ol><p>El uso de este sitio web es a bajo propio riesgo. El contenido y el servicio se proporcionan &#8220;tal cual&#8221;. WWW.BACKINGTRACKS.COM no ofrece ninguna garant\u00eda de ning\u00fan tipo, expresa o impl\u00edcita. WWW.BACKINGTRACKS.COM no garantiza que el contenido de este sitio sea exacto, que este sitio web estar\u00e1 disponible en un momento determinado, o que los errores ser\u00e1n corregidos.<\/p><p>WWW.BACKINGTRACKSMUSIC.COM no se responsabiliza responsable de la velocidad de acceso a la web desde otro sitio web, de la velocidad de acceso en el apertura p\u00e1ginas web o de consulta, descarga o registro de la velocidad, la desaceleraci\u00f3n externa, la suspensi\u00f3n o la inaccesibilidad de sus servicios.<\/p><p>Adem\u00e1s WWW.BACKINGTRACKSMUSIC.COM no es responsable en ning\u00fan caso de la falta de protecci\u00f3n de sus equipos t\u00e9cnicos, en particular, contra cualquier forma de contaminaci\u00f3n por virus y \/ o intento de ataque que est\u00e1 bajo su responsabilidad.<\/p><p>La instalaci\u00f3n, uso y mantenimiento de sus equipos t\u00e9cnicos para el acceso al sitio web est\u00e1n bajo su responsabilidad. En cualquier caso WWW.BACKINGTRACKSMUSIC.COM no puede ser responsable de la incompatibilidad de la p\u00e1gina web o disfunciones con algunos de sus programas, configuraciones, sistema operativo o equipo.<\/p><ol start=\"11\"><li><strong> Sitios terceros<\/strong><\/li><\/ol><p>Enlaces hipertexto activan una conexi\u00f3n con otros sitios. WWW.BACKINGTRACKSMUSIC.COM no podr\u00e1 ser responsable en el caso que el contenido de aquellos otros sitios no respetara las leyes y disposiciones legales en vigor.<\/p><ol start=\"12\"><li><strong> Derecho aplicable &#8211; Litigio<\/strong><\/li><\/ol><p>Este contrato fue establecido seg\u00fan la ley Argentina. Resoluci\u00f3n de los litigios: nuestro servicio est\u00e1 a tu disposici\u00f3n para resolver todo litigio que podr\u00eda surgir. Si no se resuelve el litigio con un arreglo amistoso, puedes enviarnos tu reclamaci\u00f3n, en un plazo de 10 d\u00edas, por correo a: Norberto Vogel, direcci\u00f3n:Miller 2436 (Ciudad aut\u00f3noma de Buenos Aires) cod. Postal 1431 (ARGENTINA)<\/p><p>\u00a0<\/p><ol start=\"13\"><li><strong> Modificaci\u00f3n del sitio<\/strong><\/li><\/ol><p>WWW.BACKINGTRACKSMUSIC.COM se reserva el derecho de alterar y\/o modificar a su sola discreci\u00f3n, y en cualquier momento, el presente sitio y no ser\u00e1 responsable de los da\u00f1os que pudieran resultar. Tales modificaciones entrar\u00e1n en vigor en el momento de su publicaci\u00f3n en el presente sitio. La utilizaci\u00f3n del mismo despu\u00e9s de su publicaci\u00f3n conllevar\u00e1 su efectiva aplicaci\u00f3n.<\/p><p>\u00daltima actualizaci\u00f3n: 09\/05\/2020<\/p>\t\t\t\t\t\t\t\t<\/div>\n\t\t\t\t<\/div>\n\t\t\t\t\t<\/div>\n\t\t<\/div>\n\t\t\t\t\t<\/div>\n\t\t<\/section>\n\t\t\t\t<\/div>\n\t\t","protected":false},"excerpt":{"rendered":"<p>Condiciones de uso Introducci\u00f3n El sitio web WWW.BACKINGTRACKSMUSIC.COM es propiedad de Norberto Vogel Miller 2436 (Ciudad aut\u00f3noma de Buenos Aires) cod. Postal 1431 (ARGENTINA) Mail: infobackingtracksmusic@gmail.com Editorial Manager: Norberto Vogel&hellip;<\/p>\n","protected":false},"author":1,"featured_media":0,"parent":0,"menu_order":0,"comment_status":"closed","ping_status":"closed","template":"","meta":{"_acf_changed":false,"footnotes":""},"class_list":["post-3281","page","type-page","status-publish","hentry"],"acf":[],"_links":{"self":[{"href":"https:\/\/backingtracksmusic.com\/es\/wp-json\/wp\/v2\/pages\/3281","targetHints":{"allow":["GET"]}}],"collection":[{"href":"https:\/\/backingtracksmusic.com\/es\/wp-json\/wp\/v2\/pages"}],"about":[{"href":"https:\/\/backingtracksmusic.com\/es\/wp-json\/wp\/v2\/types\/page"}],"author":[{"embeddable":true,"href":"https:\/\/backingtracksmusic.com\/es\/wp-json\/wp\/v2\/users\/1"}],"replies":[{"embeddable":true,"href":"https:\/\/backingtracksmusic.com\/es\/wp-json\/wp\/v2\/comments?post=3281"}],"version-history":[{"count":9,"href":"https:\/\/backingtracksmusic.com\/es\/wp-json\/wp\/v2\/pages\/3281\/revisions"}],"predecessor-version":[{"id":3324,"href":"https:\/\/backingtracksmusic.com\/es\/wp-json\/wp\/v2\/pages\/3281\/revisions\/3324"}],"wp:attachment":[{"href":"https:\/\/backingtracksmusic.com\/es\/wp-json\/wp\/v2\/media?parent=3281"}],"curies":[{"name":"wp","href":"https:\/\/api.w.org\/{rel}","templated":true}]}}