{"id":5930,"date":"2025-05-10T18:10:30","date_gmt":"2025-05-10T21:10:30","guid":{"rendered":"https:\/\/backingtracksmusic.com\/?post_type=product&#038;p=5930"},"modified":"2025-05-10T18:12:45","modified_gmt":"2025-05-10T21:12:45","slug":"cabaret","status":"publish","type":"product","link":"https:\/\/backingtracksmusic.com\/en\/product\/cabaret\/","title":{"rendered":"Cabaret"},"content":{"rendered":"<h3>Information:<\/h3>\n<p>Cabaret es una pel\u00edcula estadounidense de 1972 del g\u00e9nero musical, dirigida por Bob Fosse, con Liza Minnelli, Michael York y Joel Grey. Es una adaptaci\u00f3n libre del musical hom\u00f3nimo de 1966, de los compositores John Kander y Fred Ebb<\/p>","protected":false},"excerpt":{"rendered":"<h3>Demo:<\/h3>\n<div class=\"wp-playlist wp-audio-playlist wp-playlist-light\">\n<div class=\"wp-playlist-current-item\"><\/div>\n<p>\t\t<audio controls=\"controls\" preload=\"none\" width=\"1378\"\n\t\t\t><\/audio><\/p>\n<div class=\"wp-playlist-next\"><\/div>\n<div class=\"wp-playlist-prev\"><\/div>\n<p>\t<noscript><\/p>\n<ol>\n<li><a href='https:\/\/backingtracksmusic.com\/wp-content\/uploads\/2025\/05\/Cabaret-F-piano-cover-flute-reference-DEMO.mp3'>Cabaret F piano cover + flute reference DEMO<\/a><\/li>\n<li><a href='https:\/\/backingtracksmusic.com\/wp-content\/uploads\/2025\/05\/Cabaret-F-piano-cover-DEMO.mp3'>Cabaret F piano cover DEMO<\/a><\/li>\n<\/ol>\n<p>\t<\/noscript><br \/>\n\t<script type=\"application\/json\" class=\"wp-playlist-script\">{\"type\":\"audio\",\"tracklist\":true,\"tracknumbers\":true,\"images\":false,\"artists\":false,\"tracks\":[{\"src\":\"https:\/\/backingtracksmusic.com\/wp-content\/uploads\/2025\/05\/Cabaret-F-piano-cover-flute-reference-DEMO.mp3\",\"type\":\"audio\/mpeg\",\"title\":\"Cabaret F piano cover + flute reference DEMO\",\"caption\":\"\",\"description\":\"\\\"Cabaret F piano cover + flute reference DEMO\\\". G\\u00e9nero: Otro.\",\"meta\":{\"genre\":\"Otro\",\"length_formatted\":\"2:18\"},\"image\":{\"src\":\"https:\/\/backingtracksmusic.com\/wp-includes\/images\/media\/audio.svg\",\"width\":48,\"height\":64},\"thumb\":{\"src\":\"https:\/\/backingtracksmusic.com\/wp-includes\/images\/media\/audio.svg\",\"width\":48,\"height\":64}},{\"src\":\"https:\/\/backingtracksmusic.com\/wp-content\/uploads\/2025\/05\/Cabaret-F-piano-cover-DEMO.mp3\",\"type\":\"audio\/mpeg\",\"title\":\"Cabaret F piano cover DEMO\",\"caption\":\"\",\"description\":\"\\\"Cabaret F piano cover DEMO\\\". G\\u00e9nero: Otro.\",\"meta\":{\"genre\":\"Otro\",\"length_formatted\":\"2:06\"},\"image\":{\"src\":\"https:\/\/backingtracksmusic.com\/wp-includes\/images\/media\/audio.svg\",\"width\":48,\"height\":64},\"thumb\":{\"src\":\"https:\/\/backingtracksmusic.com\/wp-includes\/images\/media\/audio.svg\",\"width\":48,\"height\":64}}]}<\/script>\n<\/div>","protected":false},"featured_media":5931,"template":"","meta":{"_acf_changed":false},"product_brand":[],"product_cat":[93],"product_tag":[419],"class_list":{"0":"post-5930","1":"product","2":"type-product","3":"status-publish","4":"has-post-thumbnail","6":"product_cat-08-musicales","7":"product_tag-john-kander","9":"first","10":"instock","11":"virtual","12":"purchasable","13":"product-type-simple"},"acf":[],"_links":{"self":[{"href":"https:\/\/backingtracksmusic.com\/en\/wp-json\/wp\/v2\/product\/5930","targetHints":{"allow":["GET"]}}],"collection":[{"href":"https:\/\/backingtracksmusic.com\/en\/wp-json\/wp\/v2\/product"}],"about":[{"href":"https:\/\/backingtracksmusic.com\/en\/wp-json\/wp\/v2\/types\/product"}],"wp:featuredmedia":[{"embeddable":true,"href":"https:\/\/backingtracksmusic.com\/en\/wp-json\/wp\/v2\/media\/5931"}],"wp:attachment":[{"href":"https:\/\/backingtracksmusic.com\/en\/wp-json\/wp\/v2\/media?parent=5930"}],"wp:term":[{"taxonomy":"product_brand","embeddable":true,"href":"https:\/\/backingtracksmusic.com\/en\/wp-json\/wp\/v2\/product_brand?post=5930"},{"taxonomy":"product_cat","embeddable":true,"href":"https:\/\/backingtracksmusic.com\/en\/wp-json\/wp\/v2\/product_cat?post=5930"},{"taxonomy":"product_tag","embeddable":true,"href":"https:\/\/backingtracksmusic.com\/en\/wp-json\/wp\/v2\/product_tag?post=5930"}],"curies":[{"name":"wp","href":"https:\/\/api.w.org\/{rel}","templated":true}]}}