{"id":5819,"date":"2025-02-20T08:53:28","date_gmt":"2025-02-20T11:53:28","guid":{"rendered":"https:\/\/backingtracksmusic.com\/?post_type=product&#038;p=5819"},"modified":"2025-02-20T08:55:45","modified_gmt":"2025-02-20T11:55:45","slug":"moon-river-v-2","status":"publish","type":"product","link":"https:\/\/backingtracksmusic.com\/en\/product\/moon-river-v-2\/","title":{"rendered":"Moon river v.2"},"content":{"rendered":"<h3>Information:<\/h3>\n<p>\u00ab Moon River \u00bb es una canci\u00f3n compuesta por Henry Mancini con letra de Johnny Mercer . Fue interpretada originalmente por Audrey Hepburn en la pel\u00edcula de 1961 Desayuno con diamantes , ganando un premio \u00d3scar a la mejor canci\u00f3n original .<\/p>\n<p>&nbsp;<\/p>\n<p>&nbsp;<\/p>","protected":false},"excerpt":{"rendered":"<h3>Demo:<\/h3>\n<div class=\"wp-playlist wp-audio-playlist wp-playlist-light\">\n<div class=\"wp-playlist-current-item\"><\/div>\n<p>\t\t<audio controls=\"controls\" preload=\"none\" width=\"1378\"\n\t\t\t><\/audio><\/p>\n<div class=\"wp-playlist-next\"><\/div>\n<div class=\"wp-playlist-prev\"><\/div>\n<p>\t<noscript><\/p>\n<ol>\n<li><a href='https:\/\/backingtracksmusic.com\/wp-content\/uploads\/2025\/02\/Moon-river-A-piano-play-v2-DEMO.mp3'>Moon river A piano play v2 DEMO<\/a><\/li>\n<li><a href='https:\/\/backingtracksmusic.com\/wp-content\/uploads\/2025\/02\/Moon-river-v2-piano-cover-oboe-reference-DEMO.mp3'>Moon river v2 piano cover + oboe reference DEMO<\/a><\/li>\n<\/ol>\n<p>\t<\/noscript><br \/>\n\t<script type=\"application\/json\" class=\"wp-playlist-script\">{\"type\":\"audio\",\"tracklist\":true,\"tracknumbers\":true,\"images\":false,\"artists\":false,\"tracks\":[{\"src\":\"https:\/\/backingtracksmusic.com\/wp-content\/uploads\/2025\/02\/Moon-river-A-piano-play-v2-DEMO.mp3\",\"type\":\"audio\/mpeg\",\"title\":\"Moon river A piano play v2 DEMO\",\"caption\":\"\",\"description\":\"\\\"Moon river A piano play v2 DEMO\\\". G\\u00e9nero: Otro.\",\"meta\":{\"genre\":\"Otro\",\"length_formatted\":\"0:57\"},\"image\":{\"src\":\"https:\/\/backingtracksmusic.com\/wp-includes\/images\/media\/audio.svg\",\"width\":48,\"height\":64},\"thumb\":{\"src\":\"https:\/\/backingtracksmusic.com\/wp-includes\/images\/media\/audio.svg\",\"width\":48,\"height\":64}},{\"src\":\"https:\/\/backingtracksmusic.com\/wp-content\/uploads\/2025\/02\/Moon-river-v2-piano-cover-oboe-reference-DEMO.mp3\",\"type\":\"audio\/mpeg\",\"title\":\"Moon river v2 piano cover + oboe reference DEMO\",\"caption\":\"\",\"description\":\"\\\"Moon river v2 piano cover + oboe reference DEMO\\\". G\\u00e9nero: Otro.\",\"meta\":{\"genre\":\"Otro\",\"length_formatted\":\"1:43\"},\"image\":{\"src\":\"https:\/\/backingtracksmusic.com\/wp-includes\/images\/media\/audio.svg\",\"width\":48,\"height\":64},\"thumb\":{\"src\":\"https:\/\/backingtracksmusic.com\/wp-includes\/images\/media\/audio.svg\",\"width\":48,\"height\":64}}]}<\/script>\n<\/div>","protected":false},"featured_media":5820,"template":"","meta":{"_acf_changed":false},"product_brand":[],"product_cat":[103],"product_tag":[257],"class_list":{"0":"post-5819","1":"product","2":"type-product","3":"status-publish","4":"has-post-thumbnail","6":"product_cat-10-tv-movies","7":"product_tag-henry-mancini","9":"first","10":"instock","11":"virtual","12":"purchasable","13":"product-type-simple"},"acf":[],"_links":{"self":[{"href":"https:\/\/backingtracksmusic.com\/en\/wp-json\/wp\/v2\/product\/5819","targetHints":{"allow":["GET"]}}],"collection":[{"href":"https:\/\/backingtracksmusic.com\/en\/wp-json\/wp\/v2\/product"}],"about":[{"href":"https:\/\/backingtracksmusic.com\/en\/wp-json\/wp\/v2\/types\/product"}],"wp:featuredmedia":[{"embeddable":true,"href":"https:\/\/backingtracksmusic.com\/en\/wp-json\/wp\/v2\/media\/5820"}],"wp:attachment":[{"href":"https:\/\/backingtracksmusic.com\/en\/wp-json\/wp\/v2\/media?parent=5819"}],"wp:term":[{"taxonomy":"product_brand","embeddable":true,"href":"https:\/\/backingtracksmusic.com\/en\/wp-json\/wp\/v2\/product_brand?post=5819"},{"taxonomy":"product_cat","embeddable":true,"href":"https:\/\/backingtracksmusic.com\/en\/wp-json\/wp\/v2\/product_cat?post=5819"},{"taxonomy":"product_tag","embeddable":true,"href":"https:\/\/backingtracksmusic.com\/en\/wp-json\/wp\/v2\/product_tag?post=5819"}],"curies":[{"name":"wp","href":"https:\/\/api.w.org\/{rel}","templated":true}]}}