{"id":5747,"date":"2025-01-22T16:42:05","date_gmt":"2025-01-22T19:42:05","guid":{"rendered":"https:\/\/backingtracksmusic.com\/?post_type=product&#038;p=5747"},"modified":"2025-01-22T16:44:22","modified_gmt":"2025-01-22T19:44:22","slug":"amapola-v-2","status":"publish","type":"product","link":"https:\/\/backingtracksmusic.com\/en\/product\/amapola-v-2\/","title":{"rendered":"Amapola v.2"},"content":{"rendered":"<h3>Information:<\/h3>\n<p>\u00ab Amapola \u00bb es una canci\u00f3n de 1920 del compositor hispanoamericano Jos\u00e9 Mar\u00eda Lacalle Garc\u00eda (m\u00e1s tarde Joseph Lacalle), quien tambi\u00e9n escribi\u00f3 la letra original en espa\u00f1ol. Las letras en espa\u00f1ol alternativo fueron escritas por el letrista argentino Luis Rold\u00e1n en 1924.<\/p>\n<p>&nbsp;<\/p>\n<p>&nbsp;<\/p>\n<p>&nbsp;<\/p>","protected":false},"excerpt":{"rendered":"<h3>Demo:<\/h3>\n<div class=\"wp-playlist wp-audio-playlist wp-playlist-light\">\n<div class=\"wp-playlist-current-item\"><\/div>\n<p>\t\t<audio controls=\"controls\" preload=\"none\" width=\"1378\"\n\t\t\t><\/audio><\/p>\n<div class=\"wp-playlist-next\"><\/div>\n<div class=\"wp-playlist-prev\"><\/div>\n<p>\t<noscript><\/p>\n<ol>\n<li><a href='https:\/\/backingtracksmusic.com\/wp-content\/uploads\/2025\/01\/Amapola-v2-cover-DEMO.mp3'>Amapola v2 cover DEMO<\/a><\/li>\n<li><a href='https:\/\/backingtracksmusic.com\/wp-content\/uploads\/2025\/01\/Amapola-v2-cover-violin-reference-DEMO.mp3'>Amapola v2 cover + violin reference DEMO<\/a><\/li>\n<\/ol>\n<p>\t<\/noscript><br \/>\n\t<script type=\"application\/json\" class=\"wp-playlist-script\">{\"type\":\"audio\",\"tracklist\":true,\"tracknumbers\":true,\"images\":false,\"artists\":false,\"tracks\":[{\"src\":\"https:\/\/backingtracksmusic.com\/wp-content\/uploads\/2025\/01\/Amapola-v2-cover-DEMO.mp3\",\"type\":\"audio\/mpeg\",\"title\":\"Amapola v2 cover DEMO\",\"caption\":\"\",\"description\":\"\\\"Amapola v2 cover DEMO\\\". G\\u00e9nero: Otro.\",\"meta\":{\"genre\":\"Otro\",\"length_formatted\":\"1:09\"},\"image\":{\"src\":\"https:\/\/backingtracksmusic.com\/wp-includes\/images\/media\/audio.svg\",\"width\":48,\"height\":64},\"thumb\":{\"src\":\"https:\/\/backingtracksmusic.com\/wp-includes\/images\/media\/audio.svg\",\"width\":48,\"height\":64}},{\"src\":\"https:\/\/backingtracksmusic.com\/wp-content\/uploads\/2025\/01\/Amapola-v2-cover-violin-reference-DEMO.mp3\",\"type\":\"audio\/mpeg\",\"title\":\"Amapola v2 cover + violin reference DEMO\",\"caption\":\"\",\"description\":\"\\\"Amapola v2 cover + violin reference DEMO\\\". G\\u00e9nero: Otro.\",\"meta\":{\"genre\":\"Otro\",\"length_formatted\":\"1:40\"},\"image\":{\"src\":\"https:\/\/backingtracksmusic.com\/wp-includes\/images\/media\/audio.svg\",\"width\":48,\"height\":64},\"thumb\":{\"src\":\"https:\/\/backingtracksmusic.com\/wp-includes\/images\/media\/audio.svg\",\"width\":48,\"height\":64}}]}<\/script>\n<\/div>","protected":false},"featured_media":5748,"template":"","meta":{"_acf_changed":false},"product_brand":[],"product_cat":[103],"product_tag":[402],"class_list":{"0":"post-5747","1":"product","2":"type-product","3":"status-publish","4":"has-post-thumbnail","6":"product_cat-10-tv-movies","7":"product_tag-jose-maria-lacalle","9":"first","10":"instock","11":"virtual","12":"purchasable","13":"product-type-simple"},"acf":[],"_links":{"self":[{"href":"https:\/\/backingtracksmusic.com\/en\/wp-json\/wp\/v2\/product\/5747","targetHints":{"allow":["GET"]}}],"collection":[{"href":"https:\/\/backingtracksmusic.com\/en\/wp-json\/wp\/v2\/product"}],"about":[{"href":"https:\/\/backingtracksmusic.com\/en\/wp-json\/wp\/v2\/types\/product"}],"wp:featuredmedia":[{"embeddable":true,"href":"https:\/\/backingtracksmusic.com\/en\/wp-json\/wp\/v2\/media\/5748"}],"wp:attachment":[{"href":"https:\/\/backingtracksmusic.com\/en\/wp-json\/wp\/v2\/media?parent=5747"}],"wp:term":[{"taxonomy":"product_brand","embeddable":true,"href":"https:\/\/backingtracksmusic.com\/en\/wp-json\/wp\/v2\/product_brand?post=5747"},{"taxonomy":"product_cat","embeddable":true,"href":"https:\/\/backingtracksmusic.com\/en\/wp-json\/wp\/v2\/product_cat?post=5747"},{"taxonomy":"product_tag","embeddable":true,"href":"https:\/\/backingtracksmusic.com\/en\/wp-json\/wp\/v2\/product_tag?post=5747"}],"curies":[{"name":"wp","href":"https:\/\/api.w.org\/{rel}","templated":true}]}}