{"id":5726,"date":"2024-12-30T08:57:00","date_gmt":"2024-12-30T11:57:00","guid":{"rendered":"https:\/\/backingtracksmusic.com\/?post_type=product&#038;p=5726"},"modified":"2024-12-30T08:59:53","modified_gmt":"2024-12-30T11:59:53","slug":"youll-be-in-my-heart","status":"publish","type":"product","link":"https:\/\/backingtracksmusic.com\/en\/product\/youll-be-in-my-heart\/","title":{"rendered":"You\u00b4ll be in my heart"},"content":{"rendered":"<h3>Information:<\/h3>\n<p>\u00abYou&#8217;ll Be in My Heart\u00bb es una canci\u00f3n de Phil Collins publicada en 1999 para la pel\u00edcula animada de Disney Tarz\u00e1n<\/p>\n<p>&nbsp;<\/p>\n<p>&nbsp;<\/p>\n<p>&nbsp;<\/p>","protected":false},"excerpt":{"rendered":"<h3>Demo:<\/h3>\n<div class=\"wp-playlist wp-audio-playlist wp-playlist-light\">\n<div class=\"wp-playlist-current-item\"><\/div>\n<p>\t\t<audio controls=\"controls\" preload=\"none\" width=\"1378\"\n\t\t\t><\/audio><\/p>\n<div class=\"wp-playlist-next\"><\/div>\n<div class=\"wp-playlist-prev\"><\/div>\n<p>\t<noscript><\/p>\n<ol>\n<li><a href='https:\/\/backingtracksmusic.com\/wp-content\/uploads\/2024\/12\/you-wil-be-in-my-hear-piano-play-violin-reference-DEMO.mp3'>you wil be in my hear piano play + violin reference DEMO<\/a><\/li>\n<li><a href='https:\/\/backingtracksmusic.com\/wp-content\/uploads\/2024\/12\/you-wil-be-in-my-hear-piano-play-DEMO.mp3'>you wil be in my hear piano play DEMO<\/a><\/li>\n<\/ol>\n<p>\t<\/noscript><br \/>\n\t<script type=\"application\/json\" class=\"wp-playlist-script\">{\"type\":\"audio\",\"tracklist\":true,\"tracknumbers\":true,\"images\":false,\"artists\":false,\"tracks\":[{\"src\":\"https:\/\/backingtracksmusic.com\/wp-content\/uploads\/2024\/12\/you-wil-be-in-my-hear-piano-play-violin-reference-DEMO.mp3\",\"type\":\"audio\/mpeg\",\"title\":\"you wil be in my hear piano play + violin reference DEMO\",\"caption\":\"\",\"description\":\"\\\"you wil be in my hear piano play + violin reference DEMO\\\". G\\u00e9nero: Otro.\",\"meta\":{\"genre\":\"Otro\",\"length_formatted\":\"1:17\"},\"image\":{\"src\":\"https:\/\/backingtracksmusic.com\/wp-includes\/images\/media\/audio.svg\",\"width\":48,\"height\":64},\"thumb\":{\"src\":\"https:\/\/backingtracksmusic.com\/wp-includes\/images\/media\/audio.svg\",\"width\":48,\"height\":64}},{\"src\":\"https:\/\/backingtracksmusic.com\/wp-content\/uploads\/2024\/12\/you-wil-be-in-my-hear-piano-play-DEMO.mp3\",\"type\":\"audio\/mpeg\",\"title\":\"you wil be in my hear piano play DEMO\",\"caption\":\"\",\"description\":\"\\\"you wil be in my hear piano play DEMO\\\". G\\u00e9nero: Otro.\",\"meta\":{\"genre\":\"Otro\",\"length_formatted\":\"1:11\"},\"image\":{\"src\":\"https:\/\/backingtracksmusic.com\/wp-includes\/images\/media\/audio.svg\",\"width\":48,\"height\":64},\"thumb\":{\"src\":\"https:\/\/backingtracksmusic.com\/wp-includes\/images\/media\/audio.svg\",\"width\":48,\"height\":64}}]}<\/script>\n<\/div>","protected":false},"featured_media":5727,"template":"","meta":{"_acf_changed":false},"product_brand":[],"product_cat":[103],"product_tag":[399],"class_list":{"0":"post-5726","1":"product","2":"type-product","3":"status-publish","4":"has-post-thumbnail","6":"product_cat-10-tv-movies","7":"product_tag-phil-collins","9":"first","10":"instock","11":"virtual","12":"purchasable","13":"product-type-simple"},"acf":[],"_links":{"self":[{"href":"https:\/\/backingtracksmusic.com\/en\/wp-json\/wp\/v2\/product\/5726","targetHints":{"allow":["GET"]}}],"collection":[{"href":"https:\/\/backingtracksmusic.com\/en\/wp-json\/wp\/v2\/product"}],"about":[{"href":"https:\/\/backingtracksmusic.com\/en\/wp-json\/wp\/v2\/types\/product"}],"wp:featuredmedia":[{"embeddable":true,"href":"https:\/\/backingtracksmusic.com\/en\/wp-json\/wp\/v2\/media\/5727"}],"wp:attachment":[{"href":"https:\/\/backingtracksmusic.com\/en\/wp-json\/wp\/v2\/media?parent=5726"}],"wp:term":[{"taxonomy":"product_brand","embeddable":true,"href":"https:\/\/backingtracksmusic.com\/en\/wp-json\/wp\/v2\/product_brand?post=5726"},{"taxonomy":"product_cat","embeddable":true,"href":"https:\/\/backingtracksmusic.com\/en\/wp-json\/wp\/v2\/product_cat?post=5726"},{"taxonomy":"product_tag","embeddable":true,"href":"https:\/\/backingtracksmusic.com\/en\/wp-json\/wp\/v2\/product_tag?post=5726"}],"curies":[{"name":"wp","href":"https:\/\/api.w.org\/{rel}","templated":true}]}}